{"id":9984,"date":"2023-12-01T11:52:32","date_gmt":"2023-12-01T10:52:32","guid":{"rendered":"https:\/\/m6.pk.edu.pl\/?page_id=9984"},"modified":"2025-10-21T13:29:55","modified_gmt":"2025-10-21T11:29:55","slug":"stwora-andrzej","status":"publish","type":"page","link":"https:\/\/m6.pk.edu.pl\/index.php\/struktura-m-06\/pracownicy-instytutu\/stwora-andrzej\/","title":{"rendered":"Stwora Andrzej"},"content":{"rendered":"\n<div class=\"wp-block-media-text alignwide is-stacked-on-mobile\" style=\"grid-template-columns:18% auto\"><figure class=\"wp-block-media-text__media\"><img fetchpriority=\"high\" decoding=\"async\" width=\"600\" height=\"900\" src=\"https:\/\/m6.pk.edu.pl\/wp-content\/uploads\/2019\/08\/awatar_0000_Layer-4.jpg\" alt=\"\" class=\"wp-image-1430 size-full\" srcset=\"https:\/\/m6.pk.edu.pl\/wp-content\/uploads\/2019\/08\/awatar_0000_Layer-4.jpg 600w, https:\/\/m6.pk.edu.pl\/wp-content\/uploads\/2019\/08\/awatar_0000_Layer-4-200x300.jpg 200w\" sizes=\"(max-width: 600px) 100vw, 600px\" \/><\/figure><div class=\"wp-block-media-text__content\">\n<h3 class=\"wp-block-heading\">dr in\u017c. Andrzej Stwora<\/h3>\n\n\n\n<h3 class=\"wp-block-heading\">SCOPUS Author ID<br>ORCID iD<br><a href=\"https:\/\/cris.pk.edu.pl\/info\/author\/CUT3926d37c103e4ce9bdc42e3b5071b862?r=author&amp;tab=&amp;title=Profil%2Bosoby%2B%25E2%2580%2593%2BAndrzej%2BStwora%2B%25E2%2580%2593%2BPolitechnika%2BKrakowska&amp;lang=pl\">Publikacje &#8211; CRIS PK<\/a><\/h3>\n\n\n\n<p>Telefon:&nbsp;668 286 289<br>E-mail:&nbsp;<a href=\"mailto:andrzej.stwora@pk.edu.pl\">andrzej.stwora@pk.edu.pl<\/a><br>Pok\u00f3j C 210 b<\/p>\n\n\n\n<ul class=\"wp-block-list\">\n<li><a href=\"https:\/\/m6.pk.edu.pl\/index.php\/strefa-dla-studenta\/konsultacje\/\"><\/a><strong><a href=\"https:\/\/spispracownikow.pk.edu.pl\/\">Konsultacje<\/a><\/strong> w spisie pracownik\u00f3w<\/li>\n\n\n\n<li><a href=\"https:\/\/m6.pk.edu.pl\/index.php\/strefa-dla-studenta\/dyplomy\/zagadnienia-do-wyboru-tematow-prac-dyplomowych\/\">Zagadnienia do prac dyplomowych<\/a><\/li>\n\n\n\n<li><a href=\"https:\/\/m6.pk.edu.pl\/index.php\/strefa-dla-studenta\/materialy-dydaktyczne\/\">Materia\u0142y dydaktyczne udost\u0119pniane dla student\u00f3w<\/a><\/li>\n<\/ul>\n\n\n\n<p><\/p>\n<\/div><\/div>\n\n\n\n<p><\/p>\n","protected":false},"excerpt":{"rendered":"","protected":false},"author":1,"featured_media":0,"parent":100,"menu_order":0,"comment_status":"closed","ping_status":"closed","template":"","meta":{"advgb_blocks_editor_width":"","advgb_blocks_columns_visual_guide":"","neve_meta_sidebar":"","neve_meta_container":"","neve_meta_enable_content_width":"","neve_meta_content_width":0,"neve_meta_title_alignment":"","neve_meta_author_avatar":"","neve_post_elements_order":"","neve_meta_disable_header":"","neve_meta_disable_footer":"","neve_meta_disable_title":"on","_themeisle_gutenberg_block_has_review":false,"footnotes":""},"class_list":["post-9984","page","type-page","status-publish","hentry"],"coauthors":[],"author_meta":{"author_link":"https:\/\/m6.pk.edu.pl\/index.php\/author\/gibaspiotr\/","display_name":"gibaspiotr"},"relative_dates":{"created":"Posted 2 lata ago","modified":"Updated 6 miesi\u0119cy ago"},"absolute_dates":{"created":"Posted on 1 grudnia 2023","modified":"Updated on 21 pa\u017adziernika 2025"},"absolute_dates_time":{"created":"Posted on 1 grudnia 2023 11:52","modified":"Updated on 21 pa\u017adziernika 2025 13:29"},"featured_img_caption":"","featured_img":false,"series_order":"","_links":{"self":[{"href":"https:\/\/m6.pk.edu.pl\/index.php\/wp-json\/wp\/v2\/pages\/9984","targetHints":{"allow":["GET"]}}],"collection":[{"href":"https:\/\/m6.pk.edu.pl\/index.php\/wp-json\/wp\/v2\/pages"}],"about":[{"href":"https:\/\/m6.pk.edu.pl\/index.php\/wp-json\/wp\/v2\/types\/page"}],"author":[{"embeddable":true,"href":"https:\/\/m6.pk.edu.pl\/index.php\/wp-json\/wp\/v2\/users\/1"}],"replies":[{"embeddable":true,"href":"https:\/\/m6.pk.edu.pl\/index.php\/wp-json\/wp\/v2\/comments?post=9984"}],"version-history":[{"count":0,"href":"https:\/\/m6.pk.edu.pl\/index.php\/wp-json\/wp\/v2\/pages\/9984\/revisions"}],"up":[{"embeddable":true,"href":"https:\/\/m6.pk.edu.pl\/index.php\/wp-json\/wp\/v2\/pages\/100"}],"wp:attachment":[{"href":"https:\/\/m6.pk.edu.pl\/index.php\/wp-json\/wp\/v2\/media?parent=9984"}],"curies":[{"name":"wp","href":"https:\/\/api.w.org\/{rel}","templated":true}]}}