{"id":9798,"date":"2023-06-23T08:40:27","date_gmt":"2023-06-23T06:40:27","guid":{"rendered":"https:\/\/m6.pk.edu.pl\/?page_id=9798"},"modified":"2023-06-23T11:24:48","modified_gmt":"2023-06-23T09:24:48","slug":"podpisanie-umowy-o-wspolpracy-z-firma-astor-sp-z-o-o","status":"publish","type":"page","link":"https:\/\/m6.pk.edu.pl\/index.php\/wspolpraca\/podpisanie-umowy-o-wspolpracy-z-firma-astor-sp-z-o-o\/","title":{"rendered":"Podpisanie umowy o wsp\u00f3\u0142pracy z firm\u0105 ASTOR Sp. z o.o."},"content":{"rendered":"\n<p>W dniu 9 stycznia 2020 r. Politechnika Krakowska podpisa\u0142a umow\u0119 o wsp\u00f3\u0142pracy z firm\u0105 ASTOR Sp. z o.o. z siedzib\u0105 w Krakowie. Przedmiotem porozumienia jest obj\u0119cie patronatem kierunku Automatyki i Robotyka na Wydziale Mechanicznym.<br>W ramach umowy firma ASTOR wraz z Politechnik\u0105 Krakowsk\u0105 b\u0119d\u0105 wsp\u00f3\u0142dzia\u0142a\u0107 nad opracowaniem, organizowaniem i unowocze\u015bnianiem studi\u00f3w o charakterze dualnym, \u0142\u0105cz\u0105cych tradycyjne studia akademickie oraz praktyki zawodowe w firmie patronackiej. W szczeg\u00f3lno\u015bci uczelnia i firma patronacka b\u0119d\u0105 wsp\u00f3\u0142organizowa\u0107 zaj\u0119cia dydaktyczne, szkolenia, pokazy demonstracyjne dla student\u00f3w i pracownik\u00f3w uczelni, w tym doktorant\u00f3w na terenie zak\u0142adu firmy patronackiej, umo\u017cliwia\u0107 studentom, doktorantom i pracownikom uczelni uczestnictwo w wybranych projektach firmy patronackiej, przedstawia\u0107 studentom oferty odbycia praktyk i sta\u017cy w firmie patronackiej. <\/p>\n\n\n\n<p>Firma ASTOR prowadzi dzia\u0142alno\u015b\u0107 w zakresie szeroko poj\u0119tej automatyki i robotyki, sterowania, transmisji danych, oprogramowania przemys\u0142owego. Jest autoryzowanym przedstawicielem wielu wiod\u0105cych firm \u015bwiatowych i dystrybutorem ich produkt\u00f3w i oprogramowania oraz jednocze\u015bnie jest producentem w\u0142asnych rozwi\u0105za\u0144 w dziedzinie automatyki i robotyki przemys\u0142owej.<\/p>\n","protected":false},"excerpt":{"rendered":"<p>W dniu 9 stycznia 2020 r. Politechnika Krakowska podpisa\u0142a umow\u0119 o wsp\u00f3\u0142pracy z firm\u0105 ASTOR Sp. z o.o. z siedzib\u0105 w Krakowie. Przedmiotem porozumienia jest obj\u0119cie patronatem kierunku Automatyki i Robotyka na Wydziale Mechanicznym.W ramach umowy firma ASTOR wraz z Politechnik\u0105 Krakowsk\u0105 b\u0119d\u0105 wsp\u00f3\u0142dzia\u0142a\u0107 nad opracowaniem, organizowaniem i unowocze\u015bnianiem studi\u00f3w o charakterze dualnym, \u0142\u0105cz\u0105cych tradycyjne&hellip;&nbsp;<a href=\"https:\/\/m6.pk.edu.pl\/index.php\/wspolpraca\/podpisanie-umowy-o-wspolpracy-z-firma-astor-sp-z-o-o\/\" rel=\"bookmark\">Dowiedz si\u0119 wi\u0119cej &raquo;<span class=\"screen-reader-text\">Podpisanie umowy o wsp\u00f3\u0142pracy z firm\u0105 ASTOR Sp. z o.o.<\/span><\/a><\/p>\n","protected":false},"author":1,"featured_media":0,"parent":9588,"menu_order":0,"comment_status":"closed","ping_status":"closed","template":"","meta":{"advgb_blocks_editor_width":"","advgb_blocks_columns_visual_guide":"","neve_meta_sidebar":"","neve_meta_container":"","neve_meta_enable_content_width":"","neve_meta_content_width":0,"neve_meta_title_alignment":"","neve_meta_author_avatar":"","neve_post_elements_order":"","neve_meta_disable_header":"","neve_meta_disable_footer":"","neve_meta_disable_title":"","_themeisle_gutenberg_block_has_review":false,"footnotes":""},"class_list":["post-9798","page","type-page","status-publish","hentry"],"coauthors":[],"author_meta":{"author_link":"https:\/\/m6.pk.edu.pl\/index.php\/author\/gibaspiotr\/","display_name":"gibaspiotr"},"relative_dates":{"created":"Posted 3 lata ago","modified":"Updated 3 lata ago"},"absolute_dates":{"created":"Posted on 23 czerwca 2023","modified":"Updated on 23 czerwca 2023"},"absolute_dates_time":{"created":"Posted on 23 czerwca 2023 08:40","modified":"Updated on 23 czerwca 2023 11:24"},"featured_img_caption":"","featured_img":false,"series_order":"","_links":{"self":[{"href":"https:\/\/m6.pk.edu.pl\/index.php\/wp-json\/wp\/v2\/pages\/9798","targetHints":{"allow":["GET"]}}],"collection":[{"href":"https:\/\/m6.pk.edu.pl\/index.php\/wp-json\/wp\/v2\/pages"}],"about":[{"href":"https:\/\/m6.pk.edu.pl\/index.php\/wp-json\/wp\/v2\/types\/page"}],"author":[{"embeddable":true,"href":"https:\/\/m6.pk.edu.pl\/index.php\/wp-json\/wp\/v2\/users\/1"}],"replies":[{"embeddable":true,"href":"https:\/\/m6.pk.edu.pl\/index.php\/wp-json\/wp\/v2\/comments?post=9798"}],"version-history":[{"count":0,"href":"https:\/\/m6.pk.edu.pl\/index.php\/wp-json\/wp\/v2\/pages\/9798\/revisions"}],"up":[{"embeddable":true,"href":"https:\/\/m6.pk.edu.pl\/index.php\/wp-json\/wp\/v2\/pages\/9588"}],"wp:attachment":[{"href":"https:\/\/m6.pk.edu.pl\/index.php\/wp-json\/wp\/v2\/media?parent=9798"}],"curies":[{"name":"wp","href":"https:\/\/api.w.org\/{rel}","templated":true}]}}