{"id":9797,"date":"2023-06-23T08:44:02","date_gmt":"2023-06-23T06:44:02","guid":{"rendered":"https:\/\/m6.pk.edu.pl\/?page_id=9797"},"modified":"2023-06-23T08:44:03","modified_gmt":"2023-06-23T06:44:03","slug":"podpisanie-umowy-o-wspolpracy-z-firma-fanuc-polska-sp-z-o-o","status":"publish","type":"page","link":"https:\/\/m6.pk.edu.pl\/index.php\/wspolpraca\/podpisanie-umowy-o-wspolpracy-z-firma-fanuc-polska-sp-z-o-o\/","title":{"rendered":"Podpisanie umowy o wsp\u00f3\u0142pracy z firm\u0105 FANUC Polska Sp. z o.o"},"content":{"rendered":"\n<p>W dniu 19 stycznia 2023 Politechnika Krakowska podpisa\u0142a umow\u0119 o wsp\u00f3\u0142pracy z firm\u0105 FANUC Polska Sp. z o.o. W ramach umowy, Politechnika Krakowska uzyska\u0142a nieodp\u0142atny dost\u0119p do oprogramowania RoboGuide wraz z przeszkoleniem kadry nauczycielskiej, w celu realizacji zaj\u0119\u0107 dydaktycznych z programowania offline robot\u00f3w przemys\u0142owych oraz modelowania i symulacji wirtualnych wielomaszynowych system\u00f3w wytwarzania. Ponadto Politechnika Krakowska otrzyma wsparcie w zakresie realizacji wsp\u00f3lnych projekt\u00f3w zwi\u0105zanych z podnoszeniem poziomu edukacyjnego, zintensyfikowania zwi\u0105zku kszta\u0142cenia teoretycznego z praktyk\u0105,&nbsp; opracowywania i wdra\u017cania nowych kierunk\u00f3w kszta\u0142cenia, unowocze\u015bnianie procesu kszta\u0142cenia na Wydziale Mechanicznym Politechniki Krakowskiej, uwzgl\u0119dniaj\u0105c najnowsze osi\u0105gni\u0119cia techniczne, promocji i organizacji wsp\u00f3lnych wydarze\u0144 oraz wsparcia w organizacji praktyk zawodowych dla student\u00f3w.<\/p>\n\n\n\n<p>Firma FANUC jest wiod\u0105cym producentem m.in. robot\u00f3w przemys\u0142owych, obrabiarek i maszyn technologicznych, system\u00f3w sterowania CNC, specjalistycznego oprogramowania do obs\u0142ugi swoich produkt\u00f3w. Firma prowadzi r\u00f3wnie\u017c szerokie szkolenia dla pracownik\u00f3w firm, student\u00f3w i nauczycieli w Akademii Fanuca.<\/p>\n\n\n\n<figure class=\"wp-block-image\"><img fetchpriority=\"high\" decoding=\"async\" width=\"948\" height=\"642\" src=\"https:\/\/m6.pk.edu.pl\/wp-content\/uploads\/2023\/06\/Fanuc-Industry4.png\" alt=\"\" class=\"wp-image-9788\" srcset=\"https:\/\/m6.pk.edu.pl\/wp-content\/uploads\/2023\/06\/Fanuc-Industry4.png 948w, https:\/\/m6.pk.edu.pl\/wp-content\/uploads\/2023\/06\/Fanuc-Industry4-300x203.png 300w, https:\/\/m6.pk.edu.pl\/wp-content\/uploads\/2023\/06\/Fanuc-Industry4-768x520.png 768w\" sizes=\"(max-width: 948px) 100vw, 948px\" \/><\/figure>\n","protected":false},"excerpt":{"rendered":"<p>W dniu 19 stycznia 2023 Politechnika Krakowska podpisa\u0142a umow\u0119 o wsp\u00f3\u0142pracy z firm\u0105 FANUC Polska Sp. z o.o. W ramach umowy, Politechnika Krakowska uzyska\u0142a nieodp\u0142atny dost\u0119p do oprogramowania RoboGuide wraz z przeszkoleniem kadry nauczycielskiej, w celu realizacji zaj\u0119\u0107 dydaktycznych z programowania offline robot\u00f3w przemys\u0142owych oraz modelowania i symulacji wirtualnych wielomaszynowych system\u00f3w wytwarzania. Ponadto Politechnika Krakowska&hellip;&nbsp;<a href=\"https:\/\/m6.pk.edu.pl\/index.php\/wspolpraca\/podpisanie-umowy-o-wspolpracy-z-firma-fanuc-polska-sp-z-o-o\/\" rel=\"bookmark\">Dowiedz si\u0119 wi\u0119cej &raquo;<span class=\"screen-reader-text\">Podpisanie umowy o wsp\u00f3\u0142pracy z firm\u0105 FANUC Polska Sp. z o.o<\/span><\/a><\/p>\n","protected":false},"author":1,"featured_media":0,"parent":9588,"menu_order":0,"comment_status":"closed","ping_status":"closed","template":"","meta":{"advgb_blocks_editor_width":"","advgb_blocks_columns_visual_guide":"","neve_meta_sidebar":"","neve_meta_container":"","neve_meta_enable_content_width":"","neve_meta_content_width":0,"neve_meta_title_alignment":"","neve_meta_author_avatar":"","neve_post_elements_order":"","neve_meta_disable_header":"","neve_meta_disable_footer":"","neve_meta_disable_title":"","_themeisle_gutenberg_block_has_review":false,"footnotes":""},"class_list":["post-9797","page","type-page","status-publish","hentry"],"coauthors":[],"author_meta":{"author_link":"https:\/\/m6.pk.edu.pl\/index.php\/author\/gibaspiotr\/","display_name":"gibaspiotr"},"relative_dates":{"created":"Posted 3 lata ago","modified":"Updated 3 lata ago"},"absolute_dates":{"created":"Posted on 23 czerwca 2023","modified":"Updated on 23 czerwca 2023"},"absolute_dates_time":{"created":"Posted on 23 czerwca 2023 08:44","modified":"Updated on 23 czerwca 2023 08:44"},"featured_img_caption":"","featured_img":false,"series_order":"","_links":{"self":[{"href":"https:\/\/m6.pk.edu.pl\/index.php\/wp-json\/wp\/v2\/pages\/9797","targetHints":{"allow":["GET"]}}],"collection":[{"href":"https:\/\/m6.pk.edu.pl\/index.php\/wp-json\/wp\/v2\/pages"}],"about":[{"href":"https:\/\/m6.pk.edu.pl\/index.php\/wp-json\/wp\/v2\/types\/page"}],"author":[{"embeddable":true,"href":"https:\/\/m6.pk.edu.pl\/index.php\/wp-json\/wp\/v2\/users\/1"}],"replies":[{"embeddable":true,"href":"https:\/\/m6.pk.edu.pl\/index.php\/wp-json\/wp\/v2\/comments?post=9797"}],"version-history":[{"count":0,"href":"https:\/\/m6.pk.edu.pl\/index.php\/wp-json\/wp\/v2\/pages\/9797\/revisions"}],"up":[{"embeddable":true,"href":"https:\/\/m6.pk.edu.pl\/index.php\/wp-json\/wp\/v2\/pages\/9588"}],"wp:attachment":[{"href":"https:\/\/m6.pk.edu.pl\/index.php\/wp-json\/wp\/v2\/media?parent=9797"}],"curies":[{"name":"wp","href":"https:\/\/api.w.org\/{rel}","templated":true}]}}