{"id":9785,"date":"2023-06-22T11:07:33","date_gmt":"2023-06-22T09:07:33","guid":{"rendered":"https:\/\/m6.pk.edu.pl\/?page_id=9785"},"modified":"2024-10-24T14:45:00","modified_gmt":"2024-10-24T12:45:00","slug":"wspolpraca-z-przemyslem","status":"publish","type":"page","link":"https:\/\/m6.pk.edu.pl\/index.php\/wspolpraca-z-przemyslem\/","title":{"rendered":"Wsp\u00f3\u0142praca z przemys\u0142em"},"content":{"rendered":"\n<h3 class=\"wp-block-heading\">Astor &#8211; patron kierunku Automatyka i Robotyka<\/h3>\n\n\n\n<figure class=\"wp-block-image size-full is-resized\"><a href=\"https:\/\/m6.pk.edu.pl\/index.php\/wspolpraca\/podpisanie-umowy-o-wspolpracy-z-firma-astor-sp-z-o-o\/\"><img fetchpriority=\"high\" decoding=\"async\" width=\"329\" height=\"172\" src=\"https:\/\/m6.pk.edu.pl\/wp-content\/uploads\/2023\/06\/Astor.jpg\" alt=\"\" class=\"wp-image-9791\" style=\"width:316px;height:165px\" srcset=\"https:\/\/m6.pk.edu.pl\/wp-content\/uploads\/2023\/06\/Astor.jpg 329w, https:\/\/m6.pk.edu.pl\/wp-content\/uploads\/2023\/06\/Astor-300x157.jpg 300w\" sizes=\"(max-width: 329px) 100vw, 329px\" \/><\/a><\/figure>\n\n\n\n<div style=\"height:50px\" aria-hidden=\"true\" class=\"wp-block-spacer\"><\/div>\n\n\n\n<figure class=\"wp-block-image size-full is-resized\"><a href=\"https:\/\/m6.pk.edu.pl\/index.php\/wspolpraca\/podpisanie-umowy-o-wspolpracy-z-firma-fanuc-polska-sp-z-o-o\/\"><img decoding=\"async\" width=\"572\" height=\"312\" src=\"https:\/\/m6.pk.edu.pl\/wp-content\/uploads\/2023\/06\/Fanuc.jpg\" alt=\"\" class=\"wp-image-9787\" style=\"width:316px;height:172px\" srcset=\"https:\/\/m6.pk.edu.pl\/wp-content\/uploads\/2023\/06\/Fanuc.jpg 572w, https:\/\/m6.pk.edu.pl\/wp-content\/uploads\/2023\/06\/Fanuc-300x164.jpg 300w\" sizes=\"(max-width: 572px) 100vw, 572px\" \/><\/a><\/figure>\n\n\n\n<div style=\"height:50px\" aria-hidden=\"true\" class=\"wp-block-spacer\"><\/div>\n\n\n\n<figure class=\"wp-block-image size-full is-resized\"><a href=\"https:\/\/m6.pk.edu.pl\/index.php\/politechnika-krakowska-i-icsec-s-a-zawieraja-porozumienie-o-wspolpracy\/\"><img decoding=\"async\" width=\"492\" height=\"257\" src=\"https:\/\/m6.pk.edu.pl\/wp-content\/uploads\/2024\/10\/icsec-grafika.jpg\" alt=\"\" class=\"wp-image-10582\" style=\"width:315px;height:auto\" srcset=\"https:\/\/m6.pk.edu.pl\/wp-content\/uploads\/2024\/10\/icsec-grafika.jpg 492w, https:\/\/m6.pk.edu.pl\/wp-content\/uploads\/2024\/10\/icsec-grafika-300x157.jpg 300w\" sizes=\"(max-width: 492px) 100vw, 492px\" \/><\/a><\/figure>\n\n\n\n<p><\/p>\n","protected":false},"excerpt":{"rendered":"<p>Astor &#8211; patron kierunku Automatyka i Robotyka<\/p>\n","protected":false},"author":1,"featured_media":0,"parent":0,"menu_order":0,"comment_status":"closed","ping_status":"closed","template":"","meta":{"advgb_blocks_editor_width":"","advgb_blocks_columns_visual_guide":"","neve_meta_sidebar":"","neve_meta_container":"","neve_meta_enable_content_width":"","neve_meta_content_width":0,"neve_meta_title_alignment":"","neve_meta_author_avatar":"","neve_post_elements_order":"","neve_meta_disable_header":"","neve_meta_disable_footer":"","neve_meta_disable_title":"","_themeisle_gutenberg_block_has_review":false,"footnotes":""},"class_list":["post-9785","page","type-page","status-publish","hentry"],"coauthors":[],"author_meta":{"author_link":"https:\/\/m6.pk.edu.pl\/index.php\/author\/gibaspiotr\/","display_name":"gibaspiotr"},"relative_dates":{"created":"Posted 3 lata ago","modified":"Updated 1 rok ago"},"absolute_dates":{"created":"Posted on 22 czerwca 2023","modified":"Updated on 24 pa\u017adziernika 2024"},"absolute_dates_time":{"created":"Posted on 22 czerwca 2023 11:07","modified":"Updated on 24 pa\u017adziernika 2024 14:45"},"featured_img_caption":"","featured_img":false,"series_order":"","_links":{"self":[{"href":"https:\/\/m6.pk.edu.pl\/index.php\/wp-json\/wp\/v2\/pages\/9785","targetHints":{"allow":["GET"]}}],"collection":[{"href":"https:\/\/m6.pk.edu.pl\/index.php\/wp-json\/wp\/v2\/pages"}],"about":[{"href":"https:\/\/m6.pk.edu.pl\/index.php\/wp-json\/wp\/v2\/types\/page"}],"author":[{"embeddable":true,"href":"https:\/\/m6.pk.edu.pl\/index.php\/wp-json\/wp\/v2\/users\/1"}],"replies":[{"embeddable":true,"href":"https:\/\/m6.pk.edu.pl\/index.php\/wp-json\/wp\/v2\/comments?post=9785"}],"version-history":[{"count":0,"href":"https:\/\/m6.pk.edu.pl\/index.php\/wp-json\/wp\/v2\/pages\/9785\/revisions"}],"wp:attachment":[{"href":"https:\/\/m6.pk.edu.pl\/index.php\/wp-json\/wp\/v2\/media?parent=9785"}],"curies":[{"name":"wp","href":"https:\/\/api.w.org\/{rel}","templated":true}]}}