{"id":926,"date":"2019-08-21T08:51:01","date_gmt":"2019-08-21T06:51:01","guid":{"rendered":"https:\/\/m6.pk.edu.pl\/?page_id=926"},"modified":"2026-03-03T08:21:33","modified_gmt":"2026-03-03T07:21:33","slug":"praktyki-i-staze","status":"publish","type":"page","link":"https:\/\/m6.pk.edu.pl\/index.php\/strefa-dla-studenta\/praktyki-i-staze\/","title":{"rendered":"Praktyki i sta\u017ce"},"content":{"rendered":"\n<p>Na szczeblu Wydzia\u0142u realizacj\u0105 praktyk zawodowych kieruje pe\u0142nomocnik Dziekana Wydzia\u0142u Mechanicznego ds. Praktyk Studenckich:<\/p>\n\n\n\n<p><strong>dr in\u017c. Zygmunt Dziechciowski<\/strong>&nbsp;&#8211; <a href=\"mailto:zygmunt.dziechciowski@pk.edu.pl\">zygmunt.dziechciowski@pk.edu.pl<\/a> &#8211;  pok\u00f3j A329; tel. 374 -33-30<\/p>\n\n\n\n<p>kt\u00f3remu podlegaj\u0105 powo\u0142ywani spo\u015br\u00f3d nauczycieli akademickich pe\u0142nomocnicy kierownik\u00f3w katedr ds. praktyk studenckich:<\/p>\n\n\n\n<p>IP &nbsp;&#8211;<strong>&nbsp;dr in\u017c. Anna Boraty\u0144ska-Sala<\/strong>&nbsp;(pok.&nbsp;C211b tel. 374 32 83, 607455459) <\/p>\n\n\n\n<p>AiR&nbsp;&nbsp;&#8211;&nbsp;<strong>dr in\u017c.&nbsp;Adam S\u0142ota, prof. PK <\/strong>&nbsp;(pok. A312 tel. 374 32 41)<\/p>\n\n\n\n<p class=\"has-text-align-center\"><br>Pe\u0142nomocnikom kierownik\u00f3w katedr podlegaj\u0105 opiekunowie praktyk dla poszczeg\u00f3lnych grup studenckich.<\/p>\n\n\n\n<h4 class=\"wp-block-heading has-text-align-center\">W roku akademickim 2025\/2026 praktyki programowe powinny by\u0107 realizowane w terminie:<br>&nbsp;<strong><strong>od&nbsp;1 lipca do 15 wrze\u015bnia 2026 r<\/strong><\/strong><\/h4>\n\n\n\n<p class=\"has-text-align-center\">Realizacja praktyk mo\u017cliwa jest tak\u017ce w ci\u0105gu roku akademickiego po podpisaniu o\u015bwiadczenia.<\/p>\n\n\n\n<h3 class=\"wp-block-heading has-text-align-center has-nv-light-bg-background-color has-background\"><a href=\"https:\/\/www.pk.edu.pl\/images\/PK18\/studenci\/praktyki\/2025\/pr_studenckie_praktyki_zawodowe_25.pdf\"><strong>Procedura organizacji studenckich praktyk zawodowych na studiach I lub II stopnia o profilu og\u00f3lnoakademickim na Politechnice Krakowskiej<\/strong> <\/a><br>&#8211; obowi\u0105zuje od roku ak. 2025\/26<\/h3>\n\n\n\n<p><\/p>\n\n\n\n<h3 class=\"wp-block-heading\"><strong><strong>Harmonogram realizacji praktyk wg nowej procedury<\/strong><\/strong><\/h3>\n\n\n\n<p class=\"has-nv-light-bg-color has-neve-link-hover-color-background-color has-text-color has-background has-link-color wp-elements-3bdea6a9627d7ff7d8d09c89bc41d035\"><strong>UWAGA !!!<\/strong> Wszystkie za\u0142\u0105czniki nale\u017cy wype\u0142ni\u0107 <strong>odr\u0119cznie<\/strong> kolorem <strong>niebieskim<\/strong><\/p>\n\n\n\n<p><strong>1.<\/strong>  Ustalenie podmiotu zewn\u0119trznego, w kt\u00f3rym b\u0119dzie realizowana studencka praktyka zawodowa po konsultacji studenta z opiekunem praktyk danej specjalno\u015bci.<\/p>\n\n\n\n<p><strong>2.<\/strong>  Uzgodnienie miejsca, terminu, i programu praktyki z opiekunem praktyk danej specjalno\u015bci i z podmiotem zewn\u0119trznym. <strong>&#8211; za\u0142\u0105cznik 1<\/strong><\/p>\n\n\n\n<p><strong>3.<\/strong>  Z\u0142o\u017cenie do opiekuna praktyk danej specjalno\u015bci nst. dokument\u00f3w:<\/p>\n\n\n\n<p class=\"has-neve-text-color-color has-text-color has-link-color wp-elements-51c297f6e00da6bc2cf3f337d1ae64a4\">a) ubezpieczenie NNW (na czas praktyk) \u2013 wykupione w samorz\u0105dzie studenckim WM PK lub indywidualnie.<br>b) wniosek o przyj\u0119cie przez podmiot zewn. na praktyk\u0119 &#8211; <strong>za\u0142\u0105cznik 1<\/strong><br>c) wniosek w sprawie realizacji praktyki w czasie trwania zaj\u0119\u0107 dydaktycznych \u2013 je\u015bli dotyczy &#8211; <strong>za\u0142\u0105cznik 2<\/strong><\/p>\n\n\n\n<p class=\"has-text-color has-link-color wp-elements-0808e09a68915722001bcd2472a5eb71\" style=\"color:#ca1c09\"><strong>4.<\/strong> Podpisanie nast\u0119puj\u0105cych dokument\u00f3w:<br>a) porozumienie <strong>za\u0142\u0105cznik 3<\/strong> w dw\u00f3ch egzemplarzach <br>     w <strong>!!! nast\u0119puj\u0105cej  !!! <\/strong>kolejno\u015bci:<\/p>\n\n\n\n<ul class=\"wp-block-list\">\n<li>1. opiekun praktyk z danej specjalno\u015bci z PK<\/li>\n\n\n\n<li>2. pe\u0142nomocnik dziekana ds. praktyk z WM <br>(z\u0142o\u017cenie dokument\u00f3w &#8211; dla pe\u0142nomocnika <strong>dr in\u017c. Zygmunta Dziechciowskiego<\/strong> <br><br>Ostateczny termin dostarczenia dokument\u00f3w do podpisu przez Pe\u0142nomocnika Dziekana WM ds. Praktyk, <br>potrzebnych do odbycia praktyki, okre\u015bla si\u0119 na <strong><strong>dzie\u0144.3.07.2026<\/strong><\/strong><\/li>\n\n\n\n<li>3. Odbi\u00f3r podpisanych dokument\u00f3w po otrzymaniu informacji na MS Teams<\/li>\n\n\n\n<li>4. osoba reprezentuj\u0105ca podmiot zewn\u0119trzny (jeden egzemplarz jest dla podmiotu zewn\u0119trznego, a drugi dla opiekuna praktyk z danej specjalno\u015bci)<\/li>\n<\/ul>\n\n\n\n<p><\/p>\n\n\n\n<p><strong>5<\/strong>. Realizacja praktyki w ustalonym terminie.<\/p>\n\n\n\n<p><strong>6.<\/strong> Potwierdzenie uzyskania przez studenta efekt\u00f3w uczenia si\u0119 i zaliczenia praktyki na podstawie za\u015bwiadczenia <strong>za\u0142\u0105cznik 5<\/strong> i sprawozdania <strong>za\u0142\u0105cznik 6<\/strong> &#8211; w terminie \u2013 przed ko\u0144cem semestru, kt\u00f3rego plan studi\u00f3w przewiduje jej wykonanie.<\/p>\n\n\n\n<p><strong>7.<\/strong> Wpisanie zaliczenia do EHMS przez opiekuna praktyki z danej specjalno\u015bci z PK<\/p>\n\n\n\n<p><\/p>\n\n\n\n<p>Zgodnie z Regulaminem studi\u00f3w na udokumentowany wniosek studenta opiekun praktyk na wydziale PK mo\u017ce zaliczy\u0107 studentowi na poczet praktyki zawodowej czynno\u015bci wykonywane przez studenta, w szczeg\u00f3lno\u015bci w ramach zatrudnienia, sta\u017cu, wolontariatu lub projektu badawczego, je\u017celi umo\u017cliwi\u0142y one uzyskanie efekt\u00f3w uczenia si\u0119 okre\u015blonych w programie studi\u00f3w dla praktyki zawodowej, i je\u017celi zosta\u0142y zrealizowane w czasie trwania studi\u00f3w studenta na okre\u015blonym kierunku, poziomie i profilu. W celu zaliczenia praktyki na tej podstawie student sk\u0142ada wniosek: <em><a href=\"\/dok\/praktyki\/wniosek_opiekun_zaliczenie praktyki.doc\"><strong>wniosek_opiekun_zaliczenie praktyki<\/strong><\/a><\/em> razem ze stosownymi za\u0142\u0105cznikami do opiekuna praktyk danej specjalno\u015bci<\/p>\n\n\n\n<h3 class=\"wp-block-heading has-text-align-center has-nv-light-bg-color has-nv-c-2-background-color has-text-color has-background has-link-color wp-elements-c7e6ac2c2a4042c3444ed0e0260545f1\"><strong>Praktyki realizowane w ramach wspomnianych czynno\u015bci b\u0119d\u0105 zaliczane tylko w przypadku przedstawienia umowy, na podstawie kt\u00f3rej czynno\u015bci te by\u0142y wykonywane.<\/strong><\/h3>\n\n\n\n<h3 class=\"wp-block-heading has-text-align-center\"><a href=\"https:\/\/mech.pk.edu.pl\/studenci\/studia-i-i-ii-stopnia\/praktyki\">Odpowiednie za\u0142\u0105czniki znajduj\u0105 si\u0119 na stronie Wydzia\u0142u Mechanicznego<\/a> <br><a href=\"https:\/\/mech.pk.edu.pl\/studenci\/studia-i-i-ii-stopnia\/praktyki\">w zak\u0142adce Druki<\/a><\/h3>\n\n\n\n<p>Dla AiR<\/p>\n\n\n\n<p><strong><strong>Przy ustalaniu programu praktyki z pracodawc\u0105 nale\u017cy uwzgl\u0119dni\u0107 zagadnienia z listy temat\u00f3w do realizacji w trakcie praktyki. <\/strong><\/strong><br><strong><strong>Z listy nale\u017cy wybra\u0107 4 do 6 zagadnie\u0144 i wpisa\u0107 je w tabeli Planowany zakres studenckiej praktyki zawodowej we wniosku (za\u0142\u0105cznik 1) oraz w Porozumieniu (za\u0142\u0105cznik 3). Zagadnienia mog\u0105 by\u0107 zmodyfikowane lub uzupe\u0142nione bior\u0105c pod uwag\u0119 profil firmy, przy zachowaniu zgodno\u015bci merytorycznej ze studiowanym kierunkiem. W przypadku w\u0105tpliwo\u015bci nale\u017cy skontaktowa\u0107 si\u0119 z opiekunem praktyk dla danej specjalno\u015bci.<\/strong><\/strong><\/p>\n\n\n\n<ul class=\"wp-block-list\">\n<li><a href=\"\/dok\/praktyki\/Zagadnienia-Technologie-informacyjne-systemach-wytwarzania.pdf\"><strong>Zagadnienia do wyboru w planowanym zakresie praktyki dla specjalno\u015bci Technologie informacyjne w systemach wytwarzania<\/strong><\/a><\/li>\n\n\n\n<li><a href=\"\/dok\/praktyki\/Zagadnienia-Automatyzacja-systemow-wytwarzania.pdf\"><strong>Zagadnienia do wyboru w planowanym zakresie praktyki dla specjalno\u015bci Automatyzacja system\u00f3w wytwarzania<\/strong><\/a><\/li>\n<\/ul>\n\n\n\n<p>Dla IP<\/p>\n\n\n\n<hr class=\"wp-block-separator has-css-opacity\"\/>\n\n\n\n<div style=\"height:50px\" aria-hidden=\"true\" class=\"wp-block-spacer\"><\/div>\n\n\n\n<ul class=\"wp-block-list\">\n<li>\n<ul class=\"wp-block-list\">\n<li>13I4 &#8211; systemy CAD\/CAM<\/li>\n\n\n\n<li>13I6 &#8211; systemy jako\u015bci i wsp\u00f3\u0142rz\u0119dno\u015bciowa technika pomiarowa<\/li>\n<\/ul>\n<\/li>\n<\/ul>\n\n\n\n<h4 class=\"wp-block-heading\">OPIEKUNOWIE &#8211; praktyki&nbsp;In\u017cynierii Produkcji<\/h4>\n\n\n\n<table class=\"wp-block-advgb-table alignfull advgb-table-frontend is-style-stripes\" style=\"max-width:1000px;border-collapse:collapse\"><thead><tr><th>Grupa <\/th><th> Specjalno\u015b\u0107 <\/th><th> Opiekun <\/th><th> Tel. <\/th><th>Pok\u00f3j <\/th><\/tr><\/thead><tbody><tr><td>13I6<\/td><td>systemy jako\u015bci i wsp\u00f3\u0142rz\u0119dno\u015bciowa technika pomiarowa<\/td><td><a href=\"https:\/\/m6.pk.edu.pl\/index.php\/struktura-m-06\/pracownicy-instytutu\/motyka-sabina\/\">dr in\u017c. Sabina Motyka <\/a><\/td><td>3268 <\/td><td>C205a<\/td><\/tr><tr><td>13I4 <\/td><td>systemy CAD\/CAM<\/td><td><a href=\"https:\/\/m6.pk.edu.pl\/index.php\/struktura-m-06\/pracownicy-instytutu\/boratynska-sala-anna\/\">dr in\u017c. Anna Boraty\u0144ska-Sala <\/a><\/td><td>3283 <\/td><td>C211b<\/td><\/tr><\/tbody><\/table>\n\n\n\n<h4 class=\"wp-block-heading\">OPIEKUNOWIE&nbsp;&#8211; praktyki Automatyka i Robotyka<\/h4>\n\n\n\n<table class=\"wp-block-advgb-table alignfull advgb-table-frontend is-style-stripes\" style=\"max-width:1000px;border-collapse:collapse\"><thead><tr><th>Grupa <\/th><th> Specjalno\u015b\u0107 <\/th><th> Opiekun <\/th><th> Tel.<\/th><th>Pok\u00f3j <\/th><\/tr><\/thead><tbody><tr><td>13A4<\/td><td>Sterowanie i monitoring maszyn i urz\u0105dze\u0144<\/td><td>mgr in\u017c. A. Guzowski<br>artur.guzowski@pk.edu.pl<\/td><td>3172<\/td><td>L21<\/td><\/tr><tr><td>13A6<\/td><td>Technologie informacyjne w systemach produkcyjnych<\/td><td><a href=\"https:\/\/m6.pk.edu.pl\/index.php\/struktura-m-06\/pracownicy-instytutu\/slota-adam\/\">dr in\u017c. A. S\u0142ota<\/a><\/td><td>3241<\/td><td>A312<\/td><\/tr><tr><td>13A1<\/td><td>Automatyka System\u00f3w Wytwarzania<\/td><td><a href=\"https:\/\/m6.pk.edu.pl\/index.php\/struktura-m-06\/pracownicy-instytutu\/krupa-krzysztof\/\">dr in\u017c. Krzysztofa Krupa, prof. PK<\/a><\/td><td>3224<\/td><td>A310<\/td><\/tr><\/tbody><\/table>\n\n\n\n<p><\/p>\n","protected":false},"excerpt":{"rendered":"<p>Na szczeblu Wydzia\u0142u realizacj\u0105 praktyk zawodowych kieruje pe\u0142nomocnik Dziekana Wydzia\u0142u Mechanicznego ds. Praktyk Studenckich: dr in\u017c. Zygmunt Dziechciowski&nbsp;&#8211; zygmunt.dziechciowski@pk.edu.pl &#8211; pok\u00f3j A329; tel. 374 -33-30 kt\u00f3remu podlegaj\u0105 powo\u0142ywani spo\u015br\u00f3d nauczycieli akademickich pe\u0142nomocnicy kierownik\u00f3w katedr ds. praktyk studenckich: IP &nbsp;&#8211;&nbsp;dr in\u017c. Anna Boraty\u0144ska-Sala&nbsp;(pok.&nbsp;C211b tel. 374 32 83, 607455459) AiR&nbsp;&nbsp;&#8211;&nbsp;dr in\u017c.&nbsp;Adam S\u0142ota, prof. PK &nbsp;(pok. A312 tel.&hellip;&nbsp;<a href=\"https:\/\/m6.pk.edu.pl\/index.php\/strefa-dla-studenta\/praktyki-i-staze\/\" rel=\"bookmark\">Dowiedz si\u0119 wi\u0119cej &raquo;<span class=\"screen-reader-text\">Praktyki i sta\u017ce<\/span><\/a><\/p>\n","protected":false},"author":1,"featured_media":0,"parent":56,"menu_order":0,"comment_status":"closed","ping_status":"closed","template":"","meta":{"advgb_blocks_editor_width":"","advgb_blocks_columns_visual_guide":"","neve_meta_sidebar":"","neve_meta_container":"","neve_meta_enable_content_width":"off","neve_meta_content_width":0,"neve_meta_title_alignment":"","neve_meta_author_avatar":"","neve_post_elements_order":"","neve_meta_disable_header":"","neve_meta_disable_footer":"","neve_meta_disable_title":"","_themeisle_gutenberg_block_has_review":false,"footnotes":""},"class_list":["post-926","page","type-page","status-publish","hentry"],"coauthors":[],"author_meta":{"author_link":"https:\/\/m6.pk.edu.pl\/index.php\/author\/gibaspiotr\/","display_name":"gibaspiotr"},"relative_dates":{"created":"Posted 7 lat ago","modified":"Updated 1 miesi\u0105c ago"},"absolute_dates":{"created":"Posted on 21 sierpnia 2019","modified":"Updated on 3 marca 2026"},"absolute_dates_time":{"created":"Posted on 21 sierpnia 2019 08:51","modified":"Updated on 3 marca 2026 08:21"},"featured_img_caption":"","featured_img":false,"series_order":"","_links":{"self":[{"href":"https:\/\/m6.pk.edu.pl\/index.php\/wp-json\/wp\/v2\/pages\/926","targetHints":{"allow":["GET"]}}],"collection":[{"href":"https:\/\/m6.pk.edu.pl\/index.php\/wp-json\/wp\/v2\/pages"}],"about":[{"href":"https:\/\/m6.pk.edu.pl\/index.php\/wp-json\/wp\/v2\/types\/page"}],"author":[{"embeddable":true,"href":"https:\/\/m6.pk.edu.pl\/index.php\/wp-json\/wp\/v2\/users\/1"}],"replies":[{"embeddable":true,"href":"https:\/\/m6.pk.edu.pl\/index.php\/wp-json\/wp\/v2\/comments?post=926"}],"version-history":[{"count":0,"href":"https:\/\/m6.pk.edu.pl\/index.php\/wp-json\/wp\/v2\/pages\/926\/revisions"}],"up":[{"embeddable":true,"href":"https:\/\/m6.pk.edu.pl\/index.php\/wp-json\/wp\/v2\/pages\/56"}],"wp:attachment":[{"href":"https:\/\/m6.pk.edu.pl\/index.php\/wp-json\/wp\/v2\/media?parent=926"}],"curies":[{"name":"wp","href":"https:\/\/api.w.org\/{rel}","templated":true}]}}