{"id":8906,"date":"2022-12-22T13:45:02","date_gmt":"2022-12-22T12:45:02","guid":{"rendered":"https:\/\/m6.pk.edu.pl\/?page_id=8906"},"modified":"2025-10-30T10:19:35","modified_gmt":"2025-10-30T09:19:35","slug":"reza-teimouri","status":"publish","type":"page","link":"https:\/\/m6.pk.edu.pl\/index.php\/struktura-m-06\/pracownicy-instytutu\/reza-teimouri\/","title":{"rendered":"Reza Teimouri"},"content":{"rendered":"\n<div class=\"wp-block-media-text is-stacked-on-mobile\" style=\"grid-template-columns:18% auto\"><figure class=\"wp-block-media-text__media\"><img fetchpriority=\"high\" decoding=\"async\" width=\"475\" height=\"659\" src=\"https:\/\/m6.pk.edu.pl\/wp-content\/uploads\/2022\/12\/Reza_Teimouri-1.jpg\" alt=\"\" class=\"wp-image-8910 size-full\" srcset=\"https:\/\/m6.pk.edu.pl\/wp-content\/uploads\/2022\/12\/Reza_Teimouri-1.jpg 475w, https:\/\/m6.pk.edu.pl\/wp-content\/uploads\/2022\/12\/Reza_Teimouri-1-216x300.jpg 216w\" sizes=\"(max-width: 475px) 100vw, 475px\" \/><\/figure><div class=\"wp-block-media-text__content\">\n<h3 class=\"wp-block-heading\">dr hab. in\u017c. Reza Teimouri<\/h3>\n\n\n\n<h4 class=\"wp-block-heading\"><a href=\"https:\/\/www.scopus.com\/authid\/detail.uri?authorId=55183883900\">SCOPUS Author ID<\/a><br><a href=\"https:\/\/orcid.org\/0000-0002-3736-6407\">ORCID iD<\/a><br><a href=\"https:\/\/scholar.google.com\/citations?user=gOqqBA4AAAAJ&amp;hl=en\">Google scholar<\/a><\/h4>\n\n\n\n<h4 class=\"wp-block-heading\"><a href=\"https:\/\/cris.pk.edu.pl\/info\/author\/CUT6e89a3b9d799488aad21eef86876919f?r=author&amp;tab=&amp;title=Profil%2Bosoby%2B%25E2%2580%2593%2BReza%2BTeimouri%2B%25E2%2580%2593%2BPolitechnika%2BKrakowska&amp;lang=pl\">CRIS PK<\/a><\/h4>\n\n\n\n<h4 class=\"wp-block-heading\">E-mail: <a href=\"mailto:reza.teimouri@pk.edu.pl\">reza.teimouri@pk.edu.pl<\/a><br>Pok\u00f3j C 213<\/h4>\n<\/div><\/div>\n\n\n\n<h4 class=\"wp-block-heading\">Research area:<\/h4>\n\n\n\n<p>Manufacturing process mechanics; <\/p>\n\n\n\n<p>Theoretical simulation; <\/p>\n\n\n\n<p>Machining; <\/p>\n\n\n\n<p>Metal additive manufacturing; <\/p>\n\n\n\n<p>Application of artificial intelligence in process optimization.<\/p>\n\n\n\n<h4 class=\"wp-block-heading\"><\/h4>\n","protected":false},"excerpt":{"rendered":"<p>dr hab. in\u017c. Reza Teimouri SCOPUS Author IDORCID iDGoogle scholar CRIS PK E-mail: reza.teimouri@pk.edu.plPok\u00f3j C 213 Research area: Manufacturing process mechanics; Theoretical simulation; Machining; Metal additive manufacturing; Application of artificial intelligence in process optimization.<\/p>\n","protected":false},"author":1,"featured_media":0,"parent":100,"menu_order":0,"comment_status":"closed","ping_status":"closed","template":"","meta":{"advgb_blocks_editor_width":"","advgb_blocks_columns_visual_guide":"","neve_meta_sidebar":"full-width","neve_meta_container":"","neve_meta_enable_content_width":"on","neve_meta_content_width":100,"neve_meta_title_alignment":"","neve_meta_author_avatar":"","neve_post_elements_order":"","neve_meta_disable_header":"","neve_meta_disable_footer":"","neve_meta_disable_title":"on","_themeisle_gutenberg_block_has_review":false,"footnotes":""},"class_list":["post-8906","page","type-page","status-publish","hentry"],"coauthors":[],"author_meta":{"author_link":"https:\/\/m6.pk.edu.pl\/index.php\/author\/gibaspiotr\/","display_name":"gibaspiotr"},"relative_dates":{"created":"Posted 3 lata ago","modified":"Updated 6 miesi\u0119cy ago"},"absolute_dates":{"created":"Posted on 22 grudnia 2022","modified":"Updated on 30 pa\u017adziernika 2025"},"absolute_dates_time":{"created":"Posted on 22 grudnia 2022 13:45","modified":"Updated on 30 pa\u017adziernika 2025 10:19"},"featured_img_caption":"","featured_img":false,"series_order":"","_links":{"self":[{"href":"https:\/\/m6.pk.edu.pl\/index.php\/wp-json\/wp\/v2\/pages\/8906","targetHints":{"allow":["GET"]}}],"collection":[{"href":"https:\/\/m6.pk.edu.pl\/index.php\/wp-json\/wp\/v2\/pages"}],"about":[{"href":"https:\/\/m6.pk.edu.pl\/index.php\/wp-json\/wp\/v2\/types\/page"}],"author":[{"embeddable":true,"href":"https:\/\/m6.pk.edu.pl\/index.php\/wp-json\/wp\/v2\/users\/1"}],"replies":[{"embeddable":true,"href":"https:\/\/m6.pk.edu.pl\/index.php\/wp-json\/wp\/v2\/comments?post=8906"}],"version-history":[{"count":0,"href":"https:\/\/m6.pk.edu.pl\/index.php\/wp-json\/wp\/v2\/pages\/8906\/revisions"}],"up":[{"embeddable":true,"href":"https:\/\/m6.pk.edu.pl\/index.php\/wp-json\/wp\/v2\/pages\/100"}],"wp:attachment":[{"href":"https:\/\/m6.pk.edu.pl\/index.php\/wp-json\/wp\/v2\/media?parent=8906"}],"curies":[{"name":"wp","href":"https:\/\/api.w.org\/{rel}","templated":true}]}}