{"id":8475,"date":"2022-09-15T09:26:09","date_gmt":"2022-09-15T07:26:09","guid":{"rendered":"https:\/\/m6.pk.edu.pl\/?page_id=8475"},"modified":"2022-09-23T12:26:34","modified_gmt":"2022-09-23T10:26:34","slug":"organizacja-roku-akademickiego","status":"publish","type":"page","link":"https:\/\/m6.pk.edu.pl\/index.php\/organizacja-roku-akademickiego\/","title":{"rendered":"Organizacja roku akademickiego"},"content":{"rendered":"\n<h2 class=\"has-text-align-center wp-block-heading\">2022\/2023<\/h2>\n\n\n\n<h3 class=\"has-text-align-center wp-block-heading\">\u00a7 1.<br>Semestr zimowy dla student\u00f3w i doktorant\u00f3w wszystkich form i poziom\u00f3w kszta\u0142cenia,<br>z zastrze\u017ceniem \u00a7 3 i \u00a7 4, trwa\u0107 b\u0119dzie<\/h3>\n\n\n\n<p class=\"has-text-align-center\"><br><strong>od 1 pa\u017adziernika 2022 r. do 26 lutego 2023 r.<\/strong><\/p>\n\n\n\n<p>w tym:<\/p>\n\n\n\n<p>1. okresy zaj\u0119\u0107 dydaktycznych:<\/p>\n\n\n\n<p class=\"has-text-align-center\"><br><strong>od 1 pa\u017adziernika do 5 pa\u017adziernika 2022 r.<\/strong><br><strong>od 7 pa\u017adziernika do 30 pa\u017adziernika 2022 r.<\/strong><br><strong>od 3 listopada do 10 listopada 2022 r.<\/strong><br><strong>od 12 listopada do 22 grudnia 2022 r.<\/strong><br><strong>od 3 stycznia do 5 stycznia 2023 r.<\/strong><br><strong>od 7 stycznia do 29 stycznia 2023 r.<\/strong><\/p>\n\n\n\n<p>2. przerwy \u015bwi\u0105teczne i okoliczno\u015bciowe:<\/p>\n\n\n\n<p class=\"has-text-align-center\"><strong>6 pa\u017adziernika 2022 r. (Inauguracja roku akademickiego)<\/strong><br><strong>od 31 pa\u017adziernika do 2 listopada 2022 r. (\u015awi\u0119to Wszystkich \u015awi\u0119tych)<\/strong><br><strong>11 listopada 2022 r. (Narodowe \u015awi\u0119to Niepodleg\u0142o\u015bci)<\/strong><br><strong>od 23 grudnia 2022 r. do 2 stycznia 2023 r. (Bo\u017ce Narodzenie \u2013 przerwa \u015bwi\u0105teczna)<\/strong><br><strong>6 stycznia 2023 r. (\u015awi\u0119to Trzech Kr\u00f3li)<\/strong><\/p>\n\n\n\n<p><br>3. sesja egzaminacyjna:<\/p>\n\n\n\n<p class=\"has-text-align-center\"><br><strong>od 30 stycznia do 12 lutego 2023 r.<\/strong><\/p>\n\n\n\n<p><br>4. poprawkowa sesja egzaminacyjna:<\/p>\n\n\n\n<p class=\"has-text-align-center\"><strong>od 13 lutego do 20 lutego 2023 r.<\/strong><\/p>\n\n\n\n<p>5. wakacje zimowe:<\/p>\n\n\n\n<p class=\"has-text-align-center\"><br><strong>od 21 lutego do 26 lutego 2023 r.<\/strong><\/p>\n\n\n\n<p class=\"has-text-align-left\"><br><br>6. ustala si\u0119 ostateczne terminy:<\/p>\n\n\n\n<p><br>1) zaliczenia semestru zimowego:<\/p>\n\n\n\n<p class=\"has-text-align-center\"><br><strong>20 lutego 2023 r.<\/strong><\/p>\n\n\n\n<p class=\"has-text-align-left\"><br>2) sk\u0142adania w dziekanatach wydzia\u0142\u00f3w dokument\u00f3w niezb\u0119dnych do dokonania rejestracji<br>student\u00f3w oraz doktorant\u00f3w na semestr letni:<\/p>\n\n\n\n<p class=\"has-text-align-center\"><br><strong>20 lutego 2023 r.<\/strong><\/p>\n\n\n\n<h3 class=\"has-text-align-center wp-block-heading\"><br>\u00a7 2.<br>Semestr letni dla student\u00f3w i doktorant\u00f3w wszystkich form i poziom\u00f3w kszta\u0142cenia,<br>z zastrze\u017ceniem \u00a7 3 i \u00a7 4, trwa\u0107 b\u0119dzie<\/h3>\n\n\n\n<p class=\"has-text-align-center\"><br><strong>od 27 lutego do 30 wrze\u015bnia 2023 r.<\/strong><\/p>\n\n\n\n<p><br>w tym:<br>1. okresy zaj\u0119\u0107 dydaktycznych:<\/p>\n\n\n\n<p class=\"has-text-align-center\"><strong>od 27 lutego do 23 marca 2023 r.<\/strong><br><strong>od 25 marca do 5 kwietnia 2023 r.<\/strong><br><strong>od 12 kwietnia do 30 kwietnia 2023 r.<\/strong><br><strong>od 4 maja do 9 maja 2023 r.<\/strong><br><strong>od 11 maja do 27 maja 2023 r.<\/strong><br><strong>od 29 maja do 7 czerwca 2023 r.<\/strong><br><strong>od 9 czerwca do 16 czerwca 2023 r.<\/strong><\/p>\n\n\n\n<p>2. przerwy \u015bwi\u0105teczne i okoliczno\u015bciowe:<\/p>\n\n\n\n<p class=\"has-text-align-center\"><strong>24 marca 2023 r. (Bieg Ko\u015bciuszkowski)<\/strong><br><strong>od 6 kwietnia do 11 kwietnia 2023 r. (Wielkanoc \u2013 przerwa \u015bwi\u0105teczna)<\/strong><br><strong>od 1 maja do 3 maja 2023 r. (Rajd Politechniki Krakowskiej)<\/strong><br><strong>10 maja 2023 r. (\u015awi\u0119to Szko\u0142y)<\/strong><br><strong>28 maja 2023 r. (Zielone \u015awi\u0105tki)<\/strong><br><strong>8 czerwca 2023 r. (Bo\u017ce Cia\u0142o)<\/strong><br><\/p>\n\n\n\n<p>3. sesja egzaminacyjna:<\/p>\n\n\n\n<p class=\"has-text-align-center\"><strong>od 17 czerwca do 30 czerwca 2023 r.<\/strong><\/p>\n\n\n\n<p>4. wakacje letnie:<\/p>\n\n\n\n<p class=\"has-text-align-center\"><br><strong>od 1 lipca do 31 sierpnia 2023 r.<\/strong><\/p>\n\n\n\n<p><br>5. poprawkowa sesja egzaminacyjna:<\/p>\n\n\n\n<p class=\"has-text-align-center\"><strong>od 1 wrze\u015bnia do 14 wrze\u015bnia 2023 r.<\/strong><\/p>\n\n\n\n<p><br>6. ustala si\u0119 ostateczne terminy:<\/p>\n\n\n\n<p>1) zaliczenia semestru letniego:<\/p>\n\n\n\n<p class=\"has-text-align-center\"><strong>14 wrze\u015bnia 2023 r.<\/strong><\/p>\n\n\n\n<p><br>2) sk\u0142adania w dziekanatach wydzia\u0142\u00f3w dokument\u00f3w niezb\u0119dnych do dokonania rejestracji student\u00f3w i doktorant\u00f3w na rok akademicki 2023\/24:<\/p>\n\n\n\n<p class=\"has-text-align-center\"><strong>15 wrze\u015bnia 2023 r.<\/strong><\/p>\n\n\n\n<h3 class=\"has-text-align-center wp-block-heading\">\u00a7 3.<\/h3>\n\n\n\n<p><br>Organizacj\u0119 ostatniego semestru studi\u00f3w ustala dziekan na zasadach okre\u015blonych w \u00a7 11 ust. 5 \u201eRegulaminu studi\u00f3w na Politechnice Krakowskiej im. Tadeusza Ko\u015bciuszki\u201d stanowi\u0105cego za\u0142\u0105cznik do uchwa\u0142y Senatu Politechniki Krakowskiej nr 46\/d\/05\/2019 z 29 maja 2019 r. z p\u00f3\u017an.zm.<br><\/p>\n\n\n\n<h3 class=\"has-text-align-center wp-block-heading\">\u00a7 4.<\/h3>\n\n\n\n<p>W przypadku prowadzenia przez Politechnik\u0119 Krakowsk\u0105 studi\u00f3w wsp\u00f3lnych z uczelni\u0105 zagraniczn\u0105, organizacja roku mo\u017ce uwzgl\u0119dnia\u0107 terminy wynikaj\u0105ce z wymog\u00f3w uczelni partnerskiej, okre\u015blone w umowie stanowi\u0105cej podstaw\u0119 prowadzonych studi\u00f3w wsp\u00f3lnych. Dziekan ustala organizacj\u0119 roku dla studi\u00f3w wsp\u00f3lnych i podaje do wiadomo\u015bci publicznej co najmniej cztery miesi\u0105ce przed rozpocz\u0119ciem roku akademickiego.<\/p>\n\n\n\n<h3 class=\"has-text-align-center wp-block-heading\">\u00a7 5.<\/h3>\n\n\n\n<p>Ustala si\u0119, \u017ce pierwszy pe\u0142ny tydzie\u0144 zaj\u0119\u0107 w semestrze zimowym (tj. tydzie\u0144 rozpoczynaj\u0105cy si\u0119 3 pa\u017adziernika 2022 r.) oraz pierwszy pe\u0142ny tydzie\u0144 zaj\u0119\u0107 w semestrze letnim (tj. tydzie\u0144 rozpoczynaj\u0105cy si\u0119 27 lutego 2023 r.) s\u0105 tygodniami nieparzystymi. Tygodnie nieparzyste i parzyste wyst\u0119puj\u0105 w semestrze naprzemiennie.<\/p>\n","protected":false},"excerpt":{"rendered":"<p>2022\/2023 \u00a7 1.Semestr zimowy dla student\u00f3w i doktorant\u00f3w wszystkich form i poziom\u00f3w kszta\u0142cenia,z zastrze\u017ceniem \u00a7 3 i \u00a7 4, trwa\u0107 b\u0119dzie od 1 pa\u017adziernika 2022 r. do 26 lutego 2023 r. w tym: 1. okresy zaj\u0119\u0107 dydaktycznych: od 1 pa\u017adziernika do 5 pa\u017adziernika 2022 r.od 7 pa\u017adziernika do 30 pa\u017adziernika 2022 r.od 3 listopada do&hellip;&nbsp;<a href=\"https:\/\/m6.pk.edu.pl\/index.php\/organizacja-roku-akademickiego\/\" rel=\"bookmark\">Dowiedz si\u0119 wi\u0119cej &raquo;<span class=\"screen-reader-text\">Organizacja roku akademickiego<\/span><\/a><\/p>\n","protected":false},"author":1,"featured_media":0,"parent":0,"menu_order":0,"comment_status":"closed","ping_status":"closed","template":"","meta":{"advgb_blocks_editor_width":"","advgb_blocks_columns_visual_guide":"","neve_meta_sidebar":"full-width","neve_meta_container":"","neve_meta_enable_content_width":"on","neve_meta_content_width":100,"neve_meta_title_alignment":"","neve_meta_author_avatar":"","neve_post_elements_order":"","neve_meta_disable_header":"","neve_meta_disable_footer":"","neve_meta_disable_title":"","_themeisle_gutenberg_block_has_review":false,"footnotes":""},"class_list":["post-8475","page","type-page","status-publish","hentry"],"coauthors":[],"author_meta":{"author_link":"https:\/\/m6.pk.edu.pl\/index.php\/author\/gibaspiotr\/","display_name":"gibaspiotr"},"relative_dates":{"created":"Posted 4 lata ago","modified":"Updated 4 lata ago"},"absolute_dates":{"created":"Posted on 15 wrze\u015bnia 2022","modified":"Updated on 23 wrze\u015bnia 2022"},"absolute_dates_time":{"created":"Posted on 15 wrze\u015bnia 2022 09:26","modified":"Updated on 23 wrze\u015bnia 2022 12:26"},"featured_img_caption":"","featured_img":false,"series_order":"","_links":{"self":[{"href":"https:\/\/m6.pk.edu.pl\/index.php\/wp-json\/wp\/v2\/pages\/8475","targetHints":{"allow":["GET"]}}],"collection":[{"href":"https:\/\/m6.pk.edu.pl\/index.php\/wp-json\/wp\/v2\/pages"}],"about":[{"href":"https:\/\/m6.pk.edu.pl\/index.php\/wp-json\/wp\/v2\/types\/page"}],"author":[{"embeddable":true,"href":"https:\/\/m6.pk.edu.pl\/index.php\/wp-json\/wp\/v2\/users\/1"}],"replies":[{"embeddable":true,"href":"https:\/\/m6.pk.edu.pl\/index.php\/wp-json\/wp\/v2\/comments?post=8475"}],"version-history":[{"count":0,"href":"https:\/\/m6.pk.edu.pl\/index.php\/wp-json\/wp\/v2\/pages\/8475\/revisions"}],"wp:attachment":[{"href":"https:\/\/m6.pk.edu.pl\/index.php\/wp-json\/wp\/v2\/media?parent=8475"}],"curies":[{"name":"wp","href":"https:\/\/api.w.org\/{rel}","templated":true}]}}