{"id":79,"date":"2019-08-13T13:51:05","date_gmt":"2019-08-13T11:51:05","guid":{"rendered":"https:\/\/m6.pk.edu.pl\/?page_id=79"},"modified":"2026-03-25T08:21:25","modified_gmt":"2026-03-25T07:21:25","slug":"zagadnienia-do-wyboru-tematow-prac-dyplomowych","status":"publish","type":"page","link":"https:\/\/m6.pk.edu.pl\/index.php\/strefa-dla-studenta\/dyplomy\/zagadnienia-do-wyboru-tematow-prac-dyplomowych\/","title":{"rendered":"Zagadnienia do wyboru temat\u00f3w prac dyplomowych"},"content":{"rendered":"\n<h4 class=\"wp-block-heading has-text-align-center animated bounceIn has-nv-site-bg-color has-neve-link-color-background-color has-text-color has-background\">Temat pracy dyplomowej musi by\u0107 zgodny ze stopniem studi\u00f3w oraz ze studiowan\u0105 specjalno\u015bci\u0105.  Szczeg\u00f3\u0142y nale\u017cy ustali\u0107 z promotorem<\/h4>\n\n\n\n<h1 class=\"wp-block-heading has-text-align-center\"> <a href=\"https:\/\/m6.pk.edu.pl\/dok\/dyplom\/Tematy.pdf\">Zagadnienia \/ tematy prac dyplomowych <\/a><br><a href=\"https:\/\/m6.pk.edu.pl\/dok\/dyplom\/Tematy.pdf\">pracownik\u00f3w jednostki M-06<\/a><\/h1>\n\n\n\n<p class=\"has-text-align-center\"><\/p>\n\n\n\n<p><\/p>\n","protected":false},"excerpt":{"rendered":"<p>Temat pracy dyplomowej musi by\u0107 zgodny ze stopniem studi\u00f3w oraz ze studiowan\u0105 specjalno\u015bci\u0105. Szczeg\u00f3\u0142y nale\u017cy ustali\u0107 z promotorem Zagadnienia \/ tematy prac dyplomowych pracownik\u00f3w jednostki M-06<\/p>\n","protected":false},"author":1,"featured_media":0,"parent":73,"menu_order":0,"comment_status":"closed","ping_status":"closed","template":"","meta":{"advgb_blocks_editor_width":"","advgb_blocks_columns_visual_guide":"","neve_meta_sidebar":"full-width","neve_meta_container":"default","neve_meta_enable_content_width":"off","neve_meta_content_width":100,"neve_meta_title_alignment":"left","neve_meta_author_avatar":"","neve_post_elements_order":"","neve_meta_disable_header":"off","neve_meta_disable_footer":"","neve_meta_disable_title":"","_themeisle_gutenberg_block_has_review":false,"footnotes":""},"class_list":["post-79","page","type-page","status-publish","hentry"],"coauthors":[],"author_meta":{"author_link":"https:\/\/m6.pk.edu.pl\/index.php\/author\/gibaspiotr\/","display_name":"gibaspiotr"},"relative_dates":{"created":"Posted 7 lat ago","modified":"Updated 3 tygodnie ago"},"absolute_dates":{"created":"Posted on 13 sierpnia 2019","modified":"Updated on 25 marca 2026"},"absolute_dates_time":{"created":"Posted on 13 sierpnia 2019 13:51","modified":"Updated on 25 marca 2026 08:21"},"featured_img_caption":"","featured_img":false,"series_order":"","_links":{"self":[{"href":"https:\/\/m6.pk.edu.pl\/index.php\/wp-json\/wp\/v2\/pages\/79","targetHints":{"allow":["GET"]}}],"collection":[{"href":"https:\/\/m6.pk.edu.pl\/index.php\/wp-json\/wp\/v2\/pages"}],"about":[{"href":"https:\/\/m6.pk.edu.pl\/index.php\/wp-json\/wp\/v2\/types\/page"}],"author":[{"embeddable":true,"href":"https:\/\/m6.pk.edu.pl\/index.php\/wp-json\/wp\/v2\/users\/1"}],"replies":[{"embeddable":true,"href":"https:\/\/m6.pk.edu.pl\/index.php\/wp-json\/wp\/v2\/comments?post=79"}],"version-history":[{"count":1,"href":"https:\/\/m6.pk.edu.pl\/index.php\/wp-json\/wp\/v2\/pages\/79\/revisions"}],"predecessor-version":[{"id":11630,"href":"https:\/\/m6.pk.edu.pl\/index.php\/wp-json\/wp\/v2\/pages\/79\/revisions\/11630"}],"up":[{"embeddable":true,"href":"https:\/\/m6.pk.edu.pl\/index.php\/wp-json\/wp\/v2\/pages\/73"}],"wp:attachment":[{"href":"https:\/\/m6.pk.edu.pl\/index.php\/wp-json\/wp\/v2\/media?parent=79"}],"curies":[{"name":"wp","href":"https:\/\/api.w.org\/{rel}","templated":true}]}}