{"id":6990,"date":"2021-11-03T13:06:50","date_gmt":"2021-11-03T12:06:50","guid":{"rendered":"https:\/\/m6.pk.edu.pl\/?page_id=6990"},"modified":"2025-10-21T13:12:31","modified_gmt":"2025-10-21T11:12:31","slug":"latosinska-ksenia","status":"publish","type":"page","link":"https:\/\/m6.pk.edu.pl\/index.php\/struktura-m-06\/pracownicy-instytutu\/latosinska-ksenia\/","title":{"rendered":"Latosi\u0144ska Ksenia"},"content":{"rendered":"\n<div class=\"wp-block-media-text alignwide is-stacked-on-mobile\" style=\"grid-template-columns:21% auto\"><figure class=\"wp-block-media-text__media\"><img fetchpriority=\"high\" decoding=\"async\" width=\"600\" height=\"900\" src=\"https:\/\/m6.pk.edu.pl\/wp-content\/uploads\/2019\/08\/awatar_0002_Layer-2.jpg\" alt=\"\" class=\"wp-image-1432 size-full\" srcset=\"https:\/\/m6.pk.edu.pl\/wp-content\/uploads\/2019\/08\/awatar_0002_Layer-2.jpg 600w, https:\/\/m6.pk.edu.pl\/wp-content\/uploads\/2019\/08\/awatar_0002_Layer-2-200x300.jpg 200w\" sizes=\"(max-width: 600px) 100vw, 600px\" \/><\/figure><div class=\"wp-block-media-text__content\">\n<h3 class=\"wp-block-heading\">dr in\u017c. Ksenia Latosi\u0144ska <\/h3>\n\n\n\n<h4 class=\"wp-block-heading\"><a href=\"https:\/\/www.scopus.com\/authid\/detail.uri?authorId=57144507900\">SCOPUS Author ID<\/a><br><a href=\"https:\/\/orcid.org\/0000-0002-7482-688X\">ORCID iD<\/a><br><a href=\"https:\/\/cris.pk.edu.pl\/info\/author\/CUT963ca04effaf492596279aa82ee11b5d?r=author&amp;tab=&amp;title=Profil%2Bosoby%2B%25E2%2580%2593%2BKsenia%2BLatosi%25C5%2584ska%2B%25E2%2580%2593%2BPolitechnika%2BKrakowska&amp;lang=pl\">Publikacje &#8211; CRIS PK<\/a><\/h4>\n\n\n\n<p>Telefon: 32 45<br>E-mail: <a href=\"mailto:emilia.franczyk@pk.edu.pl\"><\/a><a href=\"mailto:ksenia.rumian@pk.edu.pl\">ksenia.rumian@pk.edu.pl<\/a><br>Pok\u00f3j A 411 <\/p>\n\n\n\n<ul class=\"wp-block-list\">\n<li><strong><a href=\"https:\/\/spispracownikow.pk.edu.pl\/\">Konsultacje<\/a><\/strong> w spis pracownik\u00f3w<\/li>\n\n\n\n<li><a href=\"https:\/\/m6.pk.edu.pl\/index.php\/strefa-dla-studenta\/dyplomy\/zagadnienia-do-wyboru-tematow-prac-dyplomowych\/\"><strong>Zagadnienia do prac dyplomowych<\/strong><\/a><\/li>\n\n\n\n<li><a href=\"https:\/\/m6.pk.edu.pl\/index.php\/strefa-dla-studenta\/materialy-dydaktyczne\/\">Materia\u0142y dydaktyczne udost\u0119pniane dla student\u00f3w<\/a><\/li>\n<\/ul>\n<\/div><\/div>\n\n\n\n<p><\/p>\n\n\n\n<p>W swojej pracy<strong> <\/strong>zajmuj\u0119 si\u0119 zagadnieniami z obszaru in\u017cynierii produkcji a w szczeg\u00f3lno\u015bci \u2013&nbsp;obr\u00f3bk\u0105 skrawaniem, optymalizacj\u0105 proces\u00f3w skrawania oraz metodami przyrostowymi (SLM, FDM, DMLS). Koncentruj\u0119 si\u0119 na badaniach materia\u0142\u00f3w trudnoskrawalnych wykonanych przy pomocy r\u00f3\u017cnych technologii.<br><\/p>\n\n\n\n<p><strong>Prowadzone przedmioty<\/strong>: Technologie kszta\u0142towania wyrob\u00f3w, Innowacyjne technologie wytwarzania w zastosowaniach medycznych, Obr\u00f3bka ubytkowa, Zaawansowane technologie i systemy wytwarzania,&nbsp;Monitoring, modelowanie i symulacja proces\u00f3w obr\u00f3bki,&nbsp;Zaawansowane technologie obr\u00f3bki skrawaniem,&nbsp;Techniki wytwarzania \u015brodk\u00f3w transportu.<\/p>\n","protected":false},"excerpt":{"rendered":"<p>W swojej pracy zajmuj\u0119 si\u0119 zagadnieniami z obszaru in\u017cynierii produkcji a w szczeg\u00f3lno\u015bci \u2013&nbsp;obr\u00f3bk\u0105 skrawaniem, optymalizacj\u0105 proces\u00f3w skrawania oraz metodami przyrostowymi (SLM, FDM, DMLS). Koncentruj\u0119 si\u0119 na badaniach materia\u0142\u00f3w trudnoskrawalnych wykonanych przy pomocy r\u00f3\u017cnych technologii. Prowadzone przedmioty: Technologie kszta\u0142towania wyrob\u00f3w, Innowacyjne technologie wytwarzania w zastosowaniach medycznych, Obr\u00f3bka ubytkowa, Zaawansowane technologie i systemy wytwarzania,&nbsp;Monitoring, modelowanie i&hellip;&nbsp;<a href=\"https:\/\/m6.pk.edu.pl\/index.php\/struktura-m-06\/pracownicy-instytutu\/latosinska-ksenia\/\" rel=\"bookmark\">Dowiedz si\u0119 wi\u0119cej &raquo;<span class=\"screen-reader-text\">Latosi\u0144ska Ksenia<\/span><\/a><\/p>\n","protected":false},"author":1,"featured_media":0,"parent":100,"menu_order":0,"comment_status":"closed","ping_status":"closed","template":"","meta":{"advgb_blocks_editor_width":"","advgb_blocks_columns_visual_guide":"","neve_meta_sidebar":"default","neve_meta_container":"","neve_meta_enable_content_width":"off","neve_meta_content_width":100,"neve_meta_title_alignment":"","neve_meta_author_avatar":"","neve_post_elements_order":"","neve_meta_disable_header":"","neve_meta_disable_footer":"","neve_meta_disable_title":"on","_themeisle_gutenberg_block_has_review":false,"footnotes":""},"class_list":["post-6990","page","type-page","status-publish","hentry"],"coauthors":[],"author_meta":{"author_link":"https:\/\/m6.pk.edu.pl\/index.php\/author\/gibaspiotr\/","display_name":"gibaspiotr"},"relative_dates":{"created":"Posted 4 lata ago","modified":"Updated 6 miesi\u0119cy ago"},"absolute_dates":{"created":"Posted on 3 listopada 2021","modified":"Updated on 21 pa\u017adziernika 2025"},"absolute_dates_time":{"created":"Posted on 3 listopada 2021 13:06","modified":"Updated on 21 pa\u017adziernika 2025 13:12"},"featured_img_caption":"","featured_img":false,"series_order":"","_links":{"self":[{"href":"https:\/\/m6.pk.edu.pl\/index.php\/wp-json\/wp\/v2\/pages\/6990","targetHints":{"allow":["GET"]}}],"collection":[{"href":"https:\/\/m6.pk.edu.pl\/index.php\/wp-json\/wp\/v2\/pages"}],"about":[{"href":"https:\/\/m6.pk.edu.pl\/index.php\/wp-json\/wp\/v2\/types\/page"}],"author":[{"embeddable":true,"href":"https:\/\/m6.pk.edu.pl\/index.php\/wp-json\/wp\/v2\/users\/1"}],"replies":[{"embeddable":true,"href":"https:\/\/m6.pk.edu.pl\/index.php\/wp-json\/wp\/v2\/comments?post=6990"}],"version-history":[{"count":0,"href":"https:\/\/m6.pk.edu.pl\/index.php\/wp-json\/wp\/v2\/pages\/6990\/revisions"}],"up":[{"embeddable":true,"href":"https:\/\/m6.pk.edu.pl\/index.php\/wp-json\/wp\/v2\/pages\/100"}],"wp:attachment":[{"href":"https:\/\/m6.pk.edu.pl\/index.php\/wp-json\/wp\/v2\/media?parent=6990"}],"curies":[{"name":"wp","href":"https:\/\/api.w.org\/{rel}","templated":true}]}}