{"id":6970,"date":"2021-11-03T10:57:23","date_gmt":"2021-11-03T09:57:23","guid":{"rendered":"https:\/\/m6.pk.edu.pl\/?page_id=6970"},"modified":"2026-03-24T12:32:18","modified_gmt":"2026-03-24T11:32:18","slug":"pracownicy-emerytowani-i-osoby-wspolpracujace-z-katedra","status":"publish","type":"page","link":"https:\/\/m6.pk.edu.pl\/index.php\/struktura-m-06\/pracownicy-emerytowani-i-osoby-wspolpracujace-z-katedra\/","title":{"rendered":"Pracownicy emerytowani i osoby wsp\u00f3\u0142pracuj\u0105ce z Katedr\u0105"},"content":{"rendered":"\n<figure class=\"wp-block-table is-style-regular\"><table><tbody><tr><td><strong>Nazwisko i imi\u0119<\/strong><\/td><td><strong>Tytu\u0142<\/strong><\/td><td><strong>&nbsp;Nr tel.&nbsp;(12-628-)<\/strong><\/td><\/tr><tr><td><a href=\"https:\/\/m6.pk.edu.pl\/index.php\/struktura-m-06\/pracownicy-instytutu\/kiepura-czubacka-malgorzata\/\">Kiepura-Czubacka Ma\u0142gorzata<\/a><\/td><td>mgr in\u017c.<\/td><td>32 17<\/td><\/tr><tr><td><a href=\"https:\/\/m6.pk.edu.pl\/index.php\/struktura-m-06\/pracownicy-instytutu\/lipiec-piotr\/\" data-type=\"page\" data-id=\"255\">Lipiec Piotr <\/a><\/td><td>dr in\u017c. <\/td><td><\/td><\/tr><tr><td><a href=\"https:\/\/m6.pk.edu.pl\/index.php\/struktura-m-06\/pracownicy-instytutu\/nizankowski-czeslaw\/\" data-type=\"page\" data-id=\"271\">Ni\u017cankowski Czes\u0142aw (profesor senior)<\/a><\/td><td>prof. dr hab.in\u017c.<\/td><td><\/td><\/tr><tr><td><a href=\"https:\/\/m6.pk.edu.pl\/index.php\/struktura-m-06\/pracownicy-instytutu\/otko-tadeusz\/\">Otko Tadeusz<\/a><\/td><td>dr in\u017c.<\/td><td>32 37<\/td><\/tr><tr><td><a href=\"https:\/\/m6.pk.edu.pl\/index.php\/struktura-m-06\/pracownicy-instytutu\/ruszaj-adam\/\">Ruszaj Adam (profesor senior)<\/a><\/td><td>prof. dr hab. in\u017c.<\/td><td><\/td><\/tr><tr><td><a href=\"https:\/\/m6.pk.edu.pl\/index.php\/struktura-m-06\/pracownicy-instytutu\/struzikiewicz-grzegorz\/\" data-type=\"page\" data-id=\"293\">Struzikiewicz Grzegorz<\/a><\/td><td>dr in\u017c. <\/td><td><\/td><\/tr><tr><td><a href=\"https:\/\/m6.pk.edu.pl\/index.php\/struktura-m-06\/pracownicy-instytutu\/slodki-bogdan\/\">S\u0142odki Bogdan<\/a><\/td><td>dr hab. in\u017c.<\/td><td><\/td><\/tr><tr><td>Trela Ryszard<\/td><td>mgr in\u017c.<\/td><td><\/td><\/tr><\/tbody><\/table><\/figure>\n\n\n\n<p><\/p>\n","protected":false},"excerpt":{"rendered":"<p>Nazwisko i imi\u0119 Tytu\u0142 &nbsp;Nr tel.&nbsp;(12-628-) Kiepura-Czubacka Ma\u0142gorzata mgr in\u017c. 32 17 Lipiec Piotr dr in\u017c. Ni\u017cankowski Czes\u0142aw (profesor senior) prof. dr hab.in\u017c. Otko Tadeusz dr in\u017c. 32 37 Ruszaj Adam (profesor senior) prof. dr hab. in\u017c. Struzikiewicz Grzegorz dr in\u017c. S\u0142odki Bogdan dr hab. in\u017c. Trela Ryszard mgr in\u017c.<\/p>\n","protected":false},"author":1,"featured_media":0,"parent":98,"menu_order":0,"comment_status":"closed","ping_status":"closed","template":"","meta":{"advgb_blocks_editor_width":"","advgb_blocks_columns_visual_guide":"","neve_meta_sidebar":"full-width","neve_meta_container":"","neve_meta_enable_content_width":"on","neve_meta_content_width":100,"neve_meta_title_alignment":"","neve_meta_author_avatar":"","neve_post_elements_order":"","neve_meta_disable_header":"","neve_meta_disable_footer":"","neve_meta_disable_title":"","_themeisle_gutenberg_block_has_review":false,"footnotes":""},"class_list":["post-6970","page","type-page","status-publish","hentry"],"coauthors":[],"author_meta":{"author_link":"https:\/\/m6.pk.edu.pl\/index.php\/author\/gibaspiotr\/","display_name":"gibaspiotr"},"relative_dates":{"created":"Posted 4 lata ago","modified":"Updated 3 tygodnie ago"},"absolute_dates":{"created":"Posted on 3 listopada 2021","modified":"Updated on 24 marca 2026"},"absolute_dates_time":{"created":"Posted on 3 listopada 2021 10:57","modified":"Updated on 24 marca 2026 12:32"},"featured_img_caption":"","featured_img":false,"series_order":"","_links":{"self":[{"href":"https:\/\/m6.pk.edu.pl\/index.php\/wp-json\/wp\/v2\/pages\/6970","targetHints":{"allow":["GET"]}}],"collection":[{"href":"https:\/\/m6.pk.edu.pl\/index.php\/wp-json\/wp\/v2\/pages"}],"about":[{"href":"https:\/\/m6.pk.edu.pl\/index.php\/wp-json\/wp\/v2\/types\/page"}],"author":[{"embeddable":true,"href":"https:\/\/m6.pk.edu.pl\/index.php\/wp-json\/wp\/v2\/users\/1"}],"replies":[{"embeddable":true,"href":"https:\/\/m6.pk.edu.pl\/index.php\/wp-json\/wp\/v2\/comments?post=6970"}],"version-history":[{"count":1,"href":"https:\/\/m6.pk.edu.pl\/index.php\/wp-json\/wp\/v2\/pages\/6970\/revisions"}],"predecessor-version":[{"id":11629,"href":"https:\/\/m6.pk.edu.pl\/index.php\/wp-json\/wp\/v2\/pages\/6970\/revisions\/11629"}],"up":[{"embeddable":true,"href":"https:\/\/m6.pk.edu.pl\/index.php\/wp-json\/wp\/v2\/pages\/98"}],"wp:attachment":[{"href":"https:\/\/m6.pk.edu.pl\/index.php\/wp-json\/wp\/v2\/media?parent=6970"}],"curies":[{"name":"wp","href":"https:\/\/api.w.org\/{rel}","templated":true}]}}