{"id":6968,"date":"2021-11-03T10:56:12","date_gmt":"2021-11-03T09:56:12","guid":{"rendered":"https:\/\/m6.pk.edu.pl\/?page_id=6968"},"modified":"2025-10-21T12:59:30","modified_gmt":"2025-10-21T10:59:30","slug":"franczyk-emilia","status":"publish","type":"page","link":"https:\/\/m6.pk.edu.pl\/index.php\/struktura-m-06\/pracownicy-instytutu\/franczyk-emilia\/","title":{"rendered":"Franczyk Emilia"},"content":{"rendered":"\n<div class=\"wp-block-group\"><div class=\"wp-block-group__inner-container is-layout-constrained wp-block-group-is-layout-constrained\">\n<div class=\"wp-block-media-text alignwide is-stacked-on-mobile\" style=\"grid-template-columns:21% auto\"><figure class=\"wp-block-media-text__media\"><img fetchpriority=\"high\" decoding=\"async\" width=\"600\" height=\"900\" src=\"https:\/\/m6.pk.edu.pl\/wp-content\/uploads\/2019\/08\/awatar_0002_Layer-2.jpg\" alt=\"\" class=\"wp-image-1432 size-full\" srcset=\"https:\/\/m6.pk.edu.pl\/wp-content\/uploads\/2019\/08\/awatar_0002_Layer-2.jpg 600w, https:\/\/m6.pk.edu.pl\/wp-content\/uploads\/2019\/08\/awatar_0002_Layer-2-200x300.jpg 200w\" sizes=\"(max-width: 600px) 100vw, 600px\" \/><\/figure><div class=\"wp-block-media-text__content\">\n<h3 class=\"wp-block-heading\">dr in\u017c. Emilia Franczyk <\/h3>\n\n\n\n<h4 class=\"wp-block-heading\"><a href=\"https:\/\/www.scopus.com\/authid\/detail.uri?authorId=57204580333\">SCOPUS Author ID<\/a><br><a href=\"https:\/\/orcid.org\/0000-0002-9612-1266\">ORCID iD<\/a><br><a href=\"https:\/\/cris.pk.edu.pl\/info\/author\/CUT0580bf233e1a434a84ba46bbde93c882?r=author&amp;tab=&amp;title=Profil%2Bosoby%2B%25E2%2580%2593%2BEmilia%2BFranczyk%2B%25E2%2580%2593%2BPolitechnika%2BKrakowska&amp;lang=pl\">Publikacje &#8211; CRIS PK<\/a><\/h4>\n\n\n\n<p>Telefon: 32 12<br>E-mail: <a href=\"mailto:emilia.franczyk@pk.edu.pl\">emilia.franczyk@pk.edu.pl<\/a><br>Pok\u00f3j A 415<\/p>\n\n\n\n<ul class=\"wp-block-list\">\n<li><a href=\"https:\/\/m6.pk.edu.pl\/index.php\/strefa-dla-studenta\/konsultacje\/\"><strong><strong><a href=\"https:\/\/spispracownikow.pk.edu.pl\/\"><strong>Konsultacje<\/strong> w spisie pracownik\u00f3w<\/a><\/strong><\/strong><\/a><\/li>\n\n\n\n<li><a href=\"https:\/\/m6.pk.edu.pl\/index.php\/strefa-dla-studenta\/dyplomy\/zagadnienia-do-wyboru-tematow-prac-dyplomowych\/\">Zagadnienia do prac dyplomowych<\/a><\/li>\n\n\n\n<li><a href=\"https:\/\/m6.pk.edu.pl\/index.php\/strefa-dla-studenta\/materialy-dydaktyczne\/\">Materia\u0142y dydaktyczne udost\u0119pniane dla student\u00f3w<\/a><\/li>\n<\/ul>\n<\/div><\/div>\n<\/div><\/div>\n\n\n\n<p><\/p>\n\n\n\n<p>W mojej <strong>pracy zawodowej <\/strong>zajmuj\u0119 si\u0119 g\u0142\u00f3wnie zagadnieniami zwi\u0105zanymi z technologiami wytwarzania &#8211;&nbsp;obr\u00f3bk\u0105 skrawaniem oraz metodami addytywnymi (SLM, DMLS, FDM). Prowadz\u0119 m.in&nbsp;badania por\u00f3wnawcze skrawalno\u015bci p\u00f3\u0142fabrykat\u00f3w otrzymywanych przy u\u017cyciu r\u00f3\u017cnych technologii. Interesuj\u0119 si\u0119 r\u00f3wnie\u017c obr\u00f3bk\u0105 materia\u0142\u00f3w trudnoskrawalnych.<\/p>\n\n\n\n<p><strong>Prowadzone przedmioty<\/strong>:&nbsp;Obr\u00f3bka ubytkowa,&nbsp;Innowacyjne technologie wytwarzania w zastosowaniach medycznych,&nbsp;Zaawansowane technologie i systemy wytwarzania,&nbsp;Monitoring, modelowanie i symulacja proces\u00f3w obr\u00f3bki,&nbsp;Zaawansowane technologie obr\u00f3bki skrawaniem,&nbsp;Techniki wytwarzania \u015brodk\u00f3w transportu,&nbsp;Technologie kszta\u0142towania wyrob\u00f3w.<\/p>\n","protected":false},"excerpt":{"rendered":"<p>W mojej pracy zawodowej zajmuj\u0119 si\u0119 g\u0142\u00f3wnie zagadnieniami zwi\u0105zanymi z technologiami wytwarzania &#8211;&nbsp;obr\u00f3bk\u0105 skrawaniem oraz metodami addytywnymi (SLM, DMLS, FDM). Prowadz\u0119 m.in&nbsp;badania por\u00f3wnawcze skrawalno\u015bci p\u00f3\u0142fabrykat\u00f3w otrzymywanych przy u\u017cyciu r\u00f3\u017cnych technologii. Interesuj\u0119 si\u0119 r\u00f3wnie\u017c obr\u00f3bk\u0105 materia\u0142\u00f3w trudnoskrawalnych. Prowadzone przedmioty:&nbsp;Obr\u00f3bka ubytkowa,&nbsp;Innowacyjne technologie wytwarzania w zastosowaniach medycznych,&nbsp;Zaawansowane technologie i systemy wytwarzania,&nbsp;Monitoring, modelowanie i symulacja proces\u00f3w obr\u00f3bki,&nbsp;Zaawansowane technologie obr\u00f3bki&hellip;&nbsp;<a href=\"https:\/\/m6.pk.edu.pl\/index.php\/struktura-m-06\/pracownicy-instytutu\/franczyk-emilia\/\" rel=\"bookmark\">Dowiedz si\u0119 wi\u0119cej &raquo;<span class=\"screen-reader-text\">Franczyk Emilia<\/span><\/a><\/p>\n","protected":false},"author":1,"featured_media":0,"parent":100,"menu_order":0,"comment_status":"closed","ping_status":"closed","template":"","meta":{"advgb_blocks_editor_width":"","advgb_blocks_columns_visual_guide":"","neve_meta_sidebar":"default","neve_meta_container":"","neve_meta_enable_content_width":"off","neve_meta_content_width":100,"neve_meta_title_alignment":"","neve_meta_author_avatar":"","neve_post_elements_order":"","neve_meta_disable_header":"","neve_meta_disable_footer":"","neve_meta_disable_title":"on","_themeisle_gutenberg_block_has_review":false,"footnotes":""},"class_list":["post-6968","page","type-page","status-publish","hentry"],"coauthors":[],"author_meta":{"author_link":"https:\/\/m6.pk.edu.pl\/index.php\/author\/gibaspiotr\/","display_name":"gibaspiotr"},"relative_dates":{"created":"Posted 4 lata ago","modified":"Updated 6 miesi\u0119cy ago"},"absolute_dates":{"created":"Posted on 3 listopada 2021","modified":"Updated on 21 pa\u017adziernika 2025"},"absolute_dates_time":{"created":"Posted on 3 listopada 2021 10:56","modified":"Updated on 21 pa\u017adziernika 2025 12:59"},"featured_img_caption":"","featured_img":false,"series_order":"","_links":{"self":[{"href":"https:\/\/m6.pk.edu.pl\/index.php\/wp-json\/wp\/v2\/pages\/6968","targetHints":{"allow":["GET"]}}],"collection":[{"href":"https:\/\/m6.pk.edu.pl\/index.php\/wp-json\/wp\/v2\/pages"}],"about":[{"href":"https:\/\/m6.pk.edu.pl\/index.php\/wp-json\/wp\/v2\/types\/page"}],"author":[{"embeddable":true,"href":"https:\/\/m6.pk.edu.pl\/index.php\/wp-json\/wp\/v2\/users\/1"}],"replies":[{"embeddable":true,"href":"https:\/\/m6.pk.edu.pl\/index.php\/wp-json\/wp\/v2\/comments?post=6968"}],"version-history":[{"count":0,"href":"https:\/\/m6.pk.edu.pl\/index.php\/wp-json\/wp\/v2\/pages\/6968\/revisions"}],"up":[{"embeddable":true,"href":"https:\/\/m6.pk.edu.pl\/index.php\/wp-json\/wp\/v2\/pages\/100"}],"wp:attachment":[{"href":"https:\/\/m6.pk.edu.pl\/index.php\/wp-json\/wp\/v2\/media?parent=6968"}],"curies":[{"name":"wp","href":"https:\/\/api.w.org\/{rel}","templated":true}]}}