{"id":62,"date":"2019-08-13T13:40:32","date_gmt":"2019-08-13T11:40:32","guid":{"rendered":"https:\/\/m6.pk.edu.pl\/?page_id=62"},"modified":"2025-10-21T12:35:29","modified_gmt":"2025-10-21T10:35:29","slug":"konsultacje","status":"publish","type":"page","link":"https:\/\/m6.pk.edu.pl\/index.php\/strefa-dla-studenta\/konsultacje\/","title":{"rendered":"Konsultacje"},"content":{"rendered":"\n<h3 class=\"wp-block-heading has-text-align-center\">Konsultacje <a href=\"https:\/\/m6.pk.edu.pl\/index.php\/struktura-m-06\/pracownicy-instytutu\/\">pracownik\u00f3w M-06<\/a> <br>w semestrze zimowym 2025\/26<\/h3>\n\n\n\n<h4 class=\"wp-block-heading has-text-align-center\">na podstawie<\/h4>\n\n\n\n<h2 class=\"wp-block-heading has-text-align-center has-nv-light-bg-background-color has-text-color has-background has-link-color wp-elements-cb61a29aae4e00e1455597a18235d55c\" style=\"color:#840303\"><a href=\"https:\/\/spispracownikow.pk.edu.pl\/\">spispracownikow.pk.edu.pl<\/a><\/h2>\n\n\n\n<p class=\"has-text-align-center\">w trakcie aktualizacji &#8211; 21.10.2025<br><strong>Alfabetycznie<\/strong><\/p>\n\n\n\n<div style=\"height:30px\" aria-hidden=\"true\" id=\"bizon\" class=\"wp-block-spacer\"><\/div>\n\n\n\n<h4 class=\"wp-block-heading\">Bizo\u0144 Wojciech, mgr in\u017c. &#8211;<\/h4>\n\n\n\n<p><\/p>\n\n\n\n<p>Telefon: 32 67<br>E-mail: <a href=\"mailto:wojciech.bizon@pk.edu.pl\">wojciech.bizon@pk.edu.pl<\/a> <br>Pok\u00f3j  E12a <\/p>\n\n\n\n<div style=\"height:100px\" aria-hidden=\"true\" id=\"boratyn\" class=\"wp-block-spacer\"><\/div>\n\n\n\n<h4 class=\"wp-block-heading\">Boraty\u0144ska-Sala Anna, dr in\u017c.<\/h4>\n\n\n\n<p>Konsultacje po um\u00f3wieniu si\u0119 przez platform\u0119 Ms Teams<\/p>\n\n\n\n<p>Telefon: 32 83<br>E-mail:&nbsp;<a href=\"mailto:boratynska@mech.pk.edu.p\"><\/a> <a href=\"mailto:anna.boratynska-sala@pk.edu.pl\">anna.boratynska-sala@pk.edu.pl<\/a><br>Pok\u00f3j C 211B<\/p>\n\n\n\n<div style=\"height:100px\" aria-hidden=\"true\" id=\"duda\" class=\"wp-block-spacer\"><\/div>\n\n\n\n<h4 class=\"wp-block-heading\">Duda Jan, dr hab. in\u017c., prof. PK<\/h4>\n\n\n\n<p><\/p>\n\n\n\n<p>Telefon: 32 84<br>E-mail:&nbsp;<a href=\"mailto:jan.duda@pk.edu.pl\"><\/a><a href=\"mailto:jan.duda@pk.edu.pl\">jan.duda@pk.edu.pl<\/a><br>Pok\u00f3j C 209a<\/p>\n\n\n\n<div style=\"height:100px\" aria-hidden=\"true\" id=\"franczyk\" class=\"wp-block-spacer\"><\/div>\n\n\n\n<h4 class=\"wp-block-heading\">Franczyk Emilia, dr in\u017c. &#8211;<\/h4>\n\n\n\n<p>Wtorek 11.00-14.00 A, 415<\/p>\n\n\n\n<p>Telefon: 32 14<br>E-mail: <a href=\"mailto:franczykemilia@gmail.com\"><\/a><a href=\"mailto:emilia.franczyk@pk.edu.pl\">emilia.franczyk@pk.edu.pl<\/a><br>Pok\u00f3j A 415 <\/p>\n\n\n\n<div style=\"height:100px\" aria-hidden=\"true\" id=\"gawlik\" class=\"wp-block-spacer\"><\/div>\n\n\n\n<h4 class=\"wp-block-heading\">Gawlik J\u00f3zef, prof. dr hab. in\u017c.<\/h4>\n\n\n\n<p>Poniedzia\u0142ek 15.00-16.00 C215<\/p>\n\n\n\n<p>Jest mo\u017cliwe indywidualne um\u00f3wienie si\u0119 na konsultacje telefonicznie lub mailowo tak\u017ce w innym terminie, zdalnie Teams, lub tel. 607318655<\/p>\n\n\n\n<p>Telefon: 32 46<br>E-mail: <a href=\"mailto:jozef.gawlik@pk.edu.pl\">jozef.gawlik@pk.edu.pl<\/a> <br>Pok\u00f3j C 215<\/p>\n\n\n\n<div style=\"height:100px\" aria-hidden=\"true\" id=\"gawel\" class=\"wp-block-spacer\"><\/div>\n\n\n\n<h4 class=\"wp-block-heading\">Gawe\u0142 Anna, dr in\u017c.<\/h4>\n\n\n\n<p>Mo\u017cliwe jest indywidualne um\u00f3wienie si\u0119 na konsultacje na Teams lub telefoniczne w innym terminie.<\/p>\n\n\n\n<p>Telefon: 32 14<br>E-mail: <a href=\"mailto:jozef.gawlik@pk.edu.pl\"><\/a><a href=\"mailto:anna.gawel@pk.edu.pl\">anna.gawel@pk.edu.pl<\/a> <br>Pok\u00f3j A 415<\/p>\n\n\n\n<div style=\"height:100px\" aria-hidden=\"true\" id=\"gola\" class=\"wp-block-spacer\"><\/div>\n\n\n\n<h4 class=\"wp-block-heading\">Gola \u0141ukasz, dr in\u017c. <\/h4>\n\n\n\n<p>Wtorek 11.00-12.30 Studia SS<br>\u015aroda 20.00-21.30 MS TEMS. Dla studi\u00f3w niestacjonarnych<\/p>\n\n\n\n<p>Telefon: 32 61<br>E-mail:<a href=\"mailto:lukasz.gola@pk.edu.pl\"><\/a><a href=\"mailto:lukasz.gola@pk.edu.pl\">lukasz.gola@pk.edu.pl<\/a><br>Pok\u00f3j C 207b <\/p>\n\n\n\n<div style=\"height:100px\" aria-hidden=\"true\" id=\"gora\" class=\"wp-block-spacer\"><\/div>\n\n\n\n<h4 class=\"wp-block-heading\">G\u00f3ra &#8211; Maniowska Marta, &nbsp;dr in\u017c. <\/h4>\n\n\n\n<p>poniedzia\u0142ek 15:15-16:45<br>czwartek 14:30-16:00<\/p>\n\n\n\n<p>Telefon:&nbsp;32 26<br>E-mail:&nbsp; <a href=\"mailto:marta.gora-maniowska@pk.edu.pl\">marta.gora-maniowska@pk.edu.pl<\/a> <\/p>\n\n\n\n<p><a href=\"mailto:mgora@mech.pk.edu.pl\">mgora@mech.pk.edu.pl<\/a><br>Pok\u00f3j A 315<\/p>\n\n\n\n<div style=\"height:100px\" aria-hidden=\"true\" id=\"grabowski\" class=\"wp-block-spacer\"><\/div>\n\n\n\n<h4 class=\"wp-block-heading\">Grabowski Marcin, dr in\u017c.<\/h4>\n\n\n\n<p>Poniedzia\u0142ek 11.00-12.30 konsultacje, pok\u00f3j C213 (SS)<br>Czwartek 15.30-17.00 Konsultacje odbywaj\u0105 si\u0119 w pokoju C213 (SN) \u2013 po wcze\u015bniejszym um\u00f3wieniu<\/p>\n\n\n\n<p>Telefon: 37 49<br>E-mail: <a href=\"mailto:marcin.grabowski@pk.edu.pl\">marcin.grabowski@pk.edu.pl<\/a> <br>Pok\u00f3j C 213<\/p>\n\n\n\n<div style=\"height:100px\" aria-hidden=\"true\" id=\"habel\" class=\"wp-block-spacer\"><\/div>\n\n\n\n<h4 class=\"wp-block-heading\">Habel Jacek, dr in\u017c. <\/h4>\n\n\n\n<p>\u015aroda 12.30-14.00 C209B &#8211; Stacjonarne<br>Czwartek 17.00-18.30 Teams &#8211; Niestacjonarne<\/p>\n\n\n\n<p>Telefon: 32 39<br>E-mail:&nbsp;<a href=\"mailto:jacek.habel@pk.edu.pl\"><\/a><a href=\"mailto:jacek.habel@pk.edu.pl\">jacek.habel@pk.edu.pl<\/a><br>Pok\u00f3j C 209b<\/p>\n\n\n\n<div style=\"height:100px\" aria-hidden=\"true\" id=\"karbowski\" class=\"wp-block-spacer\"><\/div>\n\n\n\n<h4 class=\"wp-block-heading\">Karbowski Krzysztof, dr hab. in\u017c., prof. PK<\/h4>\n\n\n\n<p>Wtorek 7.30-9.00 MS Teams \/ C203<br>Czwartek 17.45-19.15 MS Teams \/ C203<\/p>\n\n\n\n<p>Telefon:&nbsp;32 47<br>E-mail: <a href=\"mailto:krzysztof.karbowski@pk.edu.pl\">krzysztof.karbowski@pk.edu.pl<\/a> <br>Pok\u00f3j C 205b, C 203 <\/p>\n\n\n\n<div style=\"height:100px\" aria-hidden=\"true\" id=\"kowalczyk\" class=\"wp-block-spacer\"><\/div>\n\n\n\n<h4 class=\"wp-block-heading\">Kowalczyk Ma\u0142gorzata, &nbsp;dr in\u017c.<\/h4>\n\n\n\n<p>Uwaga od dnia 15.09.2025 zmiana godzin konsultacji.<\/p>\n\n\n\n<p>Telefon: 32 45,<br>E-mail:&nbsp;<a href=\"mailto:malgorzata.kowalczyk@pk.edu.pl\">malgorzata.kowalczyk@pk.edu.pl<\/a> <br>Pok\u00f3j A 411<\/p>\n\n\n\n<div style=\"height:100px\" aria-hidden=\"true\" id=\"krajewska\" class=\"wp-block-spacer\"><\/div>\n\n\n\n<h4 class=\"wp-block-heading\">Krajewska-\u015apiewak Joanna, dr in\u017c. &#8211;<\/h4>\n\n\n\n<p>\u015aroda 11.00-12.30 Mo\u017cliwo\u015b\u0107 konsultacji w formie zdalnej (przez Teams) po wcze\u015bniejszym kontakcie.<\/p>\n\n\n\n<p>Telefon: 32&nbsp;55<br>E-mail:&nbsp; <a href=\"mailto:joanna.krajewska-spiewak@pk.edu.pl\">joanna.krajewska-spiewak@pk.edu.pl<\/a> <br>Pok\u00f3j C 214<\/p>\n\n\n\n<div style=\"height:100px\" aria-hidden=\"true\" id=\"krenich\" class=\"wp-block-spacer\"><\/div>\n\n\n\n<h4 class=\"wp-block-heading\">Krenich Stanis\u0142aw, &nbsp;dr in\u017c.<\/h4>\n\n\n\n<p>Wtorek 19.00-21.00 Teams<br>\u015aroda 14.15-15.00 A321<\/p>\n\n\n\n<p>Telefon:&nbsp;32 18<br>E-mail:&nbsp;<a href=\"mailto:stanislaw.krenich@pk.edu.pl\">stanislaw.krenich@pk.edu.pl<\/a><br>Pok\u00f3j A 321<\/p>\n\n\n\n<div style=\"height:100px\" aria-hidden=\"true\" id=\"krupa\" class=\"wp-block-spacer\"><\/div>\n\n\n\n<h4 class=\"wp-block-heading\">Krupa Krzysztof, dr in\u017c., prof. PK<\/h4>\n\n\n\n<p>Poniedzia\u0142ek 9.00-10.30 A310<br>\u015aroda 16.30-18.00 A310<\/p>\n\n\n\n<p>Ch\u0119\u0107 udzia\u0142u w konsultacjach nale\u017cy zg\u0142osi\u0107 przez MS Teams, najp\u00f3\u017aniej w dniu konsultacji, przed godz. 19.00!<\/p>\n\n\n\n<p>Telefon:&nbsp;32 24<br>E-mail:&nbsp;<a href=\"mailto:krzysztof.krupa@pk.edu.pl\">krzysztof.krupa@pk.edu.pl<\/a><br>Pok\u00f3j A 310 <br><\/p>\n\n\n\n<div style=\"height:100px\" aria-hidden=\"true\" id=\"latosinska\" class=\"wp-block-spacer\"><\/div>\n\n\n\n<h4 class=\"wp-block-heading\">Latosi\u0144ska Ksenia, dr in\u017c.<\/h4>\n\n\n\n<p>Wtorek 16.00-17.30 A411\/MS Teams<br>\u015aroda 10.45-12.15 A411\/MS Teams<\/p>\n\n\n\n<p>Telefon:&nbsp;32 45<br>E-mail:&nbsp; <a href=\"mailto:ksenia.rumian@pk.edu.pl\"><\/a><a href=\"mailto:ksenia.rumian@pk.edu.pl\">ksenia.rumian@pk.edu.pl<\/a><br>Pok\u00f3j A 411 <\/p>\n\n\n\n<div style=\"height:100px\" aria-hidden=\"true\" id=\"lubiarz\" class=\"wp-block-spacer\"><\/div>\n\n\n\n<h4 class=\"wp-block-heading\">\u0141ubiarz Piotr, mgr in\u017c. &#8211;<\/h4>\n\n\n\n<p>Poniedzia\u0142ek 14.30-16.00 A340 (po wcze\u015bniejszym um\u00f3wieniu)<br>Wtorek 13.00-15.00 A340<\/p>\n\n\n\n<p>Telefon:&nbsp;<br>E-mail:&nbsp; <a href=\"mailto:ksenia.rumian@pk.edu.pl\"><\/a><a href=\"mailto:piotr.lubiarz@pk.edu.pl\">piotr.lubiarz@pk.edu.pl<\/a><br>Pok\u00f3j A 340 <\/p>\n\n\n\n<div style=\"height:100px\" aria-hidden=\"true\" id=\"malece\" class=\"wp-block-spacer\"><\/div>\n\n\n\n<h4 class=\"wp-block-heading\">Malec El\u017cbieta, dr in\u017c.<\/h4>\n\n\n\n<p> <\/p>\n\n\n\n<p>Telefon: 32&nbsp;83<br>E-mail:&nbsp; <a href=\"mailto:elzbieta.malec@pk.edu.pl\">elzbieta.malec@pk.edu.pl<\/a> <br>Pok\u00f3j&nbsp;C&nbsp;211<\/p>\n\n\n\n<div style=\"height:100px\" aria-hidden=\"true\" id=\"malecm\" class=\"wp-block-spacer\"><\/div>\n\n\n\n<h4 class=\"wp-block-heading\">Malec Marcin,&nbsp; dr in\u017c.<\/h4>\n\n\n\n<p>&#8211;<\/p>\n\n\n\n<p>W sprawach pilnych prosz\u0119 o kontakt telefoniczny.<\/p>\n\n\n\n<p>Telefon: 32 42 <br>E-mail:  <a href=\"mailto:marcin.malec@pk.edu.pl\">marcin.malec@pk.edu.pl<\/a> <br>Pok\u00f3j A 311<\/p>\n\n\n\n<div style=\"height:100px\" aria-hidden=\"true\" id=\"malopolski\" class=\"wp-block-spacer\"><\/div>\n\n\n\n<h4 class=\"wp-block-heading\">Ma\u0142opolski Waldemar, &nbsp;dr in\u017c.<\/h4>\n\n\n\n<p>\u015aroda 12.00-13.30 Budynek A, pok. A314<br>\u015aroda 15.00-16.30 Budynek A, pok. A314 (po uzgodnieniu)<\/p>\n\n\n\n<p>Telefon: 32 13<br>E-mail:&nbsp;<a href=\"mailto:malopolski@mech.pk.edu.pl\"><\/a> <a href=\"mailto:waldemar.malopolski@pk.edu.pl\">waldemar.malopolski@pk.edu.pl<\/a> <br>Pok\u00f3j A 314<\/p>\n\n\n\n<div style=\"height:100px\" aria-hidden=\"true\" id=\"matras\" class=\"wp-block-spacer\"><\/div>\n\n\n\n<h4 class=\"wp-block-heading\">Matras Andrzej, dr in\u017c.<\/h4>\n\n\n\n<p>&#8211;<\/p>\n\n\n\n<p>Telefon:&nbsp;32 29<br>E-mail:&nbsp;<a href=\"mailto:amatras@pk.edu.pl\"><\/a><a href=\"mailto:amatras@pk.edu.pl\">amatras@pk.edu.pl<\/a><br>Pok\u00f3j A 410 <\/p>\n\n\n\n<div style=\"height:100px\" aria-hidden=\"true\" id=\"morawski\" class=\"wp-block-spacer\"><\/div>\n\n\n\n<h4 class=\"wp-block-heading\">Morawski Marcin,&nbsp; dr in\u017c. <\/h4>\n\n\n\n<p>Wtorek 12.45-14.15 pok\u00f3j A311, (lub na Ms TEAMS po uzgodnieniu terminu)<br>\u015aroda 11.00-12.30 pok\u00f3j A311, (lub na Ms TEAMS po uzgodnieniu terminu)<\/p>\n\n\n\n<p>Telefon: 32 42<br>E-mail:&nbsp;<a href=\"mailto:marcin.morawski@pk.edu.pl\">marcin.morawski@pk.edu.pl<\/a> <br>Pok\u00f3j A 311<\/p>\n\n\n\n<div style=\"height:100px\" aria-hidden=\"true\" id=\"motyka\" class=\"wp-block-spacer\"><\/div>\n\n\n\n<h4 class=\"wp-block-heading\">Motyka Sabina, &nbsp;dr in\u017c.<\/h4>\n\n\n\n<p>Poniedzia\u0142ek 10.45-12.15 studia stacjonarne. C205a<br>Poniedzia\u0142ek 14.00-15.30 Teams &#8211; studia niestacjonarne w semestrze po wcze\u015bniejszym potwierdzeniu<\/p>\n\n\n\n<p>Istnieje mo\u017cliwo\u015b\u0107 konsultacji w innym terminie po wcze\u015bniejszym uzgodnieniu email.<\/p>\n\n\n\n<p>Telefon: 32 68<br>E-mail:&nbsp;<a href=\"mailto:sabina.motyka@pk.edu.pl\">sabina.motyka@pk.edu.pl<\/a> <br>Pok\u00f3j C 205a<\/p>\n\n\n\n<div style=\"height:100px\" aria-hidden=\"true\" id=\"niemczewska\" class=\"wp-block-spacer\"><\/div>\n\n\n\n<h4 class=\"wp-block-heading\">Niemczewska &#8211; W\u00f3jcik Magdalena, dr hab. in\u017c., prof. PK<\/h4>\n\n\n\n<p>Ka\u017cdy mo\u017ce konsultowa\u0107 problem zdalnie (Teams) lub telefonicznie pod tel.: 501 456 836 (r\u00f3wnie\u017c poza wyznaczonymi godzinami konsultacji).<\/p>\n\n\n\n<p><\/p>\n\n\n\n<p>Telefon:&nbsp;32 59,&nbsp;36 14<br>E-mail:&nbsp;<a href=\"mailto:magdalena.niemczewska-wojcik@mech.pk.edu.pl\"><\/a> <a href=\"mailto:magdalena.niemczewska-wojcik@pk.edu.pl\">magdalena.niemczewska-wojcik@pk.edu.pl<\/a> <br>Pok\u00f3j C 211a<\/p>\n\n\n\n<div style=\"height:100px\" aria-hidden=\"true\" id=\"pobozniak\" class=\"wp-block-spacer\"><\/div>\n\n\n\n<h4 class=\"wp-block-heading\">Pobo\u017cniak Janusz, dr in\u017c.<\/h4>\n\n\n\n<p>Poniedzia\u0142ek 17.00-18.30 Pok\u00f3j C207A (po uzgodnieniu) lub MS Teams, Studia niestacjonarne,<br>Czwartek 11.00-12.30 Pok\u00f3j C207A lub MS Teams<\/p>\n\n\n\n<p>Telefon:&nbsp;32 66<br>E-mail:&nbsp; <a href=\"mailto:janusz.pobozniak@pk.edu.pl\">janusz.pobozniak@pk.edu.pl<\/a> <br>Pok\u00f3j C 207a<\/p>\n\n\n\n<div style=\"height:100px\" aria-hidden=\"true\" id=\"skoczypiec\" class=\"wp-block-spacer\"><\/div>\n\n\n\n<h4 class=\"wp-block-heading\">Skoczypiec Sebastian, prof. dr hab. in\u017c.<\/h4>\n\n\n\n<p>Poniedzia\u0142ek 13.00-14.30 C215 lub MS Teams<br>Wtorek 15.00-16.30 MS Teams<\/p>\n\n\n\n<p>1) Konsultacje odbywaj\u0105 si\u0119 z wykorzystaniem platformy MS Teams.<br>2) W uzasadnionych przypadkach konsultacje mo\u017cliwe tak\u017ce w innym terminie (wymaga wcze\u015bniejszego uzgodnienia).<br>3) Preferowany kana\u0142 komunikacji ze studentami to MS Teams.<\/p>\n\n\n\n<p>Telefon:&nbsp;37 43<br>E-mail:&nbsp; <a href=\"mailto:sebastian.skoczypiec@pk.edu.pl\">sebastian.skoczypiec@pk.edu.pl<\/a> <br>Pok\u00f3j C 215<\/p>\n\n\n\n<div style=\"height:100px\" aria-hidden=\"true\" id=\"stwora\" class=\"wp-block-spacer\"><\/div>\n\n\n\n<h4 class=\"wp-block-heading\">Stwora Andrzej, dr in\u017c. &#8211;<\/h4>\n\n\n\n<p>&#8211;<\/p>\n\n\n\n<p>Telefon:&nbsp;668 286 289<br>E-mail:&nbsp; <a href=\"mailto:andrzej.stwora@pk.edu.pl\"><\/a><a href=\"mailto:andrzej.stwora@pk.edu.pl\">andrzej.stwora@pk.edu.pl<\/a><\/p>\n\n\n\n<div style=\"height:100px\" aria-hidden=\"true\" id=\"slota\" class=\"wp-block-spacer\"><\/div>\n\n\n\n<h4 class=\"wp-block-heading\">S\u0142ota Adam, &nbsp;dr in\u017c., prof. PK <\/h4>\n\n\n\n<p>\u015aroda 9.00-10.30 budynek A, pok\u00f3j A312<br>Czwartek 12.30-14.00 budynek A, pok\u00f3j A312<br>Czwartek 16.00-17.30 po wcze\u015bniejszym (co najmniej jeden dzie\u0144) zg\u0142oszeniu student\u00f3w, g\u0142\u00f3wnie dla studi\u00f3w niestacjonarnych, budynek A, pok\u00f3j A312<\/p>\n\n\n\n<p>Telefon:&nbsp;32 41<br>E-mail:&nbsp;<a href=\"mailto:adam.slota@pk.edu.pl\">adam.slota@pk.edu.pl<\/a> <br>Pok\u00f3j A 312<\/p>\n\n\n\n<div style=\"height:100px\" aria-hidden=\"true\" id=\"slusarczyk\" class=\"wp-block-spacer\"><\/div>\n\n\n\n<h4 class=\"wp-block-heading\">\u015alusarczyk \u0141ukasz, dr in\u017c.<\/h4>\n\n\n\n<p>&#8211;<\/p>\n\n\n\n<p>Telefon: 32 12<br>E-mail:&nbsp;<a href=\"mailto:lukasz.slusarczyk@pk.edu.pl\"><\/a><a href=\"mailto:lukasz.slusarczyk@pk.edu.pl\">lukasz.slusarczyk@pk.edu.pl<\/a><br>Pok\u00f3j A 412<\/p>\n\n\n\n<div style=\"height:100px\" aria-hidden=\"true\" id=\"tatarczyk\" class=\"wp-block-spacer\"><\/div>\n\n\n\n<h4 class=\"wp-block-heading\">Tomasz Talarczyk, mgr in\u017c.<\/h4>\n\n\n\n<p>Czwartek 9.30-11.00 pok\u00f3j A340, (lub na Ms TEAMS po uzgodnieniu terminu)<\/p>\n\n\n\n<p>Telefon:&nbsp;32 19 <br>E-mail:&nbsp; <a href=\"mailto:tomasz.talarczyk@pk.edu.pl\">tomasz.talarczyk@pk.edu.pl<\/a><br>Pok\u00f3j A 340<\/p>\n\n\n\n<div style=\"height:100px\" aria-hidden=\"true\" id=\"warzolek\" class=\"wp-block-spacer\"><\/div>\n\n\n\n<h4 class=\"wp-block-heading\">War\u017co\u0142ek Dorota, mgr in\u017c. <\/h4>\n\n\n\n<p>Czwartek 12.45-14.15 Pok\u00f3j C214, studia stacjonarne<\/p>\n\n\n\n<p>Telefon: 32 61<br>E-mail:&nbsp; <a href=\"mailto:dwarzolek@pk.edu.pl\">dwarzolek@pk.edu.pl<\/a> <br>Pok\u00f3j C 210b<\/p>\n\n\n\n<div style=\"height:100px\" aria-hidden=\"true\" id=\"wojakowski\" class=\"wp-block-spacer\"><\/div>\n\n\n\n<h4 class=\"wp-block-heading\">Wojakowski Pawe\u0142, dr in\u017c. <\/h4>\n\n\n\n<p>\u015aroda 11.00-12.30 Pok\u00f3j C207B (Wydzia\u0142 Mechaniczny)<br>Czwartek 18.30-20.00 Konsultacje online (Teams)<\/p>\n\n\n\n<p>Telefon: 32 61<br>E-mail:&nbsp;<a href=\"mailto:pwojakowski@pk.edu.pl\">pwojakowski@pk.edu.pl<\/a><br>Pok\u00f3j C 207b <\/p>\n\n\n\n<div style=\"height:100px\" aria-hidden=\"true\" id=\"wojcik\" class=\"wp-block-spacer\"><\/div>\n\n\n\n<h4 class=\"wp-block-heading\">W\u00f3jcik Krzysztof, &nbsp;dr in\u017c. &#8211;<\/h4>\n\n\n\n<p>&#8211;<\/p>\n\n\n\n<p>Telefon: 32 19,  32 63 <br>E-mail:&nbsp;<a href=\"mailto:krzysztof.wojcik@pk.edu.pl\">krzysztof.wojcik@pk.edu.pl<\/a> <br>Pok\u00f3j A 308<\/p>\n\n\n\n<div style=\"height:100px\" aria-hidden=\"true\" id=\"wyszynski\" class=\"wp-block-spacer\"><\/div>\n\n\n\n<h4 class=\"wp-block-heading\">Wyszy\u0144ski Dominik, dr in\u017c. <\/h4>\n\n\n\n<p>Wtorek 15.00-16.30 C213 (SN)<br>\u015aroda 11.00-12.30 C213 (SS)<\/p>\n\n\n\n<p>Prosz\u0119 zg\u0142osi\u0107 temat konsultacji minimum dzie\u0144 wcze\u015bniej. Nie przyjmuj\u0119 os\u00f3b zakatarzonych i kaszl\u0105cych.<\/p>\n\n\n\n<p>Telefon:&nbsp;37 49<br>E-mail:&nbsp; <a href=\"mailto:dominik.wyszynski@pk.edu.pl\">dominik.wyszynski@pk.edu.pl<\/a> ;  <a href=\"mailto:erasmus_wm@pk.edu.pl\">erasmus_wm@pk.edu.pl<\/a> <br>Pok\u00f3j C 213<\/p>\n\n\n\n<div style=\"height:100px\" aria-hidden=\"true\" id=\"zajac\" class=\"wp-block-spacer\"><\/div>\n\n\n\n<h4 class=\"wp-block-heading\">Zaj\u0105c Jerzy, &nbsp;prof. dr hab. in\u017c.<\/h4>\n\n\n\n<p>Telefon:&nbsp;32 43,&nbsp;&nbsp;20 57<\/p>\n\n\n\n<p><br>E-mail:&nbsp;<a href=\"mailto:jerzy.zajac@pk.edu.pl\">jerzy.zajac@pk.edu.pl<\/a>; <a href=\"mailto:pe@pk.edu.pl\">pe@pk.edu.pl<\/a> <br>Pok\u00f3j A 309<\/p>\n\n\n\n<div style=\"height:100px\" aria-hidden=\"true\" id=\"zebala\" class=\"wp-block-spacer\"><\/div>\n\n\n\n<h4 class=\"wp-block-heading\">Z\u0119bala Wojciech, prof. dr hab. in\u017c. &#8211;<\/h4>\n\n\n\n<p>&#8211;<\/p>\n\n\n\n<p>Telefon:&nbsp;32 53<br>E-mail:&nbsp;<a href=\"mailto:wojciech.zebala@pk.edu.pl\">wojciech.zebala@pk.edu.pl<\/a> <br>Pok\u00f3j A 417<\/p>\n\n\n\n<div style=\"height:100px\" aria-hidden=\"true\" id=\"zych\" class=\"wp-block-spacer\"><\/div>\n\n\n\n<h4 class=\"wp-block-heading\">Zych Jaros\u0142aw, &nbsp;mgr in\u017c.<\/h4>\n\n\n\n<p>Poniedzia\u0142ek 20.00-21.30 Platforma Teams<br>Czwartek 7.30-9.00 A322<\/p>\n\n\n\n<p>Telefon:&nbsp;32 22<br>E-mail:&nbsp; <a href=\"mailto:jaroslaw.zych@pk.edu.pl\">jaroslaw.zych@pk.edu.pl<\/a><br>Pok\u00f3j A&nbsp;322 <\/p>\n\n\n\n<div style=\"height:100px\" aria-hidden=\"true\" id=\"zyra\" class=\"wp-block-spacer\"><\/div>\n\n\n\n<h4 class=\"wp-block-heading\">\u017byra Agnieszka, &nbsp;dr in\u017c.<\/h4>\n\n\n\n<p>Wtorek 13.15-16.15 C214 &amp;Teams<\/p>\n\n\n\n<p>Konsultacje dla studi\u00f3w niestacjonarnych po wcze\u015bniejszym um\u00f3wieniu via Teams w uzgodnionych terminach.<\/p>\n\n\n\n<p>Telefon:&nbsp;32 55<br>E-mail:&nbsp; <a href=\"mailto:agnieszka.zyra@pk.edu.pl\">agnieszka.zyra@pk.edu.pl<\/a> <br>Pok\u00f3j C&nbsp;214<\/p>\n\n\n\n<p><\/p>\n","protected":false},"excerpt":{"rendered":"<p>Konsultacje pracownik\u00f3w M-06 w semestrze zimowym 2025\/26 na podstawie spispracownikow.pk.edu.pl w trakcie aktualizacji &#8211; 21.10.2025Alfabetycznie Bizo\u0144 Wojciech, mgr in\u017c. &#8211; Telefon: 32 67E-mail: wojciech.bizon@pk.edu.pl Pok\u00f3j E12a Boraty\u0144ska-Sala Anna, dr in\u017c. Konsultacje po um\u00f3wieniu si\u0119 przez platform\u0119 Ms Teams Telefon: 32 83E-mail:&nbsp; anna.boratynska-sala@pk.edu.plPok\u00f3j C 211B Duda Jan, dr hab. in\u017c., prof. PK Telefon: 32 84E-mail:&nbsp;jan.duda@pk.edu.plPok\u00f3j C&hellip;&nbsp;<a href=\"https:\/\/m6.pk.edu.pl\/index.php\/strefa-dla-studenta\/konsultacje\/\" rel=\"bookmark\">Dowiedz si\u0119 wi\u0119cej &raquo;<span class=\"screen-reader-text\">Konsultacje<\/span><\/a><\/p>\n","protected":false},"author":1,"featured_media":5867,"parent":56,"menu_order":0,"comment_status":"closed","ping_status":"closed","template":"","meta":{"advgb_blocks_editor_width":"","advgb_blocks_columns_visual_guide":"","neve_meta_sidebar":"","neve_meta_container":"","neve_meta_enable_content_width":"off","neve_meta_content_width":0,"neve_meta_title_alignment":"","neve_meta_author_avatar":"","neve_post_elements_order":"","neve_meta_disable_header":"","neve_meta_disable_footer":"","neve_meta_disable_title":"","_themeisle_gutenberg_block_has_review":false,"footnotes":""},"class_list":["post-62","page","type-page","status-publish","has-post-thumbnail","hentry"],"coauthors":[],"author_meta":{"author_link":"https:\/\/m6.pk.edu.pl\/index.php\/author\/gibaspiotr\/","display_name":"gibaspiotr"},"relative_dates":{"created":"Posted 7 lat ago","modified":"Updated 6 miesi\u0119cy ago"},"absolute_dates":{"created":"Posted on 13 sierpnia 2019","modified":"Updated on 21 pa\u017adziernika 2025"},"absolute_dates_time":{"created":"Posted on 13 sierpnia 2019 13:40","modified":"Updated on 21 pa\u017adziernika 2025 12:35"},"featured_img_caption":"","featured_img":"https:\/\/m6.pk.edu.pl\/wp-content\/uploads\/2021\/03\/Seminarium_naukowe-7-04-1-e1616754129882.jpg","series_order":"","_links":{"self":[{"href":"https:\/\/m6.pk.edu.pl\/index.php\/wp-json\/wp\/v2\/pages\/62","targetHints":{"allow":["GET"]}}],"collection":[{"href":"https:\/\/m6.pk.edu.pl\/index.php\/wp-json\/wp\/v2\/pages"}],"about":[{"href":"https:\/\/m6.pk.edu.pl\/index.php\/wp-json\/wp\/v2\/types\/page"}],"author":[{"embeddable":true,"href":"https:\/\/m6.pk.edu.pl\/index.php\/wp-json\/wp\/v2\/users\/1"}],"replies":[{"embeddable":true,"href":"https:\/\/m6.pk.edu.pl\/index.php\/wp-json\/wp\/v2\/comments?post=62"}],"version-history":[{"count":0,"href":"https:\/\/m6.pk.edu.pl\/index.php\/wp-json\/wp\/v2\/pages\/62\/revisions"}],"up":[{"embeddable":true,"href":"https:\/\/m6.pk.edu.pl\/index.php\/wp-json\/wp\/v2\/pages\/56"}],"wp:featuredmedia":[{"embeddable":true,"href":"https:\/\/m6.pk.edu.pl\/index.php\/wp-json\/wp\/v2\/media\/5867"}],"wp:attachment":[{"href":"https:\/\/m6.pk.edu.pl\/index.php\/wp-json\/wp\/v2\/media?parent=62"}],"curies":[{"name":"wp","href":"https:\/\/api.w.org\/{rel}","templated":true}]}}