{"id":60,"date":"2019-08-13T13:40:02","date_gmt":"2019-08-13T11:40:02","guid":{"rendered":"https:\/\/m6.pk.edu.pl\/?page_id=60"},"modified":"2026-04-13T07:49:07","modified_gmt":"2026-04-13T05:49:07","slug":"kola-naukowe","status":"publish","type":"page","link":"https:\/\/m6.pk.edu.pl\/index.php\/strefa-dla-studenta\/kola-naukowe\/","title":{"rendered":"Ko\u0142a naukowe"},"content":{"rendered":"\n<div class=\"wp-block-advgb-accordions advgb-accordions-b1ee5416-1c63-4b34-8575-15000d23810f advgb-accordion-wrapper\" data-collapsed=\"true\">\n<div class=\"wp-block-advgb-accordion-item advgb-accordion-item\" style=\"margin-bottom:10px\"><div class=\"advgb-accordion-header\" style=\"background-color:#b70050;color:#f9f9f9;border-style:solid;border-width:1px;border-color:#f9f9f9;border-radius:10px\"><span class=\"advgb-accordion-header-icon accordion-state\"><svg class=\"advgb-icon-closed\" fill=\"#f9f9f9\" xmlns=\"http:\/\/www.w3.org\/2000\/svg\" width=\"24\" height=\"24\" viewBox=\"0 0 24 24\"><path fill=\"none\" d=\"M0,0h24v24H0V0z\"><\/path><path d=\"M12,5.83L15.17,9l1.41-1.41L12,3L7.41,7.59L8.83,9L12,5.83z M12,18.17L8.83,15l-1.41,1.41L12,21l4.59-4.59L15.17,15 L12,18.17z\"><\/path><\/svg><svg class=\"advgb-icon-opened\" fill=\"#f9f9f9\" xmlns=\"http:\/\/www.w3.org\/2000\/svg\" width=\"24\" height=\"24\" viewBox=\"0 0 24 24\"><path fill=\"none\" d=\"M0,0h24v24H0V0z\"><\/path><path d=\"M7.41,18.59L8.83,20L12,16.83L15.17,20l1.41-1.41L12,14L7.41,18.59z M16.59,5.41L15.17,4L12,7.17L8.83,4L7.41,5.41L12,10L16.59,5.41z\"><\/path><\/svg><\/span><h4 class=\"advgb-accordion-header-title\" style=\"color:inherit\">Ko\u0142a naukowe dla kierunku Automatyka i Robotyka<\/h4><\/div><div class=\"advgb-accordion-body\" style=\"border-style:solid !important;border-width:1px !important;border-color:#f9f9f9 !important;border-top:none !important;border-radius:10px !important\">\n<h4 class=\"wp-block-heading\"><strong>Ko\u0142o naukowe Automatyki i Robotyki &#8211; KAiR<\/strong><\/h4>\n\n\n\n<p>Opiekun:<br><strong>dr in\u017c. Krzysztof W\u00f3jcik, tel: 12 628 32 19, e-mail: krzysztof.wojcik@pk.edu.pl<\/strong><\/p>\n\n\n\n<p><br>Obszarem dzia\u0142alno\u015bci Ko\u0142a Naukowego Automatyki i Robotyki, KAiR jest prowadzenie prac badawczych, naukowych i projektowych zwi\u0105zanych z og\u00f3lnie rozumianymi dziedzinami automatyki, robotyki, elektroniki i informatyki. <br>W szczeg\u00f3lno\u015bci realizowane s\u0105 projekty robot\u00f3w mobilnych, system\u00f3w kontrolnych, pomiarowych oraz rozwi\u0105za\u0144 zwi\u0105zanych z automatyzacj\u0105 produkcji. Dzia\u0142alno\u015b\u0107 ko\u0142a dotyczy r\u00f3wnie\u017c organizacji warsztat\u00f3w, szkole\u0144 oraz dzia\u0142a\u0144 popularyzuj\u0105cych nauk\u0119.<\/p>\n\n\n\n<hr class=\"wp-block-separator has-text-color has-neve-link-color-color has-css-opacity has-neve-link-color-background-color has-background is-style-wide advgb-dyn-9b45c78e\"\/>\n\n\n\n<h2 class=\"wp-block-heading\">AiR Sekcja: Informatyki, Robotyki i Sterowania (IRiS)<\/h2>\n\n\n\n<p>Nasza dzia\u0142alno\u015b\u0107:<br>szeroko poj\u0119ta robotyka, obr\u00f3bka addytywna i rozwi\u0105zania AI.<br>Nad czym pracujemy:<\/p>\n\n\n\n<ul class=\"wp-block-list\">\n<li>rami\u0119 robota wykonane w technologii druku 3D<\/li>\n\n\n\n<li>RoboPies \u2013 mobilny robot czworono\u017cny<\/li>\n\n\n\n<li>zdalna autonomiczna stacja obr\u00f3bki addytywnej<\/li>\n\n\n\n<li>manipulator jako cz\u0119\u015b\u0107 \u0142azika marsja\u0144skiego.<br>Nasze mocne strony:<br>wsp\u00f3\u0142praca z FutureLab (Konkurs na Projekty Studenckie) i firmami: Woodward,<br>Siemens, Dassault Syst\u00e8mes, Aisler, Plexim.<br>Dlaczego warto do nas do\u0142\u0105czy\u0107:<br>Wsparcie merytoryczne, wykorzystanie specjalistycznego sprz\u0119tu i oprogramowania,<br>mo\u017cliwo\u015b\u0107 uczestniczenia w wydarzeniach popularyzuj\u0105cych nauk\u0119, praca w zespole z<br>pasjonatami.<br>Opiekunowie:<br>mgr in\u017c. Piotr \u0141ubiarz, tel. 12 628 32 19, e-mail: piotr.lubiarz@pk.edu.pl<br>mgr in\u017c. Kamil Kaczmarz e-mail: kamil.kaczmarz@pk.edu.pl<\/li>\n<\/ul>\n\n\n\n<hr class=\"wp-block-separator has-css-opacity is-style-wide advgb-dyn-837e6e76\"\/>\n\n\n\n<h4 class=\"wp-block-heading\">AiR Sekcja: Roboty przemys\u0142owe i u\u017cytkowe<\/h4>\n\n\n\n<p>Nasza dzia\u0142alno\u015b\u0107:<br>zagadnienia projektowania i modelowania wirtualnych oraz rzeczywistych stanowisk z<br>robotami przemys\u0142owymi, sterowania i integracji element\u00f3w automatyki na tych<br>stanowiskach, programowania robot\u00f3w i element\u00f3w wsp\u00f3\u0142pracuj\u0105cych, wykorzystania<br>algorytm\u00f3w optymalizacyjnych oraz AI w projektowaniu i sterowaniu.<br>Nad czym pracujemy:<\/p>\n\n\n\n<ul class=\"wp-block-list\">\n<li>cyfrowe bli\u017aniaki stanowisk dydaktycznych,<\/li>\n\n\n\n<li>projekty chwytak\u00f3w,<\/li>\n\n\n\n<li>przygotowania do zawod\u00f3w robotycznych.<br>Nasze mocne strony:<br>I nagroda w konkursie \u201eM\u0142odzi naukowcy \u2013 wynalazcy 2023\u201d podczas Mi\u0119dzynarodowych<br>Targ\u00f3w Wynalazk\u00f3w i Innowacji INTARG 2023 w Katowicach, II miejsce w<br>Og\u00f3lnopolskich Profesjonalnych Mistrzostwach w Programowaniu Robot\u00f3w oraz<br>Tworzeniu Stanowisk Zrobotyzowanych RoboChallenge 2025.<br>Dlaczego warto do nas do\u0142\u0105czy\u0107:<br>Pracujemy z rzeczywistymi robotami przemys\u0142owymi Kawasaki, EPSON, FANUC oraz<br>aplikacjami do programowania robot\u00f3w, system\u00f3w bezpiecze\u0144stwa oraz system\u00f3w<br>wizyjnych.<br>Opiekun:<br>dr in\u017c. Stanis\u0142aw Krenich, tel.: 12 628 32 18, e-mail: stanislaw.krenich@pk.edu.pl<\/li>\n<\/ul>\n\n\n\n<p><\/p>\n\n\n\n<hr class=\"wp-block-separator has-css-opacity is-style-wide advgb-dyn-837e6e76\"\/>\n\n\n\n<h4 class=\"wp-block-heading\"><strong>AiR Sekcja: Pojazdy podwodne<\/strong><\/h4>\n\n\n\n<p>Nasza dzia\u0142alno\u015b\u0107:<br>projektowanie i budowa rozwi\u0105za\u0144 z obszaru podwodnej robotyki mobilnej.<br>Nad czym pracujemy:<\/p>\n\n\n\n<p>\u0142awica pojazd\u00f3w HUUV.<br>Nasze mocne strony:<br>wieloletnia wsp\u00f3\u0142praca z FutureLab (kolejne projekty w ramach konkursu na Projekty<br>Studenckie).<br>Dlaczego warto do nas do\u0142\u0105czy\u0107:<br>praktyka w robotyce podwodnej, mo\u017cliwo\u015b\u0107 testowania i opracowywania rozwi\u0105za\u0144 w<br>warunkach laboratoryjnych, prezentacja efekt\u00f3w prac na szerszym forum (udzia\u0142 w<br>wydarzeniach popularyzuj\u0105cych nauk\u0119, Targach, Konferencjach i innych).<br>Opiekun:<br>dr in\u017c. Tomasz Talarczyk, tel. 504 793 252, e-mail: tomasz.talarczyk@pk.edu.pl<\/p>\n\n\n\n<p><\/p>\n\n\n\n<h3 class=\"wp-block-heading has-text-align-center\"><a href=\"https:\/\/air.pk.edu.pl\/index.php\/category\/ciekawe-dyplomy\/\"><strong>Przyk\u0142adowe prace dyplomowe na kierunku AiR<\/strong><br><\/a><\/h3>\n<\/div><\/div>\n\n\n\n<div class=\"wp-block-advgb-accordion-item advgb-accordion-item\" style=\"margin-bottom:10px\"><div class=\"advgb-accordion-header\" style=\"background-color:#b70050;color:#f9f9f9;border-style:solid;border-width:1px;border-color:#f9f9f9;border-radius:10px\"><span class=\"advgb-accordion-header-icon accordion-state\"><svg class=\"advgb-icon-closed\" fill=\"#f9f9f9\" xmlns=\"http:\/\/www.w3.org\/2000\/svg\" width=\"24\" height=\"24\" viewBox=\"0 0 24 24\"><path fill=\"none\" d=\"M0,0h24v24H0V0z\"><\/path><path d=\"M12,5.83L15.17,9l1.41-1.41L12,3L7.41,7.59L8.83,9L12,5.83z M12,18.17L8.83,15l-1.41,1.41L12,21l4.59-4.59L15.17,15 L12,18.17z\"><\/path><\/svg><svg class=\"advgb-icon-opened\" fill=\"#f9f9f9\" xmlns=\"http:\/\/www.w3.org\/2000\/svg\" width=\"24\" height=\"24\" viewBox=\"0 0 24 24\"><path fill=\"none\" d=\"M0,0h24v24H0V0z\"><\/path><path d=\"M7.41,18.59L8.83,20L12,16.83L15.17,20l1.41-1.41L12,14L7.41,18.59z M16.59,5.41L15.17,4L12,7.17L8.83,4L7.41,5.41L12,10L16.59,5.41z\"><\/path><\/svg><\/span><h4 class=\"advgb-accordion-header-title\" style=\"color:inherit\"> Ko\u0142a naukowe dla kierunku In\u017cynieria Produkcji<\/h4><\/div><div class=\"advgb-accordion-body\" style=\"border-style:solid !important;border-width:1px !important;border-color:#f9f9f9 !important;border-top:none !important;border-radius:10px !important\">\n<hr class=\"wp-block-separator has-css-opacity is-style-wide advgb-dyn-837e6e76\"\/>\n\n\n\n<h1 class=\"wp-block-heading has-text-align-center\"><a href=\"https:\/\/koloip.pk.edu.pl\/\">STRONA KO\u0141A<\/a><\/h1>\n<\/div><\/div>\n<\/div>\n\n\n\n<hr class=\"wp-block-separator has-text-color has-neve-text-color-color has-css-opacity has-neve-text-color-background-color has-background is-style-wide advgb-dyn-5af45571\"\/>\n\n\n\n<h4 class=\"wp-block-heading has-text-align-center\"><\/h4>\n\n\n\n<p><\/p>\n","protected":false},"excerpt":{"rendered":"","protected":false},"author":1,"featured_media":0,"parent":56,"menu_order":0,"comment_status":"closed","ping_status":"closed","template":"","meta":{"advgb_blocks_editor_width":"","advgb_blocks_columns_visual_guide":"","neve_meta_sidebar":"","neve_meta_container":"","neve_meta_enable_content_width":"off","neve_meta_content_width":0,"neve_meta_title_alignment":"","neve_meta_author_avatar":"","neve_post_elements_order":"","neve_meta_disable_header":"","neve_meta_disable_footer":"","neve_meta_disable_title":"","_themeisle_gutenberg_block_has_review":false,"footnotes":""},"class_list":["post-60","page","type-page","status-publish","hentry"],"coauthors":[],"author_meta":{"author_link":"https:\/\/m6.pk.edu.pl\/index.php\/author\/gibaspiotr\/","display_name":"gibaspiotr"},"relative_dates":{"created":"Posted 7 lat ago","modified":"Updated 1 dzie\u0144 ago"},"absolute_dates":{"created":"Posted on 13 sierpnia 2019","modified":"Updated on 13 kwietnia 2026"},"absolute_dates_time":{"created":"Posted on 13 sierpnia 2019 13:40","modified":"Updated on 13 kwietnia 2026 07:49"},"featured_img_caption":"","featured_img":false,"series_order":"","_links":{"self":[{"href":"https:\/\/m6.pk.edu.pl\/index.php\/wp-json\/wp\/v2\/pages\/60","targetHints":{"allow":["GET"]}}],"collection":[{"href":"https:\/\/m6.pk.edu.pl\/index.php\/wp-json\/wp\/v2\/pages"}],"about":[{"href":"https:\/\/m6.pk.edu.pl\/index.php\/wp-json\/wp\/v2\/types\/page"}],"author":[{"embeddable":true,"href":"https:\/\/m6.pk.edu.pl\/index.php\/wp-json\/wp\/v2\/users\/1"}],"replies":[{"embeddable":true,"href":"https:\/\/m6.pk.edu.pl\/index.php\/wp-json\/wp\/v2\/comments?post=60"}],"version-history":[{"count":2,"href":"https:\/\/m6.pk.edu.pl\/index.php\/wp-json\/wp\/v2\/pages\/60\/revisions"}],"predecessor-version":[{"id":11646,"href":"https:\/\/m6.pk.edu.pl\/index.php\/wp-json\/wp\/v2\/pages\/60\/revisions\/11646"}],"up":[{"embeddable":true,"href":"https:\/\/m6.pk.edu.pl\/index.php\/wp-json\/wp\/v2\/pages\/56"}],"wp:attachment":[{"href":"https:\/\/m6.pk.edu.pl\/index.php\/wp-json\/wp\/v2\/media?parent=60"}],"curies":[{"name":"wp","href":"https:\/\/api.w.org\/{rel}","templated":true}]}}