{"id":58,"date":"2019-08-13T13:39:37","date_gmt":"2019-08-13T11:39:37","guid":{"rendered":"https:\/\/m6.pk.edu.pl\/?page_id=58"},"modified":"2024-03-21T14:25:47","modified_gmt":"2024-03-21T13:25:47","slug":"kierunki-i-specjalnosci","status":"publish","type":"page","link":"https:\/\/m6.pk.edu.pl\/index.php\/strefa-dla-studenta\/kierunki-i-specjalnosci\/","title":{"rendered":"Kierunki i specjalno\u015bci"},"content":{"rendered":"\n<h2 class=\"wp-block-heading\">Kierunki i specjalno\u015bci prowadzone w Katedrze<\/h2>\n\n\n\n<p><\/p>\n\n\n\n<h2 class=\"wp-block-heading\">Specjalno\u015bci na kierunku <a href=\"http:\/\/air.pk.edu.pl\/\">Automatyka i Robotyka<\/a> <\/h2>\n\n\n\n<h3 class=\"wp-block-heading\">Opiekun kierunku &#8211;  <a href=\"https:\/\/m6.pk.edu.pl\/index.php\/struktura-m-06\/pracownicy-instytutu\/krupa-krzysztof\/\"><strong>dr in\u017c. Krzysztof Krupa, prof. PK<\/strong><\/a><\/h3>\n\n\n\n<ul class=\"wp-block-list\">\n<li><strong>Automatyzacja System\u00f3w Wytwarzania<\/strong>, <br>kierownik specjalno\u015bci: dr in\u017c. Jacek Habel<br><strong>&#8211; JEDNOSTKA PROWADZ\u0104CA M-06<\/strong><br><\/li>\n\n\n\n<li><strong>Sterowanie i Monitoring Maszyn i Urz\u0105dze\u0144<\/strong>, <br>kierownik specjalno\u015bci:  dr in\u017c. Artur Gawlik<br>&#8211; <strong>JEDNOSTKA PROWADZ\u0104CA M-11<\/strong><br><\/li>\n\n\n\n<li><strong>Technologie Informacyjne w Systemach Produkcyjnych<\/strong>, <br>kierownik specjalno\u015bci: &nbsp;dr in\u017c. Waldemar Ma\u0142opolski<br>&#8211; <strong>JEDNOSTKA PROWADZ\u0104CA M-06<\/strong> <\/li>\n<\/ul>\n\n\n\n<h3 class=\"wp-block-heading\">Studia II stopnia<\/h3>\n\n\n\n<ul class=\"wp-block-list\">\n<li><strong>Sterowanie i Monitoring Maszyn i Urz\u0105dze\u0144<\/strong>, <br>kierownik specjalno\u015bci:  dr in\u017c. Artur Gawlik<br>&#8211; <strong>JEDNOSTKA PROWADZ\u0104CA M-11<\/strong><br><\/li>\n\n\n\n<li><strong>Technologie Informacyjne w Systemach Produkcyjnych<\/strong>, <br>kierownik specjalno\u015bci: &nbsp;dr in\u017c. Waldemar Ma\u0142opolski<br>&#8211; <strong>JEDNOSTKA PROWADZ\u0104CA M-06<\/strong> <\/li>\n<\/ul>\n\n\n\n<div style=\"height:45px\" aria-hidden=\"true\" class=\"wp-block-spacer\"><\/div>\n\n\n\n<h2 class=\"wp-block-heading\">Specjalno\u015bci na kierunku&nbsp;<a href=\"https:\/\/ip.pk.edu.pl\/\">In\u017cynieria Produkcji<\/a><\/h2>\n\n\n\n<h3 class=\"wp-block-heading\">Opiekun kierunku &#8211;   <strong><a href=\"https:\/\/m6.pk.edu.pl\/index.php\/struktura-m-06\/pracownicy-instytutu\/habel-jacek\/\" data-type=\"page\" data-id=\"235\">dr in\u017c. Jacek Habel<\/a><\/strong><\/h3>\n\n\n\n<h3 class=\"wp-block-heading\">Studia I stopnia:<\/h3>\n\n\n\n<ul class=\"wp-block-list\">\n<li><strong>Techniki Wytwarzania<\/strong>, <br>kierownik specjalno\u015bci: dr in\u017c. Andrzej Matras<br><strong>&#8211; JEDNOSTKA PROWADZ\u0104CA M-06<\/strong><br><\/li>\n\n\n\n<li><strong>Systemy CAD\/CAM,&nbsp;<\/strong><br>kierownik specjalno\u015bci: dr hab. in\u017c. Krzysztof Karbowski, prof. PK;<br><strong>&#8211; JEDNOSTKA PROWADZ\u0104CA M-06<\/strong><br><\/li>\n\n\n\n<li><strong>Systemy Jako\u015bci i Wsp\u00f3\u0142rz\u0119dno\u015bciowa Technika Pomiarowa<\/strong><br>kierownik specjalno\u015bci: \u00a0dr hab. in\u017c. Ksenia Ostrowska, prof. PK<br><strong>&#8211; JEDNOSTKA PROWADZ\u0104CA M-10<\/strong><\/li>\n<\/ul>\n\n\n\n<h3 class=\"wp-block-heading\"><br>Studia II stopnia &nbsp;<\/h3>\n\n\n\n<ul class=\"wp-block-list\">\n<li><strong>Zarz\u0105dzanie Jako\u015bci\u0105<\/strong><br>kierownik specjalno\u015bci: \u00a0dr hab. in\u017c. Ksenia Ostrowska, prof. PK<br><strong>&#8211; JEDNOSTKA PROWADZ\u0104CA M-10<\/strong><\/li>\n\n\n\n<li><strong>Zarz\u0105dzanie Produkcj\u0105<\/strong><br>kierownik specjalno\u015bci: dr in\u017c. Jacek Habel<br><strong>&#8211; JEDNOSTKA PROWADZ\u0104CA M-06<\/strong><\/li>\n\n\n\n<li><strong>Przemys\u0142 4,0<\/strong><br>kierownik specjalno\u015bci: dr in\u017c. Ma\u0142gorzata Kowalczyk<br><strong>&#8211; JEDNOSTKA PROWADZ\u0104CA M-06<\/strong><\/li>\n<\/ul>\n\n\n\n<p><\/p>\n\n\n\n<hr class=\"wp-block-separator has-text-color has-neve-link-color-color has-css-opacity has-neve-link-color-background-color has-background animated bounceIn is-style-wide\"\/>\n\n\n\n<h3 class=\"wp-block-heading has-text-align-center\">Kierownicy ds. dydaktyki i kierownicy laboratori\u00f3w<\/h3>\n\n\n\n<figure class=\"wp-block-table is-style-stripes\"><table><tbody><tr><td>M-01<\/td><td>dr in\u017c. Magdalena Kromka-Szydek<\/td><td>magdalena.kromka-szydek@pk.edu.pl<\/td><\/tr><tr><td>M-03<\/td><td>dr in\u017c. Marcin Augustyn<\/td><td>marcin.augustyn@pk.edu.pl<\/td><\/tr><tr><td>M-04<\/td><td>dr in\u017c. Robert Janczur<\/td><td>robert.janczur@pk.edu.pl<\/td><\/tr><tr><td>M-05<\/td><td>dr in\u017c. Bartosz Kopiczak<\/td><td>bartosz.kopiczak@mech.pk.edu.pl<\/td><\/tr><tr><td>M-06<\/td><td>dr in\u017c. Krzysztof Krupa, prof. PK<\/td><td>krzysztof.krupa@pk.edu.pl<\/td><\/tr><tr><td>M-07<\/td><td>dr in\u017c. Renata Dwornicka<\/td><td>dwornick@mech.pk.edu.pl<\/td><\/tr><tr><td>M-08<\/td><td>dr in\u017c. Maciej Michnej<\/td><td>maciej.michnej@pk.edu.pl<\/td><\/tr><tr><td>M-10<\/td><td>dr in\u017c. Barbara Juras<\/td><td>barbara.juras@pk.edu.pl<\/td><\/tr><tr><td>M-11<\/td><td>dr in\u017c. Zygmunt Dziechciowski<\/td><td>zygmunt.dziechciowski@pk.edu.pl<\/td><\/tr><tr><td>M-12<\/td><td>dr hab. in\u017c. Zbigniew Lata\u0142a, prof. PK<\/td><td>zbigniew.latala@pk.edu.pl<\/td><\/tr><\/tbody><\/table><\/figure>\n\n\n\n<p><\/p>\n","protected":false},"excerpt":{"rendered":"<p>Kierunki i specjalno\u015bci prowadzone w Katedrze Specjalno\u015bci na kierunku Automatyka i Robotyka Opiekun kierunku &#8211; dr in\u017c. Krzysztof Krupa, prof. PK Studia II stopnia Specjalno\u015bci na kierunku&nbsp;In\u017cynieria Produkcji Opiekun kierunku &#8211; dr in\u017c. Jacek Habel Studia I stopnia: Studia II stopnia &nbsp; Kierownicy ds. dydaktyki i kierownicy laboratori\u00f3w M-01 dr in\u017c. Magdalena Kromka-Szydek magdalena.kromka-szydek@pk.edu.pl M-03&hellip;&nbsp;<a href=\"https:\/\/m6.pk.edu.pl\/index.php\/strefa-dla-studenta\/kierunki-i-specjalnosci\/\" rel=\"bookmark\">Dowiedz si\u0119 wi\u0119cej &raquo;<span class=\"screen-reader-text\">Kierunki i specjalno\u015bci<\/span><\/a><\/p>\n","protected":false},"author":1,"featured_media":0,"parent":56,"menu_order":0,"comment_status":"closed","ping_status":"closed","template":"","meta":{"advgb_blocks_editor_width":"","advgb_blocks_columns_visual_guide":"","neve_meta_sidebar":"","neve_meta_container":"","neve_meta_enable_content_width":"off","neve_meta_content_width":0,"neve_meta_title_alignment":"","neve_meta_author_avatar":"","neve_post_elements_order":"","neve_meta_disable_header":"","neve_meta_disable_footer":"","neve_meta_disable_title":"","_themeisle_gutenberg_block_has_review":false,"footnotes":""},"class_list":["post-58","page","type-page","status-publish","hentry"],"coauthors":[],"author_meta":{"author_link":"https:\/\/m6.pk.edu.pl\/index.php\/author\/gibaspiotr\/","display_name":"gibaspiotr"},"relative_dates":{"created":"Posted 7 lat ago","modified":"Updated 2 lata ago"},"absolute_dates":{"created":"Posted on 13 sierpnia 2019","modified":"Updated on 21 marca 2024"},"absolute_dates_time":{"created":"Posted on 13 sierpnia 2019 13:39","modified":"Updated on 21 marca 2024 14:25"},"featured_img_caption":"","featured_img":false,"series_order":"","_links":{"self":[{"href":"https:\/\/m6.pk.edu.pl\/index.php\/wp-json\/wp\/v2\/pages\/58","targetHints":{"allow":["GET"]}}],"collection":[{"href":"https:\/\/m6.pk.edu.pl\/index.php\/wp-json\/wp\/v2\/pages"}],"about":[{"href":"https:\/\/m6.pk.edu.pl\/index.php\/wp-json\/wp\/v2\/types\/page"}],"author":[{"embeddable":true,"href":"https:\/\/m6.pk.edu.pl\/index.php\/wp-json\/wp\/v2\/users\/1"}],"replies":[{"embeddable":true,"href":"https:\/\/m6.pk.edu.pl\/index.php\/wp-json\/wp\/v2\/comments?post=58"}],"version-history":[{"count":0,"href":"https:\/\/m6.pk.edu.pl\/index.php\/wp-json\/wp\/v2\/pages\/58\/revisions"}],"up":[{"embeddable":true,"href":"https:\/\/m6.pk.edu.pl\/index.php\/wp-json\/wp\/v2\/pages\/56"}],"wp:attachment":[{"href":"https:\/\/m6.pk.edu.pl\/index.php\/wp-json\/wp\/v2\/media?parent=58"}],"curies":[{"name":"wp","href":"https:\/\/api.w.org\/{rel}","templated":true}]}}