{"id":5664,"date":"2021-03-01T09:31:09","date_gmt":"2021-03-01T08:31:09","guid":{"rendered":"https:\/\/m6.pk.edu.pl\/?page_id=5664"},"modified":"2026-03-24T12:31:35","modified_gmt":"2026-03-24T11:31:35","slug":"zespol-inzynierii-zarzadzania","status":"publish","type":"page","link":"https:\/\/m6.pk.edu.pl\/index.php\/struktura-m-06\/zespol-inzynierii-zarzadzania\/","title":{"rendered":"Zesp\u00f3\u0142 In\u017cynierii Zarz\u0105dzania"},"content":{"rendered":"\n<figure class=\"wp-block-table\"><table><tbody><tr><td><strong>Nazwisko i imi\u0119<\/strong><\/td><td><strong>Tytu\u0142<\/strong><\/td><td><strong>&nbsp;Nr tel.&nbsp;(12-628-)<\/strong><\/td><\/tr><tr><td><a href=\"https:\/\/m6.pk.edu.pl\/index.php\/struktura-m-06\/pracownicy-instytutu\/boratynska-sala-anna\/\">Boraty\u0144ska-Sala Anna<\/a><\/td><td>dr in\u017c.<\/td><td>32 83<\/td><\/tr><tr><td><a href=\"https:\/\/m6.pk.edu.pl\/index.php\/struktura-m-06\/pracownicy-instytutu\/kiepura-czubacka-malgorzata\/\">Kiepura-Czubacka Ma\u0142gorzata<\/a><\/td><td>mgr in\u017c.<\/td><td>32 17<\/td><\/tr><tr><td><a href=\"https:\/\/m6.pk.edu.pl\/index.php\/struktura-m-06\/pracownicy-instytutu\/malec-elzbieta\/\">Malec El\u017cbieta<\/a><\/td><td>mgr in\u017c.<\/td><td>32&nbsp;83<\/td><\/tr><tr><td><a href=\"https:\/\/m6.pk.edu.pl\/index.php\/struktura-m-06\/pracownicy-instytutu\/niemczewska-wojcik-magdalena\/\">Niemczewska &#8211; W\u00f3jcik Magdalena<\/a><\/td><td>dr hab. in\u017c. prof. PK<\/td><td>32 59<\/td><\/tr><\/tbody><\/table><\/figure>\n\n\n\n<p><\/p>\n","protected":false},"excerpt":{"rendered":"<p>Nazwisko i imi\u0119 Tytu\u0142 &nbsp;Nr tel.&nbsp;(12-628-) Boraty\u0144ska-Sala Anna dr in\u017c. 32 83 Kiepura-Czubacka Ma\u0142gorzata mgr in\u017c. 32 17 Malec El\u017cbieta mgr in\u017c. 32&nbsp;83 Niemczewska &#8211; W\u00f3jcik Magdalena dr hab. in\u017c. prof. PK 32 59<\/p>\n","protected":false},"author":1,"featured_media":0,"parent":98,"menu_order":0,"comment_status":"closed","ping_status":"closed","template":"","meta":{"advgb_blocks_editor_width":"","advgb_blocks_columns_visual_guide":"","neve_meta_sidebar":"full-width","neve_meta_container":"","neve_meta_enable_content_width":"on","neve_meta_content_width":100,"neve_meta_title_alignment":"","neve_meta_author_avatar":"","neve_post_elements_order":"","neve_meta_disable_header":"","neve_meta_disable_footer":"","neve_meta_disable_title":"","_themeisle_gutenberg_block_has_review":false,"footnotes":""},"class_list":["post-5664","page","type-page","status-publish","hentry"],"coauthors":[],"author_meta":{"author_link":"https:\/\/m6.pk.edu.pl\/index.php\/author\/gibaspiotr\/","display_name":"gibaspiotr"},"relative_dates":{"created":"Posted 5 lat ago","modified":"Updated 3 tygodnie ago"},"absolute_dates":{"created":"Posted on 1 marca 2021","modified":"Updated on 24 marca 2026"},"absolute_dates_time":{"created":"Posted on 1 marca 2021 09:31","modified":"Updated on 24 marca 2026 12:31"},"featured_img_caption":"","featured_img":false,"series_order":"","_links":{"self":[{"href":"https:\/\/m6.pk.edu.pl\/index.php\/wp-json\/wp\/v2\/pages\/5664","targetHints":{"allow":["GET"]}}],"collection":[{"href":"https:\/\/m6.pk.edu.pl\/index.php\/wp-json\/wp\/v2\/pages"}],"about":[{"href":"https:\/\/m6.pk.edu.pl\/index.php\/wp-json\/wp\/v2\/types\/page"}],"author":[{"embeddable":true,"href":"https:\/\/m6.pk.edu.pl\/index.php\/wp-json\/wp\/v2\/users\/1"}],"replies":[{"embeddable":true,"href":"https:\/\/m6.pk.edu.pl\/index.php\/wp-json\/wp\/v2\/comments?post=5664"}],"version-history":[{"count":1,"href":"https:\/\/m6.pk.edu.pl\/index.php\/wp-json\/wp\/v2\/pages\/5664\/revisions"}],"predecessor-version":[{"id":11627,"href":"https:\/\/m6.pk.edu.pl\/index.php\/wp-json\/wp\/v2\/pages\/5664\/revisions\/11627"}],"up":[{"embeddable":true,"href":"https:\/\/m6.pk.edu.pl\/index.php\/wp-json\/wp\/v2\/pages\/98"}],"wp:attachment":[{"href":"https:\/\/m6.pk.edu.pl\/index.php\/wp-json\/wp\/v2\/media?parent=5664"}],"curies":[{"name":"wp","href":"https:\/\/api.w.org\/{rel}","templated":true}]}}