{"id":44,"date":"2019-08-13T13:32:27","date_gmt":"2019-08-13T11:32:27","guid":{"rendered":"https:\/\/m6.pk.edu.pl\/?page_id=44"},"modified":"2019-08-28T09:23:40","modified_gmt":"2019-08-28T07:23:40","slug":"rozwoj-kadr","status":"publish","type":"page","link":"https:\/\/m6.pk.edu.pl\/index.php\/nauka\/rozwoj-kadr\/","title":{"rendered":"Rozw\u00f3j kadr"},"content":{"rendered":"\n<div class=\"wp-block-advgb-accordions advgb-accordion-wrapper\" data-collapsed=\"true\">\n<div class=\"wp-block-advgb-accordion-item advgb-accordion-item\" style=\"margin-bottom:10px\"><div class=\"advgb-accordion-header\" style=\"background-color:#b70050;color:#f9f9f9;border-style:solid;border-width:1px;border-color:#f9f9f9;border-radius:10px\"><span class=\"advgb-accordion-header-icon\"><svg fill=\"#f9f9f9\" xmlns=\"http:\/\/www.w3.org\/2000\/svg\" width=\"24\" height=\"24\" viewbox=\"0 0 24 24\"><path fill=\"none\" d=\"M0,0h24v24H0V0z\"><\/path><path d=\"M12,5.83L15.17,9l1.41-1.41L12,3L7.41,7.59L8.83,9L12,5.83z M12,18.17L8.83,15l-1.41,1.41L12,21l4.59-4.59L15.17,15 L12,18.17z\"><\/path><\/svg><\/span><h4 class=\"advgb-accordion-header-title\" style=\"color:inherit\">Habilitacje<\/h4><\/div><div class=\"advgb-accordion-body\" style=\"border-style:solid;border-width:1px;border-color:#f9f9f9;border-radius:10px\">\n<h4 class=\"wp-block-heading\">Przew\u00f3d habilitacyjny<\/h4>\n\n\n\n<ul class=\"wp-block-list\"><li><a href=\"\/dok\/nauka\/Prezentacja-JG.pdf\">Prezentacja Prof. J\u00f3zefa Gawlika dotycz\u0105ca warunk\u00f3w i zasad przeprowadzenia przewodu habilitacyjnego<\/a><\/li><li><a href=\"\/dok\/nauka\/Zestawienie_dok._habilitacyjnych_WZORY.doc\">Zestawienie dokument\u00f3w habilitacyjnych<\/a><\/li><li><a href=\"http:\/\/www.ck.gov.pl\/articles\/id\/47.html\">Wzory Dokumentacji Wniosku Habilitacyjnego na stronach Centralnej Komisji do Spraw Stopni i Tytu\u0142\u00f3w<\/a><\/li><\/ul>\n<\/div><\/div>\n\n\n\n<div class=\"wp-block-advgb-accordion-item advgb-accordion-item\" style=\"margin-bottom:10px\"><div class=\"advgb-accordion-header\" style=\"background-color:#b70050;color:#f9f9f9;border-style:solid;border-width:1px;border-color:#f9f9f9;border-radius:10px\"><span class=\"advgb-accordion-header-icon\"><svg fill=\"#f9f9f9\" xmlns=\"http:\/\/www.w3.org\/2000\/svg\" width=\"24\" height=\"24\" viewbox=\"0 0 24 24\"><path fill=\"none\" d=\"M0,0h24v24H0V0z\"><\/path><path d=\"M12,5.83L15.17,9l1.41-1.41L12,3L7.41,7.59L8.83,9L12,5.83z M12,18.17L8.83,15l-1.41,1.41L12,21l4.59-4.59L15.17,15 L12,18.17z\"><\/path><\/svg><\/span><h4 class=\"advgb-accordion-header-title\" style=\"color:inherit\"> Bezp\u0142atny kurs pisania artyku\u0142\u00f3w naukowych <\/h4><\/div><div class=\"advgb-accordion-body\" style=\"border-style:solid;border-width:1px;border-color:#f9f9f9;border-radius:10px\">\n<h4 class=\"wp-block-heading\"><a href=\"http:\/\/www.granty-na-badania.com\/2014\/03\/akademia-naukowca-cz-9-kurs-pisania.html#.Wehd82i0PIV\">Bezp\u0142atny kurs pisania artyku\u0142\u00f3w naukowych<\/a><\/h4>\n<\/div><\/div>\n<\/div>\n","protected":false},"excerpt":{"rendered":"","protected":false},"author":1,"featured_media":0,"parent":33,"menu_order":0,"comment_status":"closed","ping_status":"closed","template":"","meta":{"advgb_blocks_editor_width":"","advgb_blocks_columns_visual_guide":"","neve_meta_sidebar":"","neve_meta_container":"","neve_meta_enable_content_width":"","neve_meta_content_width":70,"neve_meta_title_alignment":"","neve_meta_author_avatar":"","neve_post_elements_order":"","neve_meta_disable_header":"","neve_meta_disable_footer":"","neve_meta_disable_title":"","_themeisle_gutenberg_block_has_review":false,"footnotes":""},"class_list":["post-44","page","type-page","status-publish","hentry"],"coauthors":[],"author_meta":{"author_link":"https:\/\/m6.pk.edu.pl\/index.php\/author\/gibaspiotr\/","display_name":"gibaspiotr"},"relative_dates":{"created":"Posted 7 lat ago","modified":"Updated 7 lat ago"},"absolute_dates":{"created":"Posted on 13 sierpnia 2019","modified":"Updated on 28 sierpnia 2019"},"absolute_dates_time":{"created":"Posted on 13 sierpnia 2019 13:32","modified":"Updated on 28 sierpnia 2019 09:23"},"featured_img_caption":"","featured_img":false,"series_order":"","_links":{"self":[{"href":"https:\/\/m6.pk.edu.pl\/index.php\/wp-json\/wp\/v2\/pages\/44","targetHints":{"allow":["GET"]}}],"collection":[{"href":"https:\/\/m6.pk.edu.pl\/index.php\/wp-json\/wp\/v2\/pages"}],"about":[{"href":"https:\/\/m6.pk.edu.pl\/index.php\/wp-json\/wp\/v2\/types\/page"}],"author":[{"embeddable":true,"href":"https:\/\/m6.pk.edu.pl\/index.php\/wp-json\/wp\/v2\/users\/1"}],"replies":[{"embeddable":true,"href":"https:\/\/m6.pk.edu.pl\/index.php\/wp-json\/wp\/v2\/comments?post=44"}],"version-history":[{"count":0,"href":"https:\/\/m6.pk.edu.pl\/index.php\/wp-json\/wp\/v2\/pages\/44\/revisions"}],"up":[{"embeddable":true,"href":"https:\/\/m6.pk.edu.pl\/index.php\/wp-json\/wp\/v2\/pages\/33"}],"wp:attachment":[{"href":"https:\/\/m6.pk.edu.pl\/index.php\/wp-json\/wp\/v2\/media?parent=44"}],"curies":[{"name":"wp","href":"https:\/\/api.w.org\/{rel}","templated":true}]}}