{"id":42,"date":"2019-08-13T13:32:06","date_gmt":"2019-08-13T11:32:06","guid":{"rendered":"https:\/\/m6.pk.edu.pl\/?page_id=42"},"modified":"2019-08-14T11:51:59","modified_gmt":"2019-08-14T09:51:59","slug":"oferta-dla-przemyslu","status":"publish","type":"page","link":"https:\/\/m6.pk.edu.pl\/index.php\/nauka\/oferta-dla-przemyslu\/","title":{"rendered":"Oferta dla przemys\u0142u"},"content":{"rendered":"\n<h2 class=\"animated fadeIn wp-block-heading\">Oferta wsp\u00f3\u0142pracy z przemys\u0142em:<\/h2>\n\n\n\n<ul class=\"wp-block-list\"><li>Komputerowa integracja produkcji. Projektowanie i wdra\u017canie uk\u0142ad\u00f3w integruj\u0105cych systemy komputerowego wspomagania konstrukcji, technologii i operatywnego sterowania produkcj\u0105, wykorzystuj\u0105cych oryginalny model procesu wytwarzania oraz sieci lokalne i przemys\u0142owe,<\/li><li>Modernizacja uk\u0142ad\u00f3w sterowania numerycznego obrabiarek. Wymiana konwencjonalnych uk\u0142ad\u00f3w sterowania numerycznego na uk\u0142ady CNC,<\/li><li>Modernizacja uk\u0142ad\u00f3w sterowania logicznego: obrabiarek, urz\u0105dze\u0144 technologicznych i innych urz\u0105dze\u0144 technicznych. Zast\u0119powanie konwencjonalnych uk\u0142ad\u00f3w sterowania sekwencyjnego programowalnymi uk\u0142adami sterowania logicznego (PLC),<\/li><li>Programowanie obrabiarek CNC i robot\u00f3w przemys\u0142owych,<\/li><li>Projektowanie i oprogramowanie sterownik\u00f3w mikroprocesorowych opartych na mikrokontrolerach rodziny 8051 i AVR,<\/li><li>Projektowanie i instalowanie lokalnych sieci komputerowych wykorzystywanych do przesy\u0142ania informacji w systemach zarz\u0105dzania przedsi\u0119biorstwem oraz w uk\u0142adach sterowania i nadzorowania proces\u00f3w produkcyjnych,<\/li><li>Badania diagnostyczne drga\u0144 i ha\u0142asu urz\u0105dze\u0144 technicznych. Doradztwo, planowanie i realizacja bada\u0144 diagnostycznych drga\u0144 i ha\u0142asu maszyn i urz\u0105dze\u0144 technicznych,<\/li><li>Synteza i analiza uk\u0142ad\u00f3w p\u0142ynowych,<\/li><li>Diagnostyka element\u00f3w i uk\u0142ad\u00f3w p\u0142ynowych w warunkach przemys\u0142owych.<\/li><li>Wdra\u017canie system\u00f3w wspomaganego komputerowo projektowania proces\u00f3w technologicznych. Stopniowe wdra\u017canie system\u00f3w automatyzuj\u0105cych technologiczne przygotowanie produkcji, budowa baz danych niezb\u0119dnych w technologicznym przygotowaniu produkcji, budowa baz wiedzy technologicznej, wdra\u017canie metod wariantowych i generacyjnych projektowania proces\u00f3w obr\u00f3bki,<\/li><li>Wdra\u017canie system\u00f3w programowania OSN,<\/li><li>Doradztwo w zakresie system\u00f3w programowania obrabiarek sterowanych numerycznie, szkolenie programist\u00f3w i technolog\u00f3w,<\/li><li>Wdra\u017canie metod wspomaganego komputerowo projektowania oprzyrz\u0105dowania technologicznego,<\/li><li>Projektowanie oprzyrz\u0105dowania specjalnego, badanie oprzyrz\u0105dowania technologicznego, budowa baz danych oprzyrz\u0105dowania przedmiotowego, narz\u0119dziowego i narz\u0119dzi,<\/li><li>Adaptacja robot\u00f3w przemys\u0142owych do realizacji okre\u015blonych operacji technologicznych,<\/li><li>Wyznaczanie i optymalizacja parametr\u00f3w konstrukcyjnych chwytak\u00f3w, opracowanie rozwi\u0105za\u0144 konstrukcyjnych chwytak\u00f3w robot\u00f3w,<\/li><li>Projektowanie proces\u00f3w technologicznych monta\u017cu,<\/li><li>Badanie struktur proces\u00f3w technologicznych monta\u017cu, analiza technologiczno\u015bci konstrukcji wyrobu .ze wzgl\u0119du na monta\u017c,<\/li><li>Komputerowo zintegrowane przygotowanie produkcji,<\/li><li>Wdra\u017canie metod projektowania wsp\u00f3\u0142bie\u017cnego.<\/li><li>Szkolenia z zakresu programowania, obs\u0142ugi i uruchamiania wsp\u00f3\u0142rz\u0119dno\u015bciowych maszyn pomiarowych oraz przygotowania i realizacji strategii pomiarowych zorientowanych na okre\u015blone wyroby,<\/li><li>Obliczanie i szacowanie niepewno\u015bci pomiar\u00f3w,<\/li><li>Wzorcowanie i sprawdzanie dok\u0142adno\u015bci maszyn pomiarowych.<\/li><li>Konstrukcja i technologia narz\u0119dzi specjalnych do obr\u00f3bki stop\u00f3w metali oraz tworzyw niemetalowych i kompozyt\u00f3w.<\/li><li>Projektowanie i nadzorowanie system\u00f3w narz\u0119dziowych w obr\u00f3bce zautomatyzowanej.<\/li><li>Optymalizacja proces\u00f3w kszta\u0142towania wyrob\u00f3w sposobami obr\u00f3bki wi\u00f3rowej, \u015bciernej i erozyjnej wraz z doborem narz\u0119dzi i warunk\u00f3w obr\u00f3bki,<\/li><li>Opracowanie i wdra\u017canie technologii szlifowania z nadzorowaniem i diagnostyk\u0105 stanu warstwy wierzchniej,<\/li><li>Opracowanie i wdra\u017canie technologii obr\u00f3bki elektroerozyjnej i laserowej,<\/li><li>Konstrukcja i wykonawstwo generator\u00f3w specjalnych dla efektywnej obr\u00f3bki elektroerozyjnej,<\/li><li>Diagnostyka obrabiarek elektroerozyjnych,<\/li><li>Konstrukcja urz\u0105dze\u0144 oraz technologia obr\u00f3bki precyzyjnej,<\/li><li>Technologia narz\u0119dzi \u015bciernych ze \u015bcierniw wt\u00f3rnych i odpadowych.<\/li><\/ul>\n","protected":false},"excerpt":{"rendered":"<p>Oferta wsp\u00f3\u0142pracy z przemys\u0142em: Komputerowa integracja produkcji. Projektowanie i wdra\u017canie uk\u0142ad\u00f3w integruj\u0105cych systemy komputerowego wspomagania konstrukcji, technologii i operatywnego sterowania produkcj\u0105, wykorzystuj\u0105cych oryginalny model procesu wytwarzania oraz sieci lokalne i przemys\u0142owe, Modernizacja uk\u0142ad\u00f3w sterowania numerycznego obrabiarek. Wymiana konwencjonalnych uk\u0142ad\u00f3w sterowania numerycznego na uk\u0142ady CNC, Modernizacja uk\u0142ad\u00f3w sterowania logicznego: obrabiarek, urz\u0105dze\u0144 technologicznych i innych urz\u0105dze\u0144 technicznych.&hellip;&nbsp;<a href=\"https:\/\/m6.pk.edu.pl\/index.php\/nauka\/oferta-dla-przemyslu\/\" rel=\"bookmark\">Dowiedz si\u0119 wi\u0119cej &raquo;<span class=\"screen-reader-text\">Oferta dla przemys\u0142u<\/span><\/a><\/p>\n","protected":false},"author":1,"featured_media":0,"parent":33,"menu_order":0,"comment_status":"closed","ping_status":"closed","template":"","meta":{"advgb_blocks_editor_width":"","advgb_blocks_columns_visual_guide":"","neve_meta_sidebar":"","neve_meta_container":"","neve_meta_enable_content_width":"","neve_meta_content_width":70,"neve_meta_title_alignment":"","neve_meta_author_avatar":"","neve_post_elements_order":"","neve_meta_disable_header":"","neve_meta_disable_footer":"","neve_meta_disable_title":"","_themeisle_gutenberg_block_has_review":false,"footnotes":""},"class_list":["post-42","page","type-page","status-publish","hentry"],"coauthors":[],"author_meta":{"author_link":"https:\/\/m6.pk.edu.pl\/index.php\/author\/gibaspiotr\/","display_name":"gibaspiotr"},"relative_dates":{"created":"Posted 7 lat ago","modified":"Updated 7 lat ago"},"absolute_dates":{"created":"Posted on 13 sierpnia 2019","modified":"Updated on 14 sierpnia 2019"},"absolute_dates_time":{"created":"Posted on 13 sierpnia 2019 13:32","modified":"Updated on 14 sierpnia 2019 11:51"},"featured_img_caption":"","featured_img":false,"series_order":"","_links":{"self":[{"href":"https:\/\/m6.pk.edu.pl\/index.php\/wp-json\/wp\/v2\/pages\/42","targetHints":{"allow":["GET"]}}],"collection":[{"href":"https:\/\/m6.pk.edu.pl\/index.php\/wp-json\/wp\/v2\/pages"}],"about":[{"href":"https:\/\/m6.pk.edu.pl\/index.php\/wp-json\/wp\/v2\/types\/page"}],"author":[{"embeddable":true,"href":"https:\/\/m6.pk.edu.pl\/index.php\/wp-json\/wp\/v2\/users\/1"}],"replies":[{"embeddable":true,"href":"https:\/\/m6.pk.edu.pl\/index.php\/wp-json\/wp\/v2\/comments?post=42"}],"version-history":[{"count":0,"href":"https:\/\/m6.pk.edu.pl\/index.php\/wp-json\/wp\/v2\/pages\/42\/revisions"}],"up":[{"embeddable":true,"href":"https:\/\/m6.pk.edu.pl\/index.php\/wp-json\/wp\/v2\/pages\/33"}],"wp:attachment":[{"href":"https:\/\/m6.pk.edu.pl\/index.php\/wp-json\/wp\/v2\/media?parent=42"}],"curies":[{"name":"wp","href":"https:\/\/api.w.org\/{rel}","templated":true}]}}