{"id":315,"date":"2019-08-16T10:28:58","date_gmt":"2019-08-16T08:28:58","guid":{"rendered":"https:\/\/m6.pk.edu.pl\/?page_id=315"},"modified":"2025-10-21T13:37:48","modified_gmt":"2025-10-21T11:37:48","slug":"zych-jaroslaw","status":"publish","type":"page","link":"https:\/\/m6.pk.edu.pl\/index.php\/struktura-m-06\/pracownicy-instytutu\/zych-jaroslaw\/","title":{"rendered":"Zych Jaros\u0142aw"},"content":{"rendered":"\n<div class=\"wp-block-media-text alignwide is-stacked-on-mobile\" style=\"grid-template-columns:21% auto\"><figure class=\"wp-block-media-text__media\"><img fetchpriority=\"high\" decoding=\"async\" width=\"583\" height=\"900\" src=\"https:\/\/m6.pk.edu.pl\/wp-content\/uploads\/2019\/08\/Zych.jpg\" alt=\"\" class=\"wp-image-1416 size-full\" srcset=\"https:\/\/m6.pk.edu.pl\/wp-content\/uploads\/2019\/08\/Zych.jpg 583w, https:\/\/m6.pk.edu.pl\/wp-content\/uploads\/2019\/08\/Zych-194x300.jpg 194w\" sizes=\"(max-width: 583px) 100vw, 583px\" \/><\/figure><div class=\"wp-block-media-text__content\">\n<h3 class=\"wp-block-heading\">mgr in\u017c. Jaros\u0142aw Zych <\/h3>\n\n\n\n<p>Telefon:&nbsp;32 22<br>E-mail:&nbsp;<a href=\"mailto:jaroslaw.zych@pk.edu.pl\"><\/a><a href=\"mailto:jaroslaw.zych@pk.edu.pl\">jaroslaw.zych@pk.edu.pl<\/a><br>Pok\u00f3j A&nbsp;322 <\/p>\n\n\n\n<h4 class=\"wp-block-heading\"><a href=\"https:\/\/cris.pk.edu.pl\/info\/author\/CUTd503a36d12124fcfa33ebecb2bf6e02c?r=author&amp;tab=&amp;title=Profil%2Bosoby%2B%25E2%2580%2593%2BJaros%25C5%2582aw%2BZych%2B%25E2%2580%2593%2BPolitechnika%2BKrakowska&amp;lang=pl\">Publikacje &#8211; CRIS PK<\/a><\/h4>\n\n\n\n<ul class=\"wp-block-list\">\n<li><a href=\"https:\/\/m6.pk.edu.pl\/index.php\/strefa-dla-studenta\/konsultacje\/\"><\/a><strong><a href=\"https:\/\/spispracownikow.pk.edu.pl\/\">Konsultacje<\/a><\/strong> w spisie pracownik\u00f3w<\/li>\n\n\n\n<li><a href=\"https:\/\/m6.pk.edu.pl\/index.php\/strefa-dla-studenta\/dyplomy\/zagadnienia-do-wyboru-tematow-prac-dyplomowych\/\">Zagadnienia do prac dyplomowych<\/a><\/li>\n\n\n\n<li><a href=\"https:\/\/m6.pk.edu.pl\/index.php\/strefa-dla-studenta\/materialy-dydaktyczne\/\">Materia\u0142y dydaktyczne udost\u0119pniane dla student\u00f3w<\/a><\/li>\n<\/ul>\n<\/div><\/div>\n","protected":false},"excerpt":{"rendered":"","protected":false},"author":1,"featured_media":0,"parent":100,"menu_order":0,"comment_status":"closed","ping_status":"closed","template":"","meta":{"advgb_blocks_editor_width":"","advgb_blocks_columns_visual_guide":"","neve_meta_sidebar":"","neve_meta_container":"","neve_meta_enable_content_width":"off","neve_meta_content_width":0,"neve_meta_title_alignment":"","neve_meta_author_avatar":"","neve_post_elements_order":"","neve_meta_disable_header":"","neve_meta_disable_footer":"","neve_meta_disable_title":"on","_themeisle_gutenberg_block_has_review":false,"footnotes":""},"class_list":["post-315","page","type-page","status-publish","hentry"],"coauthors":[],"author_meta":{"author_link":"https:\/\/m6.pk.edu.pl\/index.php\/author\/gibaspiotr\/","display_name":"gibaspiotr"},"relative_dates":{"created":"Posted 7 lat ago","modified":"Updated 6 miesi\u0119cy ago"},"absolute_dates":{"created":"Posted on 16 sierpnia 2019","modified":"Updated on 21 pa\u017adziernika 2025"},"absolute_dates_time":{"created":"Posted on 16 sierpnia 2019 10:28","modified":"Updated on 21 pa\u017adziernika 2025 13:37"},"featured_img_caption":"","featured_img":false,"series_order":"","_links":{"self":[{"href":"https:\/\/m6.pk.edu.pl\/index.php\/wp-json\/wp\/v2\/pages\/315","targetHints":{"allow":["GET"]}}],"collection":[{"href":"https:\/\/m6.pk.edu.pl\/index.php\/wp-json\/wp\/v2\/pages"}],"about":[{"href":"https:\/\/m6.pk.edu.pl\/index.php\/wp-json\/wp\/v2\/types\/page"}],"author":[{"embeddable":true,"href":"https:\/\/m6.pk.edu.pl\/index.php\/wp-json\/wp\/v2\/users\/1"}],"replies":[{"embeddable":true,"href":"https:\/\/m6.pk.edu.pl\/index.php\/wp-json\/wp\/v2\/comments?post=315"}],"version-history":[{"count":0,"href":"https:\/\/m6.pk.edu.pl\/index.php\/wp-json\/wp\/v2\/pages\/315\/revisions"}],"up":[{"embeddable":true,"href":"https:\/\/m6.pk.edu.pl\/index.php\/wp-json\/wp\/v2\/pages\/100"}],"wp:attachment":[{"href":"https:\/\/m6.pk.edu.pl\/index.php\/wp-json\/wp\/v2\/media?parent=315"}],"curies":[{"name":"wp","href":"https:\/\/api.w.org\/{rel}","templated":true}]}}