{"id":313,"date":"2019-08-16T10:28:41","date_gmt":"2019-08-16T08:28:41","guid":{"rendered":"https:\/\/m6.pk.edu.pl\/?page_id=313"},"modified":"2025-10-21T13:36:50","modified_gmt":"2025-10-21T11:36:50","slug":"zebala-wojciech","status":"publish","type":"page","link":"https:\/\/m6.pk.edu.pl\/index.php\/struktura-m-06\/pracownicy-instytutu\/zebala-wojciech\/","title":{"rendered":"Z\u0119bala Wojciech"},"content":{"rendered":"\n<div class=\"wp-block-media-text alignwide is-stacked-on-mobile\" style=\"grid-template-columns:21% auto\"><figure class=\"wp-block-media-text__media\"><img fetchpriority=\"high\" decoding=\"async\" width=\"601\" height=\"900\" src=\"https:\/\/m6.pk.edu.pl\/wp-content\/uploads\/2019\/08\/Zebala.jpg\" alt=\"\" class=\"wp-image-1415 size-full\" srcset=\"https:\/\/m6.pk.edu.pl\/wp-content\/uploads\/2019\/08\/Zebala.jpg 601w, https:\/\/m6.pk.edu.pl\/wp-content\/uploads\/2019\/08\/Zebala-200x300.jpg 200w\" sizes=\"(max-width: 601px) 100vw, 601px\" \/><\/figure><div class=\"wp-block-media-text__content\">\n<h3 class=\"wp-block-heading\">Prof. dr hab. in\u017c. Wojciech Z\u0119bala <\/h3>\n\n\n\n<h4 class=\"wp-block-heading\"><a href=\"https:\/\/www.scopus.com\/authid\/detail.uri?authorId=55224758900\">SCOPUS Author ID<\/a><br><a href=\"https:\/\/orcid.org\/0000-0002-5590-1338\">ORCID iD<\/a><br><a href=\"https:\/\/cris.pk.edu.pl\/info\/author\/CUT56c0912ff93747e7bf2b42c64ba30080?r=author&amp;tab=&amp;title=Profil%2Bosoby%2B%25E2%2580%2593%2BWojciech%2BZ%25C4%2599bala%2B%25E2%2580%2593%2BPolitechnika%2BKrakowska&amp;lang=pl\">Publikacje &#8211; CRIS PK<\/a><\/h4>\n\n\n\n<p>Telefon:&nbsp;32 53<br>E-mail:&nbsp;<a href=\"mailto:wojciech.zebala@pk.edu.pl\"><\/a><a href=\"mailto:wojciech.zebala@pk.edu.pl\">wojciech.zebala@pk.edu.pl<\/a><br>Pok\u00f3j A 417<\/p>\n\n\n\n<ul class=\"wp-block-list\">\n<li><a href=\"https:\/\/m6.pk.edu.pl\/index.php\/strefa-dla-studenta\/konsultacje\/\"><\/a><strong><a href=\"https:\/\/spispracownikow.pk.edu.pl\/\">Konsultacje<\/a><\/strong> w spisie pracownik\u00f3w<\/li>\n\n\n\n<li><a href=\"https:\/\/m6.pk.edu.pl\/index.php\/strefa-dla-studenta\/dyplomy\/zagadnienia-do-wyboru-tematow-prac-dyplomowych\/\">Zagadnienia do prac dyplomowych<\/a><\/li>\n\n\n\n<li><a href=\"https:\/\/m6.pk.edu.pl\/index.php\/strefa-dla-studenta\/materialy-dydaktyczne\/\">Materia\u0142y dydaktyczne udost\u0119pniane dla student\u00f3w<\/a><\/li>\n<\/ul>\n<\/div><\/div>\n\n\n\n<p>W pracy naukowo-badawczej, obejmuj\u0105cej obszar in\u017cynierii produkcji oraz budowy i eksploatacji maszyn koncentruje si\u0119 na fizykalnych aspektach procesu skrawania. Interesuje si\u0119 obr\u00f3bk\u0105 precyzyjn\u0105 oraz przetwarzaniem materia\u0142\u00f3w trudnoskrawalnych (stopy tytanu, niklu, stale nierdzewne, kompozyty). W modelowaniu i symulacji&nbsp; proces\u00f3w obr\u00f3bkowych wykorzystuje numeryczne metody obliczeniowe (MES).&nbsp; Zajmuje si\u0119 te\u017c programowaniem obrabiarek CNC, systemami CAD\/CAM, pomiarami struktury geometrycznej powierzchni (SGP) oraz nowoczesnymi technikami wytwarzania (HSC, HPC, Hard machining, 3D printing).<\/p>\n\n\n\n<p>Prowadzone przedmioty: Programowanie obrabiarek CNC; Monitoring, modelowanie i symulacja proces\u00f3w obr\u00f3bki; Komputerowo wspomagane wytwarzanie; Metody i \u015brodki wytwarzania, Seminarium dyplomowe<\/p>\n","protected":false},"excerpt":{"rendered":"<p>W pracy naukowo-badawczej, obejmuj\u0105cej obszar in\u017cynierii produkcji oraz budowy i eksploatacji maszyn koncentruje si\u0119 na fizykalnych aspektach procesu skrawania. Interesuje si\u0119 obr\u00f3bk\u0105 precyzyjn\u0105 oraz przetwarzaniem materia\u0142\u00f3w trudnoskrawalnych (stopy tytanu, niklu, stale nierdzewne, kompozyty). W modelowaniu i symulacji&nbsp; proces\u00f3w obr\u00f3bkowych wykorzystuje numeryczne metody obliczeniowe (MES).&nbsp; Zajmuje si\u0119 te\u017c programowaniem obrabiarek CNC, systemami CAD\/CAM, pomiarami struktury geometrycznej&hellip;&nbsp;<a href=\"https:\/\/m6.pk.edu.pl\/index.php\/struktura-m-06\/pracownicy-instytutu\/zebala-wojciech\/\" rel=\"bookmark\">Dowiedz si\u0119 wi\u0119cej &raquo;<span class=\"screen-reader-text\">Z\u0119bala Wojciech<\/span><\/a><\/p>\n","protected":false},"author":1,"featured_media":0,"parent":100,"menu_order":0,"comment_status":"closed","ping_status":"closed","template":"","meta":{"advgb_blocks_editor_width":"","advgb_blocks_columns_visual_guide":"","neve_meta_sidebar":"","neve_meta_container":"","neve_meta_enable_content_width":"off","neve_meta_content_width":0,"neve_meta_title_alignment":"","neve_meta_author_avatar":"","neve_post_elements_order":"","neve_meta_disable_header":"","neve_meta_disable_footer":"","neve_meta_disable_title":"on","_themeisle_gutenberg_block_has_review":false,"footnotes":""},"class_list":["post-313","page","type-page","status-publish","hentry"],"coauthors":[],"author_meta":{"author_link":"https:\/\/m6.pk.edu.pl\/index.php\/author\/gibaspiotr\/","display_name":"gibaspiotr"},"relative_dates":{"created":"Posted 7 lat ago","modified":"Updated 6 miesi\u0119cy ago"},"absolute_dates":{"created":"Posted on 16 sierpnia 2019","modified":"Updated on 21 pa\u017adziernika 2025"},"absolute_dates_time":{"created":"Posted on 16 sierpnia 2019 10:28","modified":"Updated on 21 pa\u017adziernika 2025 13:36"},"featured_img_caption":"","featured_img":false,"series_order":"","_links":{"self":[{"href":"https:\/\/m6.pk.edu.pl\/index.php\/wp-json\/wp\/v2\/pages\/313","targetHints":{"allow":["GET"]}}],"collection":[{"href":"https:\/\/m6.pk.edu.pl\/index.php\/wp-json\/wp\/v2\/pages"}],"about":[{"href":"https:\/\/m6.pk.edu.pl\/index.php\/wp-json\/wp\/v2\/types\/page"}],"author":[{"embeddable":true,"href":"https:\/\/m6.pk.edu.pl\/index.php\/wp-json\/wp\/v2\/users\/1"}],"replies":[{"embeddable":true,"href":"https:\/\/m6.pk.edu.pl\/index.php\/wp-json\/wp\/v2\/comments?post=313"}],"version-history":[{"count":0,"href":"https:\/\/m6.pk.edu.pl\/index.php\/wp-json\/wp\/v2\/pages\/313\/revisions"}],"up":[{"embeddable":true,"href":"https:\/\/m6.pk.edu.pl\/index.php\/wp-json\/wp\/v2\/pages\/100"}],"wp:attachment":[{"href":"https:\/\/m6.pk.edu.pl\/index.php\/wp-json\/wp\/v2\/media?parent=313"}],"curies":[{"name":"wp","href":"https:\/\/api.w.org\/{rel}","templated":true}]}}