{"id":309,"date":"2019-08-16T10:26:34","date_gmt":"2019-08-16T08:26:34","guid":{"rendered":"https:\/\/m6.pk.edu.pl\/?page_id=309"},"modified":"2026-03-24T11:50:52","modified_gmt":"2026-03-24T10:50:52","slug":"wyszynski-dominik","status":"publish","type":"page","link":"https:\/\/m6.pk.edu.pl\/index.php\/struktura-m-06\/pracownicy-instytutu\/wyszynski-dominik\/","title":{"rendered":"Wyszy\u0144ski Dominik"},"content":{"rendered":"\n<div class=\"wp-block-media-text alignwide is-stacked-on-mobile\" style=\"grid-template-columns:21% auto\"><figure class=\"wp-block-media-text__media\"><img fetchpriority=\"high\" decoding=\"async\" width=\"600\" height=\"900\" src=\"https:\/\/m6.pk.edu.pl\/wp-content\/uploads\/2019\/08\/awatar_0000_Layer-4.jpg\" alt=\"\" class=\"wp-image-1430 size-full\" srcset=\"https:\/\/m6.pk.edu.pl\/wp-content\/uploads\/2019\/08\/awatar_0000_Layer-4.jpg 600w, https:\/\/m6.pk.edu.pl\/wp-content\/uploads\/2019\/08\/awatar_0000_Layer-4-200x300.jpg 200w\" sizes=\"(max-width: 600px) 100vw, 600px\" \/><\/figure><div class=\"wp-block-media-text__content\">\n<h3 class=\"wp-block-heading\">dr in\u017c. Dominik Wyszy\u0144ski <\/h3>\n\n\n\n<h4 class=\"wp-block-heading\"><a href=\"https:\/\/www.scopus.com\/authid\/detail.uri?authorId=55800995700\">SCOPUS Author ID<\/a><br><a href=\"https:\/\/orcid.org\/0000-0001-5302-0222\">ORCID iD<\/a><br><a href=\"https:\/\/cris.pk.edu.pl\/info\/author\/CUT1deb927c87774e38a6a870da184ad896?r=author&amp;tab=&amp;title=Profil%2Bosoby%2B%25E2%2580%2593%2BDominik%2BWyszy%25C5%2584ski%2B%25E2%2580%2593%2BPolitechnika%2BKrakowska&amp;lang=pl\">Publikacje &#8211; CRIS PK<\/a><\/h4>\n\n\n\n<p>Telefon:&nbsp;37 49<br>E-mail:&nbsp;dominik.wyszynski(at)pk.edu.pl<br><\/p>\n\n\n\n<ul class=\"wp-block-list\">\n<li><a href=\"https:\/\/m6.pk.edu.pl\/index.php\/strefa-dla-studenta\/konsultacje\/\"><\/a><strong><a href=\"https:\/\/spispracownikow.pk.edu.pl\/\">Konsultacje<\/a><\/strong> w spisie pracownik\u00f3w<\/li>\n\n\n\n<li><a href=\"https:\/\/m6.pk.edu.pl\/index.php\/strefa-dla-studenta\/dyplomy\/zagadnienia-do-wyboru-tematow-prac-dyplomowych\/\">Zagadnienia do prac dyplomowych<\/a><\/li>\n\n\n\n<li><a href=\"https:\/\/m6.pk.edu.pl\/index.php\/strefa-dla-studenta\/materialy-dydaktyczne\/\">Materia\u0142y dydaktyczne udost\u0119pniane dla student\u00f3w<\/a><\/li>\n<\/ul>\n\n\n\n<p><\/p>\n<\/div><\/div>\n\n\n\n<p>\nProwadz\u0119 zaj\u0119cia dydaktyczne i laboratoryjne z zakresu:<\/p>\n\n\n\n<ul class=\"wp-block-list\">\n<li>wprowadzenia do fizyki,<\/li>\n\n\n\n<li>niekonwencjonalnych i hybrydowych metod wytwarzania,<\/li>\n\n\n\n<li>wytwarzania przyrostowego.<\/li>\n<\/ul>\n\n\n\n<p>W ramach Ko\u0142a Naukowego In\u017cynierii Produkcji opiekuj\u0119 si\u0119 sekcj\u0105 druku 3D. <\/p>\n\n\n\n<p>Studenci i doktoranci maj\u0105 mo\u017cliwo\u015b\u0107 realizowania w naszym laboratorium swoich pomys\u0142\u00f3w badawczych w zakresie zastosowania wybranych metod wytwarzania przyrostowego (druku 3D).<\/p>\n","protected":false},"excerpt":{"rendered":"<p>Prowadz\u0119 zaj\u0119cia dydaktyczne i laboratoryjne z zakresu: W ramach Ko\u0142a Naukowego In\u017cynierii Produkcji opiekuj\u0119 si\u0119 sekcj\u0105 druku 3D. Studenci i doktoranci maj\u0105 mo\u017cliwo\u015b\u0107 realizowania w naszym laboratorium swoich pomys\u0142\u00f3w badawczych w zakresie zastosowania wybranych metod wytwarzania przyrostowego (druku 3D).<\/p>\n","protected":false},"author":1,"featured_media":0,"parent":100,"menu_order":0,"comment_status":"closed","ping_status":"closed","template":"","meta":{"advgb_blocks_editor_width":"","advgb_blocks_columns_visual_guide":"","neve_meta_sidebar":"","neve_meta_container":"","neve_meta_enable_content_width":"","neve_meta_content_width":0,"neve_meta_title_alignment":"","neve_meta_author_avatar":"","neve_post_elements_order":"","neve_meta_disable_header":"","neve_meta_disable_footer":"","neve_meta_disable_title":"on","_themeisle_gutenberg_block_has_review":false,"footnotes":""},"class_list":["post-309","page","type-page","status-publish","hentry"],"coauthors":[],"author_meta":{"author_link":"https:\/\/m6.pk.edu.pl\/index.php\/author\/gibaspiotr\/","display_name":"gibaspiotr"},"relative_dates":{"created":"Posted 7 lat ago","modified":"Updated 3 tygodnie ago"},"absolute_dates":{"created":"Posted on 16 sierpnia 2019","modified":"Updated on 24 marca 2026"},"absolute_dates_time":{"created":"Posted on 16 sierpnia 2019 10:26","modified":"Updated on 24 marca 2026 11:50"},"featured_img_caption":"","featured_img":false,"series_order":"","_links":{"self":[{"href":"https:\/\/m6.pk.edu.pl\/index.php\/wp-json\/wp\/v2\/pages\/309","targetHints":{"allow":["GET"]}}],"collection":[{"href":"https:\/\/m6.pk.edu.pl\/index.php\/wp-json\/wp\/v2\/pages"}],"about":[{"href":"https:\/\/m6.pk.edu.pl\/index.php\/wp-json\/wp\/v2\/types\/page"}],"author":[{"embeddable":true,"href":"https:\/\/m6.pk.edu.pl\/index.php\/wp-json\/wp\/v2\/users\/1"}],"replies":[{"embeddable":true,"href":"https:\/\/m6.pk.edu.pl\/index.php\/wp-json\/wp\/v2\/comments?post=309"}],"version-history":[{"count":2,"href":"https:\/\/m6.pk.edu.pl\/index.php\/wp-json\/wp\/v2\/pages\/309\/revisions"}],"predecessor-version":[{"id":11620,"href":"https:\/\/m6.pk.edu.pl\/index.php\/wp-json\/wp\/v2\/pages\/309\/revisions\/11620"}],"up":[{"embeddable":true,"href":"https:\/\/m6.pk.edu.pl\/index.php\/wp-json\/wp\/v2\/pages\/100"}],"wp:attachment":[{"href":"https:\/\/m6.pk.edu.pl\/index.php\/wp-json\/wp\/v2\/media?parent=309"}],"curies":[{"name":"wp","href":"https:\/\/api.w.org\/{rel}","templated":true}]}}