{"id":307,"date":"2019-08-16T10:25:39","date_gmt":"2019-08-16T08:25:39","guid":{"rendered":"https:\/\/m6.pk.edu.pl\/?page_id=307"},"modified":"2025-10-21T13:31:33","modified_gmt":"2025-10-21T11:31:33","slug":"wojcik-krzysztof","status":"publish","type":"page","link":"https:\/\/m6.pk.edu.pl\/index.php\/struktura-m-06\/pracownicy-instytutu\/wojcik-krzysztof\/","title":{"rendered":"W\u00f3jcik Krzysztof"},"content":{"rendered":"\n<div class=\"wp-block-media-text alignwide is-stacked-on-mobile\" style=\"grid-template-columns:21% auto\"><figure class=\"wp-block-media-text__media\"><img fetchpriority=\"high\" decoding=\"async\" width=\"599\" height=\"900\" src=\"https:\/\/m6.pk.edu.pl\/wp-content\/uploads\/2019\/08\/Wojcik.jpg\" alt=\"\" class=\"wp-image-1412 size-full\" srcset=\"https:\/\/m6.pk.edu.pl\/wp-content\/uploads\/2019\/08\/Wojcik.jpg 599w, https:\/\/m6.pk.edu.pl\/wp-content\/uploads\/2019\/08\/Wojcik-200x300.jpg 200w\" sizes=\"(max-width: 599px) 100vw, 599px\" \/><\/figure><div class=\"wp-block-media-text__content\">\n<h3 class=\"wp-block-heading\">dr in\u017c. Krzysztof W\u00f3jcik <\/h3>\n\n\n\n<h4 class=\"wp-block-heading\"><a href=\"https:\/\/www.scopus.com\/authid\/detail.uri?authorId=16426593300\">SCOPUS Author ID<\/a><br><a href=\"https:\/\/orcid.org\/0000-0002-9623-202X\">ORCID iD<\/a><br><a href=\"https:\/\/cris.pk.edu.pl\/info\/author\/CUT63bbe5f427ca4a2e83af0d625b62195b?r=author&amp;tab=&amp;title=Profil%2Bosoby%2B%25E2%2580%2593%2BKrzysztof%2BEdward%2BW%25C3%25B3jcik%2B%25E2%2580%2593%2BPolitechnika%2BKrakowska&amp;lang=pl&amp;qp=openAccess%3Dfalse\">Publikacje &#8211; CRIS PK<\/a><\/h4>\n\n\n\n<p>Telefon: 32 19<br>E-mail:&nbsp;<a href=\"mailto:krzysztof.wojcik@pk.edu.pl\"><\/a><a href=\"mailto:krzysztof.wojcik@pk.edu.pl\">krzysztof.wojcik@pk.edu.pl<\/a><br>Pok\u00f3j A 308<\/p>\n\n\n\n<ul class=\"wp-block-list\">\n<li><a href=\"https:\/\/m6.pk.edu.pl\/index.php\/strefa-dla-studenta\/konsultacje\/\"><\/a><strong><a href=\"https:\/\/spispracownikow.pk.edu.pl\/\">Konsultacje<\/a><\/strong> w spisie pracownik\u00f3w<\/li>\n\n\n\n<li><a href=\"https:\/\/m6.pk.edu.pl\/index.php\/strefa-dla-studenta\/dyplomy\/zagadnienia-do-wyboru-tematow-prac-dyplomowych\/\">Zagadnienia do prac dyplomowych<\/a><\/li>\n\n\n\n<li><a href=\"https:\/\/m6.pk.edu.pl\/index.php\/strefa-dla-studenta\/materialy-dydaktyczne\/\">Materia\u0142y dydaktyczne udost\u0119pniane dla student\u00f3w<\/a><\/li>\n<\/ul>\n\n\n\n<p><\/p>\n<\/div><\/div>\n\n\n\n<p><strong>Krzysztof W\u00f3jcik<\/strong> graduated in Electronics from the Faculty of Electrical Engineering, Automatics, Electronics, and Computer Science at the AGH University of Science and Technology in Krak\u00f3w. In 1995, he obtained a Ph.D. in Automatics and Robotics from the same university. <\/p>\n\n\n\n<p>He was employed at the Institute of Computer Science at the University of the National Education Commission in Krak\u00f3w, and since 2013, he has been an Assistant Professor at the Faculty of Mechanical Engineering at the Tadeusz Ko\u015bciuszko University of Technology in Krak\u00f3w. <\/p>\n\n\n\n<p>His scientific interests include image recognition methods and their application in human-computer interaction.<\/p>\n","protected":false},"excerpt":{"rendered":"<p>Krzysztof W\u00f3jcik graduated in Electronics from the Faculty of Electrical Engineering, Automatics, Electronics, and Computer Science at the AGH University of Science and Technology in Krak\u00f3w. In 1995, he obtained a Ph.D. in Automatics and Robotics from the same university. He was employed at the Institute of Computer Science at the University of the National&hellip;&nbsp;<a href=\"https:\/\/m6.pk.edu.pl\/index.php\/struktura-m-06\/pracownicy-instytutu\/wojcik-krzysztof\/\" rel=\"bookmark\">Dowiedz si\u0119 wi\u0119cej &raquo;<span class=\"screen-reader-text\">W\u00f3jcik Krzysztof<\/span><\/a><\/p>\n","protected":false},"author":1,"featured_media":0,"parent":100,"menu_order":0,"comment_status":"closed","ping_status":"closed","template":"","meta":{"advgb_blocks_editor_width":"","advgb_blocks_columns_visual_guide":"","neve_meta_sidebar":"","neve_meta_container":"","neve_meta_enable_content_width":"off","neve_meta_content_width":0,"neve_meta_title_alignment":"","neve_meta_author_avatar":"","neve_post_elements_order":"","neve_meta_disable_header":"","neve_meta_disable_footer":"","neve_meta_disable_title":"on","_themeisle_gutenberg_block_has_review":false,"footnotes":""},"class_list":["post-307","page","type-page","status-publish","hentry"],"coauthors":[],"author_meta":{"author_link":"https:\/\/m6.pk.edu.pl\/index.php\/author\/gibaspiotr\/","display_name":"gibaspiotr"},"relative_dates":{"created":"Posted 7 lat ago","modified":"Updated 6 miesi\u0119cy ago"},"absolute_dates":{"created":"Posted on 16 sierpnia 2019","modified":"Updated on 21 pa\u017adziernika 2025"},"absolute_dates_time":{"created":"Posted on 16 sierpnia 2019 10:25","modified":"Updated on 21 pa\u017adziernika 2025 13:31"},"featured_img_caption":"","featured_img":false,"series_order":"","_links":{"self":[{"href":"https:\/\/m6.pk.edu.pl\/index.php\/wp-json\/wp\/v2\/pages\/307","targetHints":{"allow":["GET"]}}],"collection":[{"href":"https:\/\/m6.pk.edu.pl\/index.php\/wp-json\/wp\/v2\/pages"}],"about":[{"href":"https:\/\/m6.pk.edu.pl\/index.php\/wp-json\/wp\/v2\/types\/page"}],"author":[{"embeddable":true,"href":"https:\/\/m6.pk.edu.pl\/index.php\/wp-json\/wp\/v2\/users\/1"}],"replies":[{"embeddable":true,"href":"https:\/\/m6.pk.edu.pl\/index.php\/wp-json\/wp\/v2\/comments?post=307"}],"version-history":[{"count":0,"href":"https:\/\/m6.pk.edu.pl\/index.php\/wp-json\/wp\/v2\/pages\/307\/revisions"}],"up":[{"embeddable":true,"href":"https:\/\/m6.pk.edu.pl\/index.php\/wp-json\/wp\/v2\/pages\/100"}],"wp:attachment":[{"href":"https:\/\/m6.pk.edu.pl\/index.php\/wp-json\/wp\/v2\/media?parent=307"}],"curies":[{"name":"wp","href":"https:\/\/api.w.org\/{rel}","templated":true}]}}