{"id":305,"date":"2019-08-16T10:25:21","date_gmt":"2019-08-16T08:25:21","guid":{"rendered":"https:\/\/m6.pk.edu.pl\/?page_id=305"},"modified":"2025-10-21T13:31:10","modified_gmt":"2025-10-21T11:31:10","slug":"wojakowski-pawel","status":"publish","type":"page","link":"https:\/\/m6.pk.edu.pl\/index.php\/struktura-m-06\/pracownicy-instytutu\/wojakowski-pawel\/","title":{"rendered":"Wojakowski Pawe\u0142"},"content":{"rendered":"\n<div class=\"wp-block-media-text alignwide is-stacked-on-mobile\" style=\"grid-template-columns:21% auto\"><figure class=\"wp-block-media-text__media\"><img fetchpriority=\"high\" decoding=\"async\" width=\"601\" height=\"900\" src=\"https:\/\/m6.pk.edu.pl\/wp-content\/uploads\/2019\/08\/Wojakowski.jpg\" alt=\"\" class=\"wp-image-1411 size-full\" srcset=\"https:\/\/m6.pk.edu.pl\/wp-content\/uploads\/2019\/08\/Wojakowski.jpg 601w, https:\/\/m6.pk.edu.pl\/wp-content\/uploads\/2019\/08\/Wojakowski-200x300.jpg 200w\" sizes=\"(max-width: 601px) 100vw, 601px\" \/><\/figure><div class=\"wp-block-media-text__content\">\n<h3 class=\"wp-block-heading\">dr in\u017c. Pawe\u0142 Wojakowski <\/h3>\n\n\n\n<p>Telefon: 32 61<br>E-mail:&nbsp;<a href=\"mailto:pwojakowski@pk.edu.pl\">pwojakowski@pk.edu.pl<\/a><br>Pok\u00f3j C 207b<\/p>\n\n\n\n<h4 class=\"wp-block-heading\"><a href=\"https:\/\/cris.pk.edu.pl\/info\/author\/CUT4448cd6ab9a74ab5b94dc1f7e35f74a6?r=author&amp;tab=&amp;title=Profil%2Bosoby%2B%25E2%2580%2593%2BPawe%25C5%2582%2BWojakowski%2B%25E2%2580%2593%2BPolitechnika%2BKrakowska&amp;lang=pl\">Publikacje &#8211; CRIS PK<\/a><\/h4>\n\n\n\n<ul class=\"wp-block-list\">\n<li><a href=\"https:\/\/m6.pk.edu.pl\/index.php\/strefa-dla-studenta\/konsultacje\/\"><\/a><strong><a href=\"https:\/\/spispracownikow.pk.edu.pl\/\">Konsultacje<\/a><\/strong> w spisie pracownik\u00f3w<\/li>\n\n\n\n<li><a href=\"https:\/\/m6.pk.edu.pl\/index.php\/strefa-dla-studenta\/dyplomy\/zagadnienia-do-wyboru-tematow-prac-dyplomowych\/\">Zagadnienia do prac dyplomowych<\/a><\/li>\n\n\n\n<li><a href=\"https:\/\/m6.pk.edu.pl\/index.php\/strefa-dla-studenta\/materialy-dydaktyczne\/\">Materia\u0142y dydaktyczne udost\u0119pniane dla student\u00f3w<\/a><\/li>\n<\/ul>\n<\/div><\/div>\n\n\n\n<p><strong>Dzia\u0142alno\u015b\u0107 naukowo &#8211; badawcza<\/strong><br>Projektowanie i organizacja system\u00f3w produkcyjnych: projektowanie struktur system\u00f3w produkcyjnych w uk\u0142adach takich jak linie produkcyjne (monta\u017cowe, obr\u00f3bkowe, rozlewnicze, farmaceutyczne), gniazda specjalizowane przedmiotowo, gniazda specjalizowane technologicznie, zagadnienie formowania jednostek produkcyjnych (Cell Formation Problem), zagadnienie projektowania rozmieszczenia stanowisk roboczych, balansowanie linii monta\u017cowych, planowanie i harmonogramowanie produkcji dla przypadk\u00f3w flow-shop, job-shop i flexiblejob-shop.<\/p>\n\n\n\n<p>Lean Management: zarz\u0105dzanie odchudzon\u0105 produkcj\u0105 zgodnie z TPS (Toyota Production System), analiza organizacji produkcji metod\u0105 VSM (Visual StreamMapping), reorganizacja produkcji technikami SMED, TPM, standaryzacja pracy na stanowisku roboczym, 5S, doskonalenie przep\u0142ywu materia\u0142\u00f3w metodami one-piece-flow, kanban, heijunka, zarz\u0105dzanie produkcj\u0105 wed\u0142ug teorii ogranicze\u0144 TOC (Theory of Constraints), normowanie czasu pracy metodami MTM, prowadzenie bada\u0144 chronometra\u017cowych (obmiar czasu pracy).<\/p>\n\n\n\n<p>Systemy informatyczne w zarz\u0105dzaniu produkcj\u0105: projektowanie, konfiguracja i wdra\u017canie system\u00f3w kontroli wizualnej andon, projektowanie, analiza i wdra\u017canie system\u00f3w realizacji produkcji klasy MES (Manufacturing Execution System), systemy kalkulacyjne wska\u017anik\u00f3w produkcyjnych KPI\u2019s (Key Performance Indicators) takich jak OEE, EPE, MTBF, TEEP, OPI, integracja system\u00f3w ERP z systemami gromadzenia danych z zak\u0142adu produkcyjnego, analiza i eksploracja danych produkcyjnych w systemach BI (Business Intelligence), systemy APS (Advanced Planning and Scheduling), zastosowanie PLM Catia\/Delmia do projektowania system\u00f3w produkcyjnych.<\/p>\n\n\n\n<p><strong>Dzia\u0142alno\u015b\u0107 dydaktyczna<\/strong><br>Prowadzone przedmioty: Zarz\u0105dzanie produkcj\u0105, Zarz\u0105dzanie zasobami przedsi\u0119biorstwa, Projektowanie i organizacja system\u00f3w produkcyjnych, Projektowanie zautomatyzowanych proces\u00f3w wytwarzania, Systemy informatyczne w przedsi\u0119biorstwie, Modelowanie system\u00f3w obr\u00f3bki i monta\u017cu.<\/p>\n\n\n\n<p><strong>Wsp\u00f3\u0142praca z przemys\u0142em<\/strong><br>2009-2011: wsp\u00f3\u0142praca z Grupa K\u0119ty,&nbsp;<br>2011-2014: wsp\u00f3\u0142praca z TQMsoft;&nbsp;<br>2014: prace badawcze dla Schneider Ostr\u00f3w Mazowiecka;&nbsp;<br>2014: prace badawcze dla AluTeam Bia\u0142a Podlaska<\/p>\n","protected":false},"excerpt":{"rendered":"<p>Dzia\u0142alno\u015b\u0107 naukowo &#8211; badawczaProjektowanie i organizacja system\u00f3w produkcyjnych: projektowanie struktur system\u00f3w produkcyjnych w uk\u0142adach takich jak linie produkcyjne (monta\u017cowe, obr\u00f3bkowe, rozlewnicze, farmaceutyczne), gniazda specjalizowane przedmiotowo, gniazda specjalizowane technologicznie, zagadnienie formowania jednostek produkcyjnych (Cell Formation Problem), zagadnienie projektowania rozmieszczenia stanowisk roboczych, balansowanie linii monta\u017cowych, planowanie i harmonogramowanie produkcji dla przypadk\u00f3w flow-shop, job-shop i flexiblejob-shop. Lean Management:&hellip;&nbsp;<a href=\"https:\/\/m6.pk.edu.pl\/index.php\/struktura-m-06\/pracownicy-instytutu\/wojakowski-pawel\/\" rel=\"bookmark\">Dowiedz si\u0119 wi\u0119cej &raquo;<span class=\"screen-reader-text\">Wojakowski Pawe\u0142<\/span><\/a><\/p>\n","protected":false},"author":1,"featured_media":0,"parent":100,"menu_order":0,"comment_status":"closed","ping_status":"closed","template":"","meta":{"advgb_blocks_editor_width":"","advgb_blocks_columns_visual_guide":"","neve_meta_sidebar":"","neve_meta_container":"","neve_meta_enable_content_width":"off","neve_meta_content_width":0,"neve_meta_title_alignment":"","neve_meta_author_avatar":"","neve_post_elements_order":"","neve_meta_disable_header":"","neve_meta_disable_footer":"","neve_meta_disable_title":"on","_themeisle_gutenberg_block_has_review":false,"footnotes":""},"class_list":["post-305","page","type-page","status-publish","hentry"],"coauthors":[],"author_meta":{"author_link":"https:\/\/m6.pk.edu.pl\/index.php\/author\/gibaspiotr\/","display_name":"gibaspiotr"},"relative_dates":{"created":"Posted 7 lat ago","modified":"Updated 6 miesi\u0119cy ago"},"absolute_dates":{"created":"Posted on 16 sierpnia 2019","modified":"Updated on 21 pa\u017adziernika 2025"},"absolute_dates_time":{"created":"Posted on 16 sierpnia 2019 10:25","modified":"Updated on 21 pa\u017adziernika 2025 13:31"},"featured_img_caption":"","featured_img":false,"series_order":"","_links":{"self":[{"href":"https:\/\/m6.pk.edu.pl\/index.php\/wp-json\/wp\/v2\/pages\/305","targetHints":{"allow":["GET"]}}],"collection":[{"href":"https:\/\/m6.pk.edu.pl\/index.php\/wp-json\/wp\/v2\/pages"}],"about":[{"href":"https:\/\/m6.pk.edu.pl\/index.php\/wp-json\/wp\/v2\/types\/page"}],"author":[{"embeddable":true,"href":"https:\/\/m6.pk.edu.pl\/index.php\/wp-json\/wp\/v2\/users\/1"}],"replies":[{"embeddable":true,"href":"https:\/\/m6.pk.edu.pl\/index.php\/wp-json\/wp\/v2\/comments?post=305"}],"version-history":[{"count":0,"href":"https:\/\/m6.pk.edu.pl\/index.php\/wp-json\/wp\/v2\/pages\/305\/revisions"}],"up":[{"embeddable":true,"href":"https:\/\/m6.pk.edu.pl\/index.php\/wp-json\/wp\/v2\/pages\/100"}],"wp:attachment":[{"href":"https:\/\/m6.pk.edu.pl\/index.php\/wp-json\/wp\/v2\/media?parent=305"}],"curies":[{"name":"wp","href":"https:\/\/api.w.org\/{rel}","templated":true}]}}