{"id":3,"date":"2019-08-13T09:35:08","date_gmt":"2019-08-13T07:35:08","guid":{"rendered":"http:\/\/m6.pk.edu.pl\/?page_id=3"},"modified":"2021-03-10T12:11:13","modified_gmt":"2021-03-10T11:11:13","slug":"polityka-prywatnosci","status":"publish","type":"page","link":"https:\/\/m6.pk.edu.pl\/index.php\/polityka-prywatnosci\/","title":{"rendered":"Polityka plik\u00f3w Cookie"},"content":{"rendered":"\n<p><strong>Adres strony internetowej to: https:\/\/m6.pk.edu.pl.<\/strong><\/p>\n\n\n\n<h2 class=\"wp-block-heading\">Polityka plik\u00f3w Cookie<\/h2>\n\n\n\n<p><strong>Czym s\u0105 pliki Cookie<\/strong><\/p>\n\n\n\n<p>Ciasteczka (ang.&nbsp;<em>cookies<\/em>) to niewielkie pliki, zapisywane i przechowywane na Twoim komputerze, tablecie lub smartphonie podczas gdy odwiedzasz r\u00f3\u017cne strony w internecie. Ciasteczko zazwyczaj zawiera nazw\u0119 strony internetowej, z kt\u00f3rej pochodzi, \u201ed\u0142ugo\u015b\u0107 \u017cycia\u201d ciasteczka (to znaczy czas jego istnienia), oraz przypadkowo wygenerowany unikalny numer s\u0142u\u017c\u0105cy do identyfikacji przegl\u0105darki, z jakiej nast\u0119puje po\u0142\u0105czenie ze stron\u0105 internetow\u0105.<\/p>\n\n\n\n<p><strong>Polityka plik\u00f3w Cookie<\/strong><\/p>\n\n\n\n<p><strong>1. W zwi\u0105zku z udost\u0119pnianiem zawarto\u015bci strony Katedry In\u017cynierii i Automatyzacji Produkcji M-06, Politechniki Krakowskiej stosuje si\u0119 tzw. cookies, tj. informacje zapisywane przez serwery na urz\u0105dzeniu ko\u0144cowym u\u017cytkownika, kt\u00f3re serwery mog\u0105 odczyta\u0107 przy ka\u017cdorazowym po\u0142\u0105czeniu si\u0119 z tego urz\u0105dzenia ko\u0144cowego, mo\u017ce tak\u017ce u\u017cywa\u0107 innych technologii o funkcjach podobnych lub to\u017csamych z cookies. W niniejszym dokumencie, informacje dotycz\u0105ce cookies maj\u0105 zastosowanie r\u00f3wnie\u017c do innych podobnych technologii stosowanych w ramach naszych serwis\u00f3w internetowych. Pliki cookies (tzw. &#8222;ciasteczka&#8221;) stanowi\u0105 dane informatyczne, w szczeg\u00f3lno\u015bci pliki tekstowe, kt\u00f3re przechowywane s\u0105 w urz\u0105dzeniu ko\u0144cowym u\u017cytkownika Serwisu G\u0142\u00f3wnego Politechniki Krakowskiej im. Tadeusza Ko\u015bciuszki. Cookies zazwyczaj zawieraj\u0105 nazw\u0119 domeny serwisu internetowego, z kt\u00f3rego pochodz\u0105, czas przechowywania ich na urz\u0105dzeniu ko\u0144cowym oraz unikalny numer.<\/strong><\/p>\n\n\n\n<p><strong>2. Pliki cookies wykorzystywane s\u0105 w celu:<\/strong><\/p>\n\n\n\n<ul class=\"wp-block-list\"><li>dostosowania zawarto\u015bci stron serwisu internetowego do preferencji u\u017cytkownika oraz optymalizacji korzystania ze stron internetowych; w szczeg\u00f3lno\u015bci pliki te pozwalaj\u0105 rozpozna\u0107 urz\u0105dzenie u\u017cytkownika serwisu internetowego i odpowiednio wy\u015bwietli\u0107 stron\u0119 internetow\u0105, dostosowan\u0105 do jego indywidualnych potrzeb;<\/li><li>tworzenia statystyk, kt\u00f3re pomagaj\u0105 zrozumie\u0107, w jaki spos\u00f3b u\u017cytkownicy serwisu korzystaj\u0105 ze stron internetowych, co umo\u017cliwia ulepszanie ich struktury i zawarto\u015bci;<\/li><li>utrzymania sesji u\u017cytkownika serwisu internetowego (po zalogowaniu), dzi\u0119ki kt\u00f3rej u\u017cytkownik nie musi na ka\u017cdej podstronie serwisu ponownie wpisywa\u0107 loginu i has\u0142a;<\/li><li>dostarczania u\u017cytkownikom tre\u015bci reklamowych bardziej dostosowanych do ich zainteresowa\u0144.<\/li><\/ul>\n\n\n\n<p><br><strong>3. W ramach \u00a0strony <strong>Katedry In\u017cynierii i Automatyzacji Produkcji<\/strong><\/strong> <strong>M-06, Politechniki Krakowskiej<\/strong> <strong>mo\u017cemy stosowa\u0107 nast\u0119puj\u0105ce rodzaje plik\u00f3w cookies:<\/strong><\/p>\n\n\n\n<ul class=\"wp-block-list\"><li>&#8222;niezb\u0119dne&#8221; pliki cookies, umo\u017cliwiaj\u0105ce korzystanie z us\u0142ug dost\u0119pnych w ramach  strony Katedry In\u017cynierii  i Automatyzacji Produkcji M-06, Politechniki Krakowskiej <strong> <\/strong>im. Tadeusza Ko\u015bciuszki, np. uwierzytelniaj\u0105ce pliki cookies wykorzystywane do us\u0142ug wymagaj\u0105cych uwierzytelniania w ramach serwisu;<\/li><li>pliki cookies s\u0142u\u017c\u0105ce do zapewnienia bezpiecze\u0144stwa, np. wykorzystywane do wykrywania nadu\u017cy\u0107 w zakresie uwierzytelniania w ramach serwisu;<\/li><li>pliki cookies, umo\u017cliwiaj\u0105ce zbieranie informacji o sposobie korzystania ze stron internetowych serwisu;<\/li><li>&#8222;funkcjonalne&#8221; pliki cookies, umo\u017cliwiaj\u0105ce &#8222;zapami\u0119tanie&#8221; wybranych przez u\u017cytkownika ustawie\u0144 i personalizacj\u0119 interfejsu u\u017cytkownika, np. w zakresie wybranego j\u0119zyka lub regionu, z kt\u00f3rego pochodzi u\u017cytkownik, rozmiaru czcionki, wygl\u0105du strony internetowej itp.<\/li><\/ul>\n\n\n\n<p><br><strong>4. W wielu przypadkach oprogramowanie s\u0142u\u017c\u0105ce do przegl\u0105dania stron internetowych (przegl\u0105darka internetowa) domy\u015blnie dopuszcza przechowywanie plik\u00f3w cookies w urz\u0105dzeniu ko\u0144cowym u\u017cytkownika.<\/strong><\/p>\n\n\n\n<p>U\u017cytkownicy serwisu mog\u0105 dokona\u0107 w ka\u017cdym momencie zmiany ustawie\u0144 dotycz\u0105cych plik\u00f3w cookies. Ustawienia te mog\u0105 zosta\u0107 zmienione w szczeg\u00f3lno\u015bci w taki spos\u00f3b, aby blokowa\u0107 automatyczn\u0105 obs\u0142ug\u0119 plik\u00f3w cookies w ustawieniach przegl\u0105darki internetowej, b\u0105d\u017a informowa\u0107 o ich ka\u017cdorazowym zamieszczeniu w urz\u0105dzeniu u\u017cytkownika serwisu internetowego. Szczeg\u00f3\u0142owe informacje o mo\u017cliwo\u015bci i sposobach obs\u0142ugi plik\u00f3w cookies dost\u0119pne s\u0105 w ustawieniach oprogramowania (przegl\u0105darki internetowej). Niedokonanie zmiany ustawie\u0144 w zakresie cookies oznacza, \u017ce b\u0119d\u0105 one zamieszczone w urz\u0105dzeniu ko\u0144cowym u\u017cytkownika, a tym samym b\u0119dziemy przechowywa\u0107 informacje w urz\u0105dzeniu ko\u0144cowym u\u017cytkownika i uzyskiwa\u0107 dost\u0119p do tych informacji.<\/p>\n\n\n\n<p><strong>5. Wy\u0142\u0105czenie stosowania cookies mo\u017ce spowodowa\u0107 utrudnienia korzystanie z niekt\u00f3rych us\u0142ug w ramach naszych serwis\u00f3w internetowych.<\/strong><\/p>\n\n\n\n<p>Wy\u0142\u0105czenie opcji przyjmowania cookies nie powoduje natomiast braku mo\u017cliwo\u015bci czytania lub ogl\u0105dania tre\u015bci zamieszczanych na stronach Instytutu Technologii Maszyn i Automatyzacji Produkcji M-06, Politechniki Krakowskiej &nbsp;z zastrze\u017ceniem tych, do kt\u00f3rych dost\u0119p wymaga logowania.<br><br><\/p>\n\n\n\n<p><strong>6. Pliki cookies mog\u0105 by\u0107 zamieszczane w urz\u0105dzeniu ko\u0144cowym u\u017cytkownika <\/strong> <strong>strony <strong>Katedry In\u017cynierii i Automatyzacji Produkcji<\/strong><\/strong> <strong>M-06, Politechniki Krakowskiej, a nast\u0119pnie wykorzystywane przez wsp\u00f3\u0142pracuj\u0105ce z serwisem firmy badawcze oraz dostawc\u00f3w aplikacji multimedialnych<\/strong><\/p>\n","protected":false},"excerpt":{"rendered":"<p>Adres strony internetowej to: https:\/\/m6.pk.edu.pl. Polityka plik\u00f3w Cookie Czym s\u0105 pliki Cookie Ciasteczka (ang.&nbsp;cookies) to niewielkie pliki, zapisywane i przechowywane na Twoim komputerze, tablecie lub smartphonie podczas gdy odwiedzasz r\u00f3\u017cne strony w internecie. Ciasteczko zazwyczaj zawiera nazw\u0119 strony internetowej, z kt\u00f3rej pochodzi, \u201ed\u0142ugo\u015b\u0107 \u017cycia\u201d ciasteczka (to znaczy czas jego istnienia), oraz przypadkowo wygenerowany unikalny numer&hellip;&nbsp;<a href=\"https:\/\/m6.pk.edu.pl\/index.php\/polityka-prywatnosci\/\" rel=\"bookmark\">Dowiedz si\u0119 wi\u0119cej &raquo;<span class=\"screen-reader-text\">Polityka plik\u00f3w Cookie<\/span><\/a><\/p>\n","protected":false},"author":1,"featured_media":0,"parent":0,"menu_order":0,"comment_status":"closed","ping_status":"open","template":"","meta":{"advgb_blocks_editor_width":"","advgb_blocks_columns_visual_guide":"","neve_meta_sidebar":"","neve_meta_container":"","neve_meta_enable_content_width":"","neve_meta_content_width":70,"neve_meta_title_alignment":"","neve_meta_author_avatar":"","neve_post_elements_order":"","neve_meta_disable_header":"","neve_meta_disable_footer":"","neve_meta_disable_title":"","_themeisle_gutenberg_block_has_review":false,"footnotes":""},"class_list":["post-3","page","type-page","status-publish","hentry"],"coauthors":[],"author_meta":{"author_link":"https:\/\/m6.pk.edu.pl\/index.php\/author\/gibaspiotr\/","display_name":"gibaspiotr"},"relative_dates":{"created":"Posted 7 lat ago","modified":"Updated 5 lat ago"},"absolute_dates":{"created":"Posted on 13 sierpnia 2019","modified":"Updated on 10 marca 2021"},"absolute_dates_time":{"created":"Posted on 13 sierpnia 2019 09:35","modified":"Updated on 10 marca 2021 12:11"},"featured_img_caption":"","featured_img":false,"series_order":"","_links":{"self":[{"href":"https:\/\/m6.pk.edu.pl\/index.php\/wp-json\/wp\/v2\/pages\/3","targetHints":{"allow":["GET"]}}],"collection":[{"href":"https:\/\/m6.pk.edu.pl\/index.php\/wp-json\/wp\/v2\/pages"}],"about":[{"href":"https:\/\/m6.pk.edu.pl\/index.php\/wp-json\/wp\/v2\/types\/page"}],"author":[{"embeddable":true,"href":"https:\/\/m6.pk.edu.pl\/index.php\/wp-json\/wp\/v2\/users\/1"}],"replies":[{"embeddable":true,"href":"https:\/\/m6.pk.edu.pl\/index.php\/wp-json\/wp\/v2\/comments?post=3"}],"version-history":[{"count":0,"href":"https:\/\/m6.pk.edu.pl\/index.php\/wp-json\/wp\/v2\/pages\/3\/revisions"}],"wp:attachment":[{"href":"https:\/\/m6.pk.edu.pl\/index.php\/wp-json\/wp\/v2\/media?parent=3"}],"curies":[{"name":"wp","href":"https:\/\/api.w.org\/{rel}","templated":true}]}}