{"id":293,"date":"2019-08-16T10:21:16","date_gmt":"2019-08-16T08:21:16","guid":{"rendered":"https:\/\/m6.pk.edu.pl\/?page_id=293"},"modified":"2023-03-09T12:42:30","modified_gmt":"2023-03-09T11:42:30","slug":"struzikiewicz-grzegorz","status":"publish","type":"page","link":"https:\/\/m6.pk.edu.pl\/index.php\/struktura-m-06\/pracownicy-instytutu\/struzikiewicz-grzegorz\/","title":{"rendered":"Struzikiewicz Grzegorz"},"content":{"rendered":"\n<div class=\"wp-block-media-text alignwide is-stacked-on-mobile\" style=\"grid-template-columns:21% auto\"><figure class=\"wp-block-media-text__media\"><img fetchpriority=\"high\" decoding=\"async\" width=\"601\" height=\"900\" src=\"https:\/\/m6.pk.edu.pl\/wp-content\/uploads\/2019\/08\/Struzikiewicz.jpg\" alt=\"\" class=\"wp-image-1409 size-full\" srcset=\"https:\/\/m6.pk.edu.pl\/wp-content\/uploads\/2019\/08\/Struzikiewicz.jpg 601w, https:\/\/m6.pk.edu.pl\/wp-content\/uploads\/2019\/08\/Struzikiewicz-200x300.jpg 200w\" sizes=\"(max-width: 601px) 100vw, 601px\" \/><\/figure><div class=\"wp-block-media-text__content\">\n<h3 class=\"wp-block-heading\">dr in\u017c. Grzegorz Struzikiewicz <\/h3>\n\n\n\n<h4 class=\"wp-block-heading\"><a href=\"https:\/\/www.scopus.com\/authid\/detail.uri?authorId=55842838300\">SCOPUS Author ID<\/a><br><a href=\"https:\/\/orcid.org\/0000-0003-2473-5979\">ORCID iD<\/a><br><a href=\"http:\/\/suw.biblos.pk.edu.pl\/userHomepage&amp;uId=3455&amp;rel=BPP-author\">Publikacje autora<\/a><\/h4>\n\n\n\n<p>By\u0142y pracownik M-06; Osoba wsp\u00f3\u0142pracuj\u0105ca z M-06<\/p>\n<\/div><\/div>\n\n\n\n<p>Obszar dzia\u0142alno\u015bci naukowo-badawczej koncentruje si\u0119 na zagadnieniach zwi\u0105zanych z technikami wytwarzania ze szczeg\u00f3lnym uwzgl\u0119dnieniem obr\u00f3bki skrawaniem, programowania obrabiarek sterowanych numerycznie, komputerowego wspomagania prac in\u017cynierskich oraz wizyjnymi systemami monitoringu i nadzorowania proces\u00f3w obr\u00f3bkowych.<\/p>\n\n\n\n<p>Prowadzone przedmioty: Innowacyjne techniki i systemy wytwarzania, Programowanie obrabiarek CNC, Podstawy technik wytwarzania, Monitoring, modelowanie i symulacja proces\u00f3w obr\u00f3bki.<\/p>\n","protected":false},"excerpt":{"rendered":"<p>dr in\u017c. Grzegorz Struzikiewicz SCOPUS Author IDORCID iDPublikacje autora By\u0142y pracownik M-06; Osoba wsp\u00f3\u0142pracuj\u0105ca z M-06 Obszar dzia\u0142alno\u015bci naukowo-badawczej koncentruje si\u0119 na zagadnieniach zwi\u0105zanych z technikami wytwarzania ze szczeg\u00f3lnym uwzgl\u0119dnieniem obr\u00f3bki skrawaniem, programowania obrabiarek sterowanych numerycznie, komputerowego wspomagania prac in\u017cynierskich oraz wizyjnymi systemami monitoringu i nadzorowania proces\u00f3w obr\u00f3bkowych. Prowadzone przedmioty: Innowacyjne techniki i systemy wytwarzania,&hellip;&nbsp;<a href=\"https:\/\/m6.pk.edu.pl\/index.php\/struktura-m-06\/pracownicy-instytutu\/struzikiewicz-grzegorz\/\" rel=\"bookmark\">Dowiedz si\u0119 wi\u0119cej &raquo;<span class=\"screen-reader-text\">Struzikiewicz Grzegorz<\/span><\/a><\/p>\n","protected":false},"author":1,"featured_media":0,"parent":100,"menu_order":0,"comment_status":"closed","ping_status":"closed","template":"","meta":{"advgb_blocks_editor_width":"","advgb_blocks_columns_visual_guide":"","neve_meta_sidebar":"","neve_meta_container":"","neve_meta_enable_content_width":"off","neve_meta_content_width":0,"neve_meta_title_alignment":"","neve_meta_author_avatar":"","neve_post_elements_order":"","neve_meta_disable_header":"","neve_meta_disable_footer":"","neve_meta_disable_title":"on","_themeisle_gutenberg_block_has_review":false,"footnotes":""},"class_list":["post-293","page","type-page","status-publish","hentry"],"coauthors":[],"author_meta":{"author_link":"https:\/\/m6.pk.edu.pl\/index.php\/author\/gibaspiotr\/","display_name":"gibaspiotr"},"relative_dates":{"created":"Posted 7 lat ago","modified":"Updated 3 lata ago"},"absolute_dates":{"created":"Posted on 16 sierpnia 2019","modified":"Updated on 9 marca 2023"},"absolute_dates_time":{"created":"Posted on 16 sierpnia 2019 10:21","modified":"Updated on 9 marca 2023 12:42"},"featured_img_caption":"","featured_img":false,"series_order":"","_links":{"self":[{"href":"https:\/\/m6.pk.edu.pl\/index.php\/wp-json\/wp\/v2\/pages\/293","targetHints":{"allow":["GET"]}}],"collection":[{"href":"https:\/\/m6.pk.edu.pl\/index.php\/wp-json\/wp\/v2\/pages"}],"about":[{"href":"https:\/\/m6.pk.edu.pl\/index.php\/wp-json\/wp\/v2\/types\/page"}],"author":[{"embeddable":true,"href":"https:\/\/m6.pk.edu.pl\/index.php\/wp-json\/wp\/v2\/users\/1"}],"replies":[{"embeddable":true,"href":"https:\/\/m6.pk.edu.pl\/index.php\/wp-json\/wp\/v2\/comments?post=293"}],"version-history":[{"count":0,"href":"https:\/\/m6.pk.edu.pl\/index.php\/wp-json\/wp\/v2\/pages\/293\/revisions"}],"up":[{"embeddable":true,"href":"https:\/\/m6.pk.edu.pl\/index.php\/wp-json\/wp\/v2\/pages\/100"}],"wp:attachment":[{"href":"https:\/\/m6.pk.edu.pl\/index.php\/wp-json\/wp\/v2\/media?parent=293"}],"curies":[{"name":"wp","href":"https:\/\/api.w.org\/{rel}","templated":true}]}}