{"id":291,"date":"2019-08-16T10:20:01","date_gmt":"2019-08-16T08:20:01","guid":{"rendered":"https:\/\/m6.pk.edu.pl\/?page_id=291"},"modified":"2023-03-09T12:45:11","modified_gmt":"2023-03-09T11:45:11","slug":"slodki-bogdan","status":"publish","type":"page","link":"https:\/\/m6.pk.edu.pl\/index.php\/struktura-m-06\/pracownicy-instytutu\/slodki-bogdan\/","title":{"rendered":"S\u0142odki Bogdan"},"content":{"rendered":"\n<div class=\"wp-block-media-text alignwide is-stacked-on-mobile\" style=\"grid-template-columns:21% auto\"><figure class=\"wp-block-media-text__media\"><img fetchpriority=\"high\" decoding=\"async\" width=\"601\" height=\"900\" src=\"https:\/\/m6.pk.edu.pl\/wp-content\/uploads\/2019\/08\/Slodki.jpg\" alt=\"\" class=\"wp-image-1406 size-full\" srcset=\"https:\/\/m6.pk.edu.pl\/wp-content\/uploads\/2019\/08\/Slodki.jpg 601w, https:\/\/m6.pk.edu.pl\/wp-content\/uploads\/2019\/08\/Slodki-200x300.jpg 200w\" sizes=\"(max-width: 601px) 100vw, 601px\" \/><\/figure><div class=\"wp-block-media-text__content\">\n<h3 class=\"wp-block-heading\">dr hab. in\u017c. Bogdan S\u0142odki<\/h3>\n\n\n\n<h4 class=\"wp-block-heading\"><a href=\"https:\/\/www.scopus.com\/authid\/detail.uri?authorId=6506737358\">SCOPUS Author ID<\/a><br><a href=\"https:\/\/orcid.org\/0000-0003-4698-7704\">ORCID iD<\/a> <br><a href=\"http:\/\/suw.biblos.pk.edu.pl\/userHomepage&amp;uId=89&amp;rel=BPP-author\">Publikacje autora<\/a> <\/h4>\n\n\n\n<p>By\u0142y pracownik M-06; Osoba wsp\u00f3\u0142pracuj\u0105ca z M-06<\/p>\n<\/div><\/div>\n\n\n\n<p>Dzia\u0142alno\u015b\u0107 naukowa w dziedzinie nauk technicznych obejmuje obszar technologii wytwarzania cz\u0119\u015bci maszyn ze szczeg\u00f3lnym uwzgl\u0119dnieniem obr\u00f3bki skrawaniem tj. doborem parametr\u00f3w skrawania, wp\u0142ywem lokalnych warunk\u00f3w obr\u00f3bki na proces tworzenia si\u0119 wi\u00f3ra i okres trwa\u0142o\u015bci ostrza, nadzorowaniem stanu narz\u0119dzi i procesu poprzez rejestracj\u0119 zjawisk szybkozmiennych w strefie skrawania.<\/p>\n\n\n\n<p>Prowadzone przedmioty: Innowacyjne techniki i systemy wytwarzania, Podstawy technik wytwarzania, Metody i \u015brodki wytwarzania, Technologie przetw\u00f3rstwa materia\u0142\u00f3w.<\/p>\n\n\n\n<p>Hobby: kolarstwo g\u00f3rskie, fotografia<\/p>\n","protected":false},"excerpt":{"rendered":"<p>dr hab. in\u017c. Bogdan S\u0142odki SCOPUS Author IDORCID iD Publikacje autora By\u0142y pracownik M-06; Osoba wsp\u00f3\u0142pracuj\u0105ca z M-06 Dzia\u0142alno\u015b\u0107 naukowa w dziedzinie nauk technicznych obejmuje obszar technologii wytwarzania cz\u0119\u015bci maszyn ze szczeg\u00f3lnym uwzgl\u0119dnieniem obr\u00f3bki skrawaniem tj. doborem parametr\u00f3w skrawania, wp\u0142ywem lokalnych warunk\u00f3w obr\u00f3bki na proces tworzenia si\u0119 wi\u00f3ra i okres trwa\u0142o\u015bci ostrza, nadzorowaniem stanu narz\u0119dzi&hellip;&nbsp;<a href=\"https:\/\/m6.pk.edu.pl\/index.php\/struktura-m-06\/pracownicy-instytutu\/slodki-bogdan\/\" rel=\"bookmark\">Dowiedz si\u0119 wi\u0119cej &raquo;<span class=\"screen-reader-text\">S\u0142odki Bogdan<\/span><\/a><\/p>\n","protected":false},"author":1,"featured_media":0,"parent":100,"menu_order":0,"comment_status":"closed","ping_status":"closed","template":"","meta":{"advgb_blocks_editor_width":"","advgb_blocks_columns_visual_guide":"","neve_meta_sidebar":"","neve_meta_container":"","neve_meta_enable_content_width":"off","neve_meta_content_width":0,"neve_meta_title_alignment":"","neve_meta_author_avatar":"","neve_post_elements_order":"","neve_meta_disable_header":"","neve_meta_disable_footer":"","neve_meta_disable_title":"on","_themeisle_gutenberg_block_has_review":false,"footnotes":""},"class_list":["post-291","page","type-page","status-publish","hentry"],"coauthors":[],"author_meta":{"author_link":"https:\/\/m6.pk.edu.pl\/index.php\/author\/gibaspiotr\/","display_name":"gibaspiotr"},"relative_dates":{"created":"Posted 7 lat ago","modified":"Updated 3 lata ago"},"absolute_dates":{"created":"Posted on 16 sierpnia 2019","modified":"Updated on 9 marca 2023"},"absolute_dates_time":{"created":"Posted on 16 sierpnia 2019 10:20","modified":"Updated on 9 marca 2023 12:45"},"featured_img_caption":"","featured_img":false,"series_order":"","_links":{"self":[{"href":"https:\/\/m6.pk.edu.pl\/index.php\/wp-json\/wp\/v2\/pages\/291","targetHints":{"allow":["GET"]}}],"collection":[{"href":"https:\/\/m6.pk.edu.pl\/index.php\/wp-json\/wp\/v2\/pages"}],"about":[{"href":"https:\/\/m6.pk.edu.pl\/index.php\/wp-json\/wp\/v2\/types\/page"}],"author":[{"embeddable":true,"href":"https:\/\/m6.pk.edu.pl\/index.php\/wp-json\/wp\/v2\/users\/1"}],"replies":[{"embeddable":true,"href":"https:\/\/m6.pk.edu.pl\/index.php\/wp-json\/wp\/v2\/comments?post=291"}],"version-history":[{"count":0,"href":"https:\/\/m6.pk.edu.pl\/index.php\/wp-json\/wp\/v2\/pages\/291\/revisions"}],"up":[{"embeddable":true,"href":"https:\/\/m6.pk.edu.pl\/index.php\/wp-json\/wp\/v2\/pages\/100"}],"wp:attachment":[{"href":"https:\/\/m6.pk.edu.pl\/index.php\/wp-json\/wp\/v2\/media?parent=291"}],"curies":[{"name":"wp","href":"https:\/\/api.w.org\/{rel}","templated":true}]}}