{"id":285,"date":"2019-08-16T10:17:54","date_gmt":"2019-08-16T08:17:54","guid":{"rendered":"https:\/\/m6.pk.edu.pl\/?page_id=285"},"modified":"2023-03-09T12:39:08","modified_gmt":"2023-03-09T11:39:08","slug":"ruszaj-adam","status":"publish","type":"page","link":"https:\/\/m6.pk.edu.pl\/index.php\/struktura-m-06\/pracownicy-instytutu\/ruszaj-adam\/","title":{"rendered":"Ruszaj Adam"},"content":{"rendered":"\n<div class=\"wp-block-media-text alignwide is-stacked-on-mobile\" style=\"grid-template-columns:21% auto\"><figure class=\"wp-block-media-text__media\"><img fetchpriority=\"high\" decoding=\"async\" width=\"601\" height=\"900\" src=\"https:\/\/m6.pk.edu.pl\/wp-content\/uploads\/2019\/08\/Ruszaj.jpg\" alt=\"\" class=\"wp-image-1464 size-full\" srcset=\"https:\/\/m6.pk.edu.pl\/wp-content\/uploads\/2019\/08\/Ruszaj.jpg 601w, https:\/\/m6.pk.edu.pl\/wp-content\/uploads\/2019\/08\/Ruszaj-200x300.jpg 200w\" sizes=\"(max-width: 601px) 100vw, 601px\" \/><\/figure><div class=\"wp-block-media-text__content\">\n<h3 class=\"wp-block-heading\">Prof. dr hab. in\u017c. Adam Ruszaj<\/h3>\n\n\n\n<p>By\u0142y pracownik M-06; Osoba wsp\u00f3\u0142pracuj\u0105ca z M-06<\/p>\n\n\n\n<ul class=\"wp-block-list\"><\/ul>\n<\/div><\/div>\n\n\n\n<p>Zainteresowania naukowe: badania&nbsp; ubytkowych i przyrostowych niekonwencjonalnych proces\u00f3w&nbsp; wytwarzania;&nbsp; mikro i nanotechnologie wytwarzania; w szczeg\u00f3lno\u015bci: obr\u00f3bka elektrochemiczna (ECM), elektroerozyjna (EDM), laserowa (LBM), obr\u00f3bki hybrydowe,&nbsp; selektywne spiekanie laserowe (SLS)<\/p>\n\n\n\n<p>Kierunek studi\u00f3w: In\u017cynieria produkcji:<\/p>\n\n\n\n<p>Ekologia i zarz\u0105dzanie \u015brodowiskowe,&nbsp;&nbsp;Podstawy obr\u00f3bek erozyjnych.&nbsp;Zaawansowane techniki wytwarzania<\/p>\n\n\n\n<p>Hobby: narciarstwo rekreacyjne,&nbsp; turystyka piesza i rowerowa,&nbsp; medycyna naturalna,&nbsp;ogrodnictwo<\/p>\n","protected":false},"excerpt":{"rendered":"<p>Prof. dr hab. in\u017c. Adam Ruszaj By\u0142y pracownik M-06; Osoba wsp\u00f3\u0142pracuj\u0105ca z M-06 Zainteresowania naukowe: badania&nbsp; ubytkowych i przyrostowych niekonwencjonalnych proces\u00f3w&nbsp; wytwarzania;&nbsp; mikro i nanotechnologie wytwarzania; w szczeg\u00f3lno\u015bci: obr\u00f3bka elektrochemiczna (ECM), elektroerozyjna (EDM), laserowa (LBM), obr\u00f3bki hybrydowe,&nbsp; selektywne spiekanie laserowe (SLS) Kierunek studi\u00f3w: In\u017cynieria produkcji: Ekologia i zarz\u0105dzanie \u015brodowiskowe,&nbsp;&nbsp;Podstawy obr\u00f3bek erozyjnych.&nbsp;Zaawansowane techniki wytwarzania Hobby: narciarstwo&hellip;&nbsp;<a href=\"https:\/\/m6.pk.edu.pl\/index.php\/struktura-m-06\/pracownicy-instytutu\/ruszaj-adam\/\" rel=\"bookmark\">Dowiedz si\u0119 wi\u0119cej &raquo;<span class=\"screen-reader-text\">Ruszaj Adam<\/span><\/a><\/p>\n","protected":false},"author":1,"featured_media":0,"parent":100,"menu_order":0,"comment_status":"closed","ping_status":"closed","template":"","meta":{"advgb_blocks_editor_width":"","advgb_blocks_columns_visual_guide":"","neve_meta_sidebar":"","neve_meta_container":"","neve_meta_enable_content_width":"","neve_meta_content_width":70,"neve_meta_title_alignment":"","neve_meta_author_avatar":"","neve_post_elements_order":"","neve_meta_disable_header":"","neve_meta_disable_footer":"","neve_meta_disable_title":"on","_themeisle_gutenberg_block_has_review":false,"footnotes":""},"class_list":["post-285","page","type-page","status-publish","hentry"],"coauthors":[],"author_meta":{"author_link":"https:\/\/m6.pk.edu.pl\/index.php\/author\/gibaspiotr\/","display_name":"gibaspiotr"},"relative_dates":{"created":"Posted 7 lat ago","modified":"Updated 3 lata ago"},"absolute_dates":{"created":"Posted on 16 sierpnia 2019","modified":"Updated on 9 marca 2023"},"absolute_dates_time":{"created":"Posted on 16 sierpnia 2019 10:17","modified":"Updated on 9 marca 2023 12:39"},"featured_img_caption":"","featured_img":false,"series_order":"","_links":{"self":[{"href":"https:\/\/m6.pk.edu.pl\/index.php\/wp-json\/wp\/v2\/pages\/285","targetHints":{"allow":["GET"]}}],"collection":[{"href":"https:\/\/m6.pk.edu.pl\/index.php\/wp-json\/wp\/v2\/pages"}],"about":[{"href":"https:\/\/m6.pk.edu.pl\/index.php\/wp-json\/wp\/v2\/types\/page"}],"author":[{"embeddable":true,"href":"https:\/\/m6.pk.edu.pl\/index.php\/wp-json\/wp\/v2\/users\/1"}],"replies":[{"embeddable":true,"href":"https:\/\/m6.pk.edu.pl\/index.php\/wp-json\/wp\/v2\/comments?post=285"}],"version-history":[{"count":0,"href":"https:\/\/m6.pk.edu.pl\/index.php\/wp-json\/wp\/v2\/pages\/285\/revisions"}],"up":[{"embeddable":true,"href":"https:\/\/m6.pk.edu.pl\/index.php\/wp-json\/wp\/v2\/pages\/100"}],"wp:attachment":[{"href":"https:\/\/m6.pk.edu.pl\/index.php\/wp-json\/wp\/v2\/media?parent=285"}],"curies":[{"name":"wp","href":"https:\/\/api.w.org\/{rel}","templated":true}]}}