{"id":273,"date":"2019-08-16T10:12:13","date_gmt":"2019-08-16T08:12:13","guid":{"rendered":"https:\/\/m6.pk.edu.pl\/?page_id=273"},"modified":"2021-01-08T10:14:13","modified_gmt":"2021-01-08T09:14:13","slug":"otko-tadeusz","status":"publish","type":"page","link":"https:\/\/m6.pk.edu.pl\/index.php\/struktura-m-06\/pracownicy-instytutu\/otko-tadeusz\/","title":{"rendered":"Otko Tadeusz"},"content":{"rendered":"\n<div class=\"wp-block-media-text alignwide is-stacked-on-mobile\" style=\"grid-template-columns:21% auto\"><figure class=\"wp-block-media-text__media\"><img fetchpriority=\"high\" decoding=\"async\" width=\"601\" height=\"900\" src=\"https:\/\/m6.pk.edu.pl\/wp-content\/uploads\/2019\/08\/Otko.jpg\" alt=\"\" class=\"wp-image-1403 size-full\" srcset=\"https:\/\/m6.pk.edu.pl\/wp-content\/uploads\/2019\/08\/Otko.jpg 601w, https:\/\/m6.pk.edu.pl\/wp-content\/uploads\/2019\/08\/Otko-200x300.jpg 200w\" sizes=\"(max-width: 601px) 100vw, 601px\" \/><\/figure><div class=\"wp-block-media-text__content\">\n<h3 class=\"wp-block-heading\"> dr in\u017c. Tadeusz Otko <\/h3>\n\n\n\n<p> Telefon:&nbsp;32 37<br>E-mail:&nbsp;<a href=\"mailto:otko@mech.pk.edu.pl\">otko@mech.pk.edu.pl<\/a><br>Pok\u00f3j A 410 <\/p>\n\n\n\n<ul class=\"wp-block-list\"><li><a href=\"https:\/\/m6.pk.edu.pl\/index.php\/strefa-dla-studenta\/konsultacje\/\"><a href=\"https:\/\/m6.pk.edu.pl\/index.php\/strefa-dla-studenta\/konsultacje\/\">Konsultacje pracownik\u00f3w Katedry M-06<\/a><\/a><\/li><li><a href=\"https:\/\/m6.pk.edu.pl\/index.php\/strefa-dla-studenta\/dyplomy\/zagadnienia-do-wyboru-tematow-prac-dyplomowych\/\">Zagadnienia do prac dyplomowych<\/a><\/li><li><a href=\"https:\/\/m6.pk.edu.pl\/index.php\/strefa-dla-studenta\/materialy-dydaktyczne\/\">Materia\u0142y dydaktyczne udost\u0119pniane dla student\u00f3w<\/a><\/li><\/ul>\n<\/div><\/div>\n\n\n\n<p>Najwa\u017cniejsze zainteresowania zawodowe i naukowe:&nbsp; komputerowe wspomaganie proces\u00f3w technologicznych, programowanie obrabiarek CNC, systemy nadzorowania jako\u015bci w przedsi\u0119biorstwach produkcyjnych.<\/p>\n\n\n\n<p>Przedmioty, z kt\u00f3rych prowadzi zaj\u0119cia na kierunku: Podstawy programowania obrabiarek sterowanych numerycznie, Systemy CAD\/CAM w in\u017cynierii wytwarzania, Technologia wytwarzania i przetwarzania materia\u0142\u00f3w in\u017cynierskich.<\/p>\n","protected":false},"excerpt":{"rendered":"<p>dr in\u017c. Tadeusz Otko Telefon:&nbsp;32 37E-mail:&nbsp;otko@mech.pk.edu.plPok\u00f3j A 410 Konsultacje pracownik\u00f3w Katedry M-06 Zagadnienia do prac dyplomowych Materia\u0142y dydaktyczne udost\u0119pniane dla student\u00f3w Najwa\u017cniejsze zainteresowania zawodowe i naukowe:&nbsp; komputerowe wspomaganie proces\u00f3w technologicznych, programowanie obrabiarek CNC, systemy nadzorowania jako\u015bci w przedsi\u0119biorstwach produkcyjnych. Przedmioty, z kt\u00f3rych prowadzi zaj\u0119cia na kierunku: Podstawy programowania obrabiarek sterowanych numerycznie, Systemy CAD\/CAM w in\u017cynierii&hellip;&nbsp;<a href=\"https:\/\/m6.pk.edu.pl\/index.php\/struktura-m-06\/pracownicy-instytutu\/otko-tadeusz\/\" rel=\"bookmark\">Dowiedz si\u0119 wi\u0119cej &raquo;<span class=\"screen-reader-text\">Otko Tadeusz<\/span><\/a><\/p>\n","protected":false},"author":1,"featured_media":0,"parent":100,"menu_order":0,"comment_status":"closed","ping_status":"closed","template":"","meta":{"advgb_blocks_editor_width":"","advgb_blocks_columns_visual_guide":"","neve_meta_sidebar":"","neve_meta_container":"","neve_meta_enable_content_width":"","neve_meta_content_width":70,"neve_meta_title_alignment":"","neve_meta_author_avatar":"","neve_post_elements_order":"","neve_meta_disable_header":"","neve_meta_disable_footer":"","neve_meta_disable_title":"on","_themeisle_gutenberg_block_has_review":false,"footnotes":""},"class_list":["post-273","page","type-page","status-publish","hentry"],"coauthors":[],"author_meta":{"author_link":"https:\/\/m6.pk.edu.pl\/index.php\/author\/gibaspiotr\/","display_name":"gibaspiotr"},"relative_dates":{"created":"Posted 7 lat ago","modified":"Updated 5 lat ago"},"absolute_dates":{"created":"Posted on 16 sierpnia 2019","modified":"Updated on 8 stycznia 2021"},"absolute_dates_time":{"created":"Posted on 16 sierpnia 2019 10:12","modified":"Updated on 8 stycznia 2021 10:14"},"featured_img_caption":"","featured_img":false,"series_order":"","_links":{"self":[{"href":"https:\/\/m6.pk.edu.pl\/index.php\/wp-json\/wp\/v2\/pages\/273","targetHints":{"allow":["GET"]}}],"collection":[{"href":"https:\/\/m6.pk.edu.pl\/index.php\/wp-json\/wp\/v2\/pages"}],"about":[{"href":"https:\/\/m6.pk.edu.pl\/index.php\/wp-json\/wp\/v2\/types\/page"}],"author":[{"embeddable":true,"href":"https:\/\/m6.pk.edu.pl\/index.php\/wp-json\/wp\/v2\/users\/1"}],"replies":[{"embeddable":true,"href":"https:\/\/m6.pk.edu.pl\/index.php\/wp-json\/wp\/v2\/comments?post=273"}],"version-history":[{"count":0,"href":"https:\/\/m6.pk.edu.pl\/index.php\/wp-json\/wp\/v2\/pages\/273\/revisions"}],"up":[{"embeddable":true,"href":"https:\/\/m6.pk.edu.pl\/index.php\/wp-json\/wp\/v2\/pages\/100"}],"wp:attachment":[{"href":"https:\/\/m6.pk.edu.pl\/index.php\/wp-json\/wp\/v2\/media?parent=273"}],"curies":[{"name":"wp","href":"https:\/\/api.w.org\/{rel}","templated":true}]}}