{"id":271,"date":"2019-08-16T10:11:51","date_gmt":"2019-08-16T08:11:51","guid":{"rendered":"https:\/\/m6.pk.edu.pl\/?page_id=271"},"modified":"2023-03-09T12:44:15","modified_gmt":"2023-03-09T11:44:15","slug":"nizankowski-czeslaw","status":"publish","type":"page","link":"https:\/\/m6.pk.edu.pl\/index.php\/struktura-m-06\/pracownicy-instytutu\/nizankowski-czeslaw\/","title":{"rendered":"Ni\u017cankowski Czes\u0142aw"},"content":{"rendered":"\n<div class=\"wp-block-media-text alignwide is-stacked-on-mobile\" style=\"grid-template-columns:21% auto\"><figure class=\"wp-block-media-text__media\"><img fetchpriority=\"high\" decoding=\"async\" width=\"601\" height=\"900\" src=\"https:\/\/m6.pk.edu.pl\/wp-content\/uploads\/2019\/08\/Nizankowski.jpg\" alt=\"\" class=\"wp-image-1402 size-full\" srcset=\"https:\/\/m6.pk.edu.pl\/wp-content\/uploads\/2019\/08\/Nizankowski.jpg 601w, https:\/\/m6.pk.edu.pl\/wp-content\/uploads\/2019\/08\/Nizankowski-200x300.jpg 200w\" sizes=\"(max-width: 601px) 100vw, 601px\" \/><\/figure><div class=\"wp-block-media-text__content\">\n<h3 class=\"wp-block-heading\">Prof. dr hab. in\u017c. Czes\u0142aw Ni\u017cankowski <\/h3>\n\n\n\n<p>By\u0142y pracownik M-06; Osoba wsp\u00f3\u0142pracuj\u0105ca z M-06<\/p>\n<\/div><\/div>\n\n\n\n<p>Dzia\u0142alno\u015b\u0107 naukowa obejmuje obszar budowy i eksploatacji maszyn oraz in\u017cynierii produkcji z ukierunkowaniem na metody i \u015brodki wytwarzania, obr\u00f3bk\u0119 \u015bciern\u0105 zarz\u0105dzanie produkcj\u0105 i technologi\u0119 sprz\u0119tu wojskowego.<\/p>\n\n\n\n<p>Prowadzi przedmioty: Innowacyjne techniki i systemy wytwarzania, Jako\u015b\u0107 i produktywno\u015b\u0107 w procesach wytwarzania, Technologie wytwarzania i przetwarzania materia\u0142\u00f3w in\u017cynierskich, Bezpiecze\u0144stwo obr\u00f3bki ubytkowej i przyrostowej , Techniki przetw\u00f3rstwa materia\u0142\u00f3w, Seminarium dyplomowe i Projekt dyplomowy.<\/p>\n","protected":false},"excerpt":{"rendered":"<p>Prof. dr hab. in\u017c. Czes\u0142aw Ni\u017cankowski By\u0142y pracownik M-06; Osoba wsp\u00f3\u0142pracuj\u0105ca z M-06 Dzia\u0142alno\u015b\u0107 naukowa obejmuje obszar budowy i eksploatacji maszyn oraz in\u017cynierii produkcji z ukierunkowaniem na metody i \u015brodki wytwarzania, obr\u00f3bk\u0119 \u015bciern\u0105 zarz\u0105dzanie produkcj\u0105 i technologi\u0119 sprz\u0119tu wojskowego. Prowadzi przedmioty: Innowacyjne techniki i systemy wytwarzania, Jako\u015b\u0107 i produktywno\u015b\u0107 w procesach wytwarzania, Technologie wytwarzania i&hellip;&nbsp;<a href=\"https:\/\/m6.pk.edu.pl\/index.php\/struktura-m-06\/pracownicy-instytutu\/nizankowski-czeslaw\/\" rel=\"bookmark\">Dowiedz si\u0119 wi\u0119cej &raquo;<span class=\"screen-reader-text\">Ni\u017cankowski Czes\u0142aw<\/span><\/a><\/p>\n","protected":false},"author":1,"featured_media":0,"parent":100,"menu_order":0,"comment_status":"closed","ping_status":"closed","template":"","meta":{"advgb_blocks_editor_width":"","advgb_blocks_columns_visual_guide":"","neve_meta_sidebar":"","neve_meta_container":"","neve_meta_enable_content_width":"","neve_meta_content_width":70,"neve_meta_title_alignment":"","neve_meta_author_avatar":"","neve_post_elements_order":"","neve_meta_disable_header":"","neve_meta_disable_footer":"","neve_meta_disable_title":"on","_themeisle_gutenberg_block_has_review":false,"footnotes":""},"class_list":["post-271","page","type-page","status-publish","hentry"],"coauthors":[],"author_meta":{"author_link":"https:\/\/m6.pk.edu.pl\/index.php\/author\/gibaspiotr\/","display_name":"gibaspiotr"},"relative_dates":{"created":"Posted 7 lat ago","modified":"Updated 3 lata ago"},"absolute_dates":{"created":"Posted on 16 sierpnia 2019","modified":"Updated on 9 marca 2023"},"absolute_dates_time":{"created":"Posted on 16 sierpnia 2019 10:11","modified":"Updated on 9 marca 2023 12:44"},"featured_img_caption":"","featured_img":false,"series_order":"","_links":{"self":[{"href":"https:\/\/m6.pk.edu.pl\/index.php\/wp-json\/wp\/v2\/pages\/271","targetHints":{"allow":["GET"]}}],"collection":[{"href":"https:\/\/m6.pk.edu.pl\/index.php\/wp-json\/wp\/v2\/pages"}],"about":[{"href":"https:\/\/m6.pk.edu.pl\/index.php\/wp-json\/wp\/v2\/types\/page"}],"author":[{"embeddable":true,"href":"https:\/\/m6.pk.edu.pl\/index.php\/wp-json\/wp\/v2\/users\/1"}],"replies":[{"embeddable":true,"href":"https:\/\/m6.pk.edu.pl\/index.php\/wp-json\/wp\/v2\/comments?post=271"}],"version-history":[{"count":0,"href":"https:\/\/m6.pk.edu.pl\/index.php\/wp-json\/wp\/v2\/pages\/271\/revisions"}],"up":[{"embeddable":true,"href":"https:\/\/m6.pk.edu.pl\/index.php\/wp-json\/wp\/v2\/pages\/100"}],"wp:attachment":[{"href":"https:\/\/m6.pk.edu.pl\/index.php\/wp-json\/wp\/v2\/media?parent=271"}],"curies":[{"name":"wp","href":"https:\/\/api.w.org\/{rel}","templated":true}]}}