{"id":269,"date":"2019-08-16T10:11:32","date_gmt":"2019-08-16T08:11:32","guid":{"rendered":"https:\/\/m6.pk.edu.pl\/?page_id=269"},"modified":"2025-10-21T13:27:35","modified_gmt":"2025-10-21T11:27:35","slug":"niemczewska-wojcik-magdalena","status":"publish","type":"page","link":"https:\/\/m6.pk.edu.pl\/index.php\/struktura-m-06\/pracownicy-instytutu\/niemczewska-wojcik-magdalena\/","title":{"rendered":"Niemczewska \u2013 W\u00f3jcik Magdalena"},"content":{"rendered":"\n<div class=\"wp-block-media-text alignwide is-stacked-on-mobile\" style=\"grid-template-columns:21% auto\"><figure class=\"wp-block-media-text__media\"><img fetchpriority=\"high\" decoding=\"async\" width=\"599\" height=\"900\" src=\"https:\/\/m6.pk.edu.pl\/wp-content\/uploads\/2019\/08\/Niemczewska.jpg\" alt=\"\" class=\"wp-image-1401 size-full\" srcset=\"https:\/\/m6.pk.edu.pl\/wp-content\/uploads\/2019\/08\/Niemczewska.jpg 599w, https:\/\/m6.pk.edu.pl\/wp-content\/uploads\/2019\/08\/Niemczewska-200x300.jpg 200w\" sizes=\"(max-width: 599px) 100vw, 599px\" \/><\/figure><div class=\"wp-block-media-text__content\">\n<h3 class=\"wp-block-heading\">dr hab. in\u017c. Magdalena Niemczewska &#8211; W\u00f3jcik, prof. PK <\/h3>\n\n\n\n<h4 class=\"wp-block-heading\"><a href=\"https:\/\/www.scopus.com\/authid\/detail.uri?authorId=36462640900\">SCOPUS Author ID<\/a><br><a href=\"https:\/\/orcid.org\/0000-0001-9902-478X\">ORCID iD<\/a><br><a href=\"https:\/\/cris.pk.edu.pl\/info\/author\/CUT5857b9a089b24073ae35e556dc5d95fc?r=author&amp;tab=&amp;title=Profil%2Bosoby%2B%25E2%2580%2593%2BMagdalena%2BNiemczewska-W%25C3%25B3jcik%2B%25E2%2580%2593%2BPolitechnika%2BKrakowska&amp;lang=pl&amp;qp=openAccess%3Dfalse\">Publikacje &#8211; CRIS PK <\/a><\/h4>\n\n\n\n<div class=\"wp-block-file\"><a id=\"wp-block-file--media-c03b2528-2c21-465b-b233-d7893881c7a4\" href=\"https:\/\/m6.pk.edu.pl\/wp-content\/uploads\/2020\/11\/CV_Magdalena_NIemczewska_Wojcik.pdf\" target=\"_blank\" rel=\"noreferrer noopener\"><strong>CV<\/strong><\/a><a href=\"https:\/\/m6.pk.edu.pl\/wp-content\/uploads\/2020\/11\/CV_Magdalena_NIemczewska_Wojcik.pdf\" class=\"wp-block-file__button wp-element-button\" download aria-describedby=\"wp-block-file--media-c03b2528-2c21-465b-b233-d7893881c7a4\">Pobierz<\/a><\/div>\n\n\n\n<p>Telefon:&nbsp; <strong>+48 501&nbsp;456&nbsp;836<\/strong><br>E-mail:&nbsp;<a href=\"mailto:magdalena.niemczewska-wojcik@mech.pk.edu.pl\"><\/a><a href=\"mailto:magdalena.niemczewska-wojcik@pk.edu.pl\"><\/a><a href=\"mailto:magdalena.niemczewska-wojcik@pk.edu.pl\">magdalena.niemczewska-wojcik@pk.edu.pl<\/a><br>Pok\u00f3j C 211a<\/p>\n\n\n\n<ul class=\"wp-block-list\">\n<li><strong><a href=\"https:\/\/spispracownikow.pk.edu.pl\/\">Konsultacje<\/a><\/strong> w spisie pracownik\u00f3w<\/li>\n\n\n\n<li><a href=\"https:\/\/m6.pk.edu.pl\/index.php\/strefa-dla-studenta\/dyplomy\/zagadnienia-do-wyboru-tematow-prac-dyplomowych\/#nwm\">Zagadnienia do prac dyplomowych<\/a><\/li>\n\n\n\n<li><a href=\"https:\/\/m6.pk.edu.pl\/index.php\/strefa-dla-studenta\/materialy-dydaktyczne\/#nwm\">Materia\u0142y dydaktyczne udost\u0119pniane dla student\u00f3w<\/a><\/li>\n<\/ul>\n<\/div><\/div>\n\n\n\n<div style=\"height:30px\" aria-hidden=\"true\" class=\"wp-block-spacer\"><\/div>\n\n\n\n<p><strong>Moje zainteresowania naukowo-badawcze<\/strong> obejmuj\u0105 zagadnienia, jak: materia\u0142y i biomateria\u0142y, w\u0142asno\u015bci materia\u0142\u00f3w, proces wytwarzania, proces obr\u00f3bki ko\u0144cowej, in\u017cynieria powierzchni, metrologia warstwy wierzchniej, topografia powierzchni (struktura geometryczna powierzchni SGP), metody pomiaru topografii powierzchni (w tym multisensoryka), tribologia (tarcie, smarowanie, zu\u017cywanie), tribologia powierzchni (mechanika kontaktu), badania topografii powierzchni (skala od makro do nano), badania tribologiczne (badania tarciowo-zu\u017cyciowe: modelowe i symulacyjne), analiza topografii powierzchni, charakteryzowanie powierzchni.<\/p>\n\n\n\n<p><strong>W pracy dydaktycznej<\/strong> odpowiadam za przedmioty (wyk\u0142ady, seminaria, laboratoria, projekty):&nbsp; <br>Podstawy eksploatacji obiekt\u00f3w technicznych, Wybrane elementy in\u017cynierii warstwy wierzchniej, Eksploatacja obiekt\u00f3w i system\u00f3w technicznych, Zarz\u0105dzanie jako\u015bci\u0105 warstwy wierzchniej, Zarz\u0105dzanie projektem i zespo\u0142em badawczym, Przyw\u00f3dztwo i kierowanie zespo\u0142em pracowniczym.<\/p>\n\n\n\n<p><strong>My scientific and research<\/strong> interests include: materials and biomaterials, materials properties, manufacturing process, machining process, surface engineering, surface metrology, surface topography (geometric structure of the SGP surface), methods of measuring surface topography (including multisensors), tribology (friction, lubrication, wear), surface tribology (contact mechanics), surface topography studies (from macro to nano scale), tribology studies (friction and wear tests), surface topography analysis, surface characterization.<\/p>\n\n\n\n<p><strong>In teaching<\/strong>, I am responsible for the following subjects (lectures, seminars, laboratories, projects): Fundamentals of technical objects operation, Selected elements of surface layer engineering, Operation of technical objects and systems, Surface layer quality management, Project and research team management, Leadership and management of employee team.<\/p>\n\n\n\n<h3 class=\"wp-block-heading\"><strong>Kierownik projektu\/ Project manager<\/strong><\/h3>\n\n\n\n<p>nr RPMP.01.01.00-12-077\/19-00-XVII\/20\/FE\/20 \u2013 dofinansowanego z Regionalnego Programu Operacyjnego Wojew\u00f3dztwa Ma\u0142opolskiego na lata 2014-2020, O\u015b Priorytetowa 1 \u2013 Gospodarka wiedzy Dzia\u0142anie 1.1 \u2013 Infrastruktura badawcza sektora nauki:<\/p>\n\n\n\n<figure class=\"wp-block-image size-large\"><img decoding=\"async\" width=\"962\" height=\"681\" src=\"https:\/\/m6.pk.edu.pl\/wp-content\/uploads\/2020\/11\/Plakat-RZAL_photo.jpg\" alt=\"\" class=\"wp-image-4629\" srcset=\"https:\/\/m6.pk.edu.pl\/wp-content\/uploads\/2020\/11\/Plakat-RZAL_photo.jpg 962w, https:\/\/m6.pk.edu.pl\/wp-content\/uploads\/2020\/11\/Plakat-RZAL_photo-300x212.jpg 300w, https:\/\/m6.pk.edu.pl\/wp-content\/uploads\/2020\/11\/Plakat-RZAL_photo-768x544.jpg 768w\" sizes=\"(max-width: 962px) 100vw, 962px\" \/><\/figure>\n\n\n\n<div class=\"wp-block-file\"><a id=\"wp-block-file--media-099528a7-f7bb-4ae8-8ffb-e7a7605c1e78\" href=\"https:\/\/m6.pk.edu.pl\/wp-content\/uploads\/2020\/11\/Projekt_RZAL_Infrastruktura_Naukowo_Badawcza.pdf\"><strong>Projekt RZAL Infrastruktura Naukowo Badawcza<\/strong><\/a><a href=\"https:\/\/m6.pk.edu.pl\/wp-content\/uploads\/2020\/11\/Projekt_RZAL_Infrastruktura_Naukowo_Badawcza.pdf\" class=\"wp-block-file__button wp-element-button\" download aria-describedby=\"wp-block-file--media-099528a7-f7bb-4ae8-8ffb-e7a7605c1e78\">Pobierz<\/a><\/div>\n","protected":false},"excerpt":{"rendered":"<p>Moje zainteresowania naukowo-badawcze obejmuj\u0105 zagadnienia, jak: materia\u0142y i biomateria\u0142y, w\u0142asno\u015bci materia\u0142\u00f3w, proces wytwarzania, proces obr\u00f3bki ko\u0144cowej, in\u017cynieria powierzchni, metrologia warstwy wierzchniej, topografia powierzchni (struktura geometryczna powierzchni SGP), metody pomiaru topografii powierzchni (w tym multisensoryka), tribologia (tarcie, smarowanie, zu\u017cywanie), tribologia powierzchni (mechanika kontaktu), badania topografii powierzchni (skala od makro do nano), badania tribologiczne (badania tarciowo-zu\u017cyciowe: modelowe&hellip;&nbsp;<a href=\"https:\/\/m6.pk.edu.pl\/index.php\/struktura-m-06\/pracownicy-instytutu\/niemczewska-wojcik-magdalena\/\" rel=\"bookmark\">Dowiedz si\u0119 wi\u0119cej &raquo;<span class=\"screen-reader-text\">Niemczewska \u2013 W\u00f3jcik Magdalena<\/span><\/a><\/p>\n","protected":false},"author":1,"featured_media":0,"parent":100,"menu_order":0,"comment_status":"closed","ping_status":"closed","template":"","meta":{"advgb_blocks_editor_width":"","advgb_blocks_columns_visual_guide":"","neve_meta_sidebar":"","neve_meta_container":"","neve_meta_enable_content_width":"off","neve_meta_content_width":0,"neve_meta_title_alignment":"","neve_meta_author_avatar":"","neve_post_elements_order":"","neve_meta_disable_header":"","neve_meta_disable_footer":"","neve_meta_disable_title":"on","_themeisle_gutenberg_block_has_review":false,"footnotes":""},"class_list":["post-269","page","type-page","status-publish","hentry"],"coauthors":[],"author_meta":{"author_link":"https:\/\/m6.pk.edu.pl\/index.php\/author\/gibaspiotr\/","display_name":"gibaspiotr"},"relative_dates":{"created":"Posted 7 lat ago","modified":"Updated 6 miesi\u0119cy ago"},"absolute_dates":{"created":"Posted on 16 sierpnia 2019","modified":"Updated on 21 pa\u017adziernika 2025"},"absolute_dates_time":{"created":"Posted on 16 sierpnia 2019 10:11","modified":"Updated on 21 pa\u017adziernika 2025 13:27"},"featured_img_caption":"","featured_img":false,"series_order":"","_links":{"self":[{"href":"https:\/\/m6.pk.edu.pl\/index.php\/wp-json\/wp\/v2\/pages\/269","targetHints":{"allow":["GET"]}}],"collection":[{"href":"https:\/\/m6.pk.edu.pl\/index.php\/wp-json\/wp\/v2\/pages"}],"about":[{"href":"https:\/\/m6.pk.edu.pl\/index.php\/wp-json\/wp\/v2\/types\/page"}],"author":[{"embeddable":true,"href":"https:\/\/m6.pk.edu.pl\/index.php\/wp-json\/wp\/v2\/users\/1"}],"replies":[{"embeddable":true,"href":"https:\/\/m6.pk.edu.pl\/index.php\/wp-json\/wp\/v2\/comments?post=269"}],"version-history":[{"count":0,"href":"https:\/\/m6.pk.edu.pl\/index.php\/wp-json\/wp\/v2\/pages\/269\/revisions"}],"up":[{"embeddable":true,"href":"https:\/\/m6.pk.edu.pl\/index.php\/wp-json\/wp\/v2\/pages\/100"}],"wp:attachment":[{"href":"https:\/\/m6.pk.edu.pl\/index.php\/wp-json\/wp\/v2\/media?parent=269"}],"curies":[{"name":"wp","href":"https:\/\/api.w.org\/{rel}","templated":true}]}}