{"id":2665,"date":"2020-01-08T09:03:38","date_gmt":"2020-01-08T08:03:38","guid":{"rendered":"https:\/\/m6.pk.edu.pl\/?page_id=2665"},"modified":"2020-01-08T09:04:57","modified_gmt":"2020-01-08T08:04:57","slug":"sterowanie-i-monitoring-maszyn-i-urzadzen","status":"publish","type":"page","link":"https:\/\/m6.pk.edu.pl\/index.php\/strefa-dla-studenta\/kierunki-i-specjalnosci\/sterowanie-i-monitoring-maszyn-i-urzadzen\/","title":{"rendered":"Sterowanie i monitoring maszyn i urz\u0105dze\u0144"},"content":{"rendered":"\n<h3 class=\"wp-block-heading\"><strong>Sterowanie i monitoring maszyn i urz\u0105dze\u0144 <\/strong><br><strong>(studia I stopnia)<\/strong><\/h3>\n\n\n\n<p>\nSpecjalno\u015b\u0107 ta obejmuje\nzagadnienia z zakresu budowy i diagnostyki maszyn oraz modelowania z\nzastosowaniem technik komputerowych. Studenci zapoznawani s\u0105 z\nzasad\u0105 dzia\u0142ania podstawowych typ\u00f3w nap\u0119d\u00f3w elektrycznych i\np\u0142ynowych stosowanych w maszynach roboczych i liniach produkcyjnych,\na tak\u017ce buduj\u0105 systemy akwizycji danych bazuj\u0105cych na\nzr\u00f3\u017cnicowanych typach czujnik\u00f3w i przetwornik\u00f3w. Prezentowane s\u0105\nprzemys\u0142owe implementacje uk\u0142ad\u00f3w sterowania i zastosowania\nsystem\u00f3w kontrolnych mi\u0119dzy innymi w transporcie bliskim. Studenci\nnabywaj\u0105 umiej\u0119tno\u015bci programowania sterownik\u00f3w PLC i\nwizualizacji stan\u00f3w procesu na panelu operatorskim HMI.<\/p>\n\n\n\n<h3 class=\"wp-block-heading\"><strong>Sterowanie i monitoring maszyn i urz\u0105dze\u0144 <\/strong><br><strong>(studia II stopnia)<\/strong><\/h3>\n\n\n\n<p>\nSpecjalno\u015b\u0107 zapoznaje z\nteoretyczn\u0105 i praktyczn\u0105 realizacj\u0105 urz\u0105dze\u0144 steruj\u0105cych\nobiektami technicznymi i procesami technologicznymi z ograniczonym\nudzia\u0142em cz\u0142owieka. Studenci s\u0105 przygotowywani do projektowania i\nsymulacji dzia\u0142ania system\u00f3w sterowania oraz uk\u0142ad\u00f3w diagnostyki\ni monitoringu. Dodatkowo w ramach specjalno\u015bci, podejmowana jest\ntematyka energooszcz\u0119dnych i ekologicznych uk\u0142ad\u00f3w nap\u0119du i\nsterowania oraz zastosowania nowoczesnych system\u00f3w CAD. Studenci\nspecjalno\u015bci buduj\u0105 elementy system\u00f3w sterowania wspieraj\u0105cych\nprac\u0119 operatora maszyn mobilnych i urz\u0105dze\u0144. Nabyte kompetencje\ndobrze przygotowuj\u0105 do pracy in\u017cyniera, szczeg\u00f3lnie w aspekcie\npotrzeb przemys\u0142u 4.0.<\/p>\n","protected":false},"excerpt":{"rendered":"<p>Sterowanie i monitoring maszyn i urz\u0105dze\u0144 (studia I stopnia) Specjalno\u015b\u0107 ta obejmuje zagadnienia z zakresu budowy i diagnostyki maszyn oraz modelowania z zastosowaniem technik komputerowych. Studenci zapoznawani s\u0105 z zasad\u0105 dzia\u0142ania podstawowych typ\u00f3w nap\u0119d\u00f3w elektrycznych i p\u0142ynowych stosowanych w maszynach roboczych i liniach produkcyjnych, a tak\u017ce buduj\u0105 systemy akwizycji danych bazuj\u0105cych na zr\u00f3\u017cnicowanych typach czujnik\u00f3w&hellip;&nbsp;<a href=\"https:\/\/m6.pk.edu.pl\/index.php\/strefa-dla-studenta\/kierunki-i-specjalnosci\/sterowanie-i-monitoring-maszyn-i-urzadzen\/\" rel=\"bookmark\">Dowiedz si\u0119 wi\u0119cej &raquo;<span class=\"screen-reader-text\">Sterowanie i monitoring maszyn i urz\u0105dze\u0144<\/span><\/a><\/p>\n","protected":false},"author":1,"featured_media":0,"parent":58,"menu_order":0,"comment_status":"closed","ping_status":"closed","template":"","meta":{"advgb_blocks_editor_width":"","advgb_blocks_columns_visual_guide":"","neve_meta_sidebar":"right","neve_meta_container":"","neve_meta_enable_content_width":"","neve_meta_content_width":100,"neve_meta_title_alignment":"","neve_meta_author_avatar":"","neve_post_elements_order":"","neve_meta_disable_header":"","neve_meta_disable_footer":"","neve_meta_disable_title":"","_themeisle_gutenberg_block_has_review":false,"footnotes":""},"class_list":["post-2665","page","type-page","status-publish","hentry"],"coauthors":[],"author_meta":{"author_link":"https:\/\/m6.pk.edu.pl\/index.php\/author\/gibaspiotr\/","display_name":"gibaspiotr"},"relative_dates":{"created":"Posted 6 lat ago","modified":"Updated 6 lat ago"},"absolute_dates":{"created":"Posted on 8 stycznia 2020","modified":"Updated on 8 stycznia 2020"},"absolute_dates_time":{"created":"Posted on 8 stycznia 2020 09:03","modified":"Updated on 8 stycznia 2020 09:04"},"featured_img_caption":"","featured_img":false,"series_order":"","_links":{"self":[{"href":"https:\/\/m6.pk.edu.pl\/index.php\/wp-json\/wp\/v2\/pages\/2665","targetHints":{"allow":["GET"]}}],"collection":[{"href":"https:\/\/m6.pk.edu.pl\/index.php\/wp-json\/wp\/v2\/pages"}],"about":[{"href":"https:\/\/m6.pk.edu.pl\/index.php\/wp-json\/wp\/v2\/types\/page"}],"author":[{"embeddable":true,"href":"https:\/\/m6.pk.edu.pl\/index.php\/wp-json\/wp\/v2\/users\/1"}],"replies":[{"embeddable":true,"href":"https:\/\/m6.pk.edu.pl\/index.php\/wp-json\/wp\/v2\/comments?post=2665"}],"version-history":[{"count":0,"href":"https:\/\/m6.pk.edu.pl\/index.php\/wp-json\/wp\/v2\/pages\/2665\/revisions"}],"up":[{"embeddable":true,"href":"https:\/\/m6.pk.edu.pl\/index.php\/wp-json\/wp\/v2\/pages\/58"}],"wp:attachment":[{"href":"https:\/\/m6.pk.edu.pl\/index.php\/wp-json\/wp\/v2\/media?parent=2665"}],"curies":[{"name":"wp","href":"https:\/\/api.w.org\/{rel}","templated":true}]}}