{"id":253,"date":"2019-08-16T10:08:36","date_gmt":"2019-08-16T08:08:36","guid":{"rendered":"https:\/\/m6.pk.edu.pl\/?page_id=253"},"modified":"2025-10-21T13:09:11","modified_gmt":"2025-10-21T11:09:11","slug":"krupa-krzysztof","status":"publish","type":"page","link":"https:\/\/m6.pk.edu.pl\/index.php\/struktura-m-06\/pracownicy-instytutu\/krupa-krzysztof\/","title":{"rendered":"Krupa Krzysztof"},"content":{"rendered":"\n<div class=\"wp-block-media-text alignwide is-stacked-on-mobile\" style=\"grid-template-columns:21% auto\"><figure class=\"wp-block-media-text__media\"><img fetchpriority=\"high\" decoding=\"async\" width=\"597\" height=\"900\" src=\"https:\/\/m6.pk.edu.pl\/wp-content\/uploads\/2019\/08\/Krupa.jpg\" alt=\"\" class=\"wp-image-1395 size-full\" srcset=\"https:\/\/m6.pk.edu.pl\/wp-content\/uploads\/2019\/08\/Krupa.jpg 597w, https:\/\/m6.pk.edu.pl\/wp-content\/uploads\/2019\/08\/Krupa-199x300.jpg 199w\" sizes=\"(max-width: 597px) 100vw, 597px\" \/><\/figure><div class=\"wp-block-media-text__content\">\n<h3 class=\"wp-block-heading\">Dr in\u017c. Krzysztof Krupa, prof. PK <\/h3>\n\n\n\n<p>Telefon:&nbsp;32 24<br>E-mail:&nbsp;<a href=\"mailto:krzysztof.krupa@pk.edu.pl\">krzysztof.krupa@pk.edu.pl<\/a><br>Pok\u00f3j A 310 <\/p>\n\n\n\n<h4 class=\"wp-block-heading\"><a href=\"https:\/\/cris.pk.edu.pl\/info\/author\/CUTc05dbe9bef704650a0c69dd7f81a9f96?r=publication&amp;tab=main&amp;title=Profil%2Bosoby%2B%25E2%2580%2593%2BKrzysztof%2BKrupa%2B%25E2%2580%2593%2BPolitechnika%2BKrakowska&amp;lang=pl&amp;pn=1\">Publikacje  &#8211; CRIS PK<\/a><\/h4>\n\n\n\n<ul class=\"wp-block-list\">\n<li><a href=\"https:\/\/m6.pk.edu.pl\/index.php\/strefa-dla-studenta\/konsultacje\/\"><\/a><strong><a href=\"https:\/\/spispracownikow.pk.edu.pl\/\">Konsultacje<\/a><\/strong> w spis pracownik\u00f3w<\/li>\n\n\n\n<li><a href=\"https:\/\/m6.pk.edu.pl\/index.php\/strefa-dla-studenta\/dyplomy\/zagadnienia-do-wyboru-tematow-prac-dyplomowych\/\">Zagadnienia do prac dyplomowych<\/a><\/li>\n\n\n\n<li><a href=\"https:\/\/m6.pk.edu.pl\/index.php\/strefa-dla-studenta\/materialy-dydaktyczne\/\">Materia\u0142y dydaktyczne udost\u0119pniane dla student\u00f3w<\/a><\/li>\n<\/ul>\n<\/div><\/div>\n\n\n\n<p><\/p>\n\n\n\n<p>Jestem opiekunem kierunku <a href=\"https:\/\/air.pk.edu.pl\/\">automatyka i robotyka<\/a>.<\/p>\n\n\n\n<p>Podstawowym obszarem moich zainteresowa\u0144 s\u0105 zagadnienia zwi\u0105zane ze wspomaganiem podejmowania decyzji z zastosowaniem klasycznych metod bada\u0144 operacyjnych, a przede wszystkim metod symulacyjnych. Symulacja system\u00f3w dynamicznych i prognozowanie ich zachowania, to wsp\u00f3\u0142czesne metody wspomagaj\u0105ce podejmowanie decyzji. Pozwalaj\u0105 przewidywa\u0107 skutki wp\u0142ywu podj\u0119tych decyzji na przysz\u0142e zachowanie systemu, dlatego stanowi\u0105 dobre narz\u0119dzie wspomagaj\u0105ce zarz\u0105dzanie.<\/p>\n\n\n\n<p>Drugim obszarem, kt\u00f3rym si\u0119 zajmuj\u0119, s\u0105 zagadnienia zwi\u0105zane z automatyk\u0105 i robotyk\u0105, automatyzacj\u0105 produkcji oraz konstrukcj\u0105 maszyn i urz\u0105dze\u0144.<\/p>\n\n\n\n<p>Z obydwoma obszarami, cz\u0119sto zwi\u0105zane s\u0105 problemy z akwizycj\u0105 i przetwarzaniem informacji. \u0179r\u00f3d\u0142em tych informacji s\u0105 systemy zarz\u0105dzania w firmach. W tym zakresie, obr\u00f3bka danych z wykorzystaniem np. arkusza kalkulacyjnego pozwala na analiz\u0119 i szybkie podejmowanie decyzji.<\/p>\n","protected":false},"excerpt":{"rendered":"<p>Jestem opiekunem kierunku automatyka i robotyka. Podstawowym obszarem moich zainteresowa\u0144 s\u0105 zagadnienia zwi\u0105zane ze wspomaganiem podejmowania decyzji z zastosowaniem klasycznych metod bada\u0144 operacyjnych, a przede wszystkim metod symulacyjnych. Symulacja system\u00f3w dynamicznych i prognozowanie ich zachowania, to wsp\u00f3\u0142czesne metody wspomagaj\u0105ce podejmowanie decyzji. Pozwalaj\u0105 przewidywa\u0107 skutki wp\u0142ywu podj\u0119tych decyzji na przysz\u0142e zachowanie systemu, dlatego stanowi\u0105 dobre narz\u0119dzie&hellip;&nbsp;<a href=\"https:\/\/m6.pk.edu.pl\/index.php\/struktura-m-06\/pracownicy-instytutu\/krupa-krzysztof\/\" rel=\"bookmark\">Dowiedz si\u0119 wi\u0119cej &raquo;<span class=\"screen-reader-text\">Krupa Krzysztof<\/span><\/a><\/p>\n","protected":false},"author":1,"featured_media":0,"parent":100,"menu_order":0,"comment_status":"closed","ping_status":"closed","template":"","meta":{"advgb_blocks_editor_width":"","advgb_blocks_columns_visual_guide":"","neve_meta_sidebar":"","neve_meta_container":"","neve_meta_enable_content_width":"off","neve_meta_content_width":0,"neve_meta_title_alignment":"","neve_meta_author_avatar":"","neve_post_elements_order":"","neve_meta_disable_header":"","neve_meta_disable_footer":"","neve_meta_disable_title":"on","_themeisle_gutenberg_block_has_review":false,"footnotes":""},"class_list":["post-253","page","type-page","status-publish","hentry"],"coauthors":[],"author_meta":{"author_link":"https:\/\/m6.pk.edu.pl\/index.php\/author\/gibaspiotr\/","display_name":"gibaspiotr"},"relative_dates":{"created":"Posted 7 lat ago","modified":"Updated 6 miesi\u0119cy ago"},"absolute_dates":{"created":"Posted on 16 sierpnia 2019","modified":"Updated on 21 pa\u017adziernika 2025"},"absolute_dates_time":{"created":"Posted on 16 sierpnia 2019 10:08","modified":"Updated on 21 pa\u017adziernika 2025 13:09"},"featured_img_caption":"","featured_img":false,"series_order":"","_links":{"self":[{"href":"https:\/\/m6.pk.edu.pl\/index.php\/wp-json\/wp\/v2\/pages\/253","targetHints":{"allow":["GET"]}}],"collection":[{"href":"https:\/\/m6.pk.edu.pl\/index.php\/wp-json\/wp\/v2\/pages"}],"about":[{"href":"https:\/\/m6.pk.edu.pl\/index.php\/wp-json\/wp\/v2\/types\/page"}],"author":[{"embeddable":true,"href":"https:\/\/m6.pk.edu.pl\/index.php\/wp-json\/wp\/v2\/users\/1"}],"replies":[{"embeddable":true,"href":"https:\/\/m6.pk.edu.pl\/index.php\/wp-json\/wp\/v2\/comments?post=253"}],"version-history":[{"count":0,"href":"https:\/\/m6.pk.edu.pl\/index.php\/wp-json\/wp\/v2\/pages\/253\/revisions"}],"up":[{"embeddable":true,"href":"https:\/\/m6.pk.edu.pl\/index.php\/wp-json\/wp\/v2\/pages\/100"}],"wp:attachment":[{"href":"https:\/\/m6.pk.edu.pl\/index.php\/wp-json\/wp\/v2\/media?parent=253"}],"curies":[{"name":"wp","href":"https:\/\/api.w.org\/{rel}","templated":true}]}}