{"id":251,"date":"2019-08-16T10:08:19","date_gmt":"2019-08-16T08:08:19","guid":{"rendered":"https:\/\/m6.pk.edu.pl\/?page_id=251"},"modified":"2025-10-21T13:08:02","modified_gmt":"2025-10-21T11:08:02","slug":"krenich-stanislaw","status":"publish","type":"page","link":"https:\/\/m6.pk.edu.pl\/index.php\/struktura-m-06\/pracownicy-instytutu\/krenich-stanislaw\/","title":{"rendered":"Krenich Stanis\u0142aw"},"content":{"rendered":"\n<div class=\"wp-block-media-text alignwide is-stacked-on-mobile\" style=\"grid-template-columns:21% auto\"><figure class=\"wp-block-media-text__media\"><img fetchpriority=\"high\" decoding=\"async\" width=\"596\" height=\"900\" src=\"https:\/\/m6.pk.edu.pl\/wp-content\/uploads\/2019\/08\/Krenich.jpg\" alt=\"\" class=\"wp-image-1394 size-full\" srcset=\"https:\/\/m6.pk.edu.pl\/wp-content\/uploads\/2019\/08\/Krenich.jpg 596w, https:\/\/m6.pk.edu.pl\/wp-content\/uploads\/2019\/08\/Krenich-199x300.jpg 199w\" sizes=\"(max-width: 596px) 100vw, 596px\" \/><\/figure><div class=\"wp-block-media-text__content\">\n<h3 class=\"wp-block-heading\">dr in\u017c. Stanis\u0142aw Krenich <\/h3>\n\n\n\n<h4 class=\"wp-block-heading\"><a href=\"https:\/\/www.scopus.com\/authid\/detail.uri?authorId=54410813300\">SCOPUS Author ID<\/a><br><a href=\"https:\/\/orcid.org\/0000-0002-6132-2199\">ORCID iD<\/a><br><a href=\"https:\/\/cris.pk.edu.pl\/info\/author\/CUT3ecb0b4010bb4630a958eee6f4ef949f?r=author&amp;tab=&amp;title=Profil%2Bosoby%2B%25E2%2580%2593%2BStanis%25C5%2582aw%2BKrenich%2B%25E2%2580%2593%2BPolitechnika%2BKrakowska&amp;lang=pl\">Publikacje &#8211; CRIS PK<\/a><\/h4>\n\n\n\n<p>Telefon:&nbsp;32 18<br>E-mail:&nbsp;<a href=\"mailto:krenich@mech.pk.edu.pl\">krenich@mech.pk.edu.pl<\/a><br>Pok\u00f3j A 322<\/p>\n\n\n\n<ul class=\"wp-block-list\">\n<li><a href=\"https:\/\/m6.pk.edu.pl\/index.php\/strefa-dla-studenta\/konsultacje\/\"><\/a><strong><a href=\"https:\/\/spispracownikow.pk.edu.pl\/\">Konsultacje<\/a><\/strong> w spis pracownik\u00f3w<\/li>\n\n\n\n<li><a href=\"https:\/\/m6.pk.edu.pl\/index.php\/strefa-dla-studenta\/dyplomy\/zagadnienia-do-wyboru-tematow-prac-dyplomowych\/\">Zagadnienia do prac dyplomowych<\/a><\/li>\n\n\n\n<li><a href=\"https:\/\/m6.pk.edu.pl\/index.php\/strefa-dla-studenta\/materialy-dydaktyczne\/\">Materia\u0142y dydaktyczne udost\u0119pniane dla student\u00f3w<\/a><\/li>\n<\/ul>\n<\/div><\/div>\n","protected":false},"excerpt":{"rendered":"","protected":false},"author":1,"featured_media":0,"parent":100,"menu_order":0,"comment_status":"closed","ping_status":"closed","template":"","meta":{"advgb_blocks_editor_width":"","advgb_blocks_columns_visual_guide":"","neve_meta_sidebar":"","neve_meta_container":"","neve_meta_enable_content_width":"","neve_meta_content_width":70,"neve_meta_title_alignment":"","neve_meta_author_avatar":"","neve_post_elements_order":"","neve_meta_disable_header":"","neve_meta_disable_footer":"","neve_meta_disable_title":"on","_themeisle_gutenberg_block_has_review":false,"footnotes":""},"class_list":["post-251","page","type-page","status-publish","hentry"],"coauthors":[],"author_meta":{"author_link":"https:\/\/m6.pk.edu.pl\/index.php\/author\/gibaspiotr\/","display_name":"gibaspiotr"},"relative_dates":{"created":"Posted 7 lat ago","modified":"Updated 6 miesi\u0119cy ago"},"absolute_dates":{"created":"Posted on 16 sierpnia 2019","modified":"Updated on 21 pa\u017adziernika 2025"},"absolute_dates_time":{"created":"Posted on 16 sierpnia 2019 10:08","modified":"Updated on 21 pa\u017adziernika 2025 13:08"},"featured_img_caption":"","featured_img":false,"series_order":"","_links":{"self":[{"href":"https:\/\/m6.pk.edu.pl\/index.php\/wp-json\/wp\/v2\/pages\/251","targetHints":{"allow":["GET"]}}],"collection":[{"href":"https:\/\/m6.pk.edu.pl\/index.php\/wp-json\/wp\/v2\/pages"}],"about":[{"href":"https:\/\/m6.pk.edu.pl\/index.php\/wp-json\/wp\/v2\/types\/page"}],"author":[{"embeddable":true,"href":"https:\/\/m6.pk.edu.pl\/index.php\/wp-json\/wp\/v2\/users\/1"}],"replies":[{"embeddable":true,"href":"https:\/\/m6.pk.edu.pl\/index.php\/wp-json\/wp\/v2\/comments?post=251"}],"version-history":[{"count":0,"href":"https:\/\/m6.pk.edu.pl\/index.php\/wp-json\/wp\/v2\/pages\/251\/revisions"}],"up":[{"embeddable":true,"href":"https:\/\/m6.pk.edu.pl\/index.php\/wp-json\/wp\/v2\/pages\/100"}],"wp:attachment":[{"href":"https:\/\/m6.pk.edu.pl\/index.php\/wp-json\/wp\/v2\/media?parent=251"}],"curies":[{"name":"wp","href":"https:\/\/api.w.org\/{rel}","templated":true}]}}