{"id":2496,"date":"2019-12-02T09:57:51","date_gmt":"2019-12-02T08:57:51","guid":{"rendered":"https:\/\/m6.pk.edu.pl\/?page_id=2496"},"modified":"2020-01-14T10:03:10","modified_gmt":"2020-01-14T09:03:10","slug":"oferta-druku-3d","status":"publish","type":"page","link":"https:\/\/m6.pk.edu.pl\/index.php\/nauka\/oferta-dla-przemyslu\/oferta-druku-3d\/","title":{"rendered":"Oferta druku 3D"},"content":{"rendered":"\n<div class=\"wp-block-media-text alignwide has-media-on-the-right is-stacked-on-mobile\" style=\"grid-template-columns:auto 47%\"><figure class=\"wp-block-media-text__media\"><img fetchpriority=\"high\" decoding=\"async\" width=\"839\" height=\"1024\" src=\"https:\/\/m6.pk.edu.pl\/wp-content\/uploads\/2019\/12\/auto-druk-3d-839x1024.jpg\" alt=\"\" class=\"wp-image-2501\" srcset=\"https:\/\/m6.pk.edu.pl\/wp-content\/uploads\/2019\/12\/auto-druk-3d-839x1024.jpg 839w, https:\/\/m6.pk.edu.pl\/wp-content\/uploads\/2019\/12\/auto-druk-3d-246x300.jpg 246w, https:\/\/m6.pk.edu.pl\/wp-content\/uploads\/2019\/12\/auto-druk-3d-768x937.jpg 768w, https:\/\/m6.pk.edu.pl\/wp-content\/uploads\/2019\/12\/auto-druk-3d-1259x1536.jpg 1259w, https:\/\/m6.pk.edu.pl\/wp-content\/uploads\/2019\/12\/auto-druk-3d.jpg 1311w\" sizes=\"(max-width: 839px) 100vw, 839px\" \/><\/figure><div class=\"wp-block-media-text__content\">\n<h3 class=\"wp-block-heading\">Drukowanie element\u00f3w na podstawie otrzymanych modeli CAD z tworzyw sztucznych z wykorzystaniem nast\u0119puj\u0105cych metod:<\/h3>\n<\/div><\/div>\n\n\n\n<ul class=\"animated fadeIn ticss-2fb2c1d3 wp-block-list\"><li><strong>FFF (Fused Filament Fabrication )<\/strong> &#8211; osadzanie stopiongo materia\u0142u. Drukowanie z szerokiej gamy materia\u0142\u00f3w termoplastycznych takich jak ABS, PLA i nylon z wykorzystaniem drukarek Ubot i Zortrax<\/li><li><strong>SLA (Stereolitography)<\/strong> \u2013 stereolitografia, czyli fotopolimeryzacja. Drukowanie laserowe z szerokiej gamy \u017cywic o r\u00f3\u017cnorakich w\u0142a\u015bciwo\u015bciach mechanicznych z u\u017cyciem systemu Form2,<\/li><li><strong>SLS (Selective Laser Sintering)<\/strong> \u2013 selektywne spiekanie laserowe. Drukowanie laserowe z nylonu PA12 z u\u017cyciem systemu Sinterit Lisa.<\/li><\/ul>\n\n\n\n<hr class=\"wp-block-separator has-text-color has-background has-neve-link-hover-color-background-color has-neve-link-hover-color-color animated tada is-style-wide ticss-f9b24c0b\"\/>\n\n\n\n<figure class=\"wp-block-gallery columns-2 is-cropped animated slideInLeft wp-block-gallery-1\"><ul class=\"blocks-gallery-grid\"><li class=\"blocks-gallery-item\"><figure><img decoding=\"async\" width=\"1024\" height=\"685\" src=\"https:\/\/m6.pk.edu.pl\/wp-content\/uploads\/2019\/12\/dinozaur-1024x685.jpg\" alt=\"\" data-id=\"2502\" data-full-url=\"https:\/\/m6.pk.edu.pl\/wp-content\/uploads\/2019\/12\/dinozaur.jpg\" data-link=\"https:\/\/m6.pk.edu.pl\/dinozaur\/\" class=\"wp-image-2502\" srcset=\"https:\/\/m6.pk.edu.pl\/wp-content\/uploads\/2019\/12\/dinozaur-1024x685.jpg 1024w, https:\/\/m6.pk.edu.pl\/wp-content\/uploads\/2019\/12\/dinozaur-300x201.jpg 300w, https:\/\/m6.pk.edu.pl\/wp-content\/uploads\/2019\/12\/dinozaur-768x514.jpg 768w, https:\/\/m6.pk.edu.pl\/wp-content\/uploads\/2019\/12\/dinozaur-1536x1028.jpg 1536w, https:\/\/m6.pk.edu.pl\/wp-content\/uploads\/2019\/12\/dinozaur.jpg 1600w\" sizes=\"(max-width: 1024px) 100vw, 1024px\" \/><\/figure><\/li><li class=\"blocks-gallery-item\"><figure><img decoding=\"async\" width=\"1024\" height=\"783\" src=\"https:\/\/m6.pk.edu.pl\/wp-content\/uploads\/2019\/12\/przekladnia-1024x783.jpg\" alt=\"\" data-id=\"2505\" data-full-url=\"https:\/\/m6.pk.edu.pl\/wp-content\/uploads\/2019\/12\/przekladnia.jpg\" data-link=\"https:\/\/m6.pk.edu.pl\/przekladnia\/\" class=\"wp-image-2505\" srcset=\"https:\/\/m6.pk.edu.pl\/wp-content\/uploads\/2019\/12\/przekladnia-1024x783.jpg 1024w, https:\/\/m6.pk.edu.pl\/wp-content\/uploads\/2019\/12\/przekladnia-300x230.jpg 300w, https:\/\/m6.pk.edu.pl\/wp-content\/uploads\/2019\/12\/przekladnia-768x588.jpg 768w, https:\/\/m6.pk.edu.pl\/wp-content\/uploads\/2019\/12\/przekladnia-1536x1175.jpg 1536w, https:\/\/m6.pk.edu.pl\/wp-content\/uploads\/2019\/12\/przekladnia.jpg 1600w\" sizes=\"(max-width: 1024px) 100vw, 1024px\" \/><\/figure><\/li><li class=\"blocks-gallery-item\"><figure><img loading=\"lazy\" decoding=\"async\" width=\"1024\" height=\"865\" src=\"https:\/\/m6.pk.edu.pl\/wp-content\/uploads\/2019\/12\/elementy3D-1-1024x865.jpg\" alt=\"\" data-id=\"2504\" data-full-url=\"https:\/\/m6.pk.edu.pl\/wp-content\/uploads\/2019\/12\/elementy3D-1.jpg\" data-link=\"https:\/\/m6.pk.edu.pl\/elementy3d-1\/\" class=\"wp-image-2504\" srcset=\"https:\/\/m6.pk.edu.pl\/wp-content\/uploads\/2019\/12\/elementy3D-1-1024x865.jpg 1024w, https:\/\/m6.pk.edu.pl\/wp-content\/uploads\/2019\/12\/elementy3D-1-300x254.jpg 300w, https:\/\/m6.pk.edu.pl\/wp-content\/uploads\/2019\/12\/elementy3D-1-768x649.jpg 768w, https:\/\/m6.pk.edu.pl\/wp-content\/uploads\/2019\/12\/elementy3D-1-1536x1298.jpg 1536w, https:\/\/m6.pk.edu.pl\/wp-content\/uploads\/2019\/12\/elementy3D-1.jpg 1600w\" sizes=\"(max-width: 1024px) 100vw, 1024px\" \/><\/figure><\/li><li class=\"blocks-gallery-item\"><figure><img loading=\"lazy\" decoding=\"async\" width=\"1024\" height=\"797\" src=\"https:\/\/m6.pk.edu.pl\/wp-content\/uploads\/2019\/12\/dom-1024x797.jpg\" alt=\"\" data-id=\"2503\" data-full-url=\"https:\/\/m6.pk.edu.pl\/wp-content\/uploads\/2019\/12\/dom.jpg\" data-link=\"https:\/\/m6.pk.edu.pl\/dom\/\" class=\"wp-image-2503 is-layout-flex wp-block-gallery-is-layout-flex\" srcset=\"https:\/\/m6.pk.edu.pl\/wp-content\/uploads\/2019\/12\/dom-1024x797.jpg 1024w, https:\/\/m6.pk.edu.pl\/wp-content\/uploads\/2019\/12\/dom-300x233.jpg 300w, https:\/\/m6.pk.edu.pl\/wp-content\/uploads\/2019\/12\/dom-768x598.jpg 768w, https:\/\/m6.pk.edu.pl\/wp-content\/uploads\/2019\/12\/dom-1536x1195.jpg 1536w, https:\/\/m6.pk.edu.pl\/wp-content\/uploads\/2019\/12\/dom.jpg 1600w\" sizes=\"(max-width: 1024px) 100vw, 1024px\" \/><\/figure><\/li><\/ul><\/figure>\n\n\n\n<p class=\"has-text-color has-background has-white-color has-neve-link-hover-color-background-color\"><strong>Istnieje tak\u017ce mo\u017cliwo\u015b\u0107 us\u0142ugi polegaj\u0105cej na zaprojektowaniu modelu CAD na podstawie otrzymanego szkicu i wytycznych.<\/strong><\/p>\n\n\n\n<hr class=\"wp-block-separator has-text-color has-background has-neve-button-color-background-color has-neve-button-color-color animated tada\"\/>\n\n\n\n<h3 class=\"has-neve-link-color-color has-text-color wp-block-heading\">Prowadzimy tak\u017ce szkolenia z zakresu druku 3D. <\/h3>\n\n\n\n<h4 class=\"wp-block-heading\">Szkolenie takie obejmuje:<\/h4>\n\n\n\n<ul class=\"wp-block-list\"><li> om\u00f3wienie wybranych metod druku 3D,<\/li><li> charakterystyk\u0119 wybranych materia\u0142\u00f3w wykorzystywanych w druku 3D,<\/li><li> om\u00f3wienie budowy i zasad eksploatacji wybranych drukarek 3D,<\/li><li> przygotowanie plik\u00f3w CAD 3D do druku,<\/li><li> przygotowanie procesu drukowania,<\/li><li> om\u00f3wienie wybranych metod obr\u00f3bki wyka\u0144czaj\u0105cej.<\/li><\/ul>\n\n\n\n<p> <strong>Kontakt: dr in\u017c. Marcin Grabowski (marcin.grabowski(at)mech.pk.edu.pl)<\/strong><\/p>\n","protected":false},"excerpt":{"rendered":"<p>Drukowanie element\u00f3w na podstawie otrzymanych modeli CAD z tworzyw sztucznych z wykorzystaniem nast\u0119puj\u0105cych metod: FFF (Fused Filament Fabrication ) &#8211; osadzanie stopiongo materia\u0142u. Drukowanie z szerokiej gamy materia\u0142\u00f3w termoplastycznych takich jak ABS, PLA i nylon z wykorzystaniem drukarek Ubot i Zortrax SLA (Stereolitography) \u2013 stereolitografia, czyli fotopolimeryzacja. Drukowanie laserowe z szerokiej gamy \u017cywic o r\u00f3\u017cnorakich&hellip;&nbsp;<a href=\"https:\/\/m6.pk.edu.pl\/index.php\/nauka\/oferta-dla-przemyslu\/oferta-druku-3d\/\" rel=\"bookmark\">Dowiedz si\u0119 wi\u0119cej &raquo;<span class=\"screen-reader-text\">Oferta druku 3D<\/span><\/a><\/p>\n","protected":false},"author":1,"featured_media":0,"parent":42,"menu_order":0,"comment_status":"closed","ping_status":"closed","template":"","meta":{"advgb_blocks_editor_width":"","advgb_blocks_columns_visual_guide":"","neve_meta_sidebar":"","neve_meta_container":"","neve_meta_enable_content_width":"","neve_meta_content_width":100,"neve_meta_title_alignment":"","neve_meta_author_avatar":"","neve_post_elements_order":"","neve_meta_disable_header":"","neve_meta_disable_footer":"","neve_meta_disable_title":"","_themeisle_gutenberg_block_has_review":false,"footnotes":""},"class_list":["post-2496","page","type-page","status-publish","hentry"],"coauthors":[],"author_meta":{"author_link":"https:\/\/m6.pk.edu.pl\/index.php\/author\/gibaspiotr\/","display_name":"gibaspiotr"},"relative_dates":{"created":"Posted 6 lat ago","modified":"Updated 6 lat ago"},"absolute_dates":{"created":"Posted on 2 grudnia 2019","modified":"Updated on 14 stycznia 2020"},"absolute_dates_time":{"created":"Posted on 2 grudnia 2019 09:57","modified":"Updated on 14 stycznia 2020 10:03"},"featured_img_caption":"","featured_img":false,"series_order":"","_links":{"self":[{"href":"https:\/\/m6.pk.edu.pl\/index.php\/wp-json\/wp\/v2\/pages\/2496","targetHints":{"allow":["GET"]}}],"collection":[{"href":"https:\/\/m6.pk.edu.pl\/index.php\/wp-json\/wp\/v2\/pages"}],"about":[{"href":"https:\/\/m6.pk.edu.pl\/index.php\/wp-json\/wp\/v2\/types\/page"}],"author":[{"embeddable":true,"href":"https:\/\/m6.pk.edu.pl\/index.php\/wp-json\/wp\/v2\/users\/1"}],"replies":[{"embeddable":true,"href":"https:\/\/m6.pk.edu.pl\/index.php\/wp-json\/wp\/v2\/comments?post=2496"}],"version-history":[{"count":0,"href":"https:\/\/m6.pk.edu.pl\/index.php\/wp-json\/wp\/v2\/pages\/2496\/revisions"}],"up":[{"embeddable":true,"href":"https:\/\/m6.pk.edu.pl\/index.php\/wp-json\/wp\/v2\/pages\/42"}],"wp:attachment":[{"href":"https:\/\/m6.pk.edu.pl\/index.php\/wp-json\/wp\/v2\/media?parent=2496"}],"curies":[{"name":"wp","href":"https:\/\/api.w.org\/{rel}","templated":true}]}}