{"id":245,"date":"2019-08-16T10:05:52","date_gmt":"2019-08-16T08:05:52","guid":{"rendered":"https:\/\/m6.pk.edu.pl\/?page_id=245"},"modified":"2025-10-21T13:05:06","modified_gmt":"2025-10-21T11:05:06","slug":"kowalczyk-malgorzata","status":"publish","type":"page","link":"https:\/\/m6.pk.edu.pl\/index.php\/struktura-m-06\/pracownicy-instytutu\/kowalczyk-malgorzata\/","title":{"rendered":"Kowalczyk Ma\u0142gorzata"},"content":{"rendered":"\n<div class=\"wp-block-media-text alignwide is-stacked-on-mobile\" style=\"grid-template-columns:21% auto\"><figure class=\"wp-block-media-text__media\"><img fetchpriority=\"high\" decoding=\"async\" width=\"600\" height=\"900\" src=\"https:\/\/m6.pk.edu.pl\/wp-content\/uploads\/2019\/09\/Kowalczyk.jpg\" alt=\"\" class=\"wp-image-2077 size-full\" srcset=\"https:\/\/m6.pk.edu.pl\/wp-content\/uploads\/2019\/09\/Kowalczyk.jpg 600w, https:\/\/m6.pk.edu.pl\/wp-content\/uploads\/2019\/09\/Kowalczyk-200x300.jpg 200w\" sizes=\"(max-width: 600px) 100vw, 600px\" \/><\/figure><div class=\"wp-block-media-text__content\">\n<h3 class=\"wp-block-heading\">dr in\u017c. Ma\u0142gorzata Kowalczyk <\/h3>\n\n\n\n<h4 class=\"wp-block-heading\"><a href=\"https:\/\/www.scopus.com\/authid\/detail.uri?authorId=57195087532\">SCOPUS Author ID<\/a><br><a href=\"https:\/\/orcid.org\/0000-0001-5828-1229\">ORCID iD<\/a><br><a href=\"https:\/\/cris.pk.edu.pl\/info\/author\/CUTe4e5d3d17d0948778517289cc3862b04?r=author&amp;tab=&amp;title=Profil%2Bosoby%2B%25E2%2580%2593%2BMa%25C5%2582gorzata%2BZofia%2BKowalczyk%2B%25E2%2580%2593%2BPolitechnika%2BKrakowska&amp;lang=pl\">Publikacje CRIS PK<\/a><\/h4>\n\n\n\n<p>Telefon: 32 45<br>E-mail:&nbsp;<a href=\"mailto:malgorzata.kowalczyk@pk.edu.pl\"><\/a><a href=\"mailto:malgorzata.kowalczyk@pk.edu.pl\">malgorzata.kowalczyk@pk.edu.pl<\/a><br>Pok\u00f3j A 411<\/p>\n\n\n\n<ul class=\"wp-block-list\">\n<li><a href=\"https:\/\/m6.pk.edu.pl\/index.php\/strefa-dla-studenta\/konsultacje\/\"><\/a><strong><a href=\"https:\/\/spispracownikow.pk.edu.pl\/\">Konsultacje<\/a><\/strong> w spis pracownik\u00f3w<\/li>\n\n\n\n<li><a href=\"https:\/\/m6.pk.edu.pl\/index.php\/strefa-dla-studenta\/dyplomy\/zagadnienia-do-wyboru-tematow-prac-dyplomowych\/\">Zagadnienia do prac dyplomowych<\/a><\/li>\n\n\n\n<li><a href=\"https:\/\/m6.pk.edu.pl\/index.php\/strefa-dla-studenta\/materialy-dydaktyczne\/\">Materia\u0142y dydaktyczne udost\u0119pniane dla student\u00f3w<\/a><\/li>\n<\/ul>\n<\/div><\/div>\n\n\n\n<p><strong>W pracy naukowo-badawczej<\/strong>, obejmuj\u0105cej obszar in\u017cynierii produkcji oraz budowy i eksploatacji maszyn koncentruje si\u0119 na badaniach i optymalizacji proces\u00f3w obr\u00f3bki precyzyjnej, zw\u0142aszcza materia\u0142\u00f3w trudnoskrawalnych (stopy tytanu, niklu, stale nierdzewne), badaniach skrawalno\u015bci zaawansowanych materia\u0142\u00f3w, badaniach zu\u017cycia narz\u0119dzi skrawaj\u0105cych, symulacji proces\u00f3w obr\u00f3bki, ocenie stanu warstwy wierzchniej, projektowaniu proces\u00f3w technologicznych obr\u00f3bki, programowaniu i obs\u0142udze obrabiarek CNC, komputerowym wspomaganiu wytwarzania &#8211; systemy CAD\/CAM.<\/p>\n\n\n\n<p><strong>Prowadzone przedmioty<\/strong>: Obr\u00f3bka wi\u00f3rowa i \u015bcierna, Techniki wytwarzania, Monitoring, modelowanie i symulacja proces\u00f3w obr\u00f3bki; Komputerowo wspomagane wytwarzanie; Metody i \u015brodki wytwarzania, Bezpiecze\u0144stwo obr\u00f3bki ubytkowej i przyrostowej, Technologia wytwarzania i przetwarzania materia\u0142\u00f3w in\u017cynierskich II, Technologie obr\u00f3bki wi\u00f3rowej, \u015bciernej i erozyjnej, Systemy zdalnego sterowania<\/p>\n","protected":false},"excerpt":{"rendered":"<p>W pracy naukowo-badawczej, obejmuj\u0105cej obszar in\u017cynierii produkcji oraz budowy i eksploatacji maszyn koncentruje si\u0119 na badaniach i optymalizacji proces\u00f3w obr\u00f3bki precyzyjnej, zw\u0142aszcza materia\u0142\u00f3w trudnoskrawalnych (stopy tytanu, niklu, stale nierdzewne), badaniach skrawalno\u015bci zaawansowanych materia\u0142\u00f3w, badaniach zu\u017cycia narz\u0119dzi skrawaj\u0105cych, symulacji proces\u00f3w obr\u00f3bki, ocenie stanu warstwy wierzchniej, projektowaniu proces\u00f3w technologicznych obr\u00f3bki, programowaniu i obs\u0142udze obrabiarek CNC, komputerowym wspomaganiu&hellip;&nbsp;<a href=\"https:\/\/m6.pk.edu.pl\/index.php\/struktura-m-06\/pracownicy-instytutu\/kowalczyk-malgorzata\/\" rel=\"bookmark\">Dowiedz si\u0119 wi\u0119cej &raquo;<span class=\"screen-reader-text\">Kowalczyk Ma\u0142gorzata<\/span><\/a><\/p>\n","protected":false},"author":1,"featured_media":0,"parent":100,"menu_order":0,"comment_status":"closed","ping_status":"closed","template":"","meta":{"advgb_blocks_editor_width":"","advgb_blocks_columns_visual_guide":"","neve_meta_sidebar":"","neve_meta_container":"","neve_meta_enable_content_width":"off","neve_meta_content_width":0,"neve_meta_title_alignment":"","neve_meta_author_avatar":"","neve_post_elements_order":"","neve_meta_disable_header":"","neve_meta_disable_footer":"","neve_meta_disable_title":"on","_themeisle_gutenberg_block_has_review":false,"footnotes":""},"class_list":["post-245","page","type-page","status-publish","hentry"],"coauthors":[],"author_meta":{"author_link":"https:\/\/m6.pk.edu.pl\/index.php\/author\/gibaspiotr\/","display_name":"gibaspiotr"},"relative_dates":{"created":"Posted 7 lat ago","modified":"Updated 6 miesi\u0119cy ago"},"absolute_dates":{"created":"Posted on 16 sierpnia 2019","modified":"Updated on 21 pa\u017adziernika 2025"},"absolute_dates_time":{"created":"Posted on 16 sierpnia 2019 10:05","modified":"Updated on 21 pa\u017adziernika 2025 13:05"},"featured_img_caption":"","featured_img":false,"series_order":"","_links":{"self":[{"href":"https:\/\/m6.pk.edu.pl\/index.php\/wp-json\/wp\/v2\/pages\/245","targetHints":{"allow":["GET"]}}],"collection":[{"href":"https:\/\/m6.pk.edu.pl\/index.php\/wp-json\/wp\/v2\/pages"}],"about":[{"href":"https:\/\/m6.pk.edu.pl\/index.php\/wp-json\/wp\/v2\/types\/page"}],"author":[{"embeddable":true,"href":"https:\/\/m6.pk.edu.pl\/index.php\/wp-json\/wp\/v2\/users\/1"}],"replies":[{"embeddable":true,"href":"https:\/\/m6.pk.edu.pl\/index.php\/wp-json\/wp\/v2\/comments?post=245"}],"version-history":[{"count":0,"href":"https:\/\/m6.pk.edu.pl\/index.php\/wp-json\/wp\/v2\/pages\/245\/revisions"}],"up":[{"embeddable":true,"href":"https:\/\/m6.pk.edu.pl\/index.php\/wp-json\/wp\/v2\/pages\/100"}],"wp:attachment":[{"href":"https:\/\/m6.pk.edu.pl\/index.php\/wp-json\/wp\/v2\/media?parent=245"}],"curies":[{"name":"wp","href":"https:\/\/api.w.org\/{rel}","templated":true}]}}