{"id":243,"date":"2019-08-16T10:05:37","date_gmt":"2019-08-16T08:05:37","guid":{"rendered":"https:\/\/m6.pk.edu.pl\/?page_id=243"},"modified":"2021-01-08T10:03:30","modified_gmt":"2021-01-08T09:03:30","slug":"kiepura-czubacka-malgorzata","status":"publish","type":"page","link":"https:\/\/m6.pk.edu.pl\/index.php\/struktura-m-06\/pracownicy-instytutu\/kiepura-czubacka-malgorzata\/","title":{"rendered":"Kiepura-Czubacka Ma\u0142gorzata"},"content":{"rendered":"\n<div class=\"wp-block-media-text alignwide is-stacked-on-mobile\" style=\"grid-template-columns:21% auto\"><figure class=\"wp-block-media-text__media\"><img fetchpriority=\"high\" decoding=\"async\" width=\"601\" height=\"900\" src=\"https:\/\/m6.pk.edu.pl\/wp-content\/uploads\/2019\/08\/Kiepura.jpg\" alt=\"\" class=\"wp-image-1393 size-full\" srcset=\"https:\/\/m6.pk.edu.pl\/wp-content\/uploads\/2019\/08\/Kiepura.jpg 601w, https:\/\/m6.pk.edu.pl\/wp-content\/uploads\/2019\/08\/Kiepura-200x300.jpg 200w\" sizes=\"(max-width: 601px) 100vw, 601px\" \/><\/figure><div class=\"wp-block-media-text__content\">\n<h3 class=\"wp-block-heading\">Mgr in\u017c. Ma\u0142gorzata Kiepura &#8211; Czubacka <\/h3>\n\n\n\n<p>Telefon:&nbsp;32 17<br>E-mail:&nbsp;<a href=\"mailto:czubacka@mech.pk.edu.pl\">czubacka@mech.pk.edu.pl<\/a><br>Pok\u00f3j A 313<\/p>\n\n\n\n<ul class=\"wp-block-list\"><li><a href=\"https:\/\/m6.pk.edu.pl\/index.php\/strefa-dla-studenta\/konsultacje\/\"><a href=\"https:\/\/m6.pk.edu.pl\/index.php\/strefa-dla-studenta\/konsultacje\/\">Konsultacje pracownik\u00f3w Katedry M-06<\/a><\/a><\/li><li><a href=\"https:\/\/m6.pk.edu.pl\/index.php\/strefa-dla-studenta\/materialy-dydaktyczne\/\">Materia\u0142y dydaktyczne udost\u0119pniane dla student\u00f3w<\/a><\/li><\/ul>\n<\/div><\/div>\n\n\n\n<p>Zajmuje si\u0119 zagadnieniami zwi\u0105zanymi z projektowaniem nowoczesnych strategii&nbsp;&nbsp;marketingowych w przedsi\u0119biorstwach, a w szczeg\u00f3lno\u015bci strategicznym zarz\u0105dzaniem&nbsp;&nbsp;marketingowym , efektywno\u015bci\u0105 nowoczesnych&nbsp;&nbsp;narz\u0119dzi promocji oraz program\u00f3w PR.<\/p>\n\n\n\n<p>Na kierunku In\u017cynieria produkcji odpowiedzialna jest za zaj\u0119cia z przedmiotu Marketing . Ponadto prowadzi zaj\u0119cia&nbsp;&nbsp;z obszaru Zarz\u0105dzania us\u0142ugami i przedmiotu Podstawy zarz\u0105dzania.<\/p>\n","protected":false},"excerpt":{"rendered":"<p>Mgr in\u017c. Ma\u0142gorzata Kiepura &#8211; Czubacka Telefon:&nbsp;32 17E-mail:&nbsp;czubacka@mech.pk.edu.plPok\u00f3j A 313 Konsultacje pracownik\u00f3w Katedry M-06 Materia\u0142y dydaktyczne udost\u0119pniane dla student\u00f3w Zajmuje si\u0119 zagadnieniami zwi\u0105zanymi z projektowaniem nowoczesnych strategii&nbsp;&nbsp;marketingowych w przedsi\u0119biorstwach, a w szczeg\u00f3lno\u015bci strategicznym zarz\u0105dzaniem&nbsp;&nbsp;marketingowym , efektywno\u015bci\u0105 nowoczesnych&nbsp;&nbsp;narz\u0119dzi promocji oraz program\u00f3w PR. Na kierunku In\u017cynieria produkcji odpowiedzialna jest za zaj\u0119cia z przedmiotu Marketing . Ponadto prowadzi&hellip;&nbsp;<a href=\"https:\/\/m6.pk.edu.pl\/index.php\/struktura-m-06\/pracownicy-instytutu\/kiepura-czubacka-malgorzata\/\" rel=\"bookmark\">Dowiedz si\u0119 wi\u0119cej &raquo;<span class=\"screen-reader-text\">Kiepura-Czubacka Ma\u0142gorzata<\/span><\/a><\/p>\n","protected":false},"author":1,"featured_media":0,"parent":100,"menu_order":0,"comment_status":"closed","ping_status":"closed","template":"","meta":{"advgb_blocks_editor_width":"","advgb_blocks_columns_visual_guide":"","neve_meta_sidebar":"","neve_meta_container":"","neve_meta_enable_content_width":"","neve_meta_content_width":70,"neve_meta_title_alignment":"","neve_meta_author_avatar":"","neve_post_elements_order":"","neve_meta_disable_header":"","neve_meta_disable_footer":"","neve_meta_disable_title":"on","_themeisle_gutenberg_block_has_review":false,"footnotes":""},"class_list":["post-243","page","type-page","status-publish","hentry"],"coauthors":[],"author_meta":{"author_link":"https:\/\/m6.pk.edu.pl\/index.php\/author\/gibaspiotr\/","display_name":"gibaspiotr"},"relative_dates":{"created":"Posted 7 lat ago","modified":"Updated 5 lat ago"},"absolute_dates":{"created":"Posted on 16 sierpnia 2019","modified":"Updated on 8 stycznia 2021"},"absolute_dates_time":{"created":"Posted on 16 sierpnia 2019 10:05","modified":"Updated on 8 stycznia 2021 10:03"},"featured_img_caption":"","featured_img":false,"series_order":"","_links":{"self":[{"href":"https:\/\/m6.pk.edu.pl\/index.php\/wp-json\/wp\/v2\/pages\/243","targetHints":{"allow":["GET"]}}],"collection":[{"href":"https:\/\/m6.pk.edu.pl\/index.php\/wp-json\/wp\/v2\/pages"}],"about":[{"href":"https:\/\/m6.pk.edu.pl\/index.php\/wp-json\/wp\/v2\/types\/page"}],"author":[{"embeddable":true,"href":"https:\/\/m6.pk.edu.pl\/index.php\/wp-json\/wp\/v2\/users\/1"}],"replies":[{"embeddable":true,"href":"https:\/\/m6.pk.edu.pl\/index.php\/wp-json\/wp\/v2\/comments?post=243"}],"version-history":[{"count":0,"href":"https:\/\/m6.pk.edu.pl\/index.php\/wp-json\/wp\/v2\/pages\/243\/revisions"}],"up":[{"embeddable":true,"href":"https:\/\/m6.pk.edu.pl\/index.php\/wp-json\/wp\/v2\/pages\/100"}],"wp:attachment":[{"href":"https:\/\/m6.pk.edu.pl\/index.php\/wp-json\/wp\/v2\/media?parent=243"}],"curies":[{"name":"wp","href":"https:\/\/api.w.org\/{rel}","templated":true}]}}