{"id":237,"date":"2019-08-16T10:04:43","date_gmt":"2019-08-16T08:04:43","guid":{"rendered":"https:\/\/m6.pk.edu.pl\/?page_id=237"},"modified":"2025-10-21T13:04:41","modified_gmt":"2025-10-21T11:04:41","slug":"karbowski-krzysztof","status":"publish","type":"page","link":"https:\/\/m6.pk.edu.pl\/index.php\/struktura-m-06\/pracownicy-instytutu\/karbowski-krzysztof\/","title":{"rendered":"Karbowski Krzysztof"},"content":{"rendered":"\n<div class=\"wp-block-media-text alignwide is-stacked-on-mobile ticss-b213cb5b\" style=\"grid-template-columns:21% auto\"><figure class=\"wp-block-media-text__media\"><img fetchpriority=\"high\" decoding=\"async\" width=\"552\" height=\"828\" src=\"https:\/\/m6.pk.edu.pl\/wp-content\/uploads\/2019\/09\/Karbowski-1.jpg\" alt=\"\" class=\"wp-image-2060 size-full\" srcset=\"https:\/\/m6.pk.edu.pl\/wp-content\/uploads\/2019\/09\/Karbowski-1.jpg 552w, https:\/\/m6.pk.edu.pl\/wp-content\/uploads\/2019\/09\/Karbowski-1-200x300.jpg 200w\" sizes=\"(max-width: 552px) 100vw, 552px\" \/><\/figure><div class=\"wp-block-media-text__content\">\n<h3 class=\"wp-block-heading\">dr hab. in\u017c. Krzysztof Karbowski, prof. PK <\/h3>\n\n\n\n<h4 class=\"wp-block-heading\"><a href=\"https:\/\/www.scopus.com\/authid\/detail.uri?authorId=7006779020\">SCOPUS Author ID<\/a><br><a href=\"https:\/\/orcid.org\/0000-0002-3703-4031\">ORCID iD<\/a><br><a href=\"https:\/\/cris.pk.edu.pl\/info\/author\/CUT6ac9c16dfcc24e74a970eb5e16d6d2f7?r=author&amp;tab=&amp;title=Profil%2Bosoby%2B%25E2%2580%2593%2BKrzysztof%2BKarbowski%2B%25E2%2580%2593%2BPolitechnika%2BKrakowska&amp;lang=pl\">Publikacje &#8211; CRIS PK<\/a><\/h4>\n\n\n\n<p>Telefon:&nbsp;32 47<br>E-mail:&nbsp;<a href=\"mailto:krzysztof.karbowski@pk.edu.pl\"><\/a><a href=\"mailto:krzysztof.karbowski@pk.edu.pl\">krzysztof.karbowski@pk.edu.pl<\/a><br>Pok\u00f3j C 205b, C 203<\/p>\n\n\n\n<ul class=\"wp-block-list\">\n<li><a href=\"https:\/\/m6.pk.edu.pl\/index.php\/strefa-dla-studenta\/konsultacje\/\"><\/a><strong><a href=\"https:\/\/spispracownikow.pk.edu.pl\/\">Konsultacje<\/a><\/strong> w spis pracownik\u00f3w<\/li>\n\n\n\n<li><a href=\"https:\/\/m6.pk.edu.pl\/index.php\/strefa-dla-studenta\/dyplomy\/zagadnienia-do-wyboru-tematow-prac-dyplomowych\/\">Zagadnienia do prac dyplomowych<\/a><\/li>\n\n\n\n<li><a href=\"https:\/\/m6.pk.edu.pl\/index.php\/strefa-dla-studenta\/materialy-dydaktyczne\/\">Materia\u0142y dydaktyczne udost\u0119pniane dla student\u00f3w<\/a><\/li>\n<\/ul>\n<\/div><\/div>\n\n\n\n<p>Najwa\u017cniejsze zainteresowania zawodowe i naukowe:&nbsp; in\u017cynieria rekonstrukcyjna,&nbsp; in\u017cynieria biomedyczna,&nbsp; modelowanie komputerowe w systemach CAD\/CAM,&nbsp; programowanie w j\u0119zykach C++, C#;  skanowanie i druk 3D.<\/p>\n\n\n\n<p>Przedmioty, z kt\u00f3rych prowadzi zaj\u0119cia na kierunku: <br>Informatyka w in\u017cynierii produkcji, Projekt dyplomowy I, Seminarium dyplomowe I, Rekonstrukcja obiekt\u00f3w, Projektowanie oprzyrz\u0105dowania technologicznego w systemach CAD,&nbsp; Zaawansowane systemy CAM.&nbsp;<\/p>\n","protected":false},"excerpt":{"rendered":"<p>Najwa\u017cniejsze zainteresowania zawodowe i naukowe:&nbsp; in\u017cynieria rekonstrukcyjna,&nbsp; in\u017cynieria biomedyczna,&nbsp; modelowanie komputerowe w systemach CAD\/CAM,&nbsp; programowanie w j\u0119zykach C++, C#; skanowanie i druk 3D. Przedmioty, z kt\u00f3rych prowadzi zaj\u0119cia na kierunku: Informatyka w in\u017cynierii produkcji, Projekt dyplomowy I, Seminarium dyplomowe I, Rekonstrukcja obiekt\u00f3w, Projektowanie oprzyrz\u0105dowania technologicznego w systemach CAD,&nbsp; Zaawansowane systemy CAM.&nbsp;<\/p>\n","protected":false},"author":1,"featured_media":0,"parent":100,"menu_order":0,"comment_status":"closed","ping_status":"closed","template":"","meta":{"advgb_blocks_editor_width":"","advgb_blocks_columns_visual_guide":"","neve_meta_sidebar":"","neve_meta_container":"","neve_meta_enable_content_width":"off","neve_meta_content_width":0,"neve_meta_title_alignment":"","neve_meta_author_avatar":"","neve_post_elements_order":"","neve_meta_disable_header":"","neve_meta_disable_footer":"","neve_meta_disable_title":"on","_themeisle_gutenberg_block_has_review":false,"footnotes":""},"class_list":["post-237","page","type-page","status-publish","hentry"],"coauthors":[],"author_meta":{"author_link":"https:\/\/m6.pk.edu.pl\/index.php\/author\/gibaspiotr\/","display_name":"gibaspiotr"},"relative_dates":{"created":"Posted 7 lat ago","modified":"Updated 6 miesi\u0119cy ago"},"absolute_dates":{"created":"Posted on 16 sierpnia 2019","modified":"Updated on 21 pa\u017adziernika 2025"},"absolute_dates_time":{"created":"Posted on 16 sierpnia 2019 10:04","modified":"Updated on 21 pa\u017adziernika 2025 13:04"},"featured_img_caption":"","featured_img":false,"series_order":"","_links":{"self":[{"href":"https:\/\/m6.pk.edu.pl\/index.php\/wp-json\/wp\/v2\/pages\/237","targetHints":{"allow":["GET"]}}],"collection":[{"href":"https:\/\/m6.pk.edu.pl\/index.php\/wp-json\/wp\/v2\/pages"}],"about":[{"href":"https:\/\/m6.pk.edu.pl\/index.php\/wp-json\/wp\/v2\/types\/page"}],"author":[{"embeddable":true,"href":"https:\/\/m6.pk.edu.pl\/index.php\/wp-json\/wp\/v2\/users\/1"}],"replies":[{"embeddable":true,"href":"https:\/\/m6.pk.edu.pl\/index.php\/wp-json\/wp\/v2\/comments?post=237"}],"version-history":[{"count":0,"href":"https:\/\/m6.pk.edu.pl\/index.php\/wp-json\/wp\/v2\/pages\/237\/revisions"}],"up":[{"embeddable":true,"href":"https:\/\/m6.pk.edu.pl\/index.php\/wp-json\/wp\/v2\/pages\/100"}],"wp:attachment":[{"href":"https:\/\/m6.pk.edu.pl\/index.php\/wp-json\/wp\/v2\/media?parent=237"}],"curies":[{"name":"wp","href":"https:\/\/api.w.org\/{rel}","templated":true}]}}