{"id":2369,"date":"2019-11-05T13:33:16","date_gmt":"2019-11-05T12:33:16","guid":{"rendered":"https:\/\/m6.pk.edu.pl\/?page_id=2369"},"modified":"2026-03-24T12:31:16","modified_gmt":"2026-03-24T11:31:16","slug":"m-064","status":"publish","type":"page","link":"https:\/\/m6.pk.edu.pl\/index.php\/struktura-m-06\/m-064\/","title":{"rendered":"M-06-4"},"content":{"rendered":"\n<h3 class=\"wp-block-heading\">Zesp\u00f3\u0142 Projektowania Proces\u00f3w Wytwarzania<\/h3>\n\n\n\n<figure class=\"wp-block-table\"><table><tbody><tr><td><strong>Nazwisko i imi\u0119<\/strong><\/td><td><strong>Tytu\u0142<\/strong><\/td><td><strong>&nbsp;Nr tel.&nbsp;(12-374-)<\/strong><\/td><\/tr><tr><td><a href=\"https:\/\/m6.pk.edu.pl\/index.php\/struktura-m-06\/pracownicy-instytutu\/duda-jan\/\">Duda Jan<\/a><\/td><td>dr hab. in\u017c., prof. PK<\/td><td>32 84<\/td><\/tr><tr><td><a href=\"https:\/\/m6.pk.edu.pl\/index.php\/struktura-m-06\/pracownicy-instytutu\/gola-lukasz\/\">Gola \u0141ukasz<\/a><\/td><td>dr in\u017c.&nbsp;<\/td><td>32 61<\/td><\/tr><tr><td><a href=\"https:\/\/m6.pk.edu.pl\/index.php\/struktura-m-06\/pracownicy-instytutu\/habel-jacek\/\">Habel Jacek<\/a><\/td><td>dr in\u017c.<\/td><td>32 39<\/td><\/tr><tr><td><a href=\"https:\/\/m6.pk.edu.pl\/index.php\/struktura-m-06\/pracownicy-instytutu\/pobozniak-janusz\/\">Pobo\u017cniak Janusz<\/a><\/td><td>dr in\u017c.<\/td><td>32 66<\/td><\/tr><tr><td>War\u017co\u0142ek Dorota<\/td><td>mgr in\u017c.&nbsp;<\/td><td>32 62<\/td><\/tr><tr><td><a href=\"https:\/\/m6.pk.edu.pl\/index.php\/struktura-m-06\/pracownicy-instytutu\/wojakowski-pawel\/\">Wojakowski Pawe\u0142<\/a><\/td><td>dr&nbsp; in\u017c.&nbsp;<\/td><td>32 61<\/td><\/tr><\/tbody><\/table><\/figure>\n","protected":false},"excerpt":{"rendered":"<p>Zesp\u00f3\u0142 Projektowania Proces\u00f3w Wytwarzania Nazwisko i imi\u0119 Tytu\u0142 &nbsp;Nr tel.&nbsp;(12-374-) Duda Jan dr hab. in\u017c., prof. PK 32 84 Gola \u0141ukasz dr in\u017c.&nbsp; 32 61 Habel Jacek dr in\u017c. 32 39 Pobo\u017cniak Janusz dr in\u017c. 32 66 War\u017co\u0142ek Dorota mgr in\u017c.&nbsp; 32 62 Wojakowski Pawe\u0142 dr&nbsp; in\u017c.&nbsp; 32 61<\/p>\n","protected":false},"author":1,"featured_media":0,"parent":98,"menu_order":0,"comment_status":"closed","ping_status":"closed","template":"","meta":{"advgb_blocks_editor_width":"","advgb_blocks_columns_visual_guide":"","neve_meta_sidebar":"","neve_meta_container":"","neve_meta_enable_content_width":"off","neve_meta_content_width":100,"neve_meta_title_alignment":"","neve_meta_author_avatar":"","neve_post_elements_order":"","neve_meta_disable_header":"","neve_meta_disable_footer":"","neve_meta_disable_title":"","_themeisle_gutenberg_block_has_review":false,"footnotes":""},"class_list":["post-2369","page","type-page","status-publish","hentry"],"coauthors":[],"author_meta":{"author_link":"https:\/\/m6.pk.edu.pl\/index.php\/author\/gibaspiotr\/","display_name":"gibaspiotr"},"relative_dates":{"created":"Posted 6 lat ago","modified":"Updated 3 tygodnie ago"},"absolute_dates":{"created":"Posted on 5 listopada 2019","modified":"Updated on 24 marca 2026"},"absolute_dates_time":{"created":"Posted on 5 listopada 2019 13:33","modified":"Updated on 24 marca 2026 12:31"},"featured_img_caption":"","featured_img":false,"series_order":"","_links":{"self":[{"href":"https:\/\/m6.pk.edu.pl\/index.php\/wp-json\/wp\/v2\/pages\/2369","targetHints":{"allow":["GET"]}}],"collection":[{"href":"https:\/\/m6.pk.edu.pl\/index.php\/wp-json\/wp\/v2\/pages"}],"about":[{"href":"https:\/\/m6.pk.edu.pl\/index.php\/wp-json\/wp\/v2\/types\/page"}],"author":[{"embeddable":true,"href":"https:\/\/m6.pk.edu.pl\/index.php\/wp-json\/wp\/v2\/users\/1"}],"replies":[{"embeddable":true,"href":"https:\/\/m6.pk.edu.pl\/index.php\/wp-json\/wp\/v2\/comments?post=2369"}],"version-history":[{"count":1,"href":"https:\/\/m6.pk.edu.pl\/index.php\/wp-json\/wp\/v2\/pages\/2369\/revisions"}],"predecessor-version":[{"id":11626,"href":"https:\/\/m6.pk.edu.pl\/index.php\/wp-json\/wp\/v2\/pages\/2369\/revisions\/11626"}],"up":[{"embeddable":true,"href":"https:\/\/m6.pk.edu.pl\/index.php\/wp-json\/wp\/v2\/pages\/98"}],"wp:attachment":[{"href":"https:\/\/m6.pk.edu.pl\/index.php\/wp-json\/wp\/v2\/media?parent=2369"}],"curies":[{"name":"wp","href":"https:\/\/api.w.org\/{rel}","templated":true}]}}