{"id":2367,"date":"2019-11-05T13:28:33","date_gmt":"2019-11-05T12:28:33","guid":{"rendered":"https:\/\/m6.pk.edu.pl\/?page_id=2367"},"modified":"2026-03-24T12:30:59","modified_gmt":"2026-03-24T11:30:59","slug":"m-063","status":"publish","type":"page","link":"https:\/\/m6.pk.edu.pl\/index.php\/struktura-m-06\/m-063\/","title":{"rendered":"M-06-3"},"content":{"rendered":"\n<h3 class=\"wp-block-heading\">Zesp\u00f3\u0142 Technologii Maszyn i Narz\u0119dzi<\/h3>\n\n\n\n<figure class=\"wp-block-table\"><table><tbody><tr><td><strong>Nazwisko i imi\u0119<\/strong><\/td><td><strong>Tytu\u0142<\/strong><\/td><td><strong>&nbsp;Nr tel.&nbsp;(12-628-)<\/strong><\/td><\/tr><tr><td>Gawe\u0142 Anna<\/td><td>dr in\u017c.<\/td><td><\/td><\/tr><tr><td>Gajos \u0141ukasz<\/td><td>in\u017c.<\/td><td>32 75, 32 78<\/td><\/tr><tr><td><a href=\"https:\/\/m6.pk.edu.pl\/index.php\/struktura-m-06\/pracownicy-instytutu\/franczyk-emilia\/\" data-type=\"page\" data-id=\"6968\">Franczyk Emilia<\/a><\/td><td>dr in\u017c. <\/td><td>32 14<\/td><\/tr><tr><td><a href=\"https:\/\/m6.pk.edu.pl\/index.php\/struktura-m-06\/pracownicy-instytutu\/kowalczyk-malgorzata\/\">Kowalczyk Ma\u0142gorzata<\/a><\/td><td>dr in\u017c.&nbsp;<\/td><td>32 45<\/td><\/tr><tr><td><a href=\"https:\/\/m6.pk.edu.pl\/index.php\/struktura-m-06\/pracownicy-instytutu\/latosinska-ksenia\/\" data-type=\"page\" data-id=\"6990\">Latosi\u0144ska Ksenia<\/a><\/td><td>dr in\u017c. <\/td><td>32 45<\/td><\/tr><tr><td><a href=\"https:\/\/m6.pk.edu.pl\/index.php\/struktura-m-06\/pracownicy-instytutu\/matras-andrzej\/\">Matras Andrzej<\/a><\/td><td>dr in\u017c.&nbsp;<\/td><td>32 29<\/td><\/tr><tr><td><a href=\"https:\/\/m6.pk.edu.pl\/index.php\/struktura-m-06\/pracownicy-instytutu\/nizankowski-czeslaw\/\">Ni\u017cankowski Czes\u0142aw<\/a><\/td><td>prof. dr hab.in\u017c.<\/td><td>32 87<\/td><\/tr><tr><td><a href=\"https:\/\/m6.pk.edu.pl\/index.php\/struktura-m-06\/pracownicy-instytutu\/otko-tadeusz\/\">Otko Tadeusz<\/a><\/td><td>dr in\u017c.<\/td><td>32 37<\/td><\/tr><tr><td><a href=\"https:\/\/m6.pk.edu.pl\/index.php\/struktura-m-06\/pracownicy-instytutu\/slodki-bogdan\/\">S\u0142odki Bogdan<\/a><\/td><td>dr hab. in\u017c.<\/td><td>32 12<\/td><\/tr><tr><td><a href=\"https:\/\/m6.pk.edu.pl\/index.php\/struktura-m-06\/pracownicy-instytutu\/slusarczyk-lukasz\/\">\u015alusarczyk \u0141ukasz<\/a><\/td><td>dr in\u017c.<\/td><td>3214<\/td><\/tr><tr><td><a href=\"https:\/\/m6.pk.edu.pl\/index.php\/struktura-m-06\/pracownicy-instytutu\/zebala-wojciech\/\">Z\u0119bala Wojciech<\/a><\/td><td>prof. dr hab. in\u017c.&nbsp;<\/td><td>32 53<\/td><\/tr><\/tbody><\/table><\/figure>\n\n\n\n<p><\/p>\n","protected":false},"excerpt":{"rendered":"<p>Zesp\u00f3\u0142 Technologii Maszyn i Narz\u0119dzi Nazwisko i imi\u0119 Tytu\u0142 &nbsp;Nr tel.&nbsp;(12-628-) Gawe\u0142 Anna dr in\u017c. Gajos \u0141ukasz in\u017c. 32 75, 32 78 Franczyk Emilia dr in\u017c. 32 14 Kowalczyk Ma\u0142gorzata dr in\u017c.&nbsp; 32 45 Latosi\u0144ska Ksenia dr in\u017c. 32 45 Matras Andrzej dr in\u017c.&nbsp; 32 29 Ni\u017cankowski Czes\u0142aw prof. dr hab.in\u017c. 32 87 Otko Tadeusz&hellip;&nbsp;<a href=\"https:\/\/m6.pk.edu.pl\/index.php\/struktura-m-06\/m-063\/\" rel=\"bookmark\">Dowiedz si\u0119 wi\u0119cej &raquo;<span class=\"screen-reader-text\">M-06-3<\/span><\/a><\/p>\n","protected":false},"author":1,"featured_media":0,"parent":98,"menu_order":0,"comment_status":"closed","ping_status":"closed","template":"","meta":{"advgb_blocks_editor_width":"","advgb_blocks_columns_visual_guide":"","neve_meta_sidebar":"","neve_meta_container":"","neve_meta_enable_content_width":"off","neve_meta_content_width":100,"neve_meta_title_alignment":"","neve_meta_author_avatar":"","neve_post_elements_order":"","neve_meta_disable_header":"","neve_meta_disable_footer":"","neve_meta_disable_title":"","_themeisle_gutenberg_block_has_review":false,"footnotes":""},"class_list":["post-2367","page","type-page","status-publish","hentry"],"coauthors":[],"author_meta":{"author_link":"https:\/\/m6.pk.edu.pl\/index.php\/author\/gibaspiotr\/","display_name":"gibaspiotr"},"relative_dates":{"created":"Posted 6 lat ago","modified":"Updated 3 tygodnie ago"},"absolute_dates":{"created":"Posted on 5 listopada 2019","modified":"Updated on 24 marca 2026"},"absolute_dates_time":{"created":"Posted on 5 listopada 2019 13:28","modified":"Updated on 24 marca 2026 12:30"},"featured_img_caption":"","featured_img":false,"series_order":"","_links":{"self":[{"href":"https:\/\/m6.pk.edu.pl\/index.php\/wp-json\/wp\/v2\/pages\/2367","targetHints":{"allow":["GET"]}}],"collection":[{"href":"https:\/\/m6.pk.edu.pl\/index.php\/wp-json\/wp\/v2\/pages"}],"about":[{"href":"https:\/\/m6.pk.edu.pl\/index.php\/wp-json\/wp\/v2\/types\/page"}],"author":[{"embeddable":true,"href":"https:\/\/m6.pk.edu.pl\/index.php\/wp-json\/wp\/v2\/users\/1"}],"replies":[{"embeddable":true,"href":"https:\/\/m6.pk.edu.pl\/index.php\/wp-json\/wp\/v2\/comments?post=2367"}],"version-history":[{"count":1,"href":"https:\/\/m6.pk.edu.pl\/index.php\/wp-json\/wp\/v2\/pages\/2367\/revisions"}],"predecessor-version":[{"id":11625,"href":"https:\/\/m6.pk.edu.pl\/index.php\/wp-json\/wp\/v2\/pages\/2367\/revisions\/11625"}],"up":[{"embeddable":true,"href":"https:\/\/m6.pk.edu.pl\/index.php\/wp-json\/wp\/v2\/pages\/98"}],"wp:attachment":[{"href":"https:\/\/m6.pk.edu.pl\/index.php\/wp-json\/wp\/v2\/media?parent=2367"}],"curies":[{"name":"wp","href":"https:\/\/api.w.org\/{rel}","templated":true}]}}