{"id":2361,"date":"2019-11-05T13:13:33","date_gmt":"2019-11-05T12:13:33","guid":{"rendered":"https:\/\/m6.pk.edu.pl\/?page_id=2361"},"modified":"2026-03-24T12:30:41","modified_gmt":"2026-03-24T11:30:41","slug":"m-061","status":"publish","type":"page","link":"https:\/\/m6.pk.edu.pl\/index.php\/struktura-m-06\/m-061\/","title":{"rendered":"M-06-1"},"content":{"rendered":"\n<h3 class=\"wp-block-heading\">Zesp\u00f3\u0142 Zautomatyzowanych System\u00f3w Produkcyjnych <\/h3>\n\n\n\n<figure class=\"wp-block-table\"><table><tbody><tr><td><strong>Nazwisko i imi\u0119<\/strong><\/td><td><strong>Tytu\u0142<\/strong><\/td><td><strong>&nbsp;Nr tel.&nbsp;(12-628-)<\/strong><\/td><\/tr><tr><td>Garncarz Micha\u0142<\/td><td>mgr in\u017c.<\/td><td><\/td><\/tr><tr><td><a href=\"https:\/\/m6.pk.edu.pl\/index.php\/struktura-m-06\/pracownicy-instytutu\/gora-maniowska-marta\/\">G\u00f3ra-Maniowska Marta<\/a><\/td><td>dr in\u017c.<\/td><td>32 26<\/td><\/tr><tr><td><a href=\"https:\/\/m6.pk.edu.pl\/index.php\/struktura-m-06\/pracownicy-instytutu\/krenich-stanislaw\/\">Krenich Stanis\u0142aw<\/a><\/td><td>dr in\u017c.<\/td><td>32 18<\/td><\/tr><tr><td><a href=\"https:\/\/m6.pk.edu.pl\/index.php\/struktura-m-06\/pracownicy-instytutu\/krupa-krzysztof\/\">Krupa Krzysztof<\/a><\/td><td>dr in\u017c., prof. PK<\/td><td>32 24<\/td><\/tr><tr><td>Krupczak Micha\u0142<\/td><td>mgr in\u017c. <\/td><td><\/td><\/tr><tr><td><a href=\"https:\/\/m6.pk.edu.pl\/index.php\/struktura-m-06\/pracownicy-instytutu\/malec-marcin\/\">Malec Marcin<\/a><\/td><td>dr&nbsp;in\u017c.&nbsp;<\/td><td>32 42<\/td><\/tr><tr><td><a href=\"https:\/\/m6.pk.edu.pl\/index.php\/struktura-m-06\/pracownicy-instytutu\/malopolski-waldemar\/\">Ma\u0142opolski Waldemar<\/a><\/td><td>dr in\u017c.<\/td><td>32 13<\/td><\/tr><tr><td><a href=\"https:\/\/m6.pk.edu.pl\/index.php\/struktura-m-06\/pracownicy-instytutu\/morawski-marcin\/\">Morawski Marcin<\/a><\/td><td>dr in\u017c.<\/td><td>32 42<\/td><\/tr><tr><td><a href=\"https:\/\/m6.pk.edu.pl\/index.php\/struktura-m-06\/pracownicy-instytutu\/slota-adam\/\">S\u0142ota Adam<\/a><\/td><td>dr in\u017c., prof. PK <\/td><td>32 41<\/td><\/tr><tr><td><a href=\"https:\/\/m6.pk.edu.pl\/index.php\/struktura-m-06\/pracownicy-instytutu\/wojcik-krzysztof\/\">W\u00f3jcik Krzysztof<\/a><\/td><td>dr in\u017c.&nbsp;<\/td><td>32 63<\/td><\/tr><tr><td><a href=\"https:\/\/m6.pk.edu.pl\/index.php\/struktura-m-06\/pracownicy-instytutu\/zajac-jerzy\/\">Zaj\u0105c Jerzy<\/a><\/td><td>prof. dr hab. in\u017c. <\/td><td>32 43<\/td><\/tr><tr><td><a href=\"https:\/\/m6.pk.edu.pl\/index.php\/struktura-m-06\/pracownicy-instytutu\/zych-jaroslaw\/\">Zych Jaros\u0142aw<\/a><\/td><td>mgr in\u017c.<\/td><td>32 22<\/td><\/tr><\/tbody><\/table><\/figure>\n","protected":false},"excerpt":{"rendered":"<p>Zesp\u00f3\u0142 Zautomatyzowanych System\u00f3w Produkcyjnych Nazwisko i imi\u0119 Tytu\u0142 &nbsp;Nr tel.&nbsp;(12-628-) Garncarz Micha\u0142 mgr in\u017c. G\u00f3ra-Maniowska Marta dr in\u017c. 32 26 Krenich Stanis\u0142aw dr in\u017c. 32 18 Krupa Krzysztof dr in\u017c., prof. PK 32 24 Krupczak Micha\u0142 mgr in\u017c. Malec Marcin dr&nbsp;in\u017c.&nbsp; 32 42 Ma\u0142opolski Waldemar dr in\u017c. 32 13 Morawski Marcin dr in\u017c. 32 42&hellip;&nbsp;<a href=\"https:\/\/m6.pk.edu.pl\/index.php\/struktura-m-06\/m-061\/\" rel=\"bookmark\">Dowiedz si\u0119 wi\u0119cej &raquo;<span class=\"screen-reader-text\">M-06-1<\/span><\/a><\/p>\n","protected":false},"author":1,"featured_media":0,"parent":98,"menu_order":0,"comment_status":"closed","ping_status":"closed","template":"","meta":{"advgb_blocks_editor_width":"","advgb_blocks_columns_visual_guide":"","neve_meta_sidebar":"","neve_meta_container":"","neve_meta_enable_content_width":"off","neve_meta_content_width":100,"neve_meta_title_alignment":"","neve_meta_author_avatar":"","neve_post_elements_order":"","neve_meta_disable_header":"","neve_meta_disable_footer":"","neve_meta_disable_title":"","_themeisle_gutenberg_block_has_review":false,"footnotes":""},"class_list":["post-2361","page","type-page","status-publish","hentry"],"coauthors":[],"author_meta":{"author_link":"https:\/\/m6.pk.edu.pl\/index.php\/author\/gibaspiotr\/","display_name":"gibaspiotr"},"relative_dates":{"created":"Posted 6 lat ago","modified":"Updated 3 tygodnie ago"},"absolute_dates":{"created":"Posted on 5 listopada 2019","modified":"Updated on 24 marca 2026"},"absolute_dates_time":{"created":"Posted on 5 listopada 2019 13:13","modified":"Updated on 24 marca 2026 12:30"},"featured_img_caption":"","featured_img":false,"series_order":"","_links":{"self":[{"href":"https:\/\/m6.pk.edu.pl\/index.php\/wp-json\/wp\/v2\/pages\/2361","targetHints":{"allow":["GET"]}}],"collection":[{"href":"https:\/\/m6.pk.edu.pl\/index.php\/wp-json\/wp\/v2\/pages"}],"about":[{"href":"https:\/\/m6.pk.edu.pl\/index.php\/wp-json\/wp\/v2\/types\/page"}],"author":[{"embeddable":true,"href":"https:\/\/m6.pk.edu.pl\/index.php\/wp-json\/wp\/v2\/users\/1"}],"replies":[{"embeddable":true,"href":"https:\/\/m6.pk.edu.pl\/index.php\/wp-json\/wp\/v2\/comments?post=2361"}],"version-history":[{"count":2,"href":"https:\/\/m6.pk.edu.pl\/index.php\/wp-json\/wp\/v2\/pages\/2361\/revisions"}],"predecessor-version":[{"id":11624,"href":"https:\/\/m6.pk.edu.pl\/index.php\/wp-json\/wp\/v2\/pages\/2361\/revisions\/11624"}],"up":[{"embeddable":true,"href":"https:\/\/m6.pk.edu.pl\/index.php\/wp-json\/wp\/v2\/pages\/98"}],"wp:attachment":[{"href":"https:\/\/m6.pk.edu.pl\/index.php\/wp-json\/wp\/v2\/media?parent=2361"}],"curies":[{"name":"wp","href":"https:\/\/api.w.org\/{rel}","templated":true}]}}