{"id":235,"date":"2019-08-16T09:46:46","date_gmt":"2019-08-16T07:46:46","guid":{"rendered":"https:\/\/m6.pk.edu.pl\/?page_id=235"},"modified":"2025-10-21T13:02:25","modified_gmt":"2025-10-21T11:02:25","slug":"habel-jacek","status":"publish","type":"page","link":"https:\/\/m6.pk.edu.pl\/index.php\/struktura-m-06\/pracownicy-instytutu\/habel-jacek\/","title":{"rendered":"Habel Jacek"},"content":{"rendered":"\n<div class=\"wp-block-media-text alignwide is-stacked-on-mobile\" style=\"grid-template-columns:21% auto\"><figure class=\"wp-block-media-text__media\"><img fetchpriority=\"high\" decoding=\"async\" width=\"601\" height=\"900\" src=\"https:\/\/m6.pk.edu.pl\/wp-content\/uploads\/2019\/08\/Habel.jpg\" alt=\"\" class=\"wp-image-1388 size-full\" srcset=\"https:\/\/m6.pk.edu.pl\/wp-content\/uploads\/2019\/08\/Habel.jpg 601w, https:\/\/m6.pk.edu.pl\/wp-content\/uploads\/2019\/08\/Habel-200x300.jpg 200w\" sizes=\"(max-width: 601px) 100vw, 601px\" \/><\/figure><div class=\"wp-block-media-text__content\">\n<h3 class=\"wp-block-heading\">dr in\u017c. Jacek Habel <\/h3>\n\n\n\n<h4 class=\"wp-block-heading\"><a href=\"https:\/\/www.scopus.com\/authid\/detail.uri?authorId=6603700435\">SCOPUS Author ID<\/a><br><a href=\"https:\/\/orcid.org\/0000-0002-6507-8760\">ORCID iD<\/a><br><a href=\"https:\/\/cris.pk.edu.pl\/info\/author\/CUT1242e60166e2465584c8591ddf565c4f?r=author&amp;tab=&amp;title=Profil%2Bosoby%2B%25E2%2580%2593%2BJacek%2BHabel%2B%25E2%2580%2593%2BPolitechnika%2BKrakowska&amp;lang=pl\">Publikacje &#8211; CRIS PK<\/a><\/h4>\n\n\n\n<p>Telefon: 32 39<br>E-mail:&nbsp;<a href=\"mailto:jacek.habel@pk.edu.pl\"><\/a><a href=\"mailto:jacek.habel@pk.edu.pl\">jacek.habel@pk.edu.pl<\/a><br>Pok\u00f3j C 209a<\/p>\n\n\n\n<ul class=\"wp-block-list\">\n<li><a href=\"https:\/\/m6.pk.edu.pl\/index.php\/strefa-dla-studenta\/konsultacje\/\"><\/a><strong><a href=\"https:\/\/spispracownikow.pk.edu.pl\/\">Konsultacje<\/a><\/strong> w spis pracownik\u00f3w<\/li>\n\n\n\n<li><a href=\"https:\/\/m6.pk.edu.pl\/index.php\/strefa-dla-studenta\/dyplomy\/zagadnienia-do-wyboru-tematow-prac-dyplomowych\/\">Zagadnienia do prac dyplomowych<\/a><\/li>\n\n\n\n<li><a href=\"https:\/\/m6.pk.edu.pl\/index.php\/strefa-dla-studenta\/materialy-dydaktyczne\/\">Materia\u0142y dydaktyczne udost\u0119pniane dla student\u00f3w<\/a><\/li>\n<\/ul>\n<\/div><\/div>\n\n\n\n<p><strong>Dzia\u0142alno\u015b\u0107 naukowo &#8211; badawcza<\/strong><br>Projektowanie i organizacja system\u00f3w produkcyjnych: obliczenia organizacyjne, projektowanie rozmieszczenia stanowisk systemu produkcyjnego, badania i normowanie czasu pracy na stanowiskach roboczych, organizacja stanowisk roboczych, opracowywanie instrukcji dla pracy standaryzowanej;<\/p>\n\n\n\n<p>Zarz\u0105dzanie produkcj\u0105: klasyfikacja zapas\u00f3w metod\u0105 ABC\/XYZ, metody kontroli i sterowania zapasami o popycie niezale\u017cnym, planowanie produkcji wg APICS: planowanie SOP, planowanie MPS, algorytm MRP i CRP, metody harmonogramowania produkcji z zastosowaniem regu\u0142 priorytetu;<\/p>\n\n\n\n<p>Lean Manufacturing: mapowanie strumienia warto\u015bci VSM, metody: JiT, Kanban, 5WHY, Kaizen, Visual Management, 5S, TPM, OEE, SMED;<\/p>\n\n\n\n<p>Projektowanie proces\u00f3w technologicznych: klasyczne metody projektowania proces\u00f3w technologicznych obr\u00f3bki i monta\u017cu, komputerowo wspomagane projektowanie proces\u00f3w technologicznych, modelowanie mo\u017cliwo\u015bci technologicznych system\u00f3w produkcyjnych, systemy CAPP wariantowe i semi-generacyjne, wielowariantowe procesy technologiczne;<\/p>\n\n\n\n<p>Aplikacje PLM:DassaultSystemes &#8211; modelowanie 3D wyrob\u00f3w z\u0142o\u017conych w CATIA v5, modelowanie 3D w SolidWorks (modelowanie bry\u0142owe typowych cz\u0119\u015bci maszyn, z\u0142o\u017cenia kinematyczne, konstrukcje spawane, konstrukcje z arkusza blachy);<\/p>\n\n\n\n<p>Projektowanie i programowanie system\u00f3w informatycznych: diagramy metodyki strukturalnej (FHD, STD, DFD, ERD), modelowanie proces\u00f3w w notacji BPMN, modelowanie system\u00f3w w notacji IDEF, programowanie obiektowe i RAD, projektowanie baz danych stacjonarnych (Access) i cleint\/server (MS SQL Server), narz\u0119dzia CASE, tworzenie system\u00f3w ekspertowych, algorytmy genetyczne i optymalizacja;<\/p>\n\n\n\n<p>Wsp\u00f3\u0142praca z przemys\u0142em:2008-15: Bang&amp;Olufsen Dania, 2009-11: Grupa K\u0119ty, 2014: ESSEL Propack, 2014-15: Schneider Ostr\u00f3w Mazowiecka; 2014-15: AluTeam Bia\u0142a Podlaska<\/p>\n\n\n\n<p><strong>Dzia\u0142alno\u015b\u0107 dydaktyczna<\/strong><br>Zakres: tworzenie baz danych pod MS Access; tworzenie sieciowych baz danych pod MS SQL Server; tworzenie system\u00f3w ekspertowych pod EXSYS Pro; procedury projektowania proces\u00f3w technologicznych obr\u00f3bki i monta\u017cu; podstawy programowania obrabiarek NC (r\u0119czne, GTJ-T, CATIA v5); modelowanie cz\u0119\u015bci i wyrob\u00f3w z\u0142o\u017conych w \u015brodowisku 3D (CATIA v5, SolidWorks); zastosowanie MS Visio do projektowania (plan 2D systemu produkcyjnego, harmonogramowanie produkcji, mapowanie strumienia warto\u015bci, diagramy DFD i ERD)<\/p>\n\n\n\n<p><strong>Prowadzone przedmioty<\/strong>: <br>Zarz\u0105dzanie produkcj\u0105 (MiBM, AiR), Projektowanie i organizacja system\u00f3w produkcyjnych &#8211; Lean Manufacturing (ZIP), Zarz\u0105dzanie zasobami przedsi\u0119biorstwa (ZIP), Bazy danych w systemach produkcyjnych (AiR), Systemy baz danych w technologii (ZIP),&nbsp;<\/p>\n","protected":false},"excerpt":{"rendered":"<p>Dzia\u0142alno\u015b\u0107 naukowo &#8211; badawczaProjektowanie i organizacja system\u00f3w produkcyjnych: obliczenia organizacyjne, projektowanie rozmieszczenia stanowisk systemu produkcyjnego, badania i normowanie czasu pracy na stanowiskach roboczych, organizacja stanowisk roboczych, opracowywanie instrukcji dla pracy standaryzowanej; Zarz\u0105dzanie produkcj\u0105: klasyfikacja zapas\u00f3w metod\u0105 ABC\/XYZ, metody kontroli i sterowania zapasami o popycie niezale\u017cnym, planowanie produkcji wg APICS: planowanie SOP, planowanie MPS, algorytm MRP&hellip;&nbsp;<a href=\"https:\/\/m6.pk.edu.pl\/index.php\/struktura-m-06\/pracownicy-instytutu\/habel-jacek\/\" rel=\"bookmark\">Dowiedz si\u0119 wi\u0119cej &raquo;<span class=\"screen-reader-text\">Habel Jacek<\/span><\/a><\/p>\n","protected":false},"author":1,"featured_media":0,"parent":100,"menu_order":0,"comment_status":"closed","ping_status":"closed","template":"","meta":{"advgb_blocks_editor_width":"","advgb_blocks_columns_visual_guide":"","neve_meta_sidebar":"","neve_meta_container":"","neve_meta_enable_content_width":"off","neve_meta_content_width":0,"neve_meta_title_alignment":"","neve_meta_author_avatar":"","neve_post_elements_order":"","neve_meta_disable_header":"","neve_meta_disable_footer":"","neve_meta_disable_title":"on","_themeisle_gutenberg_block_has_review":false,"footnotes":""},"class_list":["post-235","page","type-page","status-publish","hentry"],"coauthors":[],"author_meta":{"author_link":"https:\/\/m6.pk.edu.pl\/index.php\/author\/gibaspiotr\/","display_name":"gibaspiotr"},"relative_dates":{"created":"Posted 7 lat ago","modified":"Updated 6 miesi\u0119cy ago"},"absolute_dates":{"created":"Posted on 16 sierpnia 2019","modified":"Updated on 21 pa\u017adziernika 2025"},"absolute_dates_time":{"created":"Posted on 16 sierpnia 2019 09:46","modified":"Updated on 21 pa\u017adziernika 2025 13:02"},"featured_img_caption":"","featured_img":false,"series_order":"","_links":{"self":[{"href":"https:\/\/m6.pk.edu.pl\/index.php\/wp-json\/wp\/v2\/pages\/235","targetHints":{"allow":["GET"]}}],"collection":[{"href":"https:\/\/m6.pk.edu.pl\/index.php\/wp-json\/wp\/v2\/pages"}],"about":[{"href":"https:\/\/m6.pk.edu.pl\/index.php\/wp-json\/wp\/v2\/types\/page"}],"author":[{"embeddable":true,"href":"https:\/\/m6.pk.edu.pl\/index.php\/wp-json\/wp\/v2\/users\/1"}],"replies":[{"embeddable":true,"href":"https:\/\/m6.pk.edu.pl\/index.php\/wp-json\/wp\/v2\/comments?post=235"}],"version-history":[{"count":0,"href":"https:\/\/m6.pk.edu.pl\/index.php\/wp-json\/wp\/v2\/pages\/235\/revisions"}],"up":[{"embeddable":true,"href":"https:\/\/m6.pk.edu.pl\/index.php\/wp-json\/wp\/v2\/pages\/100"}],"wp:attachment":[{"href":"https:\/\/m6.pk.edu.pl\/index.php\/wp-json\/wp\/v2\/media?parent=235"}],"curies":[{"name":"wp","href":"https:\/\/api.w.org\/{rel}","templated":true}]}}