{"id":233,"date":"2019-08-16T09:46:29","date_gmt":"2019-08-16T07:46:29","guid":{"rendered":"https:\/\/m6.pk.edu.pl\/?page_id=233"},"modified":"2025-10-21T13:02:02","modified_gmt":"2025-10-21T11:02:02","slug":"grabowski-marcin","status":"publish","type":"page","link":"https:\/\/m6.pk.edu.pl\/index.php\/struktura-m-06\/pracownicy-instytutu\/grabowski-marcin\/","title":{"rendered":"Grabowski Marcin"},"content":{"rendered":"\n<div class=\"wp-block-media-text alignwide is-stacked-on-mobile\" style=\"grid-template-columns:21% auto\"><figure class=\"wp-block-media-text__media\"><img fetchpriority=\"high\" decoding=\"async\" width=\"601\" height=\"900\" src=\"https:\/\/m6.pk.edu.pl\/wp-content\/uploads\/2019\/08\/Grabowski.jpg\" alt=\"\" class=\"wp-image-1385 size-full\" srcset=\"https:\/\/m6.pk.edu.pl\/wp-content\/uploads\/2019\/08\/Grabowski.jpg 601w, https:\/\/m6.pk.edu.pl\/wp-content\/uploads\/2019\/08\/Grabowski-200x300.jpg 200w\" sizes=\"(max-width: 601px) 100vw, 601px\" \/><\/figure><div class=\"wp-block-media-text__content\">\n<h3 class=\"wp-block-heading\">dr in\u017c. Marcin Grabowski<\/h3>\n\n\n\n<h4 class=\"wp-block-heading\"><a href=\"https:\/\/www.scopus.com\/authid\/detail.uri?authorId=54999025300\">SCOPUS Author ID<\/a><br><a href=\"https:\/\/orcid.org\/0000-0003-1482-6738\">ORCID iD<\/a><br><a href=\"https:\/\/cris.pk.edu.pl\/info\/author\/CUT630820a8cf0a4eec807b6e16f9c9bb51?r=author&amp;tab=&amp;title=Profil%2Bosoby%2B%25E2%2580%2593%2BMarcin%2BGrabowski%2B%25E2%2580%2593%2BPolitechnika%2BKrakowska&amp;lang=pl\">Publikacje &#8211; CRIS PK<\/a><\/h4>\n\n\n\n<p>Telefon: 37 49<br>E-mail:&nbsp;<a href=\"mailto:marcin.grabowski@pk.edu.pl\"><\/a><a href=\"mailto:marcin.grabowski@pk.edu.pl\">marcin.grabowski@pk.edu.pl<\/a><br>Pok\u00f3j C 213<\/p>\n\n\n\n<ul class=\"wp-block-list\">\n<li><a href=\"https:\/\/m6.pk.edu.pl\/index.php\/strefa-dla-studenta\/konsultacje\/\"><\/a><strong><a href=\"https:\/\/spispracownikow.pk.edu.pl\/\">Konsultacje<\/a><\/strong> w spis pracownik\u00f3w<\/li>\n\n\n\n<li><a href=\"https:\/\/m6.pk.edu.pl\/index.php\/strefa-dla-studenta\/dyplomy\/zagadnienia-do-wyboru-tematow-prac-dyplomowych\/\">Zagadnienia do prac dyplomowych<\/a><\/li>\n\n\n\n<li><a href=\"https:\/\/m6.pk.edu.pl\/index.php\/strefa-dla-studenta\/materialy-dydaktyczne\/\">Materia\u0142y dydaktyczne udost\u0119pniane dla student\u00f3w<\/a><\/li>\n<\/ul>\n<\/div><\/div>\n\n\n\n<p><strong>Najwa\u017cniejsze zainteresowania naukowe: <br><\/strong>Nowoczesne Techniki Wytwarzania cz\u0119\u015bci maszyn i narz\u0119dzi, w tym obr\u00f3bka elektrochemiczna i elektroerozyjna, szybkie prototypowanie oraz obr\u00f3bka skrawaniem w skali mikro.<\/p>\n\n\n\n<p><strong>Przedmioty prowadzone na kierunku: <br><\/strong>Prognozowanie i symulacja, Zaawansowane techniki wytwarzania, Dokumentacja techniczna, Eksploatacja i recykling maszyn (w zakresie recyklingu)<\/p>\n","protected":false},"excerpt":{"rendered":"<p>Najwa\u017cniejsze zainteresowania naukowe: Nowoczesne Techniki Wytwarzania cz\u0119\u015bci maszyn i narz\u0119dzi, w tym obr\u00f3bka elektrochemiczna i elektroerozyjna, szybkie prototypowanie oraz obr\u00f3bka skrawaniem w skali mikro. Przedmioty prowadzone na kierunku: Prognozowanie i symulacja, Zaawansowane techniki wytwarzania, Dokumentacja techniczna, Eksploatacja i recykling maszyn (w zakresie recyklingu)<\/p>\n","protected":false},"author":1,"featured_media":0,"parent":100,"menu_order":0,"comment_status":"closed","ping_status":"closed","template":"","meta":{"advgb_blocks_editor_width":"","advgb_blocks_columns_visual_guide":"","neve_meta_sidebar":"","neve_meta_container":"","neve_meta_enable_content_width":"off","neve_meta_content_width":0,"neve_meta_title_alignment":"","neve_meta_author_avatar":"","neve_post_elements_order":"","neve_meta_disable_header":"","neve_meta_disable_footer":"","neve_meta_disable_title":"on","_themeisle_gutenberg_block_has_review":false,"footnotes":""},"class_list":["post-233","page","type-page","status-publish","hentry"],"coauthors":[],"author_meta":{"author_link":"https:\/\/m6.pk.edu.pl\/index.php\/author\/gibaspiotr\/","display_name":"gibaspiotr"},"relative_dates":{"created":"Posted 7 lat ago","modified":"Updated 6 miesi\u0119cy ago"},"absolute_dates":{"created":"Posted on 16 sierpnia 2019","modified":"Updated on 21 pa\u017adziernika 2025"},"absolute_dates_time":{"created":"Posted on 16 sierpnia 2019 09:46","modified":"Updated on 21 pa\u017adziernika 2025 13:02"},"featured_img_caption":"","featured_img":false,"series_order":"","_links":{"self":[{"href":"https:\/\/m6.pk.edu.pl\/index.php\/wp-json\/wp\/v2\/pages\/233","targetHints":{"allow":["GET"]}}],"collection":[{"href":"https:\/\/m6.pk.edu.pl\/index.php\/wp-json\/wp\/v2\/pages"}],"about":[{"href":"https:\/\/m6.pk.edu.pl\/index.php\/wp-json\/wp\/v2\/types\/page"}],"author":[{"embeddable":true,"href":"https:\/\/m6.pk.edu.pl\/index.php\/wp-json\/wp\/v2\/users\/1"}],"replies":[{"embeddable":true,"href":"https:\/\/m6.pk.edu.pl\/index.php\/wp-json\/wp\/v2\/comments?post=233"}],"version-history":[{"count":0,"href":"https:\/\/m6.pk.edu.pl\/index.php\/wp-json\/wp\/v2\/pages\/233\/revisions"}],"up":[{"embeddable":true,"href":"https:\/\/m6.pk.edu.pl\/index.php\/wp-json\/wp\/v2\/pages\/100"}],"wp:attachment":[{"href":"https:\/\/m6.pk.edu.pl\/index.php\/wp-json\/wp\/v2\/media?parent=233"}],"curies":[{"name":"wp","href":"https:\/\/api.w.org\/{rel}","templated":true}]}}