{"id":229,"date":"2019-08-16T09:45:52","date_gmt":"2019-08-16T07:45:52","guid":{"rendered":"https:\/\/m6.pk.edu.pl\/?page_id=229"},"modified":"2025-10-21T13:00:51","modified_gmt":"2025-10-21T11:00:51","slug":"gola-lukasz","status":"publish","type":"page","link":"https:\/\/m6.pk.edu.pl\/index.php\/struktura-m-06\/pracownicy-instytutu\/gola-lukasz\/","title":{"rendered":"Gola \u0141ukasz"},"content":{"rendered":"\n<div class=\"wp-block-media-text alignwide is-stacked-on-mobile\" style=\"grid-template-columns:21% auto\"><figure class=\"wp-block-media-text__media\"><img fetchpriority=\"high\" decoding=\"async\" width=\"601\" height=\"900\" src=\"https:\/\/m6.pk.edu.pl\/wp-content\/uploads\/2019\/08\/Gola.jpg\" alt=\"\" class=\"wp-image-1370 size-full\" srcset=\"https:\/\/m6.pk.edu.pl\/wp-content\/uploads\/2019\/08\/Gola.jpg 601w, https:\/\/m6.pk.edu.pl\/wp-content\/uploads\/2019\/08\/Gola-200x300.jpg 200w\" sizes=\"(max-width: 601px) 100vw, 601px\" \/><\/figure><div class=\"wp-block-media-text__content\">\n<h3 class=\"wp-block-heading\">Dr in\u017c. \u0141ukasz Gola<\/h3>\n\n\n\n<p>Telefon: 32 61<br>E-mail:&nbsp;<a href=\"mailto:lgola@pk.edu.pl\">lgola@pk.edu.pl<\/a><br>Pok\u00f3j C 207b<\/p>\n\n\n\n<h4 class=\"wp-block-heading\"><a href=\"https:\/\/cris.pk.edu.pl\/info\/author\/CUT838de40932dc4455aa91ffd0f9f527a2?r=author&amp;tab=&amp;title=Profil%2Bosoby%2B%25E2%2580%2593%2B%25C5%2581ukasz%2BGola%2B%25E2%2580%2593%2BPolitechnika%2BKrakowska&amp;lang=pl\">Publikacje  &#8211; CRIS PK<\/a><\/h4>\n\n\n\n<ul class=\"wp-block-list\">\n<li><a href=\"https:\/\/m6.pk.edu.pl\/index.php\/strefa-dla-studenta\/konsultacje\/\"><\/a><strong><a href=\"https:\/\/spispracownikow.pk.edu.pl\/\">Konsultacje<\/a><\/strong> w spis pracownik\u00f3w<\/li>\n\n\n\n<li><a href=\"https:\/\/m6.pk.edu.pl\/index.php\/strefa-dla-studenta\/dyplomy\/zagadnienia-do-wyboru-tematow-prac-dyplomowych\/\">Zagadnienia do prac dyplomowych<\/a><\/li>\n\n\n\n<li><a href=\"https:\/\/m6.pk.edu.pl\/index.php\/strefa-dla-studenta\/materialy-dydaktyczne\/\">Materia\u0142y dydaktyczne udost\u0119pniane dla student\u00f3w<\/a><\/li>\n<\/ul>\n<\/div><\/div>\n\n\n\n<p><strong>Dzia\u0142alno\u015b\u0107 naukowo &#8211; badawcza<\/strong><br>Zakres: Dzia\u0142alno\u015b\u0107 naukowa skoncentrowana jest na rozwijaniu zagadnie\u0144 zwi\u0105zanych z&nbsp; systemami CAx,&nbsp; w szczeg\u00f3lno\u015bci systemy wspomagaj\u0105ce projektowanie proces\u00f3w technologicznych (systemy CAPP), w tym wykorzystanie system\u00f3w ekspertowych.&nbsp; Ponadto&nbsp; rozwija zainteresowania zwi\u0105zane z&nbsp; aplikacjami PLM: DassaultSystemes &#8211; modelowanie 3D wyrob\u00f3w i&nbsp; ich zlo\u017cenia w Catia\/Delmia v5, tworzenie dokumentacji 2D (Drafting), symulacja ruch\u00f3w ( DMU Fitting, DMU Kinematics), tworzenie multimedialnych prezentacji ( Photo Studio),&nbsp; symulacja system\u00f3w produkcyjnych (w tym badanie ergonomiczno\u015bci stanowisk roboczych) w Delmia v5 i DelmiaProcessEngineer. Do\u015bwiadczenie praktyczne zdobyte na sta\u017cach i praktykach m.in. w takich zak\u0142adach jak: Fabryka Narz\u0119dzi \u201eGlob\u201d w Bielsku-Bia\u0142ej, Fabryka Maszyn Elektrycznych \u201eIndukta\u201d w Bielsku- Bia\u0142ej, BOS Automotive Products Polska w Tychach. Efektem wsp\u00f3\u0142pracy z BOS by\u0142a praca magisterska pt. \u201eProjekt organizacji pracy gniazda monta\u017cu ko\u0144cowego przykry\u0107 baga\u017cnika dla samochodu typu kombi\u201d<\/p>\n\n\n\n<p>Wsp\u00f3\u0142praca z przemys\u0142em: 2009-11: Grupa GK K\u0119ty, 2014: ESSEL Propack, 2014-15: Schneider Ostr\u00f3w Mazowiecka; 2014: AluTeam Bia\u0142a Podlaska.<\/p>\n\n\n\n<p>Inne: Laureat wojew\u00f3dzkiego i finalista og\u00f3lnopolskiego konkursu wiedzy o wynalazczo\u015bci i racjonalizacji organizowany przez Polski Zwi\u0105zek Stowarzysze\u0144 Wynalazc\u00f3w i Racjonalizator\u00f3w&nbsp; &#8211; 1999r.<\/p>\n\n\n\n<p><strong>Dzia\u0142alno\u015b\u0107 dydaktyczna<\/strong><br>Zakres: Zastosowanie Catia, Delmia v5, DelmiaProcessEngineer do projektowania&nbsp; system\u00f3w produkcyjnych; modelowanie cz\u0119\u015bci i wyrob\u00f3w (CATIA, DELMIA v5); tworzenie dokumentacji 2D; wykorzystanie r\u00f3\u017cnych modu\u0142\u00f3w MS Visio; zarz\u0105dzanie relacjami z klientem&nbsp; &#8211; system CHROME CRM; tworzenie baz danych: MS Access, MS SQL Server; systemy ekspertowe pod EXSYS; projektowanie proces\u00f3w technologicznych obr\u00f3bki i monta\u017cu.<\/p>\n\n\n\n<p>Prowadzone przedmioty: Projektowanie proces\u00f3w technologicznych, Projektowanie system\u00f3w produkcyjnych, Zarz\u0105dzanie produkcj\u0105, Podstawy technicznego przygotowania produkcji.<\/p>\n\n\n\n<p>Inne: 2 letnie studium&nbsp; pedagogiczne w Centrum Pedagogiki i Psychologii \u2013 Krak\u00f3w (2004-2005)<\/p>\n\n\n\n<p>Organizator lub wsp\u00f3\u0142organizator&nbsp; studenckich wycieczek do takich zak\u0142ad\u00f3w jak: Philip Morris \u2013 Krak\u00f3w, Fiat Auto Poland \u2013 Tychy, Browary Tyskie \u2013 Tychy, MAN&nbsp; &#8211;&nbsp; Niepo\u0142omice, Zak\u0142ad Konstrukcyjno-Narz\u0119dziowy Alpha P.Z \u2013 Krak\u00f3w, CAR \u2013 Technology \u2013 Niepo\u0142omice, Huta Sendzimira \u2013 Krak\u00f3w<\/p>\n\n\n\n<p><strong>Hobby:<\/strong><br>Tworzenie stron internetowych. Nowoczesne rozwi\u0105zania w transporcie publicznym. TV: Discovery Channel, Discovery Science, NationalGeographic, Domo+ Sport:&nbsp; basen, turystyka piesza, fitness, rower \u2013 propagator idei: \u201eZamie\u0144 samoch\u00f3d na rower\u201d J<\/p>\n","protected":false},"excerpt":{"rendered":"<p>Dzia\u0142alno\u015b\u0107 naukowo &#8211; badawczaZakres: Dzia\u0142alno\u015b\u0107 naukowa skoncentrowana jest na rozwijaniu zagadnie\u0144 zwi\u0105zanych z&nbsp; systemami CAx,&nbsp; w szczeg\u00f3lno\u015bci systemy wspomagaj\u0105ce projektowanie proces\u00f3w technologicznych (systemy CAPP), w tym wykorzystanie system\u00f3w ekspertowych.&nbsp; Ponadto&nbsp; rozwija zainteresowania zwi\u0105zane z&nbsp; aplikacjami PLM: DassaultSystemes &#8211; modelowanie 3D wyrob\u00f3w i&nbsp; ich zlo\u017cenia w Catia\/Delmia v5, tworzenie dokumentacji 2D (Drafting), symulacja ruch\u00f3w ( DMU&hellip;&nbsp;<a href=\"https:\/\/m6.pk.edu.pl\/index.php\/struktura-m-06\/pracownicy-instytutu\/gola-lukasz\/\" rel=\"bookmark\">Dowiedz si\u0119 wi\u0119cej &raquo;<span class=\"screen-reader-text\">Gola \u0141ukasz<\/span><\/a><\/p>\n","protected":false},"author":1,"featured_media":0,"parent":100,"menu_order":0,"comment_status":"closed","ping_status":"closed","template":"","meta":{"advgb_blocks_editor_width":"","advgb_blocks_columns_visual_guide":"","neve_meta_sidebar":"","neve_meta_container":"","neve_meta_enable_content_width":"","neve_meta_content_width":70,"neve_meta_title_alignment":"","neve_meta_author_avatar":"","neve_post_elements_order":"","neve_meta_disable_header":"","neve_meta_disable_footer":"","neve_meta_disable_title":"on","_themeisle_gutenberg_block_has_review":false,"footnotes":""},"class_list":["post-229","page","type-page","status-publish","hentry"],"coauthors":[],"author_meta":{"author_link":"https:\/\/m6.pk.edu.pl\/index.php\/author\/gibaspiotr\/","display_name":"gibaspiotr"},"relative_dates":{"created":"Posted 7 lat ago","modified":"Updated 6 miesi\u0119cy ago"},"absolute_dates":{"created":"Posted on 16 sierpnia 2019","modified":"Updated on 21 pa\u017adziernika 2025"},"absolute_dates_time":{"created":"Posted on 16 sierpnia 2019 09:45","modified":"Updated on 21 pa\u017adziernika 2025 13:00"},"featured_img_caption":"","featured_img":false,"series_order":"","_links":{"self":[{"href":"https:\/\/m6.pk.edu.pl\/index.php\/wp-json\/wp\/v2\/pages\/229","targetHints":{"allow":["GET"]}}],"collection":[{"href":"https:\/\/m6.pk.edu.pl\/index.php\/wp-json\/wp\/v2\/pages"}],"about":[{"href":"https:\/\/m6.pk.edu.pl\/index.php\/wp-json\/wp\/v2\/types\/page"}],"author":[{"embeddable":true,"href":"https:\/\/m6.pk.edu.pl\/index.php\/wp-json\/wp\/v2\/users\/1"}],"replies":[{"embeddable":true,"href":"https:\/\/m6.pk.edu.pl\/index.php\/wp-json\/wp\/v2\/comments?post=229"}],"version-history":[{"count":0,"href":"https:\/\/m6.pk.edu.pl\/index.php\/wp-json\/wp\/v2\/pages\/229\/revisions"}],"up":[{"embeddable":true,"href":"https:\/\/m6.pk.edu.pl\/index.php\/wp-json\/wp\/v2\/pages\/100"}],"wp:attachment":[{"href":"https:\/\/m6.pk.edu.pl\/index.php\/wp-json\/wp\/v2\/media?parent=229"}],"curies":[{"name":"wp","href":"https:\/\/api.w.org\/{rel}","templated":true}]}}