{"id":225,"date":"2019-08-16T09:45:20","date_gmt":"2019-08-16T07:45:20","guid":{"rendered":"https:\/\/m6.pk.edu.pl\/?page_id=225"},"modified":"2025-10-21T13:00:21","modified_gmt":"2025-10-21T11:00:21","slug":"gawlik-jozef","status":"publish","type":"page","link":"https:\/\/m6.pk.edu.pl\/index.php\/struktura-m-06\/pracownicy-instytutu\/gawlik-jozef\/","title":{"rendered":"Gawlik J\u00f3zef"},"content":{"rendered":"\n<div class=\"wp-block-media-text alignfull is-stacked-on-mobile ticss-2bbc1c87\" style=\"grid-template-columns:27% auto\"><figure class=\"wp-block-media-text__media\"><img fetchpriority=\"high\" decoding=\"async\" width=\"601\" height=\"900\" src=\"https:\/\/m6.pk.edu.pl\/wp-content\/uploads\/2019\/08\/Gawlik-2.jpg\" alt=\"\" class=\"wp-image-1096 size-full\" srcset=\"https:\/\/m6.pk.edu.pl\/wp-content\/uploads\/2019\/08\/Gawlik-2.jpg 601w, https:\/\/m6.pk.edu.pl\/wp-content\/uploads\/2019\/08\/Gawlik-2-200x300.jpg 200w\" sizes=\"(max-width: 601px) 100vw, 601px\" \/><\/figure><div class=\"wp-block-media-text__content\">\n<h3 class=\"wp-block-heading\">Prof. dr hab. in\u017c. J\u00f3zef Gawlik<\/h3>\n\n\n\n<h4 class=\"wp-block-heading\"><a href=\"https:\/\/www.scopus.com\/authid\/detail.uri?authorId=6701395665\">SCOPUS Author ID<\/a><br><a href=\"https:\/\/orcid.org\/0000-0003-4788-7166\">ORCID iD<\/a><br><a href=\"https:\/\/cris.pk.edu.pl\/info\/author\/CUT16fc14082af14817a579eb34f994863b?r=author&amp;tab=&amp;title=Profil%2Bosoby%2B%25E2%2580%2593%2BJ%25C3%25B3zef%2BGawlik%2B%25E2%2580%2593%2BPolitechnika%2BKrakowska&amp;lang=pl&amp;qp=openAccess%3Dfalse\">Publikacje &#8211; CRIS PK<\/a><\/h4>\n\n\n\n<p>Telefon: 32 46<br>E-mail: <a href=\"mailto:jozef.gawlik@pk.edu.pl\"><\/a><a href=\"mailto:jozef.gawlik@pk.edu.pl\">jozef.gawlik@pk.edu.pl<\/a><br>Pok\u00f3j C 215<\/p>\n\n\n\n<ul class=\"wp-block-list\">\n<li><a href=\"https:\/\/m6.pk.edu.pl\/index.php\/strefa-dla-studenta\/konsultacje\/\"><\/a><a href=\"https:\/\/m6.pk.edu.pl\/index.php\/strefa-dla-studenta\/konsultacje\/#gawlik\"><strong><strong><strong><a href=\"https:\/\/spispracownikow.pk.edu.pl\/\"><strong>Konsultacje<\/strong> w spisie pracownik\u00f3w<\/a><\/strong><\/strong><\/strong><\/a><\/li>\n\n\n\n<li><a href=\"https:\/\/m6.pk.edu.pl\/index.php\/strefa-dla-studenta\/dyplomy\/zagadnienia-do-wyboru-tematow-prac-dyplomowych\/\">Zagadnienia do prac dyplomowych<\/a><\/li>\n\n\n\n<li><a href=\"https:\/\/m6.pk.edu.pl\/index.php\/strefa-dla-studenta\/materialy-dydaktyczne\/\">Materia\u0142y dydaktyczne udost\u0119pniane dla student\u00f3w<\/a><\/li>\n<\/ul>\n<\/div><\/div>\n\n\n\n<hr class=\"wp-block-separator has-css-opacity\"\/>\n\n\n\n<p>Dzia\u0142alno\u015b\u0107 naukowa w dziedzinie nauk technicznych obejmuje obszar  in\u017cynierii produkcji <br>z ukierunkowaniem na: procesy obr\u00f3bki precyzyjnej,  automatyzacj\u0119 proces\u00f3w wytwarzania, nadzorowanie stanu narz\u0119dzi i  jako\u015bci technologicznej wyrob\u00f3w, budow\u0119 maszyn i urz\u0105dze\u0144  technologicznych, zarz\u0105dzanie przedsi\u0119biorstwem. <\/p>\n\n\n\n<p><strong>Prowadzone przedmioty: <\/strong><br>Strategie zarz\u0105dzania przedsi\u0119biorstwem,&nbsp;Eksploatacja i recykling maszyn.&nbsp;Zarz\u0105dzanie i marketing&nbsp;<\/p>\n\n\n\n<p><\/p>\n","protected":false},"excerpt":{"rendered":"<p>Dzia\u0142alno\u015b\u0107 naukowa w dziedzinie nauk technicznych obejmuje obszar in\u017cynierii produkcji z ukierunkowaniem na: procesy obr\u00f3bki precyzyjnej, automatyzacj\u0119 proces\u00f3w wytwarzania, nadzorowanie stanu narz\u0119dzi i jako\u015bci technologicznej wyrob\u00f3w, budow\u0119 maszyn i urz\u0105dze\u0144 technologicznych, zarz\u0105dzanie przedsi\u0119biorstwem. Prowadzone przedmioty: Strategie zarz\u0105dzania przedsi\u0119biorstwem,&nbsp;Eksploatacja i recykling maszyn.&nbsp;Zarz\u0105dzanie i marketing&nbsp;<\/p>\n","protected":false},"author":1,"featured_media":0,"parent":100,"menu_order":0,"comment_status":"closed","ping_status":"closed","template":"","meta":{"advgb_blocks_editor_width":"","advgb_blocks_columns_visual_guide":"","neve_meta_sidebar":"","neve_meta_container":"","neve_meta_enable_content_width":"off","neve_meta_content_width":0,"neve_meta_title_alignment":"","neve_meta_author_avatar":"","neve_post_elements_order":"","neve_meta_disable_header":"","neve_meta_disable_footer":"","neve_meta_disable_title":"on","_themeisle_gutenberg_block_has_review":false,"footnotes":""},"class_list":["post-225","page","type-page","status-publish","hentry"],"coauthors":[],"author_meta":{"author_link":"https:\/\/m6.pk.edu.pl\/index.php\/author\/gibaspiotr\/","display_name":"gibaspiotr"},"relative_dates":{"created":"Posted 7 lat ago","modified":"Updated 6 miesi\u0119cy ago"},"absolute_dates":{"created":"Posted on 16 sierpnia 2019","modified":"Updated on 21 pa\u017adziernika 2025"},"absolute_dates_time":{"created":"Posted on 16 sierpnia 2019 09:45","modified":"Updated on 21 pa\u017adziernika 2025 13:00"},"featured_img_caption":"","featured_img":false,"series_order":"","_links":{"self":[{"href":"https:\/\/m6.pk.edu.pl\/index.php\/wp-json\/wp\/v2\/pages\/225","targetHints":{"allow":["GET"]}}],"collection":[{"href":"https:\/\/m6.pk.edu.pl\/index.php\/wp-json\/wp\/v2\/pages"}],"about":[{"href":"https:\/\/m6.pk.edu.pl\/index.php\/wp-json\/wp\/v2\/types\/page"}],"author":[{"embeddable":true,"href":"https:\/\/m6.pk.edu.pl\/index.php\/wp-json\/wp\/v2\/users\/1"}],"replies":[{"embeddable":true,"href":"https:\/\/m6.pk.edu.pl\/index.php\/wp-json\/wp\/v2\/comments?post=225"}],"version-history":[{"count":0,"href":"https:\/\/m6.pk.edu.pl\/index.php\/wp-json\/wp\/v2\/pages\/225\/revisions"}],"up":[{"embeddable":true,"href":"https:\/\/m6.pk.edu.pl\/index.php\/wp-json\/wp\/v2\/pages\/100"}],"wp:attachment":[{"href":"https:\/\/m6.pk.edu.pl\/index.php\/wp-json\/wp\/v2\/media?parent=225"}],"curies":[{"name":"wp","href":"https:\/\/api.w.org\/{rel}","templated":true}]}}