{"id":219,"date":"2019-08-16T09:44:21","date_gmt":"2019-08-16T07:44:21","guid":{"rendered":"https:\/\/m6.pk.edu.pl\/?page_id=219"},"modified":"2025-10-21T12:57:50","modified_gmt":"2025-10-21T10:57:50","slug":"boratynska-sala-anna","status":"publish","type":"page","link":"https:\/\/m6.pk.edu.pl\/index.php\/struktura-m-06\/pracownicy-instytutu\/boratynska-sala-anna\/","title":{"rendered":"Boraty\u0144ska-Sala Anna"},"content":{"rendered":"\n<div class=\"wp-block-media-text alignwide is-stacked-on-mobile\" style=\"grid-template-columns:21% auto\"><figure class=\"wp-block-media-text__media\"><img fetchpriority=\"high\" decoding=\"async\" width=\"599\" height=\"900\" src=\"https:\/\/m6.pk.edu.pl\/wp-content\/uploads\/2019\/09\/Boratynska.jpg\" alt=\"\" class=\"wp-image-2052 size-full\" srcset=\"https:\/\/m6.pk.edu.pl\/wp-content\/uploads\/2019\/09\/Boratynska.jpg 599w, https:\/\/m6.pk.edu.pl\/wp-content\/uploads\/2019\/09\/Boratynska-200x300.jpg 200w\" sizes=\"(max-width: 599px) 100vw, 599px\" \/><\/figure><div class=\"wp-block-media-text__content\">\n<h3 class=\"wp-block-heading\">dr in\u017c. Anna Boraty\u0144ska-Sala<\/h3>\n\n\n\n<h5 class=\"wp-block-heading\">SCOPUS Author ID<br><a href=\"https:\/\/orcid.org\/0000-0003-2153-3220\">ORCID iD<\/a> <br><a href=\"https:\/\/cris.pk.edu.pl\/info\/author\/CUTee09c536fcb6427f8b8fa6247e93459e?r=author&amp;tab=&amp;title=Profil%2Bosoby%2B%25E2%2580%2593%2BAnna%2BBoraty%25C5%2584ska-Sala%2B%25E2%2580%2593%2BPolitechnika%2BKrakowska&amp;lang=pl\">Publikacje &#8211; CRIS PK<\/a><\/h5>\n\n\n\n<p>Telefon: 32 83, tel. kom.: 607-455-459<br>E-mail:&nbsp;<a href=\"mailto:boratynska@mech.pk.edu.p\"><\/a><a href=\"mailto:anna.boratynska-sala@pk.edu.pl\"><\/a><a href=\"mailto:anna.boratynska-sala@pk.edu.pl\">anna.boratynska-sala@pk.edu.pl<\/a><br>Pok\u00f3j C 211b<\/p>\n\n\n\n<ul class=\"wp-block-list\">\n<li><a href=\"https:\/\/m6.pk.edu.pl\/index.php\/strefa-dla-studenta\/konsultacje\/\"><\/a><a href=\"https:\/\/spispracownikow.pk.edu.pl\/\"><strong>Konsultacje<\/strong> w spisie pracownik\u00f3w<\/a><\/li>\n\n\n\n<li><a href=\"https:\/\/m6.pk.edu.pl\/index.php\/strefa-dla-studenta\/dyplomy\/zagadnienia-do-wyboru-tematow-prac-dyplomowych\/\">Zagadnienia do prac dyplomowych<\/a><\/li>\n\n\n\n<li><a href=\"https:\/\/m6.pk.edu.pl\/index.php\/strefa-dla-studenta\/materialy-dydaktyczne\/\">Materia\u0142y dydaktyczne udost\u0119pniane dla student\u00f3w<\/a><\/li>\n<\/ul>\n<\/div><\/div>\n\n\n\n<p>Zajmuje si\u0119 zagadnieniami zwi\u0105zanymi z technikami rozwi\u0105zywania problem\u00f3w z zakresu zarz\u0105dzania, techniki oraz spo\u0142ecznych zagadnie\u0144. G\u0142\u00f3wne zainteresowania koncentruj\u0105 si\u0119 wok\u00f3\u0142 metodyki TRIZ (Teorii Rozwi\u0105zywania Innowacyjnych Zada\u0144) &#8211; strona&nbsp;<a href=\"http:\/\/www.triz-innowacje.pl\/\">Fundacji Triz Polska<\/a><\/p>\n\n\n\n<p>Na kierunku In\u017cynieria produkcji odpowiedzialna jest za zaj\u0119cia z przedmiot\u00f3w: Tw\u00f3rcze&nbsp; rozwi\u0105zywanie problem\u00f3w technicznych, Podstawy inwentyki oraz Mikroekonomia w ramach przedmiotu Podstawy ekonomii.<\/p>\n\n\n\n<p><\/p>\n","protected":false},"excerpt":{"rendered":"<p>Zajmuje si\u0119 zagadnieniami zwi\u0105zanymi z technikami rozwi\u0105zywania problem\u00f3w z zakresu zarz\u0105dzania, techniki oraz spo\u0142ecznych zagadnie\u0144. G\u0142\u00f3wne zainteresowania koncentruj\u0105 si\u0119 wok\u00f3\u0142 metodyki TRIZ (Teorii Rozwi\u0105zywania Innowacyjnych Zada\u0144) &#8211; strona&nbsp;Fundacji Triz Polska Na kierunku In\u017cynieria produkcji odpowiedzialna jest za zaj\u0119cia z przedmiot\u00f3w: Tw\u00f3rcze&nbsp; rozwi\u0105zywanie problem\u00f3w technicznych, Podstawy inwentyki oraz Mikroekonomia w ramach przedmiotu Podstawy ekonomii.<\/p>\n","protected":false},"author":1,"featured_media":0,"parent":100,"menu_order":0,"comment_status":"closed","ping_status":"closed","template":"","meta":{"advgb_blocks_editor_width":"","advgb_blocks_columns_visual_guide":"","neve_meta_sidebar":"","neve_meta_container":"","neve_meta_enable_content_width":"off","neve_meta_content_width":0,"neve_meta_title_alignment":"","neve_meta_author_avatar":"","neve_post_elements_order":"","neve_meta_disable_header":"","neve_meta_disable_footer":"","neve_meta_disable_title":"on","_themeisle_gutenberg_block_has_review":false,"footnotes":""},"class_list":["post-219","page","type-page","status-publish","hentry"],"coauthors":[],"author_meta":{"author_link":"https:\/\/m6.pk.edu.pl\/index.php\/author\/gibaspiotr\/","display_name":"gibaspiotr"},"relative_dates":{"created":"Posted 7 lat ago","modified":"Updated 6 miesi\u0119cy ago"},"absolute_dates":{"created":"Posted on 16 sierpnia 2019","modified":"Updated on 21 pa\u017adziernika 2025"},"absolute_dates_time":{"created":"Posted on 16 sierpnia 2019 09:44","modified":"Updated on 21 pa\u017adziernika 2025 12:57"},"featured_img_caption":"","featured_img":false,"series_order":"","_links":{"self":[{"href":"https:\/\/m6.pk.edu.pl\/index.php\/wp-json\/wp\/v2\/pages\/219","targetHints":{"allow":["GET"]}}],"collection":[{"href":"https:\/\/m6.pk.edu.pl\/index.php\/wp-json\/wp\/v2\/pages"}],"about":[{"href":"https:\/\/m6.pk.edu.pl\/index.php\/wp-json\/wp\/v2\/types\/page"}],"author":[{"embeddable":true,"href":"https:\/\/m6.pk.edu.pl\/index.php\/wp-json\/wp\/v2\/users\/1"}],"replies":[{"embeddable":true,"href":"https:\/\/m6.pk.edu.pl\/index.php\/wp-json\/wp\/v2\/comments?post=219"}],"version-history":[{"count":0,"href":"https:\/\/m6.pk.edu.pl\/index.php\/wp-json\/wp\/v2\/pages\/219\/revisions"}],"up":[{"embeddable":true,"href":"https:\/\/m6.pk.edu.pl\/index.php\/wp-json\/wp\/v2\/pages\/100"}],"wp:attachment":[{"href":"https:\/\/m6.pk.edu.pl\/index.php\/wp-json\/wp\/v2\/media?parent=219"}],"curies":[{"name":"wp","href":"https:\/\/api.w.org\/{rel}","templated":true}]}}