{"id":10580,"date":"2024-10-24T14:42:05","date_gmt":"2024-10-24T12:42:05","guid":{"rendered":"https:\/\/m6.pk.edu.pl\/?page_id=10580"},"modified":"2024-10-24T14:47:32","modified_gmt":"2024-10-24T12:47:32","slug":"politechnika-krakowska-i-icsec-s-a-zawieraja-porozumienie-o-wspolpracy","status":"publish","type":"page","link":"https:\/\/m6.pk.edu.pl\/index.php\/politechnika-krakowska-i-icsec-s-a-zawieraja-porozumienie-o-wspolpracy\/","title":{"rendered":"Politechnika Krakowska i ICsec S.A. zawieraj\u0105 porozumienie o wsp\u00f3\u0142pracy"},"content":{"rendered":"\n<p>W dniu 24 maja 2023 roku Politechnika Krakowska im. Tadeusza Ko\u015bciuszki podpisa\u0142a porozumienie o wsp\u00f3\u0142pracy z firm\u0105 ICsec S.A., polskim producentem rozwi\u0105za\u0144 w dziedzinie cyberbezpiecze\u0144stwa przemys\u0142owego. G\u0142\u00f3wnym celem wsp\u00f3\u0142pracy jest umo\u017cliwienie wykorzystania systemu monitorowania sieci przemys\u0142owych SCADvance XP\u00ae na potrzeby prowadzonych zaj\u0119\u0107 dydaktycznych oraz szkoleniowych realizowanych przez Politechnik\u0119 Krakowsk\u0105.<\/p>\n\n\n\n<p>W ramach wsp\u00f3\u0142pracy, <a href=\"https:\/\/icsec.pl\/\">ICsec<\/a> udost\u0119pni Politechnice Krakowskiej zar\u00f3wno sprz\u0119t, jak i oprogramowanie sk\u0142adaj\u0105ce si\u0119 na ca\u0142o\u015b\u0107 systemu SCADvance XP\u00ae, a tak\u017ce przeszkoli personel dydaktyczny w zakresie detekcji zagro\u017ce\u0144 oraz przeciwdzia\u0142ania cyberatakom na infrastruktur\u0119 przemys\u0142ow\u0105.<\/p>\n\n\n\n<p>Dzi\u0119ki podpisanemu porozumieniu, studenci zyskaj\u0105 dost\u0119p do jednego z najbardziej zaawansowanych narz\u0119dzi klasy IDS (Intrusion Detection System) dedykowanych sieciom przemys\u0142owym.<\/p>\n\n\n\n<p>\u201e<em>Wsp\u00f3\u0142praca z Politechnik\u0105 Krakowsk\u0105 to dla nas doskona\u0142a okazja do wsparcia m\u0142odych talent\u00f3w. <\/em><br><em>Wierzymy, \u017ce nasza wsp\u00f3\u0142praca przyczyni si\u0119 do zwi\u0119kszenia \u015bwiadomo\u015bci tego, jak wa\u017cne jest cyberbezpiecze\u0144stwo sieci przemys\u0142owych.<\/em>\u201d<br>\u2013 Marek Smolik, CTO i cz\u0142onek zarz\u0105du<a href=\"https:\/\/icsec.pl\/\"> ICsec S.A<\/a>.<\/p>\n\n\n\n<p>W ramach podpisanej umowy, ICsec i Politechnika Krakowska planuj\u0105 r\u00f3wnie\u017c dzia\u0142ania w zakresie realizacji projekt\u00f3w badawczo-rozwojowych oraz organizacji specjalistycznych szkole\u0144 i warsztat\u00f3w z zakresu cyberbezpiecze\u0144stwa.<\/p>\n\n\n\n<p>Firma ICsec zobowi\u0105za\u0142a si\u0119 tak\u017ce do umo\u017cliwienia studentom Politechniki Krakowskiej odbywania praktyk i sta\u017cy zawodowych. ICsec ma nadziej\u0119 zapewni\u0107 studentom dost\u0119p do praktycznej wiedzy, dlatego przysz\u0142y program sta\u017cowy w firmie po\u0142\u0105czony b\u0119dzie z prac\u0105 przy realnych projektach z jednoczesn\u0105 opiek\u0105 mentora.<\/p>\n\n\n\n<p>Studenci zyskaj\u0105 nie tylko teoretyczn\u0105 wiedz\u0119, ale tak\u017ce praktyczne umiej\u0119tno\u015bci w zakresie cyberbezpiecze\u0144stwa przemys\u0142owego, co z pewno\u015bci\u0105 pozytywnie prze\u0142o\u017cy si\u0119 na ich atrakcyjno\u015b\u0107 w oczach potencjalnych przysz\u0142ych pracodawc\u00f3w.<\/p>\n\n\n\n<p>Dzi\u0119ki tej wsp\u00f3\u0142pracy, Politechnika Krakowska umacnia swoj\u0105 pozycj\u0119 jako wiod\u0105ca uczelnia techniczna w Polsce, oferuj\u0105ca nowoczesne i praktyczne kszta\u0142cenie w dziedzinie automatyki i robotyki.<\/p>\n\n\n\n<p><strong><a href=\"https:\/\/icsec.pl\/\">O ICsec S.A.<\/a><\/strong><\/p>\n\n\n\n<p>ICsec jest liderem rynku zabezpiecze\u0144 infrastruktury przemys\u0142owej. Firma dostarcza rozwi\u0105zania, kt\u00f3re pozwalaj\u0105 zmniejszy\u0107 ryzyko biznesowe zwi\u0105zane z cyberatakami na sieci przemys\u0142owe. Opracowany przez ICsec system SCADvance XP\u00ae jest autorskim systemem klasy IDS (intrusion detection system) przeznaczonym do monitoringu sieci OT. Rozwi\u0105zanie adresuje potrzeby zwi\u0105zane z monitoringiem sieci automatyki przemys\u0142owej, wykrywaniem potencjalnych zagro\u017ce\u0144 i anomalii w ruchu pomi\u0119dzy pod\u0142\u0105czonymi do sieci urz\u0105dzeniami.<\/p>\n","protected":false},"excerpt":{"rendered":"<p>W dniu 24 maja 2023 roku Politechnika Krakowska im. Tadeusza Ko\u015bciuszki podpisa\u0142a porozumienie o wsp\u00f3\u0142pracy z firm\u0105 ICsec S.A., polskim producentem rozwi\u0105za\u0144 w dziedzinie cyberbezpiecze\u0144stwa przemys\u0142owego. G\u0142\u00f3wnym celem wsp\u00f3\u0142pracy jest umo\u017cliwienie wykorzystania systemu monitorowania sieci przemys\u0142owych SCADvance XP\u00ae na potrzeby prowadzonych zaj\u0119\u0107 dydaktycznych oraz szkoleniowych realizowanych przez Politechnik\u0119 Krakowsk\u0105. W ramach wsp\u00f3\u0142pracy, ICsec udost\u0119pni Politechnice&hellip;&nbsp;<a href=\"https:\/\/m6.pk.edu.pl\/index.php\/politechnika-krakowska-i-icsec-s-a-zawieraja-porozumienie-o-wspolpracy\/\" rel=\"bookmark\">Dowiedz si\u0119 wi\u0119cej &raquo;<span class=\"screen-reader-text\">Politechnika Krakowska i ICsec S.A. zawieraj\u0105 porozumienie o wsp\u00f3\u0142pracy<\/span><\/a><\/p>\n","protected":false},"author":1,"featured_media":0,"parent":0,"menu_order":0,"comment_status":"closed","ping_status":"closed","template":"","meta":{"advgb_blocks_editor_width":"","advgb_blocks_columns_visual_guide":"","neve_meta_sidebar":"","neve_meta_container":"","neve_meta_enable_content_width":"","neve_meta_content_width":0,"neve_meta_title_alignment":"","neve_meta_author_avatar":"","neve_post_elements_order":"","neve_meta_disable_header":"","neve_meta_disable_footer":"","neve_meta_disable_title":"","_themeisle_gutenberg_block_has_review":false,"footnotes":""},"class_list":["post-10580","page","type-page","status-publish","hentry"],"coauthors":[],"author_meta":{"author_link":"https:\/\/m6.pk.edu.pl\/index.php\/author\/gibaspiotr\/","display_name":"gibaspiotr"},"relative_dates":{"created":"Posted 1 rok ago","modified":"Updated 1 rok ago"},"absolute_dates":{"created":"Posted on 24 pa\u017adziernika 2024","modified":"Updated on 24 pa\u017adziernika 2024"},"absolute_dates_time":{"created":"Posted on 24 pa\u017adziernika 2024 14:42","modified":"Updated on 24 pa\u017adziernika 2024 14:47"},"featured_img_caption":"","featured_img":false,"series_order":"","_links":{"self":[{"href":"https:\/\/m6.pk.edu.pl\/index.php\/wp-json\/wp\/v2\/pages\/10580","targetHints":{"allow":["GET"]}}],"collection":[{"href":"https:\/\/m6.pk.edu.pl\/index.php\/wp-json\/wp\/v2\/pages"}],"about":[{"href":"https:\/\/m6.pk.edu.pl\/index.php\/wp-json\/wp\/v2\/types\/page"}],"author":[{"embeddable":true,"href":"https:\/\/m6.pk.edu.pl\/index.php\/wp-json\/wp\/v2\/users\/1"}],"replies":[{"embeddable":true,"href":"https:\/\/m6.pk.edu.pl\/index.php\/wp-json\/wp\/v2\/comments?post=10580"}],"version-history":[{"count":0,"href":"https:\/\/m6.pk.edu.pl\/index.php\/wp-json\/wp\/v2\/pages\/10580\/revisions"}],"wp:attachment":[{"href":"https:\/\/m6.pk.edu.pl\/index.php\/wp-json\/wp\/v2\/media?parent=10580"}],"curies":[{"name":"wp","href":"https:\/\/api.w.org\/{rel}","templated":true}]}}