{"id":105,"date":"2019-08-13T14:02:44","date_gmt":"2019-08-13T12:02:44","guid":{"rendered":"https:\/\/m6.pk.edu.pl\/?page_id=105"},"modified":"2024-05-28T12:22:01","modified_gmt":"2024-05-28T10:22:01","slug":"kolegium-instytutu","status":"publish","type":"page","link":"https:\/\/m6.pk.edu.pl\/index.php\/struktura-m-06\/kolegium-instytutu\/","title":{"rendered":"Kolegium Katedry"},"content":{"rendered":"\n<p>prof. dr hab. in\u017c. J\u00f3zef Gawlik<\/p>\n\n\n\n<p>prof. dr hab. in\u017c. Czes\u0142aw Ni\u017cankowski (profesor senior)<\/p>\n\n\n\n<p>prof. dr hab. in\u017c. Adam Ruszaj (profesor senior)<\/p>\n\n\n\n<p>prof. dr hab. in\u017c. Sebastian Skoczypiec<\/p>\n\n\n\n<p>prof. dr hab. in\u017c. Jerzy Zaj\u0105c<\/p>\n\n\n\n<p>prof. dr hab. in\u017c. Wojciech Z\u0119bala<\/p>\n\n\n\n<p>dr hab. in\u017c. Jan Duda, prof. PK<\/p>\n\n\n\n<p>dr hab. in\u017c. Krzysztof Karbowski, prof. PK<\/p>\n\n\n\n<p> dr hab. in\u017c. Magdalena Niemczewska-W\u00f3jcik, prof. PK <\/p>\n\n\n\n<p>dr hab. in\u017c. Bogdan S\u0142odki<\/p>\n\n\n\n<p>oraz<\/p>\n\n\n\n<p>dr in\u017c. Ma\u0142gorzata Kowalczyk &#8211; grupa asystent\u00f3w i adiunkt\u00f3w<\/p>\n\n\n\n<p>dr in\u017c. Krzysztof Krupa, prof. PK &#8211; grupa pracownik\u00f3w dydaktycznych<\/p>\n\n\n\n<p>mgr El\u017cbieta \u015awitalska &#8211; grupa pracownik\u00f3w administracyjnych i technicznych<\/p>\n\n\n\n<p><\/p>\n\n\n\n<p><\/p>\n\n\n\n<div style=\"height:68px\" aria-hidden=\"true\" class=\"wp-block-spacer\"><\/div>\n\n\n\n<h2 class=\"wp-block-heading\"><a href=\"https:\/\/m6.pk.edu.pl\/index.php\/struktura-m-06\/\">Struktura Katedry<\/a><\/h2>\n\n\n\n<p><\/p>\n","protected":false},"excerpt":{"rendered":"<p>prof. dr hab. in\u017c. J\u00f3zef Gawlik prof. dr hab. in\u017c. Czes\u0142aw Ni\u017cankowski (profesor senior) prof. dr hab. in\u017c. Adam Ruszaj (profesor senior) prof. dr hab. in\u017c. Sebastian Skoczypiec prof. dr hab. in\u017c. Jerzy Zaj\u0105c prof. dr hab. in\u017c. Wojciech Z\u0119bala dr hab. in\u017c. Jan Duda, prof. PK dr hab. in\u017c. Krzysztof Karbowski, prof. PK dr&hellip;&nbsp;<a href=\"https:\/\/m6.pk.edu.pl\/index.php\/struktura-m-06\/kolegium-instytutu\/\" rel=\"bookmark\">Dowiedz si\u0119 wi\u0119cej &raquo;<span class=\"screen-reader-text\">Kolegium Katedry<\/span><\/a><\/p>\n","protected":false},"author":1,"featured_media":0,"parent":98,"menu_order":0,"comment_status":"closed","ping_status":"closed","template":"","meta":{"advgb_blocks_editor_width":"","advgb_blocks_columns_visual_guide":"","neve_meta_sidebar":"","neve_meta_container":"","neve_meta_enable_content_width":"","neve_meta_content_width":70,"neve_meta_title_alignment":"","neve_meta_author_avatar":"","neve_post_elements_order":"","neve_meta_disable_header":"","neve_meta_disable_footer":"","neve_meta_disable_title":"","_themeisle_gutenberg_block_has_review":false,"footnotes":""},"class_list":["post-105","page","type-page","status-publish","hentry"],"coauthors":[],"author_meta":{"author_link":"https:\/\/m6.pk.edu.pl\/index.php\/author\/gibaspiotr\/","display_name":"gibaspiotr"},"relative_dates":{"created":"Posted 7 lat ago","modified":"Updated 2 lata ago"},"absolute_dates":{"created":"Posted on 13 sierpnia 2019","modified":"Updated on 28 maja 2024"},"absolute_dates_time":{"created":"Posted on 13 sierpnia 2019 14:02","modified":"Updated on 28 maja 2024 12:22"},"featured_img_caption":"","featured_img":false,"series_order":"","_links":{"self":[{"href":"https:\/\/m6.pk.edu.pl\/index.php\/wp-json\/wp\/v2\/pages\/105","targetHints":{"allow":["GET"]}}],"collection":[{"href":"https:\/\/m6.pk.edu.pl\/index.php\/wp-json\/wp\/v2\/pages"}],"about":[{"href":"https:\/\/m6.pk.edu.pl\/index.php\/wp-json\/wp\/v2\/types\/page"}],"author":[{"embeddable":true,"href":"https:\/\/m6.pk.edu.pl\/index.php\/wp-json\/wp\/v2\/users\/1"}],"replies":[{"embeddable":true,"href":"https:\/\/m6.pk.edu.pl\/index.php\/wp-json\/wp\/v2\/comments?post=105"}],"version-history":[{"count":0,"href":"https:\/\/m6.pk.edu.pl\/index.php\/wp-json\/wp\/v2\/pages\/105\/revisions"}],"up":[{"embeddable":true,"href":"https:\/\/m6.pk.edu.pl\/index.php\/wp-json\/wp\/v2\/pages\/98"}],"wp:attachment":[{"href":"https:\/\/m6.pk.edu.pl\/index.php\/wp-json\/wp\/v2\/media?parent=105"}],"curies":[{"name":"wp","href":"https:\/\/api.w.org\/{rel}","templated":true}]}}