{"id":10395,"date":"2024-07-05T09:35:19","date_gmt":"2024-07-05T07:35:19","guid":{"rendered":"https:\/\/m6.pk.edu.pl\/?page_id=10395"},"modified":"2024-07-30T09:29:45","modified_gmt":"2024-07-30T07:29:45","slug":"vpn-wm","status":"publish","type":"page","link":"https:\/\/m6.pk.edu.pl\/index.php\/vpn-wm\/","title":{"rendered":"VPN WM"},"content":{"rendered":"\n<h3 class=\"wp-block-heading\"><strong>Pierwszy krok:<\/strong><\/h3>\n\n\n\n<h4 class=\"wp-block-heading\">Pobieramy program <a href=\"https:\/\/www.fortinet.com\/support\/product-downloads\"><strong>FortiClient VPN<\/strong><\/a> ze strony:<\/h4>\n\n\n\n<p>(VPN &#8211; ang.&nbsp;<em>virtual private network &#8211; wirtualna sie\u0107 prywatna<\/em>) to szyfrowany tunel, kt\u00f3ry umo\u017cliwia bezpieczny i prywatny dost\u0119p do Internetu<\/p>\n\n\n\n<p><a href=\"https:\/\/www.fortinet.com\/support\/product-downloads\"><strong>https:\/\/www.fortinet.com\/support\/product-downloads<\/strong><\/a> <br>(dla r\u00f3\u017cnych system\u00f3w operacyjnych \/ mobilnych)<\/p>\n\n\n<div class=\"wp-block-image\">\n<figure class=\"aligncenter size-full is-resized\"><img fetchpriority=\"high\" decoding=\"async\" width=\"651\" height=\"429\" src=\"https:\/\/m6.pk.edu.pl\/wp-content\/uploads\/2024\/07\/WPN-WM-_0009_1.jpg\" alt=\"\" class=\"wp-image-10405\" style=\"width:775px;height:auto\" srcset=\"https:\/\/m6.pk.edu.pl\/wp-content\/uploads\/2024\/07\/WPN-WM-_0009_1.jpg 651w, https:\/\/m6.pk.edu.pl\/wp-content\/uploads\/2024\/07\/WPN-WM-_0009_1-300x198.jpg 300w\" sizes=\"(max-width: 651px) 100vw, 651px\" \/><\/figure>\n<\/div>\n\n\n<h3 class=\"wp-block-heading\"><strong>Drugi krok<\/strong><\/h3>\n\n\n\n<p><strong>Instalujemy (proces: obrazki poni\u017cej)<\/strong><\/p>\n\n\n\n<figure class=\"wp-block-gallery has-nested-images columns-2 is-cropped wp-block-gallery-1 is-layout-flex wp-block-gallery-is-layout-flex\">\n<figure class=\"wp-block-image size-full\"><img decoding=\"async\" width=\"651\" height=\"429\" data-id=\"10404\" src=\"https:\/\/m6.pk.edu.pl\/wp-content\/uploads\/2024\/07\/WPN-WM-_0008_2.jpg\" alt=\"\" class=\"wp-image-10404\" srcset=\"https:\/\/m6.pk.edu.pl\/wp-content\/uploads\/2024\/07\/WPN-WM-_0008_2.jpg 651w, https:\/\/m6.pk.edu.pl\/wp-content\/uploads\/2024\/07\/WPN-WM-_0008_2-300x198.jpg 300w\" sizes=\"(max-width: 651px) 100vw, 651px\" \/><figcaption class=\"wp-element-caption\">rozpoczynamy proces instalacji<\/figcaption><\/figure>\n\n\n\n<figure class=\"wp-block-image size-full\"><img decoding=\"async\" width=\"651\" height=\"429\" data-id=\"10403\" src=\"https:\/\/m6.pk.edu.pl\/wp-content\/uploads\/2024\/07\/WPN-WM-_0007_3.jpg\" alt=\"\" class=\"wp-image-10403\" srcset=\"https:\/\/m6.pk.edu.pl\/wp-content\/uploads\/2024\/07\/WPN-WM-_0007_3.jpg 651w, https:\/\/m6.pk.edu.pl\/wp-content\/uploads\/2024\/07\/WPN-WM-_0007_3-300x198.jpg 300w\" sizes=\"(max-width: 651px) 100vw, 651px\" \/><\/figure>\n\n\n\n<figure class=\"wp-block-image size-full\"><img loading=\"lazy\" decoding=\"async\" width=\"651\" height=\"429\" data-id=\"10402\" src=\"https:\/\/m6.pk.edu.pl\/wp-content\/uploads\/2024\/07\/WPN-WM-_0006_4.jpg\" alt=\"\" class=\"wp-image-10402\" srcset=\"https:\/\/m6.pk.edu.pl\/wp-content\/uploads\/2024\/07\/WPN-WM-_0006_4.jpg 651w, https:\/\/m6.pk.edu.pl\/wp-content\/uploads\/2024\/07\/WPN-WM-_0006_4-300x198.jpg 300w\" sizes=\"(max-width: 651px) 100vw, 651px\" \/><\/figure>\n\n\n\n<figure class=\"wp-block-image size-full\"><img loading=\"lazy\" decoding=\"async\" width=\"651\" height=\"429\" data-id=\"10406\" src=\"https:\/\/m6.pk.edu.pl\/wp-content\/uploads\/2024\/07\/WPN-WM-_0005_5.jpg\" alt=\"\" class=\"wp-image-10406\" srcset=\"https:\/\/m6.pk.edu.pl\/wp-content\/uploads\/2024\/07\/WPN-WM-_0005_5.jpg 651w, https:\/\/m6.pk.edu.pl\/wp-content\/uploads\/2024\/07\/WPN-WM-_0005_5-300x198.jpg 300w\" sizes=\"(max-width: 651px) 100vw, 651px\" \/><\/figure>\n\n\n\n<figure class=\"wp-block-image size-full\"><img loading=\"lazy\" decoding=\"async\" width=\"651\" height=\"429\" data-id=\"10427\" src=\"https:\/\/m6.pk.edu.pl\/wp-content\/uploads\/2024\/07\/WPN-WM-_0004_6-1.jpg\" alt=\"\" class=\"wp-image-10427\" srcset=\"https:\/\/m6.pk.edu.pl\/wp-content\/uploads\/2024\/07\/WPN-WM-_0004_6-1.jpg 651w, https:\/\/m6.pk.edu.pl\/wp-content\/uploads\/2024\/07\/WPN-WM-_0004_6-1-300x198.jpg 300w\" sizes=\"(max-width: 651px) 100vw, 651px\" \/><\/figure>\n\n\n\n<figure class=\"wp-block-image size-full\"><img loading=\"lazy\" decoding=\"async\" width=\"651\" height=\"429\" data-id=\"10426\" src=\"https:\/\/m6.pk.edu.pl\/wp-content\/uploads\/2024\/07\/WPN-WM-_0003_7-1.jpg\" alt=\"\" class=\"wp-image-10426\" srcset=\"https:\/\/m6.pk.edu.pl\/wp-content\/uploads\/2024\/07\/WPN-WM-_0003_7-1.jpg 651w, https:\/\/m6.pk.edu.pl\/wp-content\/uploads\/2024\/07\/WPN-WM-_0003_7-1-300x198.jpg 300w\" sizes=\"(max-width: 651px) 100vw, 651px\" \/><\/figure>\n<\/figure>\n\n\n\n<h3 class=\"wp-block-heading\"><strong>Trzeci krok<\/strong> (<em>Configure VPN<\/em>)<\/h3>\n\n\n\n<p>Konfigurujemy jak na obrazku poni\u017cej:<\/p>\n\n\n\n<p>Connection Name <em>(nazwa w\u0142asna<\/em>, np. MECH VPN)<\/p>\n\n\n\n<p>Description (<em>opis<\/em>, np: Mechaniczny)<\/p>\n\n\n\n<p>Remote Gateway &#8211;<em> tu podajemy konkretnie: <\/em><strong>vpn<\/strong>.<strong>mech.pk.edu.pl<\/strong><\/p>\n\n\n\n<p>Customize port: <strong>443<\/strong><\/p>\n\n\n\n<p>Authentication &#8211; wyb\u00f3r &#8211; <em>sugeruje<\/em>: <strong>Prompt on login<\/strong>  &#8211; (<em>dla leniwych<\/em> \ud83d\ude09 <strong>Save login<\/strong>)<\/p>\n\n\n<div class=\"wp-block-image\">\n<figure class=\"aligncenter size-full is-resized\"><img loading=\"lazy\" decoding=\"async\" width=\"651\" height=\"429\" src=\"https:\/\/m6.pk.edu.pl\/wp-content\/uploads\/2024\/07\/WPN-WM-_0002_8-1.jpg\" alt=\"\" class=\"wp-image-10425\" style=\"width:901px;height:auto\" srcset=\"https:\/\/m6.pk.edu.pl\/wp-content\/uploads\/2024\/07\/WPN-WM-_0002_8-1.jpg 651w, https:\/\/m6.pk.edu.pl\/wp-content\/uploads\/2024\/07\/WPN-WM-_0002_8-1-300x198.jpg 300w\" sizes=\"(max-width: 651px) 100vw, 651px\" \/><\/figure>\n<\/div>\n\n\n<h3 class=\"wp-block-heading\"><strong>Ostatni krok<\/strong><\/h3>\n\n\n\n<h3 class=\"wp-block-heading\">Logowanie<\/h3>\n\n\n\n<p><strong>VPN name<\/strong>: Wybieramy MECH VPN <\/p>\n\n\n\n<p><strong>Username<\/strong>: wpisujemy<strong> imie.nazwisko<\/strong> <br>(<em>jak do system\u00f3w na PK &#8211; login sk\u0142ada si\u0119 z<strong> <\/strong>imie.nazwisko<\/em><strong> bez nazwy domeny<\/strong>)<\/p>\n\n\n\n<p><strong>Password<\/strong>: wpisujemy jak do system\u00f3w PK<\/p>\n\n\n\n<p><\/p>\n\n\n<div class=\"wp-block-image\">\n<figure class=\"aligncenter size-full is-resized\"><img loading=\"lazy\" decoding=\"async\" width=\"651\" height=\"429\" src=\"https:\/\/m6.pk.edu.pl\/wp-content\/uploads\/2024\/07\/WPN-WM-_0001_9-1.jpg\" alt=\"\" class=\"wp-image-10423\" style=\"width:887px;height:auto\" srcset=\"https:\/\/m6.pk.edu.pl\/wp-content\/uploads\/2024\/07\/WPN-WM-_0001_9-1.jpg 651w, https:\/\/m6.pk.edu.pl\/wp-content\/uploads\/2024\/07\/WPN-WM-_0001_9-1-300x198.jpg 300w\" sizes=\"(max-width: 651px) 100vw, 651px\" \/><\/figure>\n<\/div>\n\n\n<h3 class=\"wp-block-heading\">VPN Connected &#8211; czyli jest OK \ud83d\ude09<\/h3>\n\n\n<div class=\"wp-block-image\">\n<figure class=\"aligncenter size-full is-resized\"><img loading=\"lazy\" decoding=\"async\" width=\"651\" height=\"429\" src=\"https:\/\/m6.pk.edu.pl\/wp-content\/uploads\/2024\/07\/WPN-WM-_0000_10-1.jpg\" alt=\"\" class=\"wp-image-10424\" style=\"width:881px;height:auto\" srcset=\"https:\/\/m6.pk.edu.pl\/wp-content\/uploads\/2024\/07\/WPN-WM-_0000_10-1.jpg 651w, https:\/\/m6.pk.edu.pl\/wp-content\/uploads\/2024\/07\/WPN-WM-_0000_10-1-300x198.jpg 300w\" sizes=\"(max-width: 651px) 100vw, 651px\" \/><\/figure>\n<\/div>","protected":false},"excerpt":{"rendered":"<p>Pierwszy krok: Pobieramy program FortiClient VPN ze strony: (VPN &#8211; ang.&nbsp;virtual private network &#8211; wirtualna sie\u0107 prywatna) to szyfrowany tunel, kt\u00f3ry umo\u017cliwia bezpieczny i prywatny dost\u0119p do Internetu https:\/\/www.fortinet.com\/support\/product-downloads (dla r\u00f3\u017cnych system\u00f3w operacyjnych \/ mobilnych) Drugi krok Instalujemy (proces: obrazki poni\u017cej) Trzeci krok (Configure VPN) Konfigurujemy jak na obrazku poni\u017cej: Connection Name (nazwa w\u0142asna, np.&hellip;&nbsp;<a href=\"https:\/\/m6.pk.edu.pl\/index.php\/vpn-wm\/\" rel=\"bookmark\">Dowiedz si\u0119 wi\u0119cej &raquo;<span class=\"screen-reader-text\">VPN WM<\/span><\/a><\/p>\n","protected":false},"author":1,"featured_media":0,"parent":0,"menu_order":0,"comment_status":"closed","ping_status":"closed","template":"","meta":{"advgb_blocks_editor_width":"","advgb_blocks_columns_visual_guide":"","neve_meta_sidebar":"","neve_meta_container":"","neve_meta_enable_content_width":"","neve_meta_content_width":0,"neve_meta_title_alignment":"","neve_meta_author_avatar":"","neve_post_elements_order":"","neve_meta_disable_header":"","neve_meta_disable_footer":"","neve_meta_disable_title":"","_themeisle_gutenberg_block_has_review":false,"footnotes":""},"class_list":["post-10395","page","type-page","status-publish","hentry"],"coauthors":[],"author_meta":{"author_link":"https:\/\/m6.pk.edu.pl\/index.php\/author\/gibaspiotr\/","display_name":"gibaspiotr"},"relative_dates":{"created":"Posted 2 lata ago","modified":"Updated 2 lata ago"},"absolute_dates":{"created":"Posted on 5 lipca 2024","modified":"Updated on 30 lipca 2024"},"absolute_dates_time":{"created":"Posted on 5 lipca 2024 09:35","modified":"Updated on 30 lipca 2024 09:29"},"featured_img_caption":"","featured_img":false,"series_order":"","_links":{"self":[{"href":"https:\/\/m6.pk.edu.pl\/index.php\/wp-json\/wp\/v2\/pages\/10395","targetHints":{"allow":["GET"]}}],"collection":[{"href":"https:\/\/m6.pk.edu.pl\/index.php\/wp-json\/wp\/v2\/pages"}],"about":[{"href":"https:\/\/m6.pk.edu.pl\/index.php\/wp-json\/wp\/v2\/types\/page"}],"author":[{"embeddable":true,"href":"https:\/\/m6.pk.edu.pl\/index.php\/wp-json\/wp\/v2\/users\/1"}],"replies":[{"embeddable":true,"href":"https:\/\/m6.pk.edu.pl\/index.php\/wp-json\/wp\/v2\/comments?post=10395"}],"version-history":[{"count":0,"href":"https:\/\/m6.pk.edu.pl\/index.php\/wp-json\/wp\/v2\/pages\/10395\/revisions"}],"wp:attachment":[{"href":"https:\/\/m6.pk.edu.pl\/index.php\/wp-json\/wp\/v2\/media?parent=10395"}],"curies":[{"name":"wp","href":"https:\/\/api.w.org\/{rel}","templated":true}]}}