{"id":103,"date":"2019-08-13T14:02:21","date_gmt":"2019-08-13T12:02:21","guid":{"rendered":"https:\/\/m6.pk.edu.pl\/?page_id=103"},"modified":"2024-01-12T08:47:30","modified_gmt":"2024-01-12T07:47:30","slug":"sekretariat-instytutu","status":"publish","type":"page","link":"https:\/\/m6.pk.edu.pl\/index.php\/struktura-m-06\/sekretariat-instytutu\/","title":{"rendered":"Sekretariat Katedry"},"content":{"rendered":"\n<h4 class=\"wp-block-heading\">pok\u00f3j A 403&nbsp;<\/h4>\n\n\n\n<h4 class=\"wp-block-heading\">tel. (012) 628-32-60, 628-32-50;<\/h4>\n\n\n\n<h4 class=\"wp-block-heading\">fax (012) 628-32-02<\/h4>\n\n\n\n<p><strong>e-mail:\u00a0<\/strong><a href=\"mailto:m-06@pk.edu.pl\"><strong>m-06@pk.edu.pl<\/strong><\/a><\/p>\n\n\n\n<figure class=\"wp-block-table is-style-stripes\"><table><tbody><tr><td>&nbsp;<\/td><td>nr telefonu<\/td><td>budynek<\/td><td>nr pokoju<\/td><\/tr><tr><td><strong>mgr Katarzyna Kawecka<\/strong><\/td><td>3250,3260<\/td><td>A<\/td><td>403<\/td><\/tr><tr><td><strong>mgr in\u017c. Monika Pociecha<\/strong><\/td><td>3250,3260<\/td><td>A<\/td><td>403<\/td><\/tr><tr><td><strong>mgr El\u017cbieta \u015awitalska<\/strong><\/td><td>3250,3260<\/td><td>A<\/td><td>403<\/td><\/tr><\/tbody><\/table><\/figure>\n\n\n\n<h3 class=\"wp-block-heading\"><a href=\"https:\/\/m6.pk.edu.pl\/index.php\/struktura-m-06\/\">Struktura Katedry<\/a><\/h3>\n\n\n\n<p><\/p>\n","protected":false},"excerpt":{"rendered":"<p>pok\u00f3j A 403&nbsp; tel. (012) 628-32-60, 628-32-50; fax (012) 628-32-02 e-mail:\u00a0m-06@pk.edu.pl &nbsp; nr telefonu budynek nr pokoju mgr Katarzyna Kawecka 3250,3260 A 403 mgr in\u017c. Monika Pociecha 3250,3260 A 403 mgr El\u017cbieta \u015awitalska 3250,3260 A 403 Struktura Katedry<\/p>\n","protected":false},"author":1,"featured_media":0,"parent":98,"menu_order":0,"comment_status":"closed","ping_status":"closed","template":"","meta":{"advgb_blocks_editor_width":"","advgb_blocks_columns_visual_guide":"","neve_meta_sidebar":"","neve_meta_container":"","neve_meta_enable_content_width":"","neve_meta_content_width":70,"neve_meta_title_alignment":"","neve_meta_author_avatar":"","neve_post_elements_order":"","neve_meta_disable_header":"","neve_meta_disable_footer":"","neve_meta_disable_title":"","_themeisle_gutenberg_block_has_review":false,"footnotes":""},"class_list":["post-103","page","type-page","status-publish","hentry"],"coauthors":[],"author_meta":{"author_link":"https:\/\/m6.pk.edu.pl\/index.php\/author\/gibaspiotr\/","display_name":"gibaspiotr"},"relative_dates":{"created":"Posted 7 lat ago","modified":"Updated 2 lata ago"},"absolute_dates":{"created":"Posted on 13 sierpnia 2019","modified":"Updated on 12 stycznia 2024"},"absolute_dates_time":{"created":"Posted on 13 sierpnia 2019 14:02","modified":"Updated on 12 stycznia 2024 08:47"},"featured_img_caption":"","featured_img":false,"series_order":"","_links":{"self":[{"href":"https:\/\/m6.pk.edu.pl\/index.php\/wp-json\/wp\/v2\/pages\/103","targetHints":{"allow":["GET"]}}],"collection":[{"href":"https:\/\/m6.pk.edu.pl\/index.php\/wp-json\/wp\/v2\/pages"}],"about":[{"href":"https:\/\/m6.pk.edu.pl\/index.php\/wp-json\/wp\/v2\/types\/page"}],"author":[{"embeddable":true,"href":"https:\/\/m6.pk.edu.pl\/index.php\/wp-json\/wp\/v2\/users\/1"}],"replies":[{"embeddable":true,"href":"https:\/\/m6.pk.edu.pl\/index.php\/wp-json\/wp\/v2\/comments?post=103"}],"version-history":[{"count":0,"href":"https:\/\/m6.pk.edu.pl\/index.php\/wp-json\/wp\/v2\/pages\/103\/revisions"}],"up":[{"embeddable":true,"href":"https:\/\/m6.pk.edu.pl\/index.php\/wp-json\/wp\/v2\/pages\/98"}],"wp:attachment":[{"href":"https:\/\/m6.pk.edu.pl\/index.php\/wp-json\/wp\/v2\/media?parent=103"}],"curies":[{"name":"wp","href":"https:\/\/api.w.org\/{rel}","templated":true}]}}