{"id":101,"date":"2019-08-13T14:01:47","date_gmt":"2019-08-13T12:01:47","guid":{"rendered":"https:\/\/m6.pk.edu.pl\/?page_id=101"},"modified":"2022-03-14T12:39:08","modified_gmt":"2022-03-14T11:39:08","slug":"dyrekcja","status":"publish","type":"page","link":"https:\/\/m6.pk.edu.pl\/index.php\/struktura-m-06\/dyrekcja\/","title":{"rendered":"Kierownictwo"},"content":{"rendered":"\n<h3 class=\"wp-block-heading\" id=\"katedra-inzynierii-i-automatyzacji-produkcji\">Katedra In\u017cynierii i Automatyzacji Produkcji<\/h3>\n\n\n\n<div style=\"height:10px\" aria-hidden=\"true\" class=\"wp-block-spacer\"><\/div>\n\n\n\n<h4 class=\"wp-block-heading\" id=\"kierownik\">Kierownik<\/h4>\n\n\n\n<p><strong><a href=\"https:\/\/m6.pk.edu.pl\/index.php\/struktura-m-06\/pracownicy-instytutu\/skoczypiec-sebastian\/\">prof. dr hab. in\u017c. Sebastian Skoczypiec<\/a><\/strong><\/p>\n\n\n\n<p><a href=\"mailto:kierownik.m-06@pk.edu.pl\"><strong>kierownik.m-06@pk.edu.pl<\/strong><\/a><\/p>\n\n\n\n<div style=\"height:10px\" aria-hidden=\"true\" class=\"wp-block-spacer\"><\/div>\n\n\n\n<h4 class=\"wp-block-heading\" id=\"z-ca-kierownika-ds-dydaktycznych\">Z-ca kierownika ds. dydaktycznych<\/h4>\n\n\n\n<p><strong><a href=\"https:\/\/m6.pk.edu.pl\/index.php\/struktura-m-06\/pracownicy-instytutu\/krupa-krzysztof\/\">dr in\u017c.&nbsp;Krzysztof Krupa, prof. PK<\/a><\/strong><\/p>\n\n\n\n<div style=\"height:10px\" aria-hidden=\"true\" class=\"wp-block-spacer\"><\/div>\n\n\n\n<h4 class=\"wp-block-heading\">Kierownik administracyjny<\/h4>\n\n\n\n<p><strong>mgr El\u017cbieta \u015awitalska<\/strong><\/p>\n\n\n\n<div style=\"height:68px\" aria-hidden=\"true\" class=\"wp-block-spacer\"><\/div>\n\n\n\n<p><\/p>\n","protected":false},"excerpt":{"rendered":"<p>Katedra In\u017cynierii i Automatyzacji Produkcji Kierownik prof. dr hab. in\u017c. Sebastian Skoczypiec kierownik.m-06@pk.edu.pl Z-ca kierownika ds. dydaktycznych dr in\u017c.&nbsp;Krzysztof Krupa, prof. PK Kierownik administracyjny mgr El\u017cbieta \u015awitalska<\/p>\n","protected":false},"author":1,"featured_media":0,"parent":98,"menu_order":0,"comment_status":"closed","ping_status":"closed","template":"","meta":{"advgb_blocks_editor_width":"","advgb_blocks_columns_visual_guide":"","neve_meta_sidebar":"","neve_meta_container":"","neve_meta_enable_content_width":"off","neve_meta_content_width":0,"neve_meta_title_alignment":"","neve_meta_author_avatar":"","neve_post_elements_order":"","neve_meta_disable_header":"","neve_meta_disable_footer":"","neve_meta_disable_title":"","_themeisle_gutenberg_block_has_review":false,"footnotes":""},"class_list":["post-101","page","type-page","status-publish","hentry"],"coauthors":[],"author_meta":{"author_link":"https:\/\/m6.pk.edu.pl\/index.php\/author\/gibaspiotr\/","display_name":"gibaspiotr"},"relative_dates":{"created":"Posted 7 lat ago","modified":"Updated 4 lata ago"},"absolute_dates":{"created":"Posted on 13 sierpnia 2019","modified":"Updated on 14 marca 2022"},"absolute_dates_time":{"created":"Posted on 13 sierpnia 2019 14:01","modified":"Updated on 14 marca 2022 12:39"},"featured_img_caption":"","featured_img":false,"series_order":"","_links":{"self":[{"href":"https:\/\/m6.pk.edu.pl\/index.php\/wp-json\/wp\/v2\/pages\/101","targetHints":{"allow":["GET"]}}],"collection":[{"href":"https:\/\/m6.pk.edu.pl\/index.php\/wp-json\/wp\/v2\/pages"}],"about":[{"href":"https:\/\/m6.pk.edu.pl\/index.php\/wp-json\/wp\/v2\/types\/page"}],"author":[{"embeddable":true,"href":"https:\/\/m6.pk.edu.pl\/index.php\/wp-json\/wp\/v2\/users\/1"}],"replies":[{"embeddable":true,"href":"https:\/\/m6.pk.edu.pl\/index.php\/wp-json\/wp\/v2\/comments?post=101"}],"version-history":[{"count":0,"href":"https:\/\/m6.pk.edu.pl\/index.php\/wp-json\/wp\/v2\/pages\/101\/revisions"}],"up":[{"embeddable":true,"href":"https:\/\/m6.pk.edu.pl\/index.php\/wp-json\/wp\/v2\/pages\/98"}],"wp:attachment":[{"href":"https:\/\/m6.pk.edu.pl\/index.php\/wp-json\/wp\/v2\/media?parent=101"}],"curies":[{"name":"wp","href":"https:\/\/api.w.org\/{rel}","templated":true}]}}