{"id":100,"date":"2019-08-13T14:03:31","date_gmt":"2019-08-13T12:03:31","guid":{"rendered":"https:\/\/m6.pk.edu.pl\/?page_id=100"},"modified":"2026-03-24T12:31:57","modified_gmt":"2026-03-24T11:31:57","slug":"pracownicy-instytutu","status":"publish","type":"page","link":"https:\/\/m6.pk.edu.pl\/index.php\/struktura-m-06\/pracownicy-instytutu\/","title":{"rendered":"Pracownicy"},"content":{"rendered":"\n<h3 class=\"wp-block-heading\">Pracownicy Katedry In\u017cynierii i Automatyzacji Produkcji (alfabetycznie)<\/h3>\n\n\n\n<figure class=\"wp-block-table\"><table><tbody><tr><td><strong>Nazwisko i imi\u0119<\/strong><\/td><td><strong>Tytu\u0142<\/strong><\/td><td><strong>&nbsp;Nr tel.&nbsp;(12-628-)<\/strong><\/td><\/tr><tr><td>Bizo\u0144 Wojciech<\/td><td>mgr in\u017c.&nbsp;<\/td><td>32 67<\/td><\/tr><tr><td><a href=\"https:\/\/m6.pk.edu.pl\/index.php\/struktura-m-06\/pracownicy-instytutu\/boratynska-sala-anna\/\">Boraty\u0144ska-Sala Anna<\/a><\/td><td>dr in\u017c.<\/td><td>32 83<\/td><\/tr><tr><td><a href=\"https:\/\/m6.pk.edu.pl\/index.php\/struktura-m-06\/pracownicy-instytutu\/duda-jan\/\">Duda Jan<\/a><\/td><td>dr hab. in\u017c., prof. PK<\/td><td>32 84<\/td><\/tr><tr><td><a href=\"https:\/\/m6.pk.edu.pl\/index.php\/struktura-m-06\/pracownicy-instytutu\/franczyk-emilia\/\" data-type=\"page\" data-id=\"6968\">Franczyk Emilia<\/a><\/td><td>dr in\u017c.<\/td><td>32 14<\/td><\/tr><tr><td>Gajos \u0141ukasz<\/td><td>in\u017c.<\/td><td>32 75, 32 78<\/td><\/tr><tr><td>Garncarz Micha\u0142<\/td><td>mgr in\u017c.<\/td><td><a href=\"mailto:michal.garncarz@pk.edu.pl\">michal.garncarz@pk.edu.pl<\/a><\/td><\/tr><tr><td>Gawe\u0142 Anna<\/td><td>dr in\u017c.<\/td><td><\/td><\/tr><tr><td><a href=\"https:\/\/m6.pk.edu.pl\/index.php\/struktura-m-06\/pracownicy-instytutu\/gawlik-jozef\/\">Gawlik J\u00f3zef<\/a><\/td><td>prof. dr hab. in\u017c.<\/td><td>32 46<\/td><\/tr><tr><td>Gibas Piotr<\/td><td>mgr in\u017c.<\/td><td>32 58<\/td><\/tr><tr><td><a href=\"https:\/\/m6.pk.edu.pl\/index.php\/struktura-m-06\/pracownicy-instytutu\/gola-lukasz\/\">Gola \u0141ukasz<\/a><\/td><td>dr in\u017c.&nbsp;<\/td><td>32 61<\/td><\/tr><tr><td><a href=\"https:\/\/m6.pk.edu.pl\/index.php\/struktura-m-06\/pracownicy-instytutu\/gora-maniowska-marta\/\">G\u00f3ra-Maniowska Marta<\/a><\/td><td>dr in\u017c.<\/td><td>32 26<\/td><\/tr><tr><td><a href=\"https:\/\/m6.pk.edu.pl\/index.php\/struktura-m-06\/pracownicy-instytutu\/grabowski-marcin\/\">Grabowski Marcin<\/a><\/td><td>dr in\u017c.&nbsp;<\/td><td>37 49<\/td><\/tr><tr><td><a href=\"https:\/\/m6.pk.edu.pl\/index.php\/struktura-m-06\/pracownicy-instytutu\/habel-jacek\/\">Habel Jacek<\/a><\/td><td>dr in\u017c.<\/td><td>32 39<\/td><\/tr><tr><td><a href=\"https:\/\/m6.pk.edu.pl\/index.php\/struktura-m-06\/pracownicy-instytutu\/karbowski-krzysztof\/\">Karbowski Krzysztof<\/a><\/td><td>dr hab. in\u017c. prof. PK<\/td><td>3247, 3234<\/td><\/tr><tr><td>Kawecka Katarzyna<\/td><td>mgr<\/td><td>32 50, 32 60<\/td><\/tr><tr><td><a href=\"https:\/\/m6.pk.edu.pl\/index.php\/struktura-m-06\/pracownicy-instytutu\/kowalczyk-malgorzata\/\">Kowalczyk Ma\u0142gorzata<\/a><\/td><td>dr in\u017c.&nbsp;<\/td><td>32 45<\/td><\/tr><tr><td><a href=\"https:\/\/m6.pk.edu.pl\/index.php\/struktura-m-06\/pracownicy-instytutu\/krajewska-spiewak-joanna\/\">Krajewska-\u015apiewak Joanna<\/a><\/td><td>dr in\u017c.<\/td><td>32&nbsp;55<\/td><\/tr><tr><td><a href=\"https:\/\/m6.pk.edu.pl\/index.php\/struktura-m-06\/pracownicy-instytutu\/krenich-stanislaw\/\">Krenich Stanis\u0142aw<\/a><\/td><td>dr in\u017c.<\/td><td>32 18<\/td><\/tr><tr><td><a href=\"https:\/\/m6.pk.edu.pl\/index.php\/struktura-m-06\/pracownicy-instytutu\/krupa-krzysztof\/\">Krupa Krzysztof<\/a><\/td><td>dr in\u017c., prof. PK<\/td><td>32 24<\/td><\/tr><tr><td>Krupczak Micha\u0142<\/td><td>mgr in\u017c.<\/td><td><a href=\"mailto:michal.krupczak@pk.edu.pl\">michal.krupczak@pk.edu.pl<\/a><\/td><\/tr><tr><td><a href=\"https:\/\/m6.pk.edu.pl\/index.php\/struktura-m-06\/pracownicy-instytutu\/latosinska-ksenia\/\" data-type=\"page\" data-id=\"6990\">Latosi\u0144ska Ksenia<\/a><\/td><td>dr in\u017c. <\/td><td>32 45<\/td><\/tr><tr><td>\u0141ubiarz Piotr <\/td><td>mgr in\u017c.<\/td><td><\/td><\/tr><tr><td><a href=\"https:\/\/m6.pk.edu.pl\/index.php\/struktura-m-06\/pracownicy-instytutu\/malec-elzbieta\/\">Malec El\u017cbieta<\/a><\/td><td>dr in\u017c<\/td><td>32&nbsp;83<\/td><\/tr><tr><td><a href=\"https:\/\/m6.pk.edu.pl\/index.php\/struktura-m-06\/pracownicy-instytutu\/malec-marcin\/\">Malec Marcin<\/a><\/td><td>dr&nbsp;in\u017c.&nbsp;<\/td><td>32 42<\/td><\/tr><tr><td><a href=\"https:\/\/m6.pk.edu.pl\/index.php\/struktura-m-06\/pracownicy-instytutu\/malopolski-waldemar\/\">Ma\u0142opolski Waldemar<\/a><\/td><td>dr in\u017c.<\/td><td>32 13<\/td><\/tr><tr><td><a href=\"https:\/\/m6.pk.edu.pl\/index.php\/struktura-m-06\/pracownicy-instytutu\/matras-andrzej\/\">Matras Andrzej<\/a><\/td><td>dr in\u017c.&nbsp;<\/td><td>32 29<\/td><\/tr><tr><td><a href=\"https:\/\/m6.pk.edu.pl\/index.php\/struktura-m-06\/pracownicy-instytutu\/morawski-marcin\/\">Morawski Marcin<\/a><\/td><td>dr in\u017c.<\/td><td>32 42<\/td><\/tr><tr><td><a href=\"https:\/\/m6.pk.edu.pl\/index.php\/struktura-m-06\/pracownicy-instytutu\/motyka-sabina\/\">Motyka Sabina<\/a><\/td><td>dr in\u017c.<\/td><td>32 68<\/td><\/tr><tr><td><a href=\"https:\/\/m6.pk.edu.pl\/index.php\/struktura-m-06\/pracownicy-instytutu\/niemczewska-wojcik-magdalena\/\">Niemczewska &#8211; W\u00f3jcik Magdalena<\/a><\/td><td>dr hab. in\u017c. prof. PK<\/td><td>32 59<\/td><\/tr><tr><td>Pociecha Monika<\/td><td>mgr in\u017c.&nbsp;<\/td><td>32 60<\/td><\/tr><tr><td><a href=\"https:\/\/m6.pk.edu.pl\/index.php\/struktura-m-06\/pracownicy-instytutu\/pobozniak-janusz\/\">Pobo\u017cniak Janusz<\/a><\/td><td>dr in\u017c.<\/td><td>32 66<\/td><\/tr><tr><td>Ry\u015b Stanis\u0142aw<\/td><td>in\u017c.<\/td><td>32 58, 32 34<\/td><\/tr><tr><td><a href=\"https:\/\/m6.pk.edu.pl\/index.php\/struktura-m-06\/pracownicy-instytutu\/skoczypiec-sebastian\/\">Skoczypiec Sebastian<\/a><\/td><td>prof. dr hab. in\u017c.<\/td><td>37 43<\/td><\/tr><tr><td><a href=\"https:\/\/m6.pk.edu.pl\/index.php\/struktura-m-06\/pracownicy-instytutu\/slota-adam\/\">S\u0142ota Adam<\/a><\/td><td>dr in\u017c., prof. PK <\/td><td>32 41<\/td><\/tr><tr><td><a href=\"https:\/\/m6.pk.edu.pl\/index.php\/struktura-m-06\/pracownicy-instytutu\/stwora-andrzej\/\" data-type=\"page\" data-id=\"9984\">Stwora Andrzej<\/a><\/td><td>dr in\u017c. <\/td><td>668 286 289<\/td><\/tr><tr><td><a href=\"https:\/\/m6.pk.edu.pl\/index.php\/struktura-m-06\/pracownicy-instytutu\/slusarczyk-lukasz\/\">\u015alusarczyk \u0141ukasz<\/a><\/td><td>dr in\u017c.<\/td><td>3212<\/td><\/tr><tr><td>\u015awitalska El\u017cbieta<\/td><td>mgr<\/td><td>32 50, 32 60<\/td><\/tr><tr><td>Talarczyk Tomasz<\/td><td>dr in\u017c.<\/td><td>32 19<\/td><\/tr><tr><td><a href=\"https:\/\/m6.pk.edu.pl\/index.php\/struktura-m-06\/pracownicy-instytutu\/reza-teimouri\/\" data-type=\"page\" data-id=\"8906\">Teimouri Reza<\/a><\/td><td>dr hab. in\u017c.<\/td><td>37 49<\/td><\/tr><tr><td>War\u017co\u0142ek Dorota<\/td><td>mgr in\u017c.&nbsp;<\/td><td>32 62<\/td><\/tr><tr><td><a href=\"https:\/\/m6.pk.edu.pl\/index.php\/struktura-m-06\/pracownicy-instytutu\/wojakowski-pawel\/\">Wojakowski Pawe\u0142<\/a><\/td><td>dr&nbsp; in\u017c.&nbsp;<\/td><td>32 61<\/td><\/tr><tr><td><a href=\"https:\/\/m6.pk.edu.pl\/index.php\/struktura-m-06\/pracownicy-instytutu\/wojcik-krzysztof\/\">W\u00f3jcik Krzysztof<\/a><\/td><td>dr in\u017c.&nbsp;<\/td><td>32 63<\/td><\/tr><tr><td><a href=\"https:\/\/m6.pk.edu.pl\/index.php\/struktura-m-06\/pracownicy-instytutu\/wyszynski-dominik\/\">Wyszy\u0144ski Dominik<\/a><\/td><td>dr in\u017c.&nbsp;<\/td><td>37 49<\/td><\/tr><tr><td><a href=\"https:\/\/m6.pk.edu.pl\/index.php\/struktura-m-06\/pracownicy-instytutu\/zajac-jerzy\/\">Zaj\u0105c Jerzy<\/a><\/td><td>prof. dr hab. in\u017c.&nbsp;<\/td><td>32 43<\/td><\/tr><tr><td><a href=\"https:\/\/m6.pk.edu.pl\/index.php\/struktura-m-06\/pracownicy-instytutu\/zebala-wojciech\/\">Z\u0119bala Wojciech<\/a><\/td><td>prof. dr hab. in\u017c.&nbsp;<\/td><td>32 53<\/td><\/tr><tr><td><a href=\"https:\/\/m6.pk.edu.pl\/index.php\/struktura-m-06\/pracownicy-instytutu\/zych-jaroslaw\/\">Zych Jaros\u0142aw<\/a><\/td><td>mgr in\u017c.<\/td><td>32 22<\/td><\/tr><tr><td><a href=\"https:\/\/m6.pk.edu.pl\/index.php\/struktura-m-06\/pracownicy-instytutu\/zyra-agnieszka\/\">\u017byra Agnieszka<\/a><\/td><td>dr in\u017c<\/td><td>32 55<\/td><\/tr><\/tbody><\/table><\/figure>\n\n\n\n<h2 class=\"wp-block-heading\"><a href=\"https:\/\/m6.pk.edu.pl\/index.php\/struktura-m-06\/\">Struktura Katedry<\/a><\/h2>\n\n\n\n<p><a href=\"http:\/\/spispracownikow.pk.edu.pl\/\">Indywidualne informacje szczeg\u00f3\u0142owe w spisie pracownik\u00f3w PK<\/a><\/p>\n\n\n\n<p><\/p>\n","protected":false},"excerpt":{"rendered":"<p>Pracownicy Katedry In\u017cynierii i Automatyzacji Produkcji (alfabetycznie) Nazwisko i imi\u0119 Tytu\u0142 &nbsp;Nr tel.&nbsp;(12-628-) Bizo\u0144 Wojciech mgr in\u017c.&nbsp; 32 67 Boraty\u0144ska-Sala Anna dr in\u017c. 32 83 Duda Jan dr hab. in\u017c., prof. PK 32 84 Franczyk Emilia dr in\u017c. 32 14 Gajos \u0141ukasz in\u017c. 32 75, 32 78 Garncarz Micha\u0142 mgr in\u017c. michal.garncarz@pk.edu.pl Gawe\u0142 Anna dr&hellip;&nbsp;<a href=\"https:\/\/m6.pk.edu.pl\/index.php\/struktura-m-06\/pracownicy-instytutu\/\" rel=\"bookmark\">Dowiedz si\u0119 wi\u0119cej &raquo;<span class=\"screen-reader-text\">Pracownicy<\/span><\/a><\/p>\n","protected":false},"author":1,"featured_media":0,"parent":98,"menu_order":0,"comment_status":"closed","ping_status":"closed","template":"","meta":{"advgb_blocks_editor_width":"","advgb_blocks_columns_visual_guide":"","neve_meta_sidebar":"","neve_meta_container":"","neve_meta_enable_content_width":"off","neve_meta_content_width":0,"neve_meta_title_alignment":"","neve_meta_author_avatar":"","neve_post_elements_order":"","neve_meta_disable_header":"","neve_meta_disable_footer":"","neve_meta_disable_title":"","_themeisle_gutenberg_block_has_review":false,"footnotes":""},"class_list":["post-100","page","type-page","status-publish","hentry"],"coauthors":[],"author_meta":{"author_link":"https:\/\/m6.pk.edu.pl\/index.php\/author\/gibaspiotr\/","display_name":"gibaspiotr"},"relative_dates":{"created":"Posted 7 lat ago","modified":"Updated 3 tygodnie ago"},"absolute_dates":{"created":"Posted on 13 sierpnia 2019","modified":"Updated on 24 marca 2026"},"absolute_dates_time":{"created":"Posted on 13 sierpnia 2019 14:03","modified":"Updated on 24 marca 2026 12:31"},"featured_img_caption":"","featured_img":false,"series_order":"","_links":{"self":[{"href":"https:\/\/m6.pk.edu.pl\/index.php\/wp-json\/wp\/v2\/pages\/100","targetHints":{"allow":["GET"]}}],"collection":[{"href":"https:\/\/m6.pk.edu.pl\/index.php\/wp-json\/wp\/v2\/pages"}],"about":[{"href":"https:\/\/m6.pk.edu.pl\/index.php\/wp-json\/wp\/v2\/types\/page"}],"author":[{"embeddable":true,"href":"https:\/\/m6.pk.edu.pl\/index.php\/wp-json\/wp\/v2\/users\/1"}],"replies":[{"embeddable":true,"href":"https:\/\/m6.pk.edu.pl\/index.php\/wp-json\/wp\/v2\/comments?post=100"}],"version-history":[{"count":5,"href":"https:\/\/m6.pk.edu.pl\/index.php\/wp-json\/wp\/v2\/pages\/100\/revisions"}],"predecessor-version":[{"id":11628,"href":"https:\/\/m6.pk.edu.pl\/index.php\/wp-json\/wp\/v2\/pages\/100\/revisions\/11628"}],"up":[{"embeddable":true,"href":"https:\/\/m6.pk.edu.pl\/index.php\/wp-json\/wp\/v2\/pages\/98"}],"wp:attachment":[{"href":"https:\/\/m6.pk.edu.pl\/index.php\/wp-json\/wp\/v2\/media?parent=100"}],"curies":[{"name":"wp","href":"https:\/\/api.w.org\/{rel}","templated":true}]}}